{"id":23416,"date":"2024-11-19T09:17:09","date_gmt":"2024-11-19T08:17:09","guid":{"rendered":"https:\/\/esf.hr\/esfplus\/?page_id=23416"},"modified":"2025-05-22T11:23:15","modified_gmt":"2025-05-22T09:23:15","slug":"zajmovi-za-mikro-i-male-poduzetnike-te-drustvene-poduzetnike","status":"publish","type":"page","link":"https:\/\/esf.hr\/esfplus\/zajmovi-za-mikro-i-male-poduzetnike-te-drustvene-poduzetnike\/","title":{"rendered":"Zajmovi za mikro i male poduzetnike te dru\u0161tvene poduzetnike"},"content":{"rendered":"\n<hr class=\"wp-block-separator\">\n<h3>Vremenski raspored provedbe: 2023. &#8211; 2028.<\/h3>\n<p style=\"padding-bottom: 50px;\">Doprinos zapo\u0161ljavanju pripadnika ranjivih skupina i otvaranju novih radnih mjesta poticat \u0107e se provedbom financijskih instrumenata (FI) kojima \u0107e se financirati odr\u017eavanje\/pro\u0161irenje mikro i malih poduze\u0107a. Financijski instrument \u0107e se koristiti za poticanje ulaganja putem mikro-zajmova, odnosno kombinacije mikro-zajmova i bespovratnih sredstava u projekte mikro i malih poduzetnika te poduzetnika koji posluju sukladno dru\u0161tveno-poduzetni\u010dkim principima. Ulaganja u socijalno inovativne oblike poslovanja, koriste\u0107i mogu\u0107nosti njihove kombinacije s bespovratnim sredstvima za financiranje projekata subjekata koji posluju sukladno dru\u0161tveno-poduzetni\u010dkim principima (s naglaskom na aktivnosti razvoja novih modela, proizvoda i\/ili usluga i skaliranje postoje\u0107ih socijalnih inovacija te aktivnosti umre\u017eavanja).<\/p>\n\n<div class=\"wp-block-pb-accordion-item c-accordion__item js-accordion-item no-js\" data-initially-open=\"false\" data-click-to-close=\"true\" data-auto-close=\"true\" data-scroll=\"false\" data-scroll-offset=\"0\"><hr class=\"wp-block-separator\">\n<h2 id=\"at-136130\" class=\"c-accordion__title js-accordion-controller\" role=\"button\">Vizualni identitet<\/h2>\n<div id=\"ac-136130\" class=\"c-accordion__content\">\n<p><a href=\"https:\/\/esf.hr\/esfplus\/wp-content\/uploads\/2024\/11\/ESF-Financijski-instrumenti-knjiga-standarda.pdf\" target=\"_blank\" rel=\"noopener\">1. ESF-Financijski instrumenti-knjiga standarda<\/a>\n<br>\n<a href=\"https:\/\/esf.hr\/esfplus\/wp-content\/uploads\/2024\/11\/ESF_FI_logotip.zip\" target=\"_blank\" rel=\"noopener\">2. ESF-financijski-instrumenti-logo<\/a><\/p><\/div>\n<\/div>\n\n<div class=\"wp-block-pb-accordion-item c-accordion__item js-accordion-item no-js\" data-initially-open=\"false\" data-click-to-close=\"true\" data-auto-close=\"true\" data-scroll=\"false\" data-scroll-offset=\"0\"><hr class=\"wp-block-separator\">\n<h2 id=\"at-136155\" class=\"c-accordion__title js-accordion-controller\" role=\"button\">Ex-ante procjena<\/h2>\n<div id=\"ac-136155\" class=\"c-accordion__content\">\n<p><a role=\"link\" href=\"https:\/\/esf.hr\/esfplus\/wp-content\/uploads\/2023\/06\/Ex-ante-procjena_ESF-FI_finalna-verzija.pdf\" target=\"_blank\" rel=\"noopener\">Ex ante procjena<\/a>\u00a0potpore putem financijskih instrumenata pripremljena je u o\u017eujku 2023. godine.\n<br>\n<a role=\"link\" href=\"https:\/\/esf.hr\/esfplus\/wp-content\/uploads\/2024\/06\/Ex-ante-procjena_ESF-FI_lipanj-2024.pdf\" target=\"_blank\" rel=\"noopener\">Ex ante procjena \u2013 prva izmjena<\/a><\/p><\/div>\n<\/div>\n\n<div class=\"wp-block-pb-accordion-item c-accordion__item js-accordion-item no-js\" data-initially-open=\"false\" data-click-to-close=\"true\" data-auto-close=\"true\" data-scroll=\"false\" data-scroll-offset=\"0\"><hr class=\"wp-block-separator\">\n<h2 id=\"at-136156\" class=\"c-accordion__title js-accordion-controller\" role=\"button\">Otvoren Poziv: Mikro zajam za rast i uklju\u010denost<\/h2>\n<div id=\"ac-136156\" class=\"c-accordion__content\">\n<p>Od 31. o\u017eujka 2025. godine otvorena je mogu\u0107nost podno\u0161enja prijava za dodjelu <strong><u><a href=\"https:\/\/hamagbicro.hr\/financijski-instrumenti\/kako-do-zajma\/investicije\/mikro-zajam-za-rast-i-unljucenost\/\">zajma \u201eMikro zajam za rast i uklju\u010denost\u201c<\/a><\/u><\/strong>\u00a0u okviru financijskog instrumenta financiranog sredstvima Europskog socijalnog fonda plus.\n\n<u>Zaprimanje zahtjeva mogu\u0107e je<\/u>\u00a0putem on-line obrasca <strong>na web stranicama Hrvatske agencije za malo gospodarstvo, inovacije i investicije (HAMAG-BICRO).<\/strong>\n\nSve o <strong> postupku prijave<\/strong>\u00a0mo\u017eete prona\u0107i na <strong><u><a href=\"https:\/\/hamagbicro.hr\/financijski-instrumenti\/kako-do-zajma\/postupak-prijave\/\">POVEZNICI<\/a><\/u><\/strong>.\n\nSve <strong> informacije o uvjetima programa i potrebnoj dokumentaciji<\/strong>\u00a0dostupne su na slu\u017ebenim stranicama <strong><u><a href=\"https:\/\/hamagbicro.hr\/poduzetnicima-prvi-put-na-raspolaganju-zajmovi-iz-europskog-socijalnog-fonda-plus-mikro-zajmovi-za-rast-i-ukljucenost\/\">HAMAG-BICRO-a<\/a><\/u><\/strong>.\n\nOvi financijski instrumenti predstavljaju zna\u010dajan korak u ja\u010danju mikro i malih poduze\u0107a, \u010dime se doprinosi razvoju gospodarstva i stvaranju odr\u017eivih radnih mjesta u Hrvatskoj.<\/p><\/div>\n<\/div>\n","protected":false},"excerpt":{"rendered":"<p>Vremenski raspored provedbe: 2023. &#8211; 2028. Doprinos zapo\u0161ljavanju pripadnika ranjivih skupina i otvaranju novih radnih mjesta poticat \u0107e se provedbom financijskih instrumenata (FI) kojima \u0107e se financirati odr\u017eavanje\/pro\u0161irenje mikro i malih poduze\u0107a. Financijski instrument \u0107e se koristiti za poticanje ulaganja putem mikro-zajmova, odnosno kombinacije mikro-zajmova i bespovratnih sredstava u projekte mikro i malih poduzetnika te [&hellip;]<\/p>\n","protected":false},"author":1384,"featured_media":0,"parent":0,"menu_order":0,"comment_status":"closed","ping_status":"closed","template":"","meta":{"_monsterinsights_skip_tracking":false,"_monsterinsights_sitenote_active":false,"_monsterinsights_sitenote_note":"","_monsterinsights_sitenote_category":0,"cybocfi_hide_featured_image":""},"yoast_head":"<!-- This site is optimized with the Yoast SEO plugin v16.8 - https:\/\/yoast.com\/wordpress\/plugins\/seo\/ -->\n<title>Zajmovi za mikro i male poduzetnike te dru\u0161tvene poduzetnike - Europski socijalni fond<\/title>\n<meta name=\"robots\" content=\"index, follow, max-snippet:-1, max-image-preview:large, max-video-preview:-1\" \/>\n<link rel=\"canonical\" href=\"https:\/\/esf.hr\/esfplus\/zajmovi-za-mikro-i-male-poduzetnike-te-drustvene-poduzetnike\/\" \/>\n<meta property=\"og:locale\" content=\"en_US\" \/>\n<meta property=\"og:type\" content=\"article\" \/>\n<meta property=\"og:title\" content=\"Zajmovi za mikro i male poduzetnike te dru\u0161tvene poduzetnike - Europski socijalni fond\" \/>\n<meta property=\"og:description\" content=\"Vremenski raspored provedbe: 2023. &#8211; 2028. Doprinos zapo\u0161ljavanju pripadnika ranjivih skupina i otvaranju novih radnih mjesta poticat \u0107e se provedbom financijskih instrumenata (FI) kojima \u0107e se financirati odr\u017eavanje\/pro\u0161irenje mikro i malih poduze\u0107a. Financijski instrument \u0107e se koristiti za poticanje ulaganja putem mikro-zajmova, odnosno kombinacije mikro-zajmova i bespovratnih sredstava u projekte mikro i malih poduzetnika te [&hellip;]\" \/>\n<meta property=\"og:url\" content=\"https:\/\/esf.hr\/esfplus\/zajmovi-za-mikro-i-male-poduzetnike-te-drustvene-poduzetnike\/\" \/>\n<meta property=\"og:site_name\" content=\"Europski socijalni fond\" \/>\n<meta property=\"article:modified_time\" content=\"2025-05-22T09:23:15+00:00\" \/>\n<meta name=\"twitter:label1\" content=\"Est. reading time\" \/>\n\t<meta name=\"twitter:data1\" content=\"2 minutes\" \/>\n<script type=\"application\/ld+json\" class=\"yoast-schema-graph\">{\"@context\":\"https:\/\/schema.org\",\"@graph\":[{\"@type\":\"WebSite\",\"@id\":\"https:\/\/esf.hr\/esfplus\/#website\",\"url\":\"https:\/\/esf.hr\/esfplus\/\",\"name\":\"Europski socijalni fond\",\"description\":\"Program U\\u010dinkoviti ljudski potencijali 2021.-2027.\",\"potentialAction\":[{\"@type\":\"SearchAction\",\"target\":{\"@type\":\"EntryPoint\",\"urlTemplate\":\"https:\/\/esf.hr\/esfplus\/?s={search_term_string}\"},\"query-input\":\"required name=search_term_string\"}],\"inLanguage\":\"en-US\"},{\"@type\":\"WebPage\",\"@id\":\"https:\/\/esf.hr\/esfplus\/zajmovi-za-mikro-i-male-poduzetnike-te-drustvene-poduzetnike\/#webpage\",\"url\":\"https:\/\/esf.hr\/esfplus\/zajmovi-za-mikro-i-male-poduzetnike-te-drustvene-poduzetnike\/\",\"name\":\"Zajmovi za mikro i male poduzetnike te dru\\u0161tvene poduzetnike - Europski socijalni fond\",\"isPartOf\":{\"@id\":\"https:\/\/esf.hr\/esfplus\/#website\"},\"datePublished\":\"2024-11-19T08:17:09+00:00\",\"dateModified\":\"2025-05-22T09:23:15+00:00\",\"breadcrumb\":{\"@id\":\"https:\/\/esf.hr\/esfplus\/zajmovi-za-mikro-i-male-poduzetnike-te-drustvene-poduzetnike\/#breadcrumb\"},\"inLanguage\":\"en-US\",\"potentialAction\":[{\"@type\":\"ReadAction\",\"target\":[\"https:\/\/esf.hr\/esfplus\/zajmovi-za-mikro-i-male-poduzetnike-te-drustvene-poduzetnike\/\"]}]},{\"@type\":\"BreadcrumbList\",\"@id\":\"https:\/\/esf.hr\/esfplus\/zajmovi-za-mikro-i-male-poduzetnike-te-drustvene-poduzetnike\/#breadcrumb\",\"itemListElement\":[{\"@type\":\"ListItem\",\"position\":1,\"name\":\"Naslovna\",\"item\":\"https:\/\/esf.hr\/esfplus\/\"},{\"@type\":\"ListItem\",\"position\":2,\"name\":\"Zajmovi za mikro i male poduzetnike te dru\\u0161tvene poduzetnike\"}]}]}<\/script>\n<!-- \/ Yoast SEO plugin. -->","yoast_head_json":{"title":"Zajmovi za mikro i male poduzetnike te dru\u0161tvene poduzetnike - Europski socijalni fond","robots":{"index":"index","follow":"follow","max-snippet":"max-snippet:-1","max-image-preview":"max-image-preview:large","max-video-preview":"max-video-preview:-1"},"canonical":"https:\/\/esf.hr\/esfplus\/zajmovi-za-mikro-i-male-poduzetnike-te-drustvene-poduzetnike\/","og_locale":"en_US","og_type":"article","og_title":"Zajmovi za mikro i male poduzetnike te dru\u0161tvene poduzetnike - Europski socijalni fond","og_description":"Vremenski raspored provedbe: 2023. &#8211; 2028. Doprinos zapo\u0161ljavanju pripadnika ranjivih skupina i otvaranju novih radnih mjesta poticat \u0107e se provedbom financijskih instrumenata (FI) kojima \u0107e se financirati odr\u017eavanje\/pro\u0161irenje mikro i malih poduze\u0107a. Financijski instrument \u0107e se koristiti za poticanje ulaganja putem mikro-zajmova, odnosno kombinacije mikro-zajmova i bespovratnih sredstava u projekte mikro i malih poduzetnika te [&hellip;]","og_url":"https:\/\/esf.hr\/esfplus\/zajmovi-za-mikro-i-male-poduzetnike-te-drustvene-poduzetnike\/","og_site_name":"Europski socijalni fond","article_modified_time":"2025-05-22T09:23:15+00:00","twitter_misc":{"Est. reading time":"2 minutes"},"schema":{"@context":"https:\/\/schema.org","@graph":[{"@type":"WebSite","@id":"https:\/\/esf.hr\/esfplus\/#website","url":"https:\/\/esf.hr\/esfplus\/","name":"Europski socijalni fond","description":"Program U\u010dinkoviti ljudski potencijali 2021.-2027.","potentialAction":[{"@type":"SearchAction","target":{"@type":"EntryPoint","urlTemplate":"https:\/\/esf.hr\/esfplus\/?s={search_term_string}"},"query-input":"required name=search_term_string"}],"inLanguage":"en-US"},{"@type":"WebPage","@id":"https:\/\/esf.hr\/esfplus\/zajmovi-za-mikro-i-male-poduzetnike-te-drustvene-poduzetnike\/#webpage","url":"https:\/\/esf.hr\/esfplus\/zajmovi-za-mikro-i-male-poduzetnike-te-drustvene-poduzetnike\/","name":"Zajmovi za mikro i male poduzetnike te dru\u0161tvene poduzetnike - Europski socijalni fond","isPartOf":{"@id":"https:\/\/esf.hr\/esfplus\/#website"},"datePublished":"2024-11-19T08:17:09+00:00","dateModified":"2025-05-22T09:23:15+00:00","breadcrumb":{"@id":"https:\/\/esf.hr\/esfplus\/zajmovi-za-mikro-i-male-poduzetnike-te-drustvene-poduzetnike\/#breadcrumb"},"inLanguage":"en-US","potentialAction":[{"@type":"ReadAction","target":["https:\/\/esf.hr\/esfplus\/zajmovi-za-mikro-i-male-poduzetnike-te-drustvene-poduzetnike\/"]}]},{"@type":"BreadcrumbList","@id":"https:\/\/esf.hr\/esfplus\/zajmovi-za-mikro-i-male-poduzetnike-te-drustvene-poduzetnike\/#breadcrumb","itemListElement":[{"@type":"ListItem","position":1,"name":"Naslovna","item":"https:\/\/esf.hr\/esfplus\/"},{"@type":"ListItem","position":2,"name":"Zajmovi za mikro i male poduzetnike te dru\u0161tvene poduzetnike"}]}]}},"_links":{"self":[{"href":"https:\/\/esf.hr\/esfplus\/wp-json\/wp\/v2\/pages\/23416"}],"collection":[{"href":"https:\/\/esf.hr\/esfplus\/wp-json\/wp\/v2\/pages"}],"about":[{"href":"https:\/\/esf.hr\/esfplus\/wp-json\/wp\/v2\/types\/page"}],"author":[{"embeddable":true,"href":"https:\/\/esf.hr\/esfplus\/wp-json\/wp\/v2\/users\/1384"}],"replies":[{"embeddable":true,"href":"https:\/\/esf.hr\/esfplus\/wp-json\/wp\/v2\/comments?post=23416"}],"version-history":[{"count":16,"href":"https:\/\/esf.hr\/esfplus\/wp-json\/wp\/v2\/pages\/23416\/revisions"}],"predecessor-version":[{"id":24424,"href":"https:\/\/esf.hr\/esfplus\/wp-json\/wp\/v2\/pages\/23416\/revisions\/24424"}],"wp:attachment":[{"href":"https:\/\/esf.hr\/esfplus\/wp-json\/wp\/v2\/media?parent=23416"}],"curies":[{"name":"wp","href":"https:\/\/api.w.org\/{rel}","templated":true}]}}