{"id":23414,"date":"2024-11-19T09:10:47","date_gmt":"2024-11-19T08:10:47","guid":{"rendered":"https:\/\/esf.hr\/esfplus\/?page_id=23414"},"modified":"2024-12-11T11:36:34","modified_gmt":"2024-12-11T10:36:34","slug":"mjere-aktivne-politike-zaposljavanja","status":"publish","type":"page","link":"https:\/\/esf.hr\/esfplus\/mjere-aktivne-politike-zaposljavanja\/","title":{"rendered":"Mjere aktivne politike zapo\u0161ljavanja"},"content":{"rendered":"<hr class=\"wp-block-separator\" \/>\r\n<h3>Vremenski raspored provedbe: 2022. &#8211; 2028.<\/h3>\r\n<p style=\"padding-bottom: 50px;\">Nastavak provedbe mjera aktivne politike zapo\u0161ljavanja s posebnim naglaskom na skupine koje su ranjive na tr\u017ei\u0161tu rada (potpore za zapo\u0161ljavanje, pripravni\u0161tvo i samozapo\u0161ljavanje); Provo\u0111enje mjere za zapo\u0161ljavanje i kreiranje novih radnih mjesta; Obrazovne mjere koje imaju za cilj pove\u0107anje stope cjelo\u017eivotnog obrazovanja odraslih; Uvo\u0111enje sustava vau\u010dera (usavr\u0161avanje zaposlenih osoba, te osposobljavanje i obrazovanja nezaposlenih osoba); Ulaganje u ja\u010danje sektora dru\u0161tvenog poduzetni\u0161tva; Aktivacija \u017eena na tr\u017ei\u0161tu rada kroz lokalno usmjerene projekte. Radi uklju\u010divanja mladih na tr\u017ei\u0161te rada iz ESF+ \u0107e se financirati i implementacija ALMA inicijative. Cilj ove inicijative je pomo\u0107i mladim ljudima u dobi od 18 do 30 godina da prona\u0111u put prema tr\u017ei\u0161tu rada. Rije\u010d je o prekograni\u010dnom programu mobilnosti koji \u0107e promijeniti \u017eivote mladih u nepovoljnom polo\u017eaju koji ne rade, nisu u sustavu redovitog obrazovanja te nisu u sustavu obrazovanja odraslih<\/p>\r\n\r\n<div class=\"wp-block-pb-accordion-item c-accordion__item js-accordion-item no-js\" data-initially-open=\"false\" data-click-to-close=\"true\" data-auto-close=\"true\" data-scroll=\"false\" data-scroll-offset=\"0\"><hr class=\"wp-block-separator\" \/>\r\n<h2 id=\"at-136130\" class=\"c-accordion__title js-accordion-controller\" role=\"button\">Logotip\u00a0<\/h2>\r\n<div id=\"ac-136130\" class=\"c-accordion__content\">\r\n<p><a href=\"https:\/\/esf.hr\/esfplus\/wp-content\/uploads\/2024\/12\/MjereAPZ-logo.zip\" target=\"_blank\" rel=\"noopener\">1. APZ mjere logo<\/a><\/p>\r\n<p><a href=\"https:\/\/esf.hr\/esfplus\/wp-content\/uploads\/2024\/12\/APZ-reklamni-pano.zip\">2. APZ reklamni pano<\/a><\/p>\r\n<\/div><\/div>\r\n<hr class=\"wp-block-separator\" \/>\r\n<div class=\"wp-block-pb-accordion-item c-accordion__item js-accordion-item no-js\" data-initially-open=\"false\" data-click-to-close=\"true\" data-auto-close=\"true\" data-scroll=\"false\" data-scroll-offset=\"0\">\r\n<h2 id=\"at-136131\" class=\"c-accordion__title js-accordion-controller\" role=\"button\">Konferencija \u201cEra mjera\u201d \u2013 fotografije<\/h2>\r\n<div id=\"ac-136131\" class=\"c-accordion__content\">\u00a0\r\n<figure class=\"wp-block-gallery columns-3 is-cropped\"><ul class=\"blocks-gallery-grid\"><li class=\"blocks-gallery-item\"><figure><a href=\"https:\/\/esf.hr\/esfplus\/wp-content\/uploads\/2024\/12\/3-1.jpeg\" rel=\"photo_group\" role=\"link\"><img loading=\"lazy\" src=\"https:\/\/esf.hr\/esfplus\/wp-content\/uploads\/2024\/12\/3-1.jpeg\" alt=\"\" data-id=\"23518\" data-full-url=\"https:\/\/esf.hr\/esfplus\/wp-content\/uploads\/2024\/12\/3-1.jpeg\" srcset=\"https:\/\/esf.hr\/esfplus\/wp-content\/uploads\/2024\/12\/3-1.jpeg 750w, https:\/\/esf.hr\/esfplus\/wp-content\/uploads\/2024\/12\/3-1-300x200.jpeg 300w\"><\/a><\/figure><\/li><li class=\"blocks-gallery-item\"><figure><a href=\"https:\/\/esf.hr\/esfplus\/wp-content\/uploads\/2024\/12\/4-1.jpeg\" rel=\"photo_group\" role=\"link\"><img loading=\"lazy\" src=\"https:\/\/esf.hr\/esfplus\/wp-content\/uploads\/2024\/12\/4-1.jpeg\" alt=\"\" data-id=\"23519\" data-full-url=\"https:\/\/esf.hr\/esfplus\/wp-content\/uploads\/2024\/12\/4-1.jpeg\" srcset=\"https:\/\/esf.hr\/esfplus\/wp-content\/uploads\/2024\/12\/4-1.jpeg 750w, https:\/\/esf.hr\/esfplus\/wp-content\/uploads\/2024\/12\/4-1-300x200.jpeg 300w\"><\/a><\/figure><\/li><li class=\"blocks-gallery-item\"><figure><a href=\"https:\/\/esf.hr\/esfplus\/wp-content\/uploads\/2024\/12\/5-1.jpeg\" rel=\"photo_group\" role=\"link\"><img loading=\"lazy\" src=\"https:\/\/esf.hr\/esfplus\/wp-content\/uploads\/2024\/12\/5-1.jpeg\" alt=\"\" data-id=\"23520\" data-full-url=\"https:\/\/esf.hr\/esfplus\/wp-content\/uploads\/2024\/12\/5-1.jpeg\" srcset=\"https:\/\/esf.hr\/esfplus\/wp-content\/uploads\/2024\/12\/5-1.jpeg 750w, https:\/\/esf.hr\/esfplus\/wp-content\/uploads\/2024\/12\/5-1-300x200.jpeg 300w\"><\/a><\/figure><\/li><li class=\"blocks-gallery-item\"><figure><a href=\"https:\/\/esf.hr\/esfplus\/wp-content\/uploads\/2024\/12\/6-1.jpeg\" rel=\"photo_group\" role=\"link\"><img loading=\"lazy\" src=\"https:\/\/esf.hr\/esfplus\/wp-content\/uploads\/2024\/12\/6-1.jpeg\" alt=\"\" data-id=\"23521\" data-full-url=\"https:\/\/esf.hr\/esfplus\/wp-content\/uploads\/2024\/12\/6-1.jpeg\" srcset=\"https:\/\/esf.hr\/esfplus\/wp-content\/uploads\/2024\/12\/6-1.jpeg 750w, https:\/\/esf.hr\/esfplus\/wp-content\/uploads\/2024\/12\/6-1-300x200.jpeg 300w\"><\/a><\/figure><\/li><li class=\"blocks-gallery-item\"><figure><a href=\"https:\/\/esf.hr\/esfplus\/wp-content\/uploads\/2024\/12\/7-1.jpeg\" rel=\"photo_group\" role=\"link\"><img loading=\"lazy\" src=\"https:\/\/esf.hr\/esfplus\/wp-content\/uploads\/2024\/12\/7-1.jpeg\" alt=\"\" data-id=\"23522\" data-full-url=\"https:\/\/esf.hr\/esfplus\/wp-content\/uploads\/2024\/12\/7-1.jpeg\" srcset=\"https:\/\/esf.hr\/esfplus\/wp-content\/uploads\/2024\/12\/7-1.jpeg 750w, https:\/\/esf.hr\/esfplus\/wp-content\/uploads\/2024\/12\/7-1-300x182.jpeg 300w\"><\/a><\/figure><\/li><li class=\"blocks-gallery-item\"><figure><a href=\"https:\/\/esf.hr\/esfplus\/wp-content\/uploads\/2024\/12\/1-1.png\" rel=\"photo_group\" role=\"link\"><img loading=\"lazy\" src=\"https:\/\/esf.hr\/esfplus\/wp-content\/uploads\/2024\/12\/1-1.png\" alt=\"\" data-id=\"23523\" data-full-url=\"https:\/\/esf.hr\/esfplus\/wp-content\/uploads\/2024\/12\/1-1.png\" srcset=\"https:\/\/esf.hr\/esfplus\/wp-content\/uploads\/2024\/12\/1-1.png 700w, https:\/\/esf.hr\/esfplus\/wp-content\/uploads\/2024\/12\/1-1-300x214.png 300w\"><\/a><\/figure><\/li><li class=\"blocks-gallery-item\"><figure><a href=\"https:\/\/esf.hr\/esfplus\/wp-content\/uploads\/2024\/12\/2-1.jpeg\" rel=\"photo_group\" role=\"link\"><img loading=\"lazy\" src=\"https:\/\/esf.hr\/esfplus\/wp-content\/uploads\/2024\/12\/2-1.jpeg\" alt=\"\" data-id=\"23524\" data-full-url=\"https:\/\/esf.hr\/esfplus\/wp-content\/uploads\/2024\/12\/2-1.jpeg\" srcset=\"https:\/\/esf.hr\/esfplus\/wp-content\/uploads\/2024\/12\/2-1.jpeg 750w, https:\/\/esf.hr\/esfplus\/wp-content\/uploads\/2024\/12\/2-1-300x200.jpeg 300w\"><\/a><\/figure><\/li><\/ul><\/figure>\r\n<\/div>\r\n<\/div>\r\n<hr class=\"wp-block-separator\" \/>","protected":false},"excerpt":{"rendered":"<p>Vremenski raspored provedbe: 2022. &#8211; 2028. Nastavak provedbe mjera aktivne politike zapo\u0161ljavanja s posebnim naglaskom na skupine koje su ranjive na tr\u017ei\u0161tu rada (potpore za zapo\u0161ljavanje, pripravni\u0161tvo i samozapo\u0161ljavanje); Provo\u0111enje mjere za zapo\u0161ljavanje i kreiranje novih radnih mjesta; Obrazovne mjere koje imaju za cilj pove\u0107anje stope cjelo\u017eivotnog obrazovanja odraslih; Uvo\u0111enje sustava vau\u010dera (usavr\u0161avanje zaposlenih osoba, [&hellip;]<\/p>\n","protected":false},"author":1384,"featured_media":0,"parent":0,"menu_order":0,"comment_status":"closed","ping_status":"closed","template":"","meta":{"_monsterinsights_skip_tracking":false,"_monsterinsights_sitenote_active":false,"_monsterinsights_sitenote_note":"","_monsterinsights_sitenote_category":0,"cybocfi_hide_featured_image":""},"yoast_head":"<!-- This site is optimized with the Yoast SEO plugin v16.8 - https:\/\/yoast.com\/wordpress\/plugins\/seo\/ -->\n<title>Mjere aktivne politike zapo\u0161ljavanja - Europski socijalni fond<\/title>\n<meta name=\"robots\" content=\"index, follow, max-snippet:-1, max-image-preview:large, max-video-preview:-1\" \/>\n<link rel=\"canonical\" href=\"https:\/\/esf.hr\/esfplus\/mjere-aktivne-politike-zaposljavanja\/\" \/>\n<meta property=\"og:locale\" content=\"en_US\" \/>\n<meta property=\"og:type\" content=\"article\" \/>\n<meta property=\"og:title\" content=\"Mjere aktivne politike zapo\u0161ljavanja - Europski socijalni fond\" \/>\n<meta property=\"og:description\" content=\"Vremenski raspored provedbe: 2022. &#8211; 2028. Nastavak provedbe mjera aktivne politike zapo\u0161ljavanja s posebnim naglaskom na skupine koje su ranjive na tr\u017ei\u0161tu rada (potpore za zapo\u0161ljavanje, pripravni\u0161tvo i samozapo\u0161ljavanje); Provo\u0111enje mjere za zapo\u0161ljavanje i kreiranje novih radnih mjesta; Obrazovne mjere koje imaju za cilj pove\u0107anje stope cjelo\u017eivotnog obrazovanja odraslih; Uvo\u0111enje sustava vau\u010dera (usavr\u0161avanje zaposlenih osoba, [&hellip;]\" \/>\n<meta property=\"og:url\" content=\"https:\/\/esf.hr\/esfplus\/mjere-aktivne-politike-zaposljavanja\/\" \/>\n<meta property=\"og:site_name\" content=\"Europski socijalni fond\" \/>\n<meta property=\"article:modified_time\" content=\"2024-12-11T10:36:34+00:00\" \/>\n<meta property=\"og:image\" content=\"https:\/\/esf.hr\/esfplus\/wp-content\/uploads\/2024\/12\/3-1.jpeg\" \/>\n<meta name=\"twitter:label1\" content=\"Est. reading time\" \/>\n\t<meta name=\"twitter:data1\" content=\"1 minute\" \/>\n<script type=\"application\/ld+json\" class=\"yoast-schema-graph\">{\"@context\":\"https:\/\/schema.org\",\"@graph\":[{\"@type\":\"WebSite\",\"@id\":\"https:\/\/esf.hr\/esfplus\/#website\",\"url\":\"https:\/\/esf.hr\/esfplus\/\",\"name\":\"Europski socijalni fond\",\"description\":\"Program U\\u010dinkoviti ljudski potencijali 2021.-2027.\",\"potentialAction\":[{\"@type\":\"SearchAction\",\"target\":{\"@type\":\"EntryPoint\",\"urlTemplate\":\"https:\/\/esf.hr\/esfplus\/?s={search_term_string}\"},\"query-input\":\"required name=search_term_string\"}],\"inLanguage\":\"en-US\"},{\"@type\":\"WebPage\",\"@id\":\"https:\/\/esf.hr\/esfplus\/mjere-aktivne-politike-zaposljavanja\/#webpage\",\"url\":\"https:\/\/esf.hr\/esfplus\/mjere-aktivne-politike-zaposljavanja\/\",\"name\":\"Mjere aktivne politike zapo\\u0161ljavanja - Europski socijalni fond\",\"isPartOf\":{\"@id\":\"https:\/\/esf.hr\/esfplus\/#website\"},\"datePublished\":\"2024-11-19T08:10:47+00:00\",\"dateModified\":\"2024-12-11T10:36:34+00:00\",\"breadcrumb\":{\"@id\":\"https:\/\/esf.hr\/esfplus\/mjere-aktivne-politike-zaposljavanja\/#breadcrumb\"},\"inLanguage\":\"en-US\",\"potentialAction\":[{\"@type\":\"ReadAction\",\"target\":[\"https:\/\/esf.hr\/esfplus\/mjere-aktivne-politike-zaposljavanja\/\"]}]},{\"@type\":\"BreadcrumbList\",\"@id\":\"https:\/\/esf.hr\/esfplus\/mjere-aktivne-politike-zaposljavanja\/#breadcrumb\",\"itemListElement\":[{\"@type\":\"ListItem\",\"position\":1,\"name\":\"Naslovna\",\"item\":\"https:\/\/esf.hr\/esfplus\/\"},{\"@type\":\"ListItem\",\"position\":2,\"name\":\"Mjere aktivne politike zapo\\u0161ljavanja\"}]}]}<\/script>\n<!-- \/ Yoast SEO plugin. -->","yoast_head_json":{"title":"Mjere aktivne politike zapo\u0161ljavanja - Europski socijalni fond","robots":{"index":"index","follow":"follow","max-snippet":"max-snippet:-1","max-image-preview":"max-image-preview:large","max-video-preview":"max-video-preview:-1"},"canonical":"https:\/\/esf.hr\/esfplus\/mjere-aktivne-politike-zaposljavanja\/","og_locale":"en_US","og_type":"article","og_title":"Mjere aktivne politike zapo\u0161ljavanja - Europski socijalni fond","og_description":"Vremenski raspored provedbe: 2022. &#8211; 2028. Nastavak provedbe mjera aktivne politike zapo\u0161ljavanja s posebnim naglaskom na skupine koje su ranjive na tr\u017ei\u0161tu rada (potpore za zapo\u0161ljavanje, pripravni\u0161tvo i samozapo\u0161ljavanje); Provo\u0111enje mjere za zapo\u0161ljavanje i kreiranje novih radnih mjesta; Obrazovne mjere koje imaju za cilj pove\u0107anje stope cjelo\u017eivotnog obrazovanja odraslih; Uvo\u0111enje sustava vau\u010dera (usavr\u0161avanje zaposlenih osoba, [&hellip;]","og_url":"https:\/\/esf.hr\/esfplus\/mjere-aktivne-politike-zaposljavanja\/","og_site_name":"Europski socijalni fond","article_modified_time":"2024-12-11T10:36:34+00:00","og_image":[{"url":"https:\/\/esf.hr\/esfplus\/wp-content\/uploads\/2024\/12\/3-1.jpeg"}],"twitter_misc":{"Est. reading time":"1 minute"},"schema":{"@context":"https:\/\/schema.org","@graph":[{"@type":"WebSite","@id":"https:\/\/esf.hr\/esfplus\/#website","url":"https:\/\/esf.hr\/esfplus\/","name":"Europski socijalni fond","description":"Program U\u010dinkoviti ljudski potencijali 2021.-2027.","potentialAction":[{"@type":"SearchAction","target":{"@type":"EntryPoint","urlTemplate":"https:\/\/esf.hr\/esfplus\/?s={search_term_string}"},"query-input":"required name=search_term_string"}],"inLanguage":"en-US"},{"@type":"WebPage","@id":"https:\/\/esf.hr\/esfplus\/mjere-aktivne-politike-zaposljavanja\/#webpage","url":"https:\/\/esf.hr\/esfplus\/mjere-aktivne-politike-zaposljavanja\/","name":"Mjere aktivne politike zapo\u0161ljavanja - Europski socijalni fond","isPartOf":{"@id":"https:\/\/esf.hr\/esfplus\/#website"},"datePublished":"2024-11-19T08:10:47+00:00","dateModified":"2024-12-11T10:36:34+00:00","breadcrumb":{"@id":"https:\/\/esf.hr\/esfplus\/mjere-aktivne-politike-zaposljavanja\/#breadcrumb"},"inLanguage":"en-US","potentialAction":[{"@type":"ReadAction","target":["https:\/\/esf.hr\/esfplus\/mjere-aktivne-politike-zaposljavanja\/"]}]},{"@type":"BreadcrumbList","@id":"https:\/\/esf.hr\/esfplus\/mjere-aktivne-politike-zaposljavanja\/#breadcrumb","itemListElement":[{"@type":"ListItem","position":1,"name":"Naslovna","item":"https:\/\/esf.hr\/esfplus\/"},{"@type":"ListItem","position":2,"name":"Mjere aktivne politike zapo\u0161ljavanja"}]}]}},"_links":{"self":[{"href":"https:\/\/esf.hr\/esfplus\/wp-json\/wp\/v2\/pages\/23414"}],"collection":[{"href":"https:\/\/esf.hr\/esfplus\/wp-json\/wp\/v2\/pages"}],"about":[{"href":"https:\/\/esf.hr\/esfplus\/wp-json\/wp\/v2\/types\/page"}],"author":[{"embeddable":true,"href":"https:\/\/esf.hr\/esfplus\/wp-json\/wp\/v2\/users\/1384"}],"replies":[{"embeddable":true,"href":"https:\/\/esf.hr\/esfplus\/wp-json\/wp\/v2\/comments?post=23414"}],"version-history":[{"count":20,"href":"https:\/\/esf.hr\/esfplus\/wp-json\/wp\/v2\/pages\/23414\/revisions"}],"predecessor-version":[{"id":23549,"href":"https:\/\/esf.hr\/esfplus\/wp-json\/wp\/v2\/pages\/23414\/revisions\/23549"}],"wp:attachment":[{"href":"https:\/\/esf.hr\/esfplus\/wp-json\/wp\/v2\/media?parent=23414"}],"curies":[{"name":"wp","href":"https:\/\/api.w.org\/{rel}","templated":true}]}}