{"id":23029,"date":"2024-08-14T11:10:20","date_gmt":"2024-08-14T09:10:20","guid":{"rendered":"https:\/\/esf.hr\/esfplus\/?page_id=23029"},"modified":"2024-08-14T11:10:20","modified_gmt":"2024-08-14T09:10:20","slug":"politika-kolacica","status":"publish","type":"page","link":"https:\/\/esf.hr\/esfplus\/politika-kolacica\/","title":{"rendered":"Politika kola\u010di\u0107a"},"content":{"rendered":"<hr class=\"esf-docs-line\" \/>\n<p><em>Ministarstvo rada, mirovinskoga sustava, obitelji i socijalne politike<\/em><\/p>\n<p><em>Uprava za upravljanje operativnim programima Europske unije<\/em><\/p>\n<p><em>Verzija 1, velja\u010da 2023. godine<\/em><\/p>\n<p><em>Zagreb, Republika Hrvatska<\/em><\/p>\n<div class=\"accordion color-default\">\n<div class=\"accordion-title\">\n<h3><a href=\"#\">UVOD<\/a><\/h3>\n<\/div>\n<div class=\"accordion-content\">\n<p>Ovu <em>Politiku kola\u010di\u0107a<\/em> donijelo je <em>Ministarstvo rada, mirovinskoga sustava, obitelji i socijalne politike<\/em> sa sjedi\u0161tem na adresi Ulica grada Vukovara 78, 10 000 Zagreb, OIB 53969486500 (dalje u tekstu: \u201e<strong><em>Ministarstvo<\/em><\/strong>\u201c), a u vezi kola\u010di\u0107a i drugih tehnologija pra\u0107enja koji se koriste na mre\u017enoj stranici <a href=\"http:\/\/www.esf.hr\">www.esf.hr<\/a>\/esfplus\/ (dalje u tekstu: \u201e<strong><em>mre\u017ena stranica<\/em><\/strong>\u201c).<\/p>\n<p>Ministarstvo je tijelo dr\u017eavne uprave i tijelo u sustavu Europskih fondova, te kao takvo obavlja \u0161irok opseg poslova. Ova <em>Politika kola\u010di\u0107a<\/em> odnosi se na postupanje Ministarstva kao tijela u sustavu Europskih fondova, odnosno na postupanje <em>Uprave za upravljanje operativnim programima Europske unije<\/em> koja obavlja poslove vezane uz operativne programe poput poslova upravljanja, programiranja, kontrole i pra\u0107enja operativnih programa, te ostale bitne poslove vezane za predmetne programe.<\/p>\n<p>Ova <em>Politika kola\u010di\u0107a<\/em> namijenjena je svim posjetiteljima, odnosno korisnicima mre\u017ene stranice i njezinih funkcionalnosti (dalje u tekstu: \u201e<strong><em>korisnik<\/em><\/strong>\u201c).<\/p>\n<p>U slu\u010daju pitanja u vezi mre\u017ene stranice, kao i pitanja u vezi <em>Politike kola\u010di\u0107a<\/em>, molimo kontaktirati Ministarstvo putem sljede\u0107ih raspolo\u017eivih kontakata:<\/p>\n<ul>\n<li>putem elektroni\u010dke po\u0161te na adresu: <a href=\"mailto:esf.info@mrosp.hr\"><strong>info@mrosp.hr<\/strong><\/a> ili<\/li>\n<li>pisanim putem na adresu sjedi\u0161ta Ministarstva: <strong>Ulica grada Vukovara 78, 10 000 Zagreb, Hrvatska.<\/strong><\/li>\n<\/ul>\n<\/div>\n<\/div>\n<div class=\"accordion color-default\">\n<div class=\"accordion-title\">\n<h3><a href=\"#\">OP\u0106E INFORMACIJE U VEZI POLITIKE KOLA\u010cI\u0106A<\/a><\/h3>\n<\/div>\n<div class=\"accordion-content\">\n<p>U <em>Politici kola\u010di\u0107a<\/em> mogu se prona\u0107i sve va\u017ene informacije o kola\u010di\u0107ima i drugim tehnologijama pra\u0107enja koje Ministarstvo koristi u svome radu, odnosno koje koristi u vezi mre\u017ene stranice.<\/p>\n<p><em>Politika kola\u010di\u0107a<\/em> sadr\u017eava sljede\u0107e informacije:<\/p>\n<ul>\n<li>puni naziv, adresu sjedi\u0161ta, OIB i kontakt podatke Ministarstva,<\/li>\n<li>\u0161to su kola\u010di\u0107i i \u0161to su druge tehnologije pra\u0107enja,<\/li>\n<li>za\u0161to Ministarstvo koristi kola\u010di\u0107e i druge tehnologije pra\u0107enja,<\/li>\n<li>koje kola\u010di\u0107e i druge tehnologije pra\u0107enja koristi Ministarstvo,<\/li>\n<li>s kime Ministarstvo dijeli prikupljene podatke,<\/li>\n<li>kako korisnici mogu upravljati kola\u010di\u0107ima,<\/li>\n<li>te druge va\u017ene informacije.<\/li>\n<\/ul>\n<p>O promjenama u <em>Politici kola\u010di\u0107a<\/em>, Ministarstvo \u0107e korisnike mre\u017ene stranice informirati na vrijeme i putem redovnih na\u010dina komunikacije (u ve\u0107ini slu\u010dajeva putem obavijesti na mre\u017enoj stranici).<\/p>\n<\/div>\n<\/div>\n<div class=\"accordion color-default\">\n<div class=\"accordion-title\">\n<h3><a href=\"#\">\u0160TO SU KOLA\u010cI\u0106I I DRUGE TEHNOLOGIJE PRA\u0106ENJA<\/a><\/h3>\n<\/div>\n<div class=\"accordion-content\">\n<p><strong>Kola\u010di\u0107i su male tekstualne datoteke koje se pohranjuju na ra\u010dunalu ili mobilnom ure\u0111aju kada se posje\u0107uje (koristi) mre\u017ena stranica.<\/strong><\/p>\n<p>Postoje razli\u010dite vrste kola\u010di\u0107a, no osnovna podjela kola\u010di\u0107a je na:<\/p>\n<p><strong>KOLA\u010cI\u0106I PREMA IZVORU<\/strong><\/p>\n<table width=\"577\">\n<tbody>\n<tr>\n<td width=\"577\"><strong>Kola\u010di\u0107i prve strane<\/strong><\/p>\n<p><em>Kola\u010di\u0107i koje postavljaju mre\u017ene stranice, odnosno vlasnici mre\u017enih stranica koje se posje\u0107uju (koriste). U ovom slu\u010daju to su kola\u010di\u0107i koje postavlja Ministarstvo kada se posje\u0107uje (koristi) mre\u017ena stranica Ministarstva.<\/em><\/td>\n<\/tr>\n<tr>\n<td width=\"577\"><strong>Kola\u010di\u0107i tre\u0107e strane<\/strong><\/p>\n<p><em>Kola\u010di\u0107i koje postavlja tre\u0107a strana, odnosno oni koji nisu vlasnici mre\u017enih stranica koje se posje\u0107uju (koriste). Kola\u010di\u0107i tre\u0107e strane omogu\u0107avaju da odre\u0111eni sadr\u017eaj i funkcionalnosti tre\u0107e strane (poput ogla\u0161avanja, interaktivnog sadr\u017eaja i sli\u010dno) budu dostupni na ili putem mre\u017enih stranica koje se posje\u0107uju (koriste).<\/em><\/td>\n<\/tr>\n<\/tbody>\n<\/table>\n<p><strong>KOLA\u010cI\u0106I PREMA TRAJANJU<\/strong><\/p>\n<table width=\"577\">\n<tbody>\n<tr>\n<td width=\"577\"><strong>Privremeni kola\u010di\u0107i<\/strong><\/p>\n<p><em>Kola\u010di\u0107i pomo\u0107u kojih se podatci pohranjuju samo privremeno, te se bri\u0161u odmah po zavr\u0161etku sesije ili kada se zatvori preglednik<\/em>.<\/td>\n<\/tr>\n<tr>\n<td width=\"577\"><strong>Trajni kola\u010di\u0107i<\/strong><\/p>\n<p><em>Kola\u010di\u0107i koji ostaju pohranjeni na ra\u010dunalu i mobilnom ure\u0111aju sve dok ih se ru\u010dno ne izbri\u0161e ili dok im ne isteke rok trajanja.<\/em><\/td>\n<\/tr>\n<\/tbody>\n<\/table>\n<table width=\"577\">\n<tbody>\n<tr>\n<td width=\"577\"><strong>KOLA\u010cI\u0106I PREMA FUNKCIJI<\/strong><\/td>\n<\/tr>\n<tr>\n<td width=\"577\"><strong>Tehni\u010dki kola\u010di\u0107i<\/strong><\/p>\n<p><em>Kola\u010di\u0107i nu\u017eni za funkcioniranje mre\u017enih stranica. Tehni\u010dki kola\u010di\u0107i ne pohranjuju nikakve podatke koji mogu identificirati korisnika. U slu\u010daju blokiranja tehni\u010dkih kola\u010di\u0107a, mogu\u0107e je da odre\u0111eni dijelovi mre\u017enih stranica ne\u0107e biti funkcionalni, odnosno dostupni. U nekim slu\u010dajevima tehni\u010dke kola\u010di\u0107e na nekim mre\u017enim stranicama nije mogu\u0107e isklju\u010diti.<\/em><\/td>\n<\/tr>\n<tr>\n<td width=\"577\"><strong>Funkcionalni kola\u010di\u0107i<\/strong><\/p>\n<p><em>Kola\u010di\u0107i koji slu\u017ee pobolj\u0161anju funkcionalnosti i u\u010dinkovitosti mre\u017enih stranica, kao i personalizaciji mre\u017enih stranica u skladu s kori\u0161tenjem istih. U slu\u010daju da se isklju\u010de funkcionalni kola\u010di\u0107i, mogu\u0107e je da neke funkcionalnosti mre\u017enih stranica ne\u0107e biti pravilne ili ne\u0107e biti dostupne<strong>.<\/strong><\/em><\/td>\n<\/tr>\n<tr>\n<td width=\"577\"><strong>Kola\u010di\u0107i za ogla\u0161avanje<\/strong><\/p>\n<p><em>Kola\u010di\u0107i pomo\u0107u kojih se prate posjete i aktivnosti korisnika na mre\u017enim stranicama, te se temeljem prikupljenih informacija sadr\u017eaj mre\u017enih stranica \u010dini relevantnijim za korisnika, odnosno prilago\u0111ava se interesima korisnika<\/em>.<\/td>\n<\/tr>\n<tr>\n<td width=\"577\"><strong>Analiti\u010dki kola\u010di\u0107i<\/strong><\/p>\n<p><em>Kola\u010di\u0107i koji prate interakciju korisnika s mre\u017enim stranicama koje posje\u0107uje (koristi), a sve u svrhu mjerenja posjeta (kori\u0161tenja) i prikupljanja informacija zbog pobolj\u0161anja mre\u017enih stranica (pobolj\u0161anja funkcionalnosti, u\u010dinkovitosti, ispravnosti, sadr\u017eaja i sli\u010dno).<\/em><\/td>\n<\/tr>\n<\/tbody>\n<\/table>\n<p>Osim kola\u010di\u0107a, postoje i druge razne tehnologije pra\u0107enja na mre\u017enim stranicama. Mre\u017ene stranice mogu koristiti razne softverske alate kako bi pratile interakciju korisnika s mre\u017enom stranicom.<\/p>\n<p>Osim kola\u010di\u0107a, naj\u010de\u0161\u0107e kori\u0161tene tehnologije pra\u0107enja na mre\u017enim stranicama su <em>web beacons<\/em>, <em>browser fingerprinting<\/em> i sli\u010dno.<\/p>\n<\/div>\n<\/div>\n<div class=\"accordion color-default\">\n<div class=\"accordion-title\">\n<h3><a href=\"#\">ZA\u0160TO MINISTARSTVO KORISTI KOLA\u010cI\u0106E I DRUGE TEHNOLOGIJE PRA\u0106ENJA<\/a><\/h3>\n<\/div>\n<div class=\"accordion-content\">\n<p>Ministarstvo koristi kola\u010di\u0107e navedene i detaljno opisane u sljede\u0107em poglavlju ove <em>Politike kola\u010di\u0107a<\/em> (\u201e<em>Koje kola\u010di\u0107e i druge tehnologije pra\u0107enja koristi Ministarstvo<\/em>\u201c).<\/p>\n<p>Na mre\u017enoj stranici Ministarstvo koristi kola\u010di\u0107e prve i tre\u0107e strane. Prvenstveno se koriste kola\u010di\u0107i koji omogu\u0107avaju funkcioniranje i rad mre\u017ene stranice i svih njezinih dijelova (tehni\u010dki kola\u010di\u0107i).<\/p>\n<p>U svrhu pra\u0107enja i ciljanja interesa korisnika kroz analitiku, Ministarstvo koristi i analiti\u010dke kola\u010di\u0107e.<\/p>\n<p><strong>Druge tehnologije pra\u0107enja, osim kola\u010di\u0107a, Ministarstvo trenutno ne koristi na mre\u017enoj stranici.<\/strong><\/p>\n<p>Korisnici su slobodni upravljati kola\u010di\u0107ima, no onemogu\u0107avanjem odre\u0111enih kola\u010di\u0107a mogu\u0107e je da neke funkcionalnosti mre\u017ene stranice ne\u0107e ispravno funkcionirati.<\/p>\n<p>Kola\u010di\u0107i koje na mre\u017enoj stranici koristi Ministarstvo nikako nisu usmjereni na \u0161pijuniranje korisnika, niti predstavljaju zlonamjerni kod ili virus.<\/p>\n<\/div>\n<\/div>\n<div class=\"accordion color-default\">\n<div class=\"accordion-title\">\n<h3><a href=\"#\">KOJE KOLA\u010cI\u0106E I DRUGE TEHNOLOGIJE PRA\u0106ENJA KORISTI MINISTARSTVO<\/a><\/h3>\n<\/div>\n<div class=\"accordion-content\">\n<p>Ni\u017ee su navedeni kola\u010di\u0107i prema funkciji koje koristi Ministarstvo na mre\u017enoj stranici. Uz to\u010dan naziv kola\u010di\u0107a, navodi se i vrsta predmetnog kola\u010di\u0107a po izvoru (kola\u010di\u0107 prve ili tre\u0107e strane), njegovo trajanje te svrha.<\/p>\n<p><strong>Molimo da korisnik pa\u017eljivo pro\u010dita sve o kola\u010di\u0107ima koje koristi Ministarstvo.<\/strong><\/p>\n<p>Tehni\u010dke kola\u010di\u0107e nije mogu\u0107e isklju\u010diti, jer su predmetni kola\u010di\u0107i nu\u017eni za funkcioniranje i rad mre\u017ene stranice. Tehni\u010dki kola\u010di\u0107i ne pohranjuju nikakve osobne podatke putem kojih se korisnik mo\u017ee identificirati.<\/p>\n<p>Druge tehnologije pra\u0107enja, osim kola\u010di\u0107a, Ministarstvo trenutno ne koristi na mre\u017enoj stranici.<\/p>\n<p>U slu\u010daju promjena kola\u010di\u0107a koje Ministarstvo koristi na mre\u017enoj stranici, Ministarstvo \u0107e korisnike informirati na vrijeme i putem redovnih kanala komunikacije (u ve\u0107ini slu\u010dajeva putem obavijesti na mre\u017enoj stranici).<\/p>\n<p><strong>Tehni\u010dki kola\u010di\u0107i<\/strong><\/p>\n<table>\n<tbody>\n<tr>\n<td width=\"35\"><strong>br.<\/strong><\/td>\n<td width=\"141\"><strong>Naziv<\/strong><\/td>\n<td width=\"141\"><strong>Vrsta po izvoru<\/strong><\/td>\n<td width=\"141\"><strong>Trajanje<\/strong><\/td>\n<td width=\"142\"><strong>Svrha<\/strong><\/td>\n<\/tr>\n<tr>\n<td width=\"35\"><strong>1.<\/strong><\/td>\n<td width=\"141\"><strong>CookieLawInfoConsent<\/strong><\/td>\n<td width=\"141\">Kola\u010di\u0107 prve strane<\/td>\n<td width=\"141\">13 mjeseci<\/td>\n<td width=\"142\">Obvezni zahtjev GDPR-a za privolu za prikupljanje i obradu osobnih podataka.<\/td>\n<\/tr>\n<\/tbody>\n<\/table>\n<p><strong>Analiti\u010dki kola\u010di\u0107i<\/strong><\/p>\n<table>\n<tbody>\n<tr>\n<td width=\"35\"><strong>br.<\/strong><\/td>\n<td width=\"141\"><strong>Naziv<\/strong><\/td>\n<td width=\"140\"><strong>Vrsta po izvoru<\/strong><\/td>\n<td width=\"141\"><strong>Trajanje<\/strong><\/td>\n<td width=\"144\"><strong>Svrha<\/strong><\/td>\n<\/tr>\n<tr>\n<td width=\"35\"><strong>1.<\/strong><\/td>\n<td width=\"141\"><strong>Google Analytics Cookie<\/strong><\/td>\n<td width=\"140\">Kola\u010di\u0107 tre\u0107e strane<\/td>\n<td width=\"141\">13 mjeseci<\/td>\n<td width=\"144\">Kola\u010di\u0107 Google Analytics-a koji se koristi za razlikovanje jedinstvenih korisnika.<\/td>\n<\/tr>\n<\/tbody>\n<\/table>\n<\/div>\n<\/div>\n<div class=\"accordion color-default\">\n<div class=\"accordion-title\">\n<h3><a href=\"#\">S KIME MINISTARSTVO DIJELI PODATKE<\/a><\/h3>\n<\/div>\n<div class=\"accordion-content\">\n<p><strong>Iz podataka prikupljenih putem kola\u010di\u0107a na mre\u017enoj stranici nije mogu\u0107a identifikacija korisnika.<\/strong><\/p>\n<p><strong>Podatke prikupljene putem kola\u010di\u0107a Ministarstvo dijeli s pru\u017eateljima odre\u0111enih usluga potrebnih Ministarstvu za obavljanje svojih aktivnosti<\/strong>, to\u010dnije potrebnih za funkcioniranje mre\u017ene stranice, kao i kori\u0161tenje odre\u0111enih alata (funkcionalnosti) na mre\u017enoj stranici. Primjerice, to su pru\u017eatelji usluga izrade i odr\u017eavanja mre\u017ene stranice, pru\u017eatelji analiti\u010dki usluga na mre\u017enoj stranici i sli\u010dno.<\/p>\n<p>Posebno se napominjemo kako Ministarstvo u vezi mre\u017ene stranice koristi usluge dru\u0161tva Google Inc. Vi\u0161e informacija o prikupljanju i za\u0161titi podataka od strane Google Inc. pro\u010ditajte na sljede\u0107oj poveznici: <a href=\"https:\/\/policies.google.com\/privacy?hl=en\">https:\/\/policies.google.com\/privacy?hl=en<\/a>.<\/p>\n<\/div>\n<\/div>\n<div class=\"accordion color-default\">\n<div class=\"accordion-title\">\n<h3><a href=\"#\">OP\u0106ENITO O UPRAVLJANJU KOLA\u010cI\u0106IMA<\/a><\/h3>\n<\/div>\n<div class=\"accordion-content\">\n<p><strong>Kola\u010di\u0107ima se mo\u017ee upravljati po volji, odnosno kola\u010di\u0107i se mogu prihva\u0107ati (omogu\u0107avati), odbijati ili brisati (onemogu\u0107avati).<\/strong> Ni\u017ee se navode i opisuju neki osnovni na\u010dini upravljanja kola\u010di\u0107ima.<\/p>\n<p>Brisanjem povijesti pretra\u017eivanja iz preglednika, izbrisat \u0107e se (ukloniti) i svi pohranjeni kola\u010di\u0107i s ure\u0111aja. No, takvim postupanjem mogu se izgubiti i neki spremljeni podatci (na primjer podatci za prijavu na ra\u010dune, osobne preferencije na raznim mre\u017enim stranicama i sli\u010dno).<\/p>\n<p>Kontrola kola\u010di\u0107a mo\u017ee se vr\u0161iti i putem alata, odnosno postavki za pode\u0161avanje kola\u010di\u0107a i privatnosti na mre\u017enim stranicama.<\/p>\n<p>Mo\u017ee se podesiti i preglednik da prihva\u0107a ili odbija kola\u010di\u0107e. Ako se preglednik podesi na na\u010din da odbija kola\u010di\u0107e, mogu\u0107e da \u0107e pristup nekim funkcionalnostima mre\u017enih stranica biti ograni\u010den ili onemogu\u0107en.<\/p>\n<p>Putem kola\u010di\u0107a se odre\u0111uju i primaju ogla\u0161avanja na temelju interesa korisnika (bihevioristi\u010dko ogla\u0161avanje). Na taj na\u010din se na mre\u017enim stranicama koje posje\u0107uje korisnik pojavljuju oglasi relevantni za korisnika, odnosno prilago\u0111eni interesima korisnika. Bihevioristi\u010dko ogla\u0161avanje mo\u017ee se kontrolirati putem mre\u017enih stranica za kontrolu (odbijanje) istog. Napominjemo kako odbijanje predmetnog ogla\u0161avanja pode\u0161enog interesima korisnika ne zna\u010di da korisnik ne\u0107e primati nikakve oglase, ve\u0107 da isti ne\u0107e biti prilago\u0111eni korisniku i njegovim interesima. Vi\u0161e informacija mo\u017ee se prona\u0107i na sljede\u0107im poveznicama: <a href=\"http:\/\/www.aboutads.info\/choices\/\">www.aboutads.info\/choices\/<\/a> i <a href=\"http:\/\/www.youronlinechoices.com\">www.youronlinechoices.com<\/a>.<\/p>\n<p>Putem postavki na mobilnom ure\u0111aju te sljede\u0107i objavljene upute, korisnik mo\u017ee upravljati kola\u010di\u0107ima spremljenim na mobilnom ure\u0111aju, kao i upravljati identifikatorima mobilnog ure\u0111aja koji se koriste za odre\u0111ene vrste bihevioristi\u010dkog ogla\u0161avanja.<\/p>\n<p>Razni preglednici (na primjer Internet Explorer, Firefox i sli\u010dno) imaju mogu\u0107nost slanja signala \u201e<em>Ne prati<\/em>\u201c (\u201e<em>Do Not Track<\/em>\u201c) ili \u201e<em>DNT<\/em>\u201c prema mre\u017enim stranicama, mre\u017eama za ogla\u0161avanje, dru\u0161tvima koje se bave analitikom i sli\u010dno. Budu\u0107i da nisu usvojeni jedinstveni standardi za \u201e<em>DNT<\/em>\u201c signale, neke mre\u017ene stranice trenutno ne obra\u0111uju i ne odgovaraju na \u201e<em>DNT<\/em>\u201c signale. Vi\u0161e informacija mo\u017ee se prona\u0107i na sljede\u0107oj poveznici: <a href=\"http:\/\/www.allaboutdnt.com\">www.allaboutdnt.com<\/a>.<\/p>\n<\/div>\n<\/div>\n","protected":false},"excerpt":{"rendered":"<p>Ministarstvo rada, mirovinskoga sustava, obitelji i socijalne politike Uprava za upravljanje operativnim programima Europske unije Verzija 1, velja\u010da 2023. godine Zagreb, Republika Hrvatska UVOD Ovu Politiku kola\u010di\u0107a donijelo je Ministarstvo rada, mirovinskoga sustava, obitelji i socijalne politike sa sjedi\u0161tem na adresi Ulica grada Vukovara 78, 10 000 Zagreb, OIB 53969486500 (dalje u tekstu: \u201eMinistarstvo\u201c), a [&hellip;]<\/p>\n","protected":false},"author":20,"featured_media":0,"parent":0,"menu_order":0,"comment_status":"closed","ping_status":"closed","template":"","meta":{"_monsterinsights_skip_tracking":false,"_monsterinsights_sitenote_active":false,"_monsterinsights_sitenote_note":"","_monsterinsights_sitenote_category":0,"cybocfi_hide_featured_image":""},"yoast_head":"<!-- This site is optimized with the Yoast SEO plugin v16.8 - https:\/\/yoast.com\/wordpress\/plugins\/seo\/ -->\n<title>Politika kola\u010di\u0107a - Europski socijalni fond<\/title>\n<meta name=\"robots\" content=\"index, follow, max-snippet:-1, max-image-preview:large, max-video-preview:-1\" \/>\n<link rel=\"canonical\" href=\"https:\/\/esf.hr\/esfplus\/politika-kolacica\/\" \/>\n<meta property=\"og:locale\" content=\"en_US\" \/>\n<meta property=\"og:type\" content=\"article\" \/>\n<meta property=\"og:title\" content=\"Politika kola\u010di\u0107a - Europski socijalni fond\" \/>\n<meta property=\"og:description\" content=\"Ministarstvo rada, mirovinskoga sustava, obitelji i socijalne politike Uprava za upravljanje operativnim programima Europske unije Verzija 1, velja\u010da 2023. godine Zagreb, Republika Hrvatska UVOD Ovu Politiku kola\u010di\u0107a donijelo je Ministarstvo rada, mirovinskoga sustava, obitelji i socijalne politike sa sjedi\u0161tem na adresi Ulica grada Vukovara 78, 10 000 Zagreb, OIB 53969486500 (dalje u tekstu: \u201eMinistarstvo\u201c), a [&hellip;]\" \/>\n<meta property=\"og:url\" content=\"https:\/\/esf.hr\/esfplus\/politika-kolacica\/\" \/>\n<meta property=\"og:site_name\" content=\"Europski socijalni fond\" \/>\n<meta name=\"twitter:label1\" content=\"Est. reading time\" \/>\n\t<meta name=\"twitter:data1\" content=\"7 minutes\" \/>\n<script type=\"application\/ld+json\" class=\"yoast-schema-graph\">{\"@context\":\"https:\/\/schema.org\",\"@graph\":[{\"@type\":\"WebSite\",\"@id\":\"https:\/\/esf.hr\/esfplus\/#website\",\"url\":\"https:\/\/esf.hr\/esfplus\/\",\"name\":\"Europski socijalni fond\",\"description\":\"Program U\\u010dinkoviti ljudski potencijali 2021.-2027.\",\"potentialAction\":[{\"@type\":\"SearchAction\",\"target\":{\"@type\":\"EntryPoint\",\"urlTemplate\":\"https:\/\/esf.hr\/esfplus\/?s={search_term_string}\"},\"query-input\":\"required name=search_term_string\"}],\"inLanguage\":\"en-US\"},{\"@type\":\"WebPage\",\"@id\":\"https:\/\/esf.hr\/esfplus\/politika-kolacica\/#webpage\",\"url\":\"https:\/\/esf.hr\/esfplus\/politika-kolacica\/\",\"name\":\"Politika kola\\u010di\\u0107a - Europski socijalni fond\",\"isPartOf\":{\"@id\":\"https:\/\/esf.hr\/esfplus\/#website\"},\"datePublished\":\"2024-08-14T09:10:20+00:00\",\"dateModified\":\"2024-08-14T09:10:20+00:00\",\"breadcrumb\":{\"@id\":\"https:\/\/esf.hr\/esfplus\/politika-kolacica\/#breadcrumb\"},\"inLanguage\":\"en-US\",\"potentialAction\":[{\"@type\":\"ReadAction\",\"target\":[\"https:\/\/esf.hr\/esfplus\/politika-kolacica\/\"]}]},{\"@type\":\"BreadcrumbList\",\"@id\":\"https:\/\/esf.hr\/esfplus\/politika-kolacica\/#breadcrumb\",\"itemListElement\":[{\"@type\":\"ListItem\",\"position\":1,\"name\":\"Naslovna\",\"item\":\"https:\/\/esf.hr\/esfplus\/\"},{\"@type\":\"ListItem\",\"position\":2,\"name\":\"Politika kola\\u010di\\u0107a\"}]}]}<\/script>\n<!-- \/ Yoast SEO plugin. -->","yoast_head_json":{"title":"Politika kola\u010di\u0107a - Europski socijalni fond","robots":{"index":"index","follow":"follow","max-snippet":"max-snippet:-1","max-image-preview":"max-image-preview:large","max-video-preview":"max-video-preview:-1"},"canonical":"https:\/\/esf.hr\/esfplus\/politika-kolacica\/","og_locale":"en_US","og_type":"article","og_title":"Politika kola\u010di\u0107a - Europski socijalni fond","og_description":"Ministarstvo rada, mirovinskoga sustava, obitelji i socijalne politike Uprava za upravljanje operativnim programima Europske unije Verzija 1, velja\u010da 2023. godine Zagreb, Republika Hrvatska UVOD Ovu Politiku kola\u010di\u0107a donijelo je Ministarstvo rada, mirovinskoga sustava, obitelji i socijalne politike sa sjedi\u0161tem na adresi Ulica grada Vukovara 78, 10 000 Zagreb, OIB 53969486500 (dalje u tekstu: \u201eMinistarstvo\u201c), a [&hellip;]","og_url":"https:\/\/esf.hr\/esfplus\/politika-kolacica\/","og_site_name":"Europski socijalni fond","twitter_misc":{"Est. reading time":"7 minutes"},"schema":{"@context":"https:\/\/schema.org","@graph":[{"@type":"WebSite","@id":"https:\/\/esf.hr\/esfplus\/#website","url":"https:\/\/esf.hr\/esfplus\/","name":"Europski socijalni fond","description":"Program U\u010dinkoviti ljudski potencijali 2021.-2027.","potentialAction":[{"@type":"SearchAction","target":{"@type":"EntryPoint","urlTemplate":"https:\/\/esf.hr\/esfplus\/?s={search_term_string}"},"query-input":"required name=search_term_string"}],"inLanguage":"en-US"},{"@type":"WebPage","@id":"https:\/\/esf.hr\/esfplus\/politika-kolacica\/#webpage","url":"https:\/\/esf.hr\/esfplus\/politika-kolacica\/","name":"Politika kola\u010di\u0107a - Europski socijalni fond","isPartOf":{"@id":"https:\/\/esf.hr\/esfplus\/#website"},"datePublished":"2024-08-14T09:10:20+00:00","dateModified":"2024-08-14T09:10:20+00:00","breadcrumb":{"@id":"https:\/\/esf.hr\/esfplus\/politika-kolacica\/#breadcrumb"},"inLanguage":"en-US","potentialAction":[{"@type":"ReadAction","target":["https:\/\/esf.hr\/esfplus\/politika-kolacica\/"]}]},{"@type":"BreadcrumbList","@id":"https:\/\/esf.hr\/esfplus\/politika-kolacica\/#breadcrumb","itemListElement":[{"@type":"ListItem","position":1,"name":"Naslovna","item":"https:\/\/esf.hr\/esfplus\/"},{"@type":"ListItem","position":2,"name":"Politika kola\u010di\u0107a"}]}]}},"_links":{"self":[{"href":"https:\/\/esf.hr\/esfplus\/wp-json\/wp\/v2\/pages\/23029"}],"collection":[{"href":"https:\/\/esf.hr\/esfplus\/wp-json\/wp\/v2\/pages"}],"about":[{"href":"https:\/\/esf.hr\/esfplus\/wp-json\/wp\/v2\/types\/page"}],"author":[{"embeddable":true,"href":"https:\/\/esf.hr\/esfplus\/wp-json\/wp\/v2\/users\/20"}],"replies":[{"embeddable":true,"href":"https:\/\/esf.hr\/esfplus\/wp-json\/wp\/v2\/comments?post=23029"}],"version-history":[{"count":1,"href":"https:\/\/esf.hr\/esfplus\/wp-json\/wp\/v2\/pages\/23029\/revisions"}],"predecessor-version":[{"id":23030,"href":"https:\/\/esf.hr\/esfplus\/wp-json\/wp\/v2\/pages\/23029\/revisions\/23030"}],"wp:attachment":[{"href":"https:\/\/esf.hr\/esfplus\/wp-json\/wp\/v2\/media?parent=23029"}],"curies":[{"name":"wp","href":"https:\/\/api.w.org\/{rel}","templated":true}]}}