{"id":22557,"date":"2024-04-23T12:24:50","date_gmt":"2024-04-23T10:24:50","guid":{"rendered":"https:\/\/esf.hr\/esfplus\/?page_id=22557"},"modified":"2024-06-24T13:37:55","modified_gmt":"2024-06-24T11:37:55","slug":"prijava-potencijalne-nepravilnosti","status":"publish","type":"page","link":"https:\/\/esf.hr\/esfplus\/prijava-potencijalne-nepravilnosti\/","title":{"rendered":"Prijava potencijalnih nepravilnosti\/sumnji na prijevaru u kori\u0161tenju sredstava ESF+"},"content":{"rendered":"<hr class=\"esf-docs-line\" \/>\nPotencijalne nepravilnosti i\/ili sumnje na prijevaru u kori\u0161tenju sredstava ESF+ mogu se prijaviti kako je navedeno u nastavku. Prilikom prijave, po\u017eeljno je prilo\u017eiti sve dostupne dokumente koji podupiru informacije iz prijave:<\/p>\n<ol>\n<li>Nadle\u017enom tijelu Sustava izvje\u0161tavanja o nepravilnostima na adresu (elektroni\u010dke po\u0161te) koja je istaknuta na slu\u017ebenim stranicama tog tijela<\/li>\n<\/ol>\n<ul>\n<li>Hrvatski zavod za zapo\u0161ljavanje:\u00a0<a href=\"https:\/\/newbeta.hzz.hr\/ofc\/nepravilnosti\/\"><strong>https:\/\/newbeta.hzz.hr\/ofc\/nepravilnosti\/<\/strong><\/a><\/li>\n<li>Nacionalna zaklada za razvoj civilnoga dru\u0161tva:\u00a0<a href=\"https:\/\/zaklada.civilnodrustvo.hr\/zaklada\/prijava-nepravilnosti\"><strong>https:\/\/zaklada.civilnodrustvo.hr\/zaklada\/prijava-nepravilnosti<\/strong><\/a><\/li>\n<li>Agencija za strukovno obrazovanje i obrazovanje odraslih:\u00a0<a href=\"https:\/\/www.asoo.hr\/defco\/prijava-nepravilnosti\/\"><strong>https:\/\/www.asoo.hr\/defco\/prijava-nepravilnosti\/<\/strong><\/a><\/li>\n<li>Pismom na adresu: Ministarstvo rada, mirovinskoga sustava, obitelji i socijalne politike Ulica grada Vukovara 78, 10000 Zagreb (uz naznaku \u201eESF+ Nepravilnosti\u201c)<\/li>\n<\/ul>\n<p>Tako\u0111er, pismom na adresu: Ministarstvo rada, mirovinskoga sustava, obitelji i socijalne politike Ulica grada Vukovara 78, 10000 Zagreb (uz naznaku \u201eNepravilnosti \u2013 primjena Povelje\/Konvencije\u201c), te na e mail : <a href=\"mailto:info@mrosp.hr\">info@mrosp.hr<\/a> mogu se prijaviti pritu\u017ebe vezane uz sumnju na neuskla\u0111enost projekata financiranih sredstvima EU-a s Poveljom Europske unije o temeljnim pravima i Konvencijom UN-a o pravima osoba s invaliditetom. Povelja EU o temeljnim pravima pokriva gra\u0111anska, politi\u010dka, socijalna, gospodarska i kulturna prava koja proizlaze iz ustavnih tradicija dr\u017eava \u010dlanica. U njoj su objedinjena sva prava pojedinca, razvrstana prema nekoliko glavnih na\u010dela: ljudsko dostojanstvo, temeljne slobode, ravnopravnost, solidarnost, prava gra\u0111ana i pravda. Konvencija UN-a o pravima osoba s invaliditetom prvi je obvezuju\u0107i me\u0111unarodni instrument za ljudska prava koji se odnosi na invaliditet. Njezina je svrha promicanje, za\u0161tita i osiguravanje punog i ravnopravnog u\u017eivanja svih ljudskih prava i temeljnih sloboda osoba s invaliditetom te promicanje po\u0161tivanja njihovog uro\u0111enog dostojanstva. Pritu\u017ebe vezane uz sumnju na neuskla\u0111enost projekata financiranih sredstvima EU-a s Poveljom Europske unije o temeljnim pravima i Konvencijom UN-a o pravima osoba s invaliditetom mogu se prijaviti i Pu\u010dkoj pravobraniteljici i Pravobranitelju za osobe s invaliditetom na sljede\u0107e adrese: Pu\u010dka pravobraniteljica: po\u0161tom (Savska cesta 41\/3, 10 000 Zagreb) e-mailom na info@ombudsman.hr osobno (obavezno uz najavu i dogovor termina) u uredu u Zagrebu, Rijeci, Osijeku ili Splitu \u2013 termin zatra\u017eite putem info@ombudsman.hr ili pozivom na 01 4851 855 (Zagreb), 051 563 786 (Rijeka), 031 628 054 (Osijek) ili 021 682 981 (Split) Pravobranitelj za osobe s invaliditetom: Savska cesta 41\/3, 10000 Zagreb Telefon: +385 1 6102 170 Faks: +385 1 6177 901 E-po\u0161ta: <a href=\"mailto:ured@posi.hr\">ured@posi.hr<\/a> kao i putem kontakt obrasca na mre\u017enim stranicama Pravobranitelja<\/p>\n<ol start=\"2\">\n<li>Europskom uredu za borbu protiv prijevara (OLAF)<\/li>\n<\/ol>\n<ul>\n<li>Pismom na sljede\u0107u adresu:<\/li>\n<\/ul>\n<p>European Commission European Anti-Fraud Office (OLAF) 1049 Brussels Belgium<\/p>\n<ul>\n<li>Primjenom Sustava za prijavljivanje prijevara (Fraud Notification System) kojem se pristupa putem sljede\u0107e poveznice:\u00a0<a href=\"https:\/\/fns.olaf.europa.eu\/main_hr.htm\"><strong>https:\/\/fns.olaf.europa.eu\/main_hr.htm<\/strong><\/a><\/li>\n<\/ul>\n<ol start=\"3\">\n<li>Slu\u017ebi za koordinaciju sustava za suzbijanje nepravilnosti i prijevara u kori\u0161tenju fondova Europske unije (AFCOS-slu\u017eba)<\/li>\n<\/ol>\n<ul>\n<li>Pismom na sljede\u0107u adresu:<\/li>\n<\/ul>\n<p>Ministarstvo financija \u2013 Slu\u017eba za koordinaciju sustava za suzbijanje nepravilnosti i prijevara u kori\u0161tenju fondova Europske unije Katan\u010di\u0107eva 5 10000 Zagreb Hrvatska<\/p>\n<ul>\n<li>Putem elektroni\u010dke po\u0161te:\u00a0<a href=\"mailto:nepravilnosti.eu@mfin.hr\"><strong>eu@mfin.hr<\/strong><\/a>\u00a0(napomena: prijava Ministarstvu financija se mo\u017ee\u00a0<strong>sastaviti<\/strong>\u00a0<strong>kori\u0161tenjem obrasca<\/strong>\u00a0koji je dostupan stranicama Ministarstva financija:\u00a0<a href=\"https:\/\/mfin.gov.hr\/istaknute-teme\/zastita-financijskih-interesa-eu-a\/prijava-potencijalnih-nepravilnosti-sumnji-na-prijevaru\/518\"><strong>https:\/\/mfin.gov.hr\/istaknute-teme\/zastita-financijskih-interesa-eu-a\/prijava-potencijalnih-nepravilnosti-sumnji-na-prijevaru\/518<\/strong><\/a>)<\/li>\n<\/ul>\n<ol start=\"4\">\n<li>Sumnje na prijevaru mogu se prijaviti i Uredu europskog javnog tu\u017eitelja (EPPO) putem Mre\u017enog obrasca za prijavu kaznenog djela koji je dostupan na sljede\u0107oj poveznici:\u00a0<a href=\"https:\/\/www.eppo.europa.eu\/hr\/form\/eppo-report-a-crime\"><strong>https:\/\/www.eppo.europa.eu\/hr\/form\/eppo-report-a-crime<\/strong><\/a><\/li>\n<\/ol>\n<p>Vi\u0161e informacija o nepravilnostima i prijevarama u kori\u0161tenju fondova Europske unije, dostupno je i na slijede\u0107im linkovima:<\/p>\n<ul>\n<li>Stranica Ministarstva financija (Prijava potencijalnih nepravilnosti\/sumnji na prijevaru):\u00a0<a href=\"https:\/\/mfin.gov.hr\/istaknute-teme\/zastita-financijskih-interesa-eu-a\/prijava-potencijalnih-nepravilnosti-sumnji-na-prijevaru\/518\"><strong>https:\/\/mfin.gov.hr\/istaknute-teme\/zastita-financijskih-interesa-eu-a\/prijava-potencijalnih-nepravilnosti-sumnji-na-prijevaru\/518<\/strong><\/a><\/li>\n<li>Stranica Europskog ureda za borbu protiv prijevara (OLAF):\u00a0<a href=\"https:\/\/anti-fraud.ec.europa.eu\/olaf-and-you\/report-fraud_hr\"><strong>https:\/\/anti-fraud.ec.europa.eu\/olaf-and-you\/report-fraud_hr<\/strong><\/a><\/li>\n<li>Stranica Ureda europskog javnog tu\u017eitelja (EPPO):\u00a0<a href=\"https:\/\/www.eppo.europa.eu\/hr\/prijavljivanje-kaznenog-djela-uredu-europskog-javnog-tuzitelja\"><strong>https:\/\/www.eppo.europa.eu\/hr\/prijavljivanje-kaznenog-djela-uredu-europskog-javnog-tuzitelja<\/strong><\/a><\/li>\n<\/ul>\n<p><span style=\"font-size: 10pt;\">[1] Nadle\u017enost tijela regulirana je Prilogom 1 <em>Prikaz posredni\u010dkih tijela nadle\u017enih prema izabranim specifi\u010dnim ciljevima<\/em> Uredbe o tijelima u sustavu upravljanja i kontrole kori\u0161tenja Europskog socijalnog fonda plus u vezi s ciljem \u201eUlaganje za radna mjesta i rast\u201c, u okviru programa U\u010dinkoviti ljudski potencijali 2021.-2027.<\/span><\/p>\n","protected":false},"excerpt":{"rendered":"<p>Potencijalne nepravilnosti i\/ili sumnje na prijevaru u kori\u0161tenju sredstava ESF+ mogu se prijaviti kako je navedeno u nastavku. Prilikom prijave, po\u017eeljno je prilo\u017eiti sve dostupne dokumente koji podupiru informacije iz prijave: Nadle\u017enom tijelu Sustava izvje\u0161tavanja o nepravilnostima na adresu (elektroni\u010dke po\u0161te) koja je istaknuta na slu\u017ebenim stranicama tog tijela Hrvatski zavod za zapo\u0161ljavanje:\u00a0https:\/\/newbeta.hzz.hr\/ofc\/nepravilnosti\/ Nacionalna zaklada [&hellip;]<\/p>\n","protected":false},"author":1384,"featured_media":0,"parent":0,"menu_order":0,"comment_status":"closed","ping_status":"closed","template":"","meta":{"_monsterinsights_skip_tracking":false,"_monsterinsights_sitenote_active":false,"_monsterinsights_sitenote_note":"","_monsterinsights_sitenote_category":0,"cybocfi_hide_featured_image":""},"yoast_head":"<!-- This site is optimized with the Yoast SEO plugin v16.8 - https:\/\/yoast.com\/wordpress\/plugins\/seo\/ -->\n<title>Prijava potencijalnih nepravilnosti\/sumnji na prijevaru u kori\u0161tenju sredstava ESF+ - Europski socijalni fond<\/title>\n<meta name=\"robots\" content=\"index, follow, max-snippet:-1, max-image-preview:large, max-video-preview:-1\" \/>\n<link rel=\"canonical\" href=\"https:\/\/esf.hr\/esfplus\/prijava-potencijalne-nepravilnosti\/\" \/>\n<meta property=\"og:locale\" content=\"en_US\" \/>\n<meta property=\"og:type\" content=\"article\" \/>\n<meta property=\"og:title\" content=\"Prijava potencijalnih nepravilnosti\/sumnji na prijevaru u kori\u0161tenju sredstava ESF+ - Europski socijalni fond\" \/>\n<meta property=\"og:description\" content=\"Potencijalne nepravilnosti i\/ili sumnje na prijevaru u kori\u0161tenju sredstava ESF+ mogu se prijaviti kako je navedeno u nastavku. Prilikom prijave, po\u017eeljno je prilo\u017eiti sve dostupne dokumente koji podupiru informacije iz prijave: Nadle\u017enom tijelu Sustava izvje\u0161tavanja o nepravilnostima na adresu (elektroni\u010dke po\u0161te) koja je istaknuta na slu\u017ebenim stranicama tog tijela Hrvatski zavod za zapo\u0161ljavanje:\u00a0https:\/\/newbeta.hzz.hr\/ofc\/nepravilnosti\/ Nacionalna zaklada [&hellip;]\" \/>\n<meta property=\"og:url\" content=\"https:\/\/esf.hr\/esfplus\/prijava-potencijalne-nepravilnosti\/\" \/>\n<meta property=\"og:site_name\" content=\"Europski socijalni fond\" \/>\n<meta property=\"article:modified_time\" content=\"2024-06-24T11:37:55+00:00\" \/>\n<meta name=\"twitter:label1\" content=\"Est. reading time\" \/>\n\t<meta name=\"twitter:data1\" content=\"3 minutes\" \/>\n<script type=\"application\/ld+json\" class=\"yoast-schema-graph\">{\"@context\":\"https:\/\/schema.org\",\"@graph\":[{\"@type\":\"WebSite\",\"@id\":\"https:\/\/esf.hr\/esfplus\/#website\",\"url\":\"https:\/\/esf.hr\/esfplus\/\",\"name\":\"Europski socijalni fond\",\"description\":\"Program U\\u010dinkoviti ljudski potencijali 2021.-2027.\",\"potentialAction\":[{\"@type\":\"SearchAction\",\"target\":{\"@type\":\"EntryPoint\",\"urlTemplate\":\"https:\/\/esf.hr\/esfplus\/?s={search_term_string}\"},\"query-input\":\"required name=search_term_string\"}],\"inLanguage\":\"en-US\"},{\"@type\":\"WebPage\",\"@id\":\"https:\/\/esf.hr\/esfplus\/prijava-potencijalne-nepravilnosti\/#webpage\",\"url\":\"https:\/\/esf.hr\/esfplus\/prijava-potencijalne-nepravilnosti\/\",\"name\":\"Prijava potencijalnih nepravilnosti\/sumnji na prijevaru u kori\\u0161tenju sredstava ESF+ - Europski socijalni fond\",\"isPartOf\":{\"@id\":\"https:\/\/esf.hr\/esfplus\/#website\"},\"datePublished\":\"2024-04-23T10:24:50+00:00\",\"dateModified\":\"2024-06-24T11:37:55+00:00\",\"breadcrumb\":{\"@id\":\"https:\/\/esf.hr\/esfplus\/prijava-potencijalne-nepravilnosti\/#breadcrumb\"},\"inLanguage\":\"en-US\",\"potentialAction\":[{\"@type\":\"ReadAction\",\"target\":[\"https:\/\/esf.hr\/esfplus\/prijava-potencijalne-nepravilnosti\/\"]}]},{\"@type\":\"BreadcrumbList\",\"@id\":\"https:\/\/esf.hr\/esfplus\/prijava-potencijalne-nepravilnosti\/#breadcrumb\",\"itemListElement\":[{\"@type\":\"ListItem\",\"position\":1,\"name\":\"Naslovna\",\"item\":\"https:\/\/esf.hr\/esfplus\/\"},{\"@type\":\"ListItem\",\"position\":2,\"name\":\"Prijava potencijalnih nepravilnosti\/sumnji na prijevaru u kori\\u0161tenju sredstava ESF+\"}]}]}<\/script>\n<!-- \/ Yoast SEO plugin. -->","yoast_head_json":{"title":"Prijava potencijalnih nepravilnosti\/sumnji na prijevaru u kori\u0161tenju sredstava ESF+ - Europski socijalni fond","robots":{"index":"index","follow":"follow","max-snippet":"max-snippet:-1","max-image-preview":"max-image-preview:large","max-video-preview":"max-video-preview:-1"},"canonical":"https:\/\/esf.hr\/esfplus\/prijava-potencijalne-nepravilnosti\/","og_locale":"en_US","og_type":"article","og_title":"Prijava potencijalnih nepravilnosti\/sumnji na prijevaru u kori\u0161tenju sredstava ESF+ - Europski socijalni fond","og_description":"Potencijalne nepravilnosti i\/ili sumnje na prijevaru u kori\u0161tenju sredstava ESF+ mogu se prijaviti kako je navedeno u nastavku. Prilikom prijave, po\u017eeljno je prilo\u017eiti sve dostupne dokumente koji podupiru informacije iz prijave: Nadle\u017enom tijelu Sustava izvje\u0161tavanja o nepravilnostima na adresu (elektroni\u010dke po\u0161te) koja je istaknuta na slu\u017ebenim stranicama tog tijela Hrvatski zavod za zapo\u0161ljavanje:\u00a0https:\/\/newbeta.hzz.hr\/ofc\/nepravilnosti\/ Nacionalna zaklada [&hellip;]","og_url":"https:\/\/esf.hr\/esfplus\/prijava-potencijalne-nepravilnosti\/","og_site_name":"Europski socijalni fond","article_modified_time":"2024-06-24T11:37:55+00:00","twitter_misc":{"Est. reading time":"3 minutes"},"schema":{"@context":"https:\/\/schema.org","@graph":[{"@type":"WebSite","@id":"https:\/\/esf.hr\/esfplus\/#website","url":"https:\/\/esf.hr\/esfplus\/","name":"Europski socijalni fond","description":"Program U\u010dinkoviti ljudski potencijali 2021.-2027.","potentialAction":[{"@type":"SearchAction","target":{"@type":"EntryPoint","urlTemplate":"https:\/\/esf.hr\/esfplus\/?s={search_term_string}"},"query-input":"required name=search_term_string"}],"inLanguage":"en-US"},{"@type":"WebPage","@id":"https:\/\/esf.hr\/esfplus\/prijava-potencijalne-nepravilnosti\/#webpage","url":"https:\/\/esf.hr\/esfplus\/prijava-potencijalne-nepravilnosti\/","name":"Prijava potencijalnih nepravilnosti\/sumnji na prijevaru u kori\u0161tenju sredstava ESF+ - Europski socijalni fond","isPartOf":{"@id":"https:\/\/esf.hr\/esfplus\/#website"},"datePublished":"2024-04-23T10:24:50+00:00","dateModified":"2024-06-24T11:37:55+00:00","breadcrumb":{"@id":"https:\/\/esf.hr\/esfplus\/prijava-potencijalne-nepravilnosti\/#breadcrumb"},"inLanguage":"en-US","potentialAction":[{"@type":"ReadAction","target":["https:\/\/esf.hr\/esfplus\/prijava-potencijalne-nepravilnosti\/"]}]},{"@type":"BreadcrumbList","@id":"https:\/\/esf.hr\/esfplus\/prijava-potencijalne-nepravilnosti\/#breadcrumb","itemListElement":[{"@type":"ListItem","position":1,"name":"Naslovna","item":"https:\/\/esf.hr\/esfplus\/"},{"@type":"ListItem","position":2,"name":"Prijava potencijalnih nepravilnosti\/sumnji na prijevaru u kori\u0161tenju sredstava ESF+"}]}]}},"_links":{"self":[{"href":"https:\/\/esf.hr\/esfplus\/wp-json\/wp\/v2\/pages\/22557"}],"collection":[{"href":"https:\/\/esf.hr\/esfplus\/wp-json\/wp\/v2\/pages"}],"about":[{"href":"https:\/\/esf.hr\/esfplus\/wp-json\/wp\/v2\/types\/page"}],"author":[{"embeddable":true,"href":"https:\/\/esf.hr\/esfplus\/wp-json\/wp\/v2\/users\/1384"}],"replies":[{"embeddable":true,"href":"https:\/\/esf.hr\/esfplus\/wp-json\/wp\/v2\/comments?post=22557"}],"version-history":[{"count":9,"href":"https:\/\/esf.hr\/esfplus\/wp-json\/wp\/v2\/pages\/22557\/revisions"}],"predecessor-version":[{"id":22819,"href":"https:\/\/esf.hr\/esfplus\/wp-json\/wp\/v2\/pages\/22557\/revisions\/22819"}],"wp:attachment":[{"href":"https:\/\/esf.hr\/esfplus\/wp-json\/wp\/v2\/media?parent=22557"}],"curies":[{"name":"wp","href":"https:\/\/api.w.org\/{rel}","templated":true}]}}