{"id":22555,"date":"2024-04-23T12:24:39","date_gmt":"2024-04-23T10:24:39","guid":{"rendered":"https:\/\/esf.hr\/esfplus\/?page_id=22555"},"modified":"2024-06-24T13:40:34","modified_gmt":"2024-06-24T11:40:34","slug":"najcesca-pitanja-i-odgovori","status":"publish","type":"page","link":"https:\/\/esf.hr\/esfplus\/najcesca-pitanja-i-odgovori\/","title":{"rendered":"Upiti gra\u0111ana i naj\u010de\u0161\u0107a pitanja"},"content":{"rendered":"<div id=\"ac-260\" class=\"c-accordion__content\" style=\"display: block;\">\n<div class=\"wp-block-pb-accordion-item c-accordion__item js-accordion-item is-read\" data-initially-open=\"false\" data-click-to-close=\"true\" data-auto-close=\"true\" data-scroll=\"false\" data-scroll-offset=\"0\">\n<hr class=\"esf-docs-line\" \/>\n<h2 id=\"at-261\" class=\"c-accordion__title js-accordion-controller\" tabindex=\"0\" role=\"button\" aria-controls=\"ac-261\" aria-expanded=\"false\">Naj\u010de\u0161\u0107a pitanja i odgovori<\/h2>\n<div id=\"ac-261\" class=\"c-accordion__content\" style=\"display: none;\" hidden=\"hidden\">\n<div class=\"wp-block-pb-accordion-item c-accordion__item js-accordion-item is-read\" data-initially-open=\"false\" data-click-to-close=\"true\" data-auto-close=\"true\" data-scroll=\"false\" data-scroll-offset=\"0\">\n<h2 id=\"at-262\" class=\"c-accordion__title js-accordion-controller\" tabindex=\"0\" role=\"button\" aria-controls=\"ac-262\" aria-expanded=\"false\">\u0160to se mo\u017ee financirati iz Europskog socijalnog fonda plus?<\/h2>\n<div id=\"ac-262\" class=\"c-accordion__content\" style=\"display: none;\" hidden=\"hidden\">Podru\u010dja koja se mogu financirati kroz ESF+ definirana su programskim dokumentom, odnosno Programom U\u010dinkoviti ljudski potencijali 2021.-2027. Prioritetni ciljevi \/ podru\u010dja financiranja ESF+ su inkluzivno tr\u017ei\u0161te rada i poticanje zapo\u0161ljavanja, obrazovanje i cjelo\u017eivotno u\u010denje, socijalno uklju\u010divanje, zdravstvo, zapo\u0161ljavanje mladih, materijalna deprivacija i socijalne inovacije.<\/div>\n<\/div>\n<div class=\"wp-block-pb-accordion-item c-accordion__item js-accordion-item is-read\" data-initially-open=\"false\" data-click-to-close=\"true\" data-auto-close=\"true\" data-scroll=\"false\" data-scroll-offset=\"0\">\n<h2 id=\"at-263\" class=\"c-accordion__title js-accordion-controller\" tabindex=\"0\" role=\"button\" aria-controls=\"ac-262\" aria-expanded=\"false\">Tko se mo\u017ee prijaviti za financiranje?<\/h2>\n<div id=\"ac-263\" class=\"c-accordion__content\" style=\"display: none;\" hidden=\"hidden\">Prihvaljivi prijavitelji definirani su u okviru svakog Poziva na dostavu projektnih prijedloga (PDP) u dokumentu Upute za prijavitelje. Tako\u0111er, prihvatljivi prijavitelji navode se i u okviru Godi\u0161njeg plana poziva na dostavu projektnih prijedloga koji se javno objavljuje. Na koje natje\u010daje se mogu prijaviti? Natje\u010daji iz ESF+ javno se objavljuju. Uz svaki poziv za dostavu projektnih prijedloga objavljuje se cjelokupan set dokumentacije koji sadr\u017ei sve potrebne informacije i uvjete za prijavu na iste. Me\u0111u dokumentacijom posebno isti\u010demo dokument Upute za prijavitelje, gdje se, izme\u0111u ostalog, mogu prona\u0107i informacije o podru\u010dju financiranja kroz pojedini poziv za prijavitelje (kakvi projekti se mogu financirati odnosno projektne aktivnosti) te potencijalni prijavitelji (tko se mo\u017ee prijaviti na poziv).<\/div>\n<\/div>\n<div class=\"wp-block-pb-accordion-item c-accordion__item js-accordion-item is-read\" data-initially-open=\"false\" data-click-to-close=\"true\" data-auto-close=\"true\" data-scroll=\"false\" data-scroll-offset=\"0\">\n<h2 id=\"at-264\" class=\"c-accordion__title js-accordion-controller\" tabindex=\"0\" role=\"button\" aria-controls=\"ac-262\" aria-expanded=\"false\">Zanima me kada se mo\u017ee o\u010dekivati objava natje\u010daja?<\/h2>\n<div id=\"ac-264\" class=\"c-accordion__content\" style=\"display: none;\" hidden=\"hidden\">Upravlja\u010dko tijelo \u0107e redovno objavljivati Godi\u0161nji plan poziva na dostavu projektnih prijedloga koji je mogu\u0107e pratiti na mre\u017enoj stranici ESF+, s ciljem informiranja javnosti i omogu\u0107avanja pravovremene pripreme projektnih prijedloga potencijalnih prijavitelja. Isti sadr\u017ei indikativni popis poziva na dostavu projektnih prijedloga i rokova poznatih u trenutku izrade plana te je podlo\u017ean izmjenama i dopunama.<\/div>\n<\/div>\n<div class=\"wp-block-pb-accordion-item c-accordion__item js-accordion-item is-read\" data-initially-open=\"false\" data-click-to-close=\"true\" data-auto-close=\"true\" data-scroll=\"false\" data-scroll-offset=\"0\">\n<h2 id=\"at-265\" class=\"c-accordion__title js-accordion-controller\" tabindex=\"0\" role=\"button\" aria-controls=\"ac-262\" aria-expanded=\"false\">Po\u010detkom godine prijavili smo se na natje\u010daj iz Europskog socijalnog fonda plus. Ho\u0107emo li obavijest o uspjehu na natje\u010daju dobiti po\u0161tom?<\/h2>\n<div id=\"ac-265\" class=\"c-accordion__content\" style=\"display: none;\" hidden=\"hidden\">Nadle\u017eno Posredni\u010dko tijelo razine 2 po zavr\u0161etku administrativne provjere i procjene kvalitete, pisanim putem obavje\u0161tava prijavitelje o statusu njihovog projektnog prijedloga. Odluka o financiranju projekata za svaki od Poziva objavljuje se i na mre\u017enoj stranici ESF+.<\/div>\n<\/div>\n<div class=\"wp-block-pb-accordion-item c-accordion__item js-accordion-item is-read\" data-initially-open=\"false\" data-click-to-close=\"true\" data-auto-close=\"true\" data-scroll=\"false\" data-scroll-offset=\"0\">\n<h2 id=\"at-266\" class=\"c-accordion__title js-accordion-controller\" tabindex=\"0\" role=\"button\" aria-controls=\"ac-262\" aria-expanded=\"false\">Zaprimili smo odobrenje Zahtjeva za nadoknadom sredstava pa nas interesira kada bismo mogli o\u010dekivati uplatu za odobrena sredstava?<\/h2>\n<div id=\"ac-266\" class=\"c-accordion__content\" style=\"display: none;\" hidden=\"hidden\">Odobrenjem Zahtjeva za nadoknadom sredstava od strane nadle\u017enog Posredni\u010dkog tijela razine 2 priprema se nalog za pla\u0107anje uz rokove isplate sredstava sukladno Op\u0107im uvjetima ugovora o dodjeli bespovratnih sredstava.<\/div>\n<\/div>\n<\/div>\n<\/div>\n<div class=\"wp-block-pb-accordion-item c-accordion__item js-accordion-item is-read\" data-initially-open=\"false\" data-click-to-close=\"true\" data-auto-close=\"true\" data-scroll=\"false\" data-scroll-offset=\"0\">\n<hr class=\"esf-docs-line\" \/>\n<h2 id=\"at-269\" class=\"c-accordion__title js-accordion-controller\" tabindex=\"0\" role=\"button\" aria-controls=\"ac-269\" aria-expanded=\"false\">Postavite pitanje<\/h2>\n<div id=\"ac-269\" class=\"c-accordion__content\" style=\"display: none;\" hidden=\"hidden\"><div role=\"form\" class=\"wpcf7\" id=\"wpcf7-f13957-o1\" lang=\"en-US\" dir=\"ltr\">\n<div class=\"screen-reader-response\"><p role=\"status\" aria-live=\"polite\" aria-atomic=\"true\"><\/p> <ul><\/ul><\/div>\n<form action=\"\/esfplus\/wp-json\/wp\/v2\/pages\/22555#wpcf7-f13957-o1\" method=\"post\" class=\"wpcf7-form init\" enctype=\"multipart\/form-data\" novalidate=\"novalidate\" data-status=\"init\">\n<div style=\"display: none;\">\n<input type=\"hidden\" name=\"_wpcf7\" value=\"13957\" \/>\n<input type=\"hidden\" name=\"_wpcf7_version\" value=\"5.4.2\" \/>\n<input type=\"hidden\" name=\"_wpcf7_locale\" value=\"en_US\" \/>\n<input type=\"hidden\" name=\"_wpcf7_unit_tag\" value=\"wpcf7-f13957-o1\" \/>\n<input type=\"hidden\" name=\"_wpcf7_container_post\" value=\"0\" \/>\n<input type=\"hidden\" name=\"_wpcf7_posted_data_hash\" value=\"\" \/>\n<input type=\"hidden\" name=\"_wpcf7_recaptcha_response\" value=\"\" \/>\n<\/div>\n<div style=\"width:100%\">\n<p>Vrsta Upita :<br \/> <span class=\"wpcf7-form-control-wrap upit\"><select name=\"upit\" class=\"wpcf7-form-control wpcf7-select wpcf7-validates-as-required\" aria-required=\"true\" aria-invalid=\"false\"><option value=\"Odaberite kategoriju upita\">Odaberite kategoriju upita<\/option><option value=\"Informacije o mogu\u0107nostima kori\u0161tenja ESFa+\">Informacije o mogu\u0107nostima kori\u0161tenja ESFa+<\/option><option value=\"Najava natje\u010daja\">Najava natje\u010daja<\/option><option value=\"Prijava na natje\u010daj\">Prijava na natje\u010daj<\/option><option value=\"Provedba projekata\">Provedba projekata<\/option><option value=\"Financije\/isplata sredstava\">Financije\/isplata sredstava<\/option><option value=\"Neprihvatljivi tro\u0161kovi\">Neprihvatljivi tro\u0161kovi<\/option><option value=\"Prigovori\">Prigovori<\/option><option value=\"Informacijski sustav\">Informacijski sustav<\/option><option value=\"Ostalo\">Ostalo<\/option><\/select><\/span> <\/p>\n<p>Ime i prezime\/Naziv korisnika\/institucije :<br \/> <span class=\"wpcf7-form-control-wrap your-name\"><input type=\"text\" name=\"your-name\" value=\"\" size=\"40\" class=\"wpcf7-form-control wpcf7-text wpcf7-validates-as-required required\" aria-required=\"true\" aria-invalid=\"false\" \/><\/span> <\/p>\n<p>Email :<br \/> <span class=\"wpcf7-form-control-wrap your-email\"><input type=\"email\" name=\"your-email\" value=\"\" size=\"40\" class=\"wpcf7-form-control wpcf7-text wpcf7-email wpcf7-validates-as-required wpcf7-validates-as-email required\" aria-required=\"true\" aria-invalid=\"false\" \/><\/span> <\/p>\n<p>Naziv natje\u010daja\/Poziva ili kodni (UP) broj projektne prijave:<br \/> <span class=\"wpcf7-form-control-wrap your-code\"><input type=\"text\" name=\"your-code\" value=\"\" size=\"40\" class=\"wpcf7-form-control wpcf7-text wpcf7-validates-as-required required\" aria-required=\"true\" aria-invalid=\"false\" \/><\/span> <\/p>\n<p><span>Pitanje (potrebno je dati detaljnije informacije kako bi se upit mogao ispravno obraditi): <\/span><br \/> <span class=\"wpcf7-form-control-wrap textarea-445\"><textarea name=\"textarea-445\" cols=\"40\" rows=\"10\" class=\"wpcf7-form-control wpcf7-textarea wpcf7-validates-as-required\" aria-required=\"true\" aria-invalid=\"false\"><\/textarea><\/span> <\/p>\n<p><span class=\"dashicons dashicons-paperclip\"><\/span>Privitak:<br \/> <span class=\"wpcf7-form-control-wrap file-662\"><input type=\"file\" name=\"file-662\" size=\"40\" class=\"wpcf7-form-control wpcf7-file\" accept=\".jpg,.jpeg,.png,.gif,.pdf,.doc,.docx,.ppt,.pptx,.odt,.avi,.ogg,.m4a,.mov,.mp3,.mp4,.mpg,.wav,.wmv\" aria-invalid=\"false\" \/><\/span> <\/p>\n<p><input type=\"submit\" value=\"Po\u0161aljite\" class=\"wpcf7-form-control wpcf7-submit\" \/><\/p>\n<p>\n<h5 style=\"margin:5px\">Napomena: Ministarstvo rada, mirovinskoga sustava, obitelji i socijalne politike obra\u0111uje Va\u0161e gore tra\u017eene osobne podatke u svrhu odgovaranja na Va\u0161 upit. Vi\u0161e informacija o tome kako prikupljamo, obra\u0111ujemo i \u0161titimo osobne podatke, te koja prava mo\u017eete ostvariti u odnosu na obradu Va\u0161ih osobnih podataka, pro\u010ditajte u na\u0161oj<a href=\"https:\/\/esf.hr\/esfplus\/politika-privatnosti\/\" target=\"_blank\"> Politici privatnosti.<\/a> <\/h6>\n<\/p>\n<\/div>\n<div class=\"wpcf7-response-output\" aria-hidden=\"true\"><\/div><\/form><\/div><\/div>\n<\/div>\n<hr class=\"esf-docs-line\" \/>\n<\/div>\n","protected":false},"excerpt":{"rendered":"<p>Naj\u010de\u0161\u0107a pitanja i odgovori \u0160to se mo\u017ee financirati iz Europskog socijalnog fonda plus? Podru\u010dja koja se mogu financirati kroz ESF+ definirana su programskim dokumentom, odnosno Programom U\u010dinkoviti ljudski potencijali 2021.-2027. Prioritetni ciljevi \/ podru\u010dja financiranja ESF+ su inkluzivno tr\u017ei\u0161te rada i poticanje zapo\u0161ljavanja, obrazovanje i cjelo\u017eivotno u\u010denje, socijalno uklju\u010divanje, zdravstvo, zapo\u0161ljavanje mladih, materijalna deprivacija i [&hellip;]<\/p>\n","protected":false},"author":1384,"featured_media":0,"parent":0,"menu_order":0,"comment_status":"closed","ping_status":"closed","template":"","meta":{"_monsterinsights_skip_tracking":false,"_monsterinsights_sitenote_active":false,"_monsterinsights_sitenote_note":"","_monsterinsights_sitenote_category":0,"cybocfi_hide_featured_image":""},"yoast_head":"<!-- This site is optimized with the Yoast SEO plugin v16.8 - https:\/\/yoast.com\/wordpress\/plugins\/seo\/ -->\n<title>Upiti gra\u0111ana i naj\u010de\u0161\u0107a pitanja - Europski socijalni fond<\/title>\n<meta name=\"robots\" content=\"index, follow, max-snippet:-1, max-image-preview:large, max-video-preview:-1\" \/>\n<link rel=\"canonical\" href=\"https:\/\/esf.hr\/esfplus\/najcesca-pitanja-i-odgovori\/\" \/>\n<meta property=\"og:locale\" content=\"en_US\" \/>\n<meta property=\"og:type\" content=\"article\" \/>\n<meta property=\"og:title\" content=\"Upiti gra\u0111ana i naj\u010de\u0161\u0107a pitanja - Europski socijalni fond\" \/>\n<meta property=\"og:description\" content=\"Naj\u010de\u0161\u0107a pitanja i odgovori \u0160to se mo\u017ee financirati iz Europskog socijalnog fonda plus? Podru\u010dja koja se mogu financirati kroz ESF+ definirana su programskim dokumentom, odnosno Programom U\u010dinkoviti ljudski potencijali 2021.-2027. Prioritetni ciljevi \/ podru\u010dja financiranja ESF+ su inkluzivno tr\u017ei\u0161te rada i poticanje zapo\u0161ljavanja, obrazovanje i cjelo\u017eivotno u\u010denje, socijalno uklju\u010divanje, zdravstvo, zapo\u0161ljavanje mladih, materijalna deprivacija i [&hellip;]\" \/>\n<meta property=\"og:url\" content=\"https:\/\/esf.hr\/esfplus\/najcesca-pitanja-i-odgovori\/\" \/>\n<meta property=\"og:site_name\" content=\"Europski socijalni fond\" \/>\n<meta property=\"article:modified_time\" content=\"2024-06-24T11:40:34+00:00\" \/>\n<meta name=\"twitter:label1\" content=\"Est. reading time\" \/>\n\t<meta name=\"twitter:data1\" content=\"2 minutes\" \/>\n<script type=\"application\/ld+json\" class=\"yoast-schema-graph\">{\"@context\":\"https:\/\/schema.org\",\"@graph\":[{\"@type\":\"WebSite\",\"@id\":\"https:\/\/esf.hr\/esfplus\/#website\",\"url\":\"https:\/\/esf.hr\/esfplus\/\",\"name\":\"Europski socijalni fond\",\"description\":\"Program U\\u010dinkoviti ljudski potencijali 2021.-2027.\",\"potentialAction\":[{\"@type\":\"SearchAction\",\"target\":{\"@type\":\"EntryPoint\",\"urlTemplate\":\"https:\/\/esf.hr\/esfplus\/?s={search_term_string}\"},\"query-input\":\"required name=search_term_string\"}],\"inLanguage\":\"en-US\"},{\"@type\":\"WebPage\",\"@id\":\"https:\/\/esf.hr\/esfplus\/najcesca-pitanja-i-odgovori\/#webpage\",\"url\":\"https:\/\/esf.hr\/esfplus\/najcesca-pitanja-i-odgovori\/\",\"name\":\"Upiti gra\\u0111ana i naj\\u010de\\u0161\\u0107a pitanja - Europski socijalni fond\",\"isPartOf\":{\"@id\":\"https:\/\/esf.hr\/esfplus\/#website\"},\"datePublished\":\"2024-04-23T10:24:39+00:00\",\"dateModified\":\"2024-06-24T11:40:34+00:00\",\"breadcrumb\":{\"@id\":\"https:\/\/esf.hr\/esfplus\/najcesca-pitanja-i-odgovori\/#breadcrumb\"},\"inLanguage\":\"en-US\",\"potentialAction\":[{\"@type\":\"ReadAction\",\"target\":[\"https:\/\/esf.hr\/esfplus\/najcesca-pitanja-i-odgovori\/\"]}]},{\"@type\":\"BreadcrumbList\",\"@id\":\"https:\/\/esf.hr\/esfplus\/najcesca-pitanja-i-odgovori\/#breadcrumb\",\"itemListElement\":[{\"@type\":\"ListItem\",\"position\":1,\"name\":\"Naslovna\",\"item\":\"https:\/\/esf.hr\/esfplus\/\"},{\"@type\":\"ListItem\",\"position\":2,\"name\":\"Upiti gra\\u0111ana i naj\\u010de\\u0161\\u0107a pitanja\"}]}]}<\/script>\n<!-- \/ Yoast SEO plugin. -->","yoast_head_json":{"title":"Upiti gra\u0111ana i naj\u010de\u0161\u0107a pitanja - Europski socijalni fond","robots":{"index":"index","follow":"follow","max-snippet":"max-snippet:-1","max-image-preview":"max-image-preview:large","max-video-preview":"max-video-preview:-1"},"canonical":"https:\/\/esf.hr\/esfplus\/najcesca-pitanja-i-odgovori\/","og_locale":"en_US","og_type":"article","og_title":"Upiti gra\u0111ana i naj\u010de\u0161\u0107a pitanja - Europski socijalni fond","og_description":"Naj\u010de\u0161\u0107a pitanja i odgovori \u0160to se mo\u017ee financirati iz Europskog socijalnog fonda plus? Podru\u010dja koja se mogu financirati kroz ESF+ definirana su programskim dokumentom, odnosno Programom U\u010dinkoviti ljudski potencijali 2021.-2027. Prioritetni ciljevi \/ podru\u010dja financiranja ESF+ su inkluzivno tr\u017ei\u0161te rada i poticanje zapo\u0161ljavanja, obrazovanje i cjelo\u017eivotno u\u010denje, socijalno uklju\u010divanje, zdravstvo, zapo\u0161ljavanje mladih, materijalna deprivacija i [&hellip;]","og_url":"https:\/\/esf.hr\/esfplus\/najcesca-pitanja-i-odgovori\/","og_site_name":"Europski socijalni fond","article_modified_time":"2024-06-24T11:40:34+00:00","twitter_misc":{"Est. reading time":"2 minutes"},"schema":{"@context":"https:\/\/schema.org","@graph":[{"@type":"WebSite","@id":"https:\/\/esf.hr\/esfplus\/#website","url":"https:\/\/esf.hr\/esfplus\/","name":"Europski socijalni fond","description":"Program U\u010dinkoviti ljudski potencijali 2021.-2027.","potentialAction":[{"@type":"SearchAction","target":{"@type":"EntryPoint","urlTemplate":"https:\/\/esf.hr\/esfplus\/?s={search_term_string}"},"query-input":"required name=search_term_string"}],"inLanguage":"en-US"},{"@type":"WebPage","@id":"https:\/\/esf.hr\/esfplus\/najcesca-pitanja-i-odgovori\/#webpage","url":"https:\/\/esf.hr\/esfplus\/najcesca-pitanja-i-odgovori\/","name":"Upiti gra\u0111ana i naj\u010de\u0161\u0107a pitanja - Europski socijalni fond","isPartOf":{"@id":"https:\/\/esf.hr\/esfplus\/#website"},"datePublished":"2024-04-23T10:24:39+00:00","dateModified":"2024-06-24T11:40:34+00:00","breadcrumb":{"@id":"https:\/\/esf.hr\/esfplus\/najcesca-pitanja-i-odgovori\/#breadcrumb"},"inLanguage":"en-US","potentialAction":[{"@type":"ReadAction","target":["https:\/\/esf.hr\/esfplus\/najcesca-pitanja-i-odgovori\/"]}]},{"@type":"BreadcrumbList","@id":"https:\/\/esf.hr\/esfplus\/najcesca-pitanja-i-odgovori\/#breadcrumb","itemListElement":[{"@type":"ListItem","position":1,"name":"Naslovna","item":"https:\/\/esf.hr\/esfplus\/"},{"@type":"ListItem","position":2,"name":"Upiti gra\u0111ana i naj\u010de\u0161\u0107a pitanja"}]}]}},"_links":{"self":[{"href":"https:\/\/esf.hr\/esfplus\/wp-json\/wp\/v2\/pages\/22555"}],"collection":[{"href":"https:\/\/esf.hr\/esfplus\/wp-json\/wp\/v2\/pages"}],"about":[{"href":"https:\/\/esf.hr\/esfplus\/wp-json\/wp\/v2\/types\/page"}],"author":[{"embeddable":true,"href":"https:\/\/esf.hr\/esfplus\/wp-json\/wp\/v2\/users\/1384"}],"replies":[{"embeddable":true,"href":"https:\/\/esf.hr\/esfplus\/wp-json\/wp\/v2\/comments?post=22555"}],"version-history":[{"count":10,"href":"https:\/\/esf.hr\/esfplus\/wp-json\/wp\/v2\/pages\/22555\/revisions"}],"predecessor-version":[{"id":22822,"href":"https:\/\/esf.hr\/esfplus\/wp-json\/wp\/v2\/pages\/22555\/revisions\/22822"}],"wp:attachment":[{"href":"https:\/\/esf.hr\/esfplus\/wp-json\/wp\/v2\/media?parent=22555"}],"curies":[{"name":"wp","href":"https:\/\/api.w.org\/{rel}","templated":true}]}}