{"id":20302,"date":"2023-01-18T09:59:05","date_gmt":"2023-01-18T08:59:05","guid":{"rendered":"https:\/\/esf.hr\/esfplus\/?page_id=20302"},"modified":"2023-01-18T13:15:21","modified_gmt":"2023-01-18T12:15:21","slug":"zasticeno-1-konstituirajuca-sjednica-odbora-za-pracenje-programa-ucinkoviti-ljudski-potencijali-2021-2027","status":"publish","type":"page","link":"https:\/\/esf.hr\/esfplus\/zasticeno-1-konstituirajuca-sjednica-odbora-za-pracenje-programa-ucinkoviti-ljudski-potencijali-2021-2027\/","title":{"rendered":"1. konstituiraju\u0107a sjednica Odbora za pra\u0107enje Programa U\u010dinkoviti ljudski potencijali 2021.-2027."},"content":{"rendered":"","protected":true},"excerpt":{"rendered":"","protected":true},"author":1363,"featured_media":0,"parent":0,"menu_order":0,"comment_status":"closed","ping_status":"closed","template":"","meta":{"_monsterinsights_skip_tracking":false,"_monsterinsights_sitenote_active":false,"_monsterinsights_sitenote_note":"","_monsterinsights_sitenote_category":0,"cybocfi_hide_featured_image":""},"yoast_head":"<!-- This site is optimized with the Yoast SEO plugin v16.8 - https:\/\/yoast.com\/wordpress\/plugins\/seo\/ -->\n<title>1. konstituiraju\u0107a sjednica Odbora za pra\u0107enje Programa U\u010dinkoviti ljudski potencijali 2021.-2027. - Europski socijalni fond<\/title>\n<meta name=\"robots\" content=\"index, follow, max-snippet:-1, max-image-preview:large, max-video-preview:-1\" \/>\n<link rel=\"canonical\" href=\"https:\/\/esf.hr\/esfplus\/zasticeno-1-konstituirajuca-sjednica-odbora-za-pracenje-programa-ucinkoviti-ljudski-potencijali-2021-2027\/\" \/>\n<meta property=\"og:locale\" content=\"en_US\" \/>\n<meta property=\"og:type\" content=\"article\" \/>\n<meta property=\"og:title\" content=\"1. konstituiraju\u0107a sjednica Odbora za pra\u0107enje Programa U\u010dinkoviti ljudski potencijali 2021.-2027. - Europski socijalni fond\" \/>\n<meta property=\"og:description\" content=\"There is no excerpt because this is a protected post.\" \/>\n<meta property=\"og:url\" content=\"https:\/\/esf.hr\/esfplus\/zasticeno-1-konstituirajuca-sjednica-odbora-za-pracenje-programa-ucinkoviti-ljudski-potencijali-2021-2027\/\" \/>\n<meta property=\"og:site_name\" content=\"Europski socijalni fond\" \/>\n<meta property=\"article:modified_time\" content=\"2023-01-18T12:15:21+00:00\" \/>\n<meta name=\"twitter:label1\" content=\"Est. reading time\" \/>\n\t<meta name=\"twitter:data1\" content=\"1 minute\" \/>\n<script type=\"application\/ld+json\" class=\"yoast-schema-graph\">{\"@context\":\"https:\/\/schema.org\",\"@graph\":[{\"@type\":\"WebSite\",\"@id\":\"https:\/\/esf.hr\/esfplus\/#website\",\"url\":\"https:\/\/esf.hr\/esfplus\/\",\"name\":\"Europski socijalni fond\",\"description\":\"Program U\\u010dinkoviti ljudski potencijali 2021.-2027.\",\"potentialAction\":[{\"@type\":\"SearchAction\",\"target\":{\"@type\":\"EntryPoint\",\"urlTemplate\":\"https:\/\/esf.hr\/esfplus\/?s={search_term_string}\"},\"query-input\":\"required name=search_term_string\"}],\"inLanguage\":\"en-US\"},{\"@type\":\"WebPage\",\"@id\":\"https:\/\/esf.hr\/esfplus\/zasticeno-1-konstituirajuca-sjednica-odbora-za-pracenje-programa-ucinkoviti-ljudski-potencijali-2021-2027\/#webpage\",\"url\":\"https:\/\/esf.hr\/esfplus\/zasticeno-1-konstituirajuca-sjednica-odbora-za-pracenje-programa-ucinkoviti-ljudski-potencijali-2021-2027\/\",\"name\":\"1. konstituiraju\\u0107a sjednica Odbora za pra\\u0107enje Programa U\\u010dinkoviti ljudski potencijali 2021.-2027. - Europski socijalni fond\",\"isPartOf\":{\"@id\":\"https:\/\/esf.hr\/esfplus\/#website\"},\"datePublished\":\"2023-01-18T08:59:05+00:00\",\"dateModified\":\"2023-01-18T12:15:21+00:00\",\"breadcrumb\":{\"@id\":\"https:\/\/esf.hr\/esfplus\/zasticeno-1-konstituirajuca-sjednica-odbora-za-pracenje-programa-ucinkoviti-ljudski-potencijali-2021-2027\/#breadcrumb\"},\"inLanguage\":\"en-US\"}]}<\/script>\n<!-- \/ Yoast SEO plugin. -->","yoast_head_json":{"title":"1. konstituiraju\u0107a sjednica Odbora za pra\u0107enje Programa U\u010dinkoviti ljudski potencijali 2021.-2027. - Europski socijalni fond","robots":{"index":"index","follow":"follow","max-snippet":"max-snippet:-1","max-image-preview":"max-image-preview:large","max-video-preview":"max-video-preview:-1"},"canonical":"https:\/\/esf.hr\/esfplus\/zasticeno-1-konstituirajuca-sjednica-odbora-za-pracenje-programa-ucinkoviti-ljudski-potencijali-2021-2027\/","og_locale":"en_US","og_type":"article","og_title":"1. konstituiraju\u0107a sjednica Odbora za pra\u0107enje Programa U\u010dinkoviti ljudski potencijali 2021.-2027. - Europski socijalni fond","og_description":"There is no excerpt because this is a protected post.","og_url":"https:\/\/esf.hr\/esfplus\/zasticeno-1-konstituirajuca-sjednica-odbora-za-pracenje-programa-ucinkoviti-ljudski-potencijali-2021-2027\/","og_site_name":"Europski socijalni fond","article_modified_time":"2023-01-18T12:15:21+00:00","twitter_misc":{"Est. reading time":"1 minute"},"schema":{"@context":"https:\/\/schema.org","@graph":[{"@type":"WebSite","@id":"https:\/\/esf.hr\/esfplus\/#website","url":"https:\/\/esf.hr\/esfplus\/","name":"Europski socijalni fond","description":"Program U\u010dinkoviti ljudski potencijali 2021.-2027.","potentialAction":[{"@type":"SearchAction","target":{"@type":"EntryPoint","urlTemplate":"https:\/\/esf.hr\/esfplus\/?s={search_term_string}"},"query-input":"required name=search_term_string"}],"inLanguage":"en-US"},{"@type":"WebPage","@id":"https:\/\/esf.hr\/esfplus\/zasticeno-1-konstituirajuca-sjednica-odbora-za-pracenje-programa-ucinkoviti-ljudski-potencijali-2021-2027\/#webpage","url":"https:\/\/esf.hr\/esfplus\/zasticeno-1-konstituirajuca-sjednica-odbora-za-pracenje-programa-ucinkoviti-ljudski-potencijali-2021-2027\/","name":"1. konstituiraju\u0107a sjednica Odbora za pra\u0107enje Programa U\u010dinkoviti ljudski potencijali 2021.-2027. - Europski socijalni fond","isPartOf":{"@id":"https:\/\/esf.hr\/esfplus\/#website"},"datePublished":"2023-01-18T08:59:05+00:00","dateModified":"2023-01-18T12:15:21+00:00","breadcrumb":{"@id":"https:\/\/esf.hr\/esfplus\/zasticeno-1-konstituirajuca-sjednica-odbora-za-pracenje-programa-ucinkoviti-ljudski-potencijali-2021-2027\/#breadcrumb"},"inLanguage":"en-US"}]}},"_links":{"self":[{"href":"https:\/\/esf.hr\/esfplus\/wp-json\/wp\/v2\/pages\/20302"}],"collection":[{"href":"https:\/\/esf.hr\/esfplus\/wp-json\/wp\/v2\/pages"}],"about":[{"href":"https:\/\/esf.hr\/esfplus\/wp-json\/wp\/v2\/types\/page"}],"author":[{"embeddable":true,"href":"https:\/\/esf.hr\/esfplus\/wp-json\/wp\/v2\/users\/1363"}],"replies":[{"embeddable":true,"href":"https:\/\/esf.hr\/esfplus\/wp-json\/wp\/v2\/comments?post=20302"}],"version-history":[{"count":2,"href":"https:\/\/esf.hr\/esfplus\/wp-json\/wp\/v2\/pages\/20302\/revisions"}],"predecessor-version":[{"id":20323,"href":"https:\/\/esf.hr\/esfplus\/wp-json\/wp\/v2\/pages\/20302\/revisions\/20323"}],"wp:attachment":[{"href":"https:\/\/esf.hr\/esfplus\/wp-json\/wp\/v2\/media?parent=20302"}],"curies":[{"name":"wp","href":"https:\/\/api.w.org\/{rel}","templated":true}]}}