{"id":19988,"date":"2022-12-08T12:10:47","date_gmt":"2022-12-08T11:10:47","guid":{"rendered":"https:\/\/esf.hr\/esfplus\/?page_id=19988"},"modified":"2024-06-24T13:58:13","modified_gmt":"2024-06-24T11:58:13","slug":"egf","status":"publish","type":"page","link":"https:\/\/esf.hr\/esfplus\/egf\/","title":{"rendered":"Europski fond za prilagodbu globalizaciji (EGF)"},"content":{"rendered":"<hr class=\"wp-block-separator\" \/>\nEuropski fond za prilagodbu globalizaciji uspostavljen je na razini Europske unije kako bi se iskazala  solidarnost prema radnicima koji su izgubili radno mjesto zbog velikih strukturnih promjena u tokovima svjetske trgovine uzrokovane globalizacijom ili u\u010dinaka restrukturiranja u okviru lokalnih ili regionalnih gospodarstava.<br \/>\nU novom razdoblju 2021.-2027. s godi\u0161njim prora\u010dunom od 210 milijuna eura na razini cijele Europske unije, EGF sredstva su namijenjena za radnike u dr\u017eavama \u010dlanicama Unije koji su izgubili svoja radna mjesta zbog restrukturiranja gospodarstava\/poduze\u0107a.  <\/p>\n<p><a href=\"https:\/\/eur-lex.europa.eu\/legal-content\/HR\/TXT\/?uri=CELEX%3A32021R0691\"><strong>EGF Uredba<\/strong><\/a><\/p>\n<p><strong>Kada ponijeti zahtjev za intervenciju EGF-a<\/strong><br \/>\n\u2022 kada dr\u017eava \u010dlanica ima potrebu za intervencijom zbog brojnog otpu\u0161tanja uzrokovanog velikim restrukturiranjem<br \/>\n\u2022 nakon \u0161to su se predstavnici poslodavaca i zaposlenika dogovorili socijalni plan<\/p>\n<p><strong>Kriteriji za intervenciju EGF-a<\/strong><br \/>\n\u2022 Prestanak radnog odnosa za najmanje 200 radnika u referentnom razdoblju od 4 mjeseca (na razini poduze\u0107a) ili 6 mjeseci (u istom gospodarskom sektoru )<br \/>\n  uklju\u010duju\u0107i slu\u010dajeve u kojima se taj prestanak radnog odnosa doga\u0111a kod dobavlja\u010da ili daljnjih proizvo\u0111a\u010da tog poduze\u0107a, koji mogu biti mala i srednja<br \/>\n  poduze\u0107a (MSP)<\/p>\n<p><strong>Vi\u0161e manjih MSP-ova mogu podnijeti zajedni\u010dki zahtjev za EGF sufinanciranje po kriterijima:<\/strong><br \/>\n\u2022 Prestanak radnog odnosa za najmanje 200 radnika tijekom referentnog razdoblja od 4 mjeseca ako djeluju u istom ili razli\u010ditom gospodarskom sektoru u istoj<br \/>\n  regiji razine NUTS 2<br \/>\n\u2022 Prestanak radnog odnosa za najmanje 200 radnika tijekom referentnog razdoblja od 6 mjeseci ako djeluju u istom gospodarskom sektoru jednoj ili vi\u0161e regija<br \/>\n  NUTS 2 razine <\/p>\n<p>Na malim tr\u017ei\u0161tima mogu\u0107e je odstupiti od kriterija praga od 200 radnika ako se doka\u017ee da otpu\u0161tanja imaju znatan utjecaj na zapo\u0161ljavanje te lokalno, regionalno ili nacionalno gospodarstvo.<\/p>\n<p><strong>Mjere koje se financiraju EGF-om<\/strong><br \/>\nStopa sufinanciranja iz EGF-a je 85% iz europskih sredstava (EGF) i 15% iz nacionalnih prora\u010duna<\/p>\n<p>Financijski doprinos iz EGF-a mo\u017ee se staviti na raspolaganje za mjere politike tr\u017ei\u0161ta rada koje su dio uskla\u0111enog paketa i namijenjene su olak\u0161avanju ponovnog uklju\u010divanja u zapo\u0161ljavanje ili samozapo\u0161ljavanje ciljanih korisnika.<\/p>\n<p><strong>Paket mjera mo\u017ee uklju\u010divati:<\/strong><br \/>\n\u2022 Osposobljavanje prilago\u0111eno kvalifikacijama i vje\u0161tinama svakog radnika<br \/>\n\u2022 Pomo\u0107 pri tr\u017eenju posla<br \/>\n\u2022 Profesionalna orijentacija<br \/>\n\u2022 Pomo\u0107 pri samozapo\u0161ljavanju (najvi\u0161e  22 000 EUR po korisniku)<\/p>\n<p>Tako\u0111er se mogu sufinancirati: naknade za tra\u017eenje posla, naknade za mobilnost, naknade za skrb o djeci, naknade za osposobljavanje, dnevnice i naknade za pru\u017eatelje skrbi (do 35% ukupnog paketa mjera).<\/p>\n<p><strong>Raspored dodjele i provedbe<\/strong><br \/>\n\u2022 Dr\u017eava \u010dlanica (podnositeljica zahtjeva) podnosi zahtjev za financijski doprinos iz EGF-a Komisiji u roku od 12 tjedana od zadnjeg dana referentnog razdoblja<br \/>\n  (razdoblje od 4 ili 6 mjeseci u kojem se provode otpu\u0161tanja radnika);<br \/>\n\u2022 Komisija izvr\u0161ava svoju procjenu uskla\u0111enosti zahtjeva s uvjetima za pru\u017eanje financijskog doprinosa u roku od 50 radnih dana od primitka potpunog zahtjeva,<br \/>\n  potom u roku od 6 tjedana Europski parlament i Vije\u0107e donose Odluku o dodjeli sredstava;<br \/>\n\u2022 Nakon dono\u0161enja formalne Odluke Komisija pla\u0107a definirani iznos u roku od 15 dana dr\u017eavi \u010dlanici;<br \/>\n\u2022 Provedba aktivnosti traje 24 24 mjeseca od datuma Odluke o dodjeli sredstava;<br \/>\n\u2022 Najkasnije 7 mjeseci nakon provedbe aktivnosti dr\u017eava \u010dlanica je du\u017ena podnijeti Komisiji kona\u010dno izvje\u0161\u0107e o provedbi aktivnosti koje sufinancira EGF.<br \/>\n\u2022 U roku od 3 godine nakon zavr\u0161etka razdoblja provedbe, Komisija provodi kontrolu svih rashoda koji se sufinanciraju iz EGF-a.<\/p>\n","protected":false},"excerpt":{"rendered":"<p>Europski fond za prilagodbu globalizaciji uspostavljen je na razini Europske unije kako bi se iskazala solidarnost prema radnicima koji su izgubili radno mjesto zbog velikih strukturnih promjena u tokovima svjetske trgovine uzrokovane globalizacijom ili u\u010dinaka restrukturiranja u okviru lokalnih ili regionalnih gospodarstava. U novom razdoblju 2021.-2027. s godi\u0161njim prora\u010dunom od 210 milijuna eura na razini [&hellip;]<\/p>\n","protected":false},"author":20,"featured_media":0,"parent":0,"menu_order":0,"comment_status":"closed","ping_status":"closed","template":"","meta":{"_monsterinsights_skip_tracking":false,"_monsterinsights_sitenote_active":false,"_monsterinsights_sitenote_note":"","_monsterinsights_sitenote_category":0,"cybocfi_hide_featured_image":""},"yoast_head":"<!-- This site is optimized with the Yoast SEO plugin v16.8 - https:\/\/yoast.com\/wordpress\/plugins\/seo\/ -->\n<title>Europski fond za prilagodbu globalizaciji (EGF) - Europski socijalni fond<\/title>\n<meta name=\"robots\" content=\"index, follow, max-snippet:-1, max-image-preview:large, max-video-preview:-1\" \/>\n<link rel=\"canonical\" href=\"https:\/\/esf.hr\/esfplus\/egf\/\" \/>\n<meta property=\"og:locale\" content=\"en_US\" \/>\n<meta property=\"og:type\" content=\"article\" \/>\n<meta property=\"og:title\" content=\"Europski fond za prilagodbu globalizaciji (EGF) - Europski socijalni fond\" \/>\n<meta property=\"og:description\" content=\"Europski fond za prilagodbu globalizaciji uspostavljen je na razini Europske unije kako bi se iskazala solidarnost prema radnicima koji su izgubili radno mjesto zbog velikih strukturnih promjena u tokovima svjetske trgovine uzrokovane globalizacijom ili u\u010dinaka restrukturiranja u okviru lokalnih ili regionalnih gospodarstava. U novom razdoblju 2021.-2027. s godi\u0161njim prora\u010dunom od 210 milijuna eura na razini [&hellip;]\" \/>\n<meta property=\"og:url\" content=\"https:\/\/esf.hr\/esfplus\/egf\/\" \/>\n<meta property=\"og:site_name\" content=\"Europski socijalni fond\" \/>\n<meta property=\"article:modified_time\" content=\"2024-06-24T11:58:13+00:00\" \/>\n<meta name=\"twitter:label1\" content=\"Est. reading time\" \/>\n\t<meta name=\"twitter:data1\" content=\"3 minutes\" \/>\n<script type=\"application\/ld+json\" class=\"yoast-schema-graph\">{\"@context\":\"https:\/\/schema.org\",\"@graph\":[{\"@type\":\"WebSite\",\"@id\":\"https:\/\/esf.hr\/esfplus\/#website\",\"url\":\"https:\/\/esf.hr\/esfplus\/\",\"name\":\"Europski socijalni fond\",\"description\":\"Program U\\u010dinkoviti ljudski potencijali 2021.-2027.\",\"potentialAction\":[{\"@type\":\"SearchAction\",\"target\":{\"@type\":\"EntryPoint\",\"urlTemplate\":\"https:\/\/esf.hr\/esfplus\/?s={search_term_string}\"},\"query-input\":\"required name=search_term_string\"}],\"inLanguage\":\"en-US\"},{\"@type\":\"WebPage\",\"@id\":\"https:\/\/esf.hr\/esfplus\/egf\/#webpage\",\"url\":\"https:\/\/esf.hr\/esfplus\/egf\/\",\"name\":\"Europski fond za prilagodbu globalizaciji (EGF) - Europski socijalni fond\",\"isPartOf\":{\"@id\":\"https:\/\/esf.hr\/esfplus\/#website\"},\"datePublished\":\"2022-12-08T11:10:47+00:00\",\"dateModified\":\"2024-06-24T11:58:13+00:00\",\"breadcrumb\":{\"@id\":\"https:\/\/esf.hr\/esfplus\/egf\/#breadcrumb\"},\"inLanguage\":\"en-US\",\"potentialAction\":[{\"@type\":\"ReadAction\",\"target\":[\"https:\/\/esf.hr\/esfplus\/egf\/\"]}]},{\"@type\":\"BreadcrumbList\",\"@id\":\"https:\/\/esf.hr\/esfplus\/egf\/#breadcrumb\",\"itemListElement\":[{\"@type\":\"ListItem\",\"position\":1,\"name\":\"Naslovna\",\"item\":\"https:\/\/esf.hr\/esfplus\/\"},{\"@type\":\"ListItem\",\"position\":2,\"name\":\"Europski fond za prilagodbu globalizaciji (EGF)\"}]}]}<\/script>\n<!-- \/ Yoast SEO plugin. -->","yoast_head_json":{"title":"Europski fond za prilagodbu globalizaciji (EGF) - Europski socijalni fond","robots":{"index":"index","follow":"follow","max-snippet":"max-snippet:-1","max-image-preview":"max-image-preview:large","max-video-preview":"max-video-preview:-1"},"canonical":"https:\/\/esf.hr\/esfplus\/egf\/","og_locale":"en_US","og_type":"article","og_title":"Europski fond za prilagodbu globalizaciji (EGF) - Europski socijalni fond","og_description":"Europski fond za prilagodbu globalizaciji uspostavljen je na razini Europske unije kako bi se iskazala solidarnost prema radnicima koji su izgubili radno mjesto zbog velikih strukturnih promjena u tokovima svjetske trgovine uzrokovane globalizacijom ili u\u010dinaka restrukturiranja u okviru lokalnih ili regionalnih gospodarstava. U novom razdoblju 2021.-2027. s godi\u0161njim prora\u010dunom od 210 milijuna eura na razini [&hellip;]","og_url":"https:\/\/esf.hr\/esfplus\/egf\/","og_site_name":"Europski socijalni fond","article_modified_time":"2024-06-24T11:58:13+00:00","twitter_misc":{"Est. reading time":"3 minutes"},"schema":{"@context":"https:\/\/schema.org","@graph":[{"@type":"WebSite","@id":"https:\/\/esf.hr\/esfplus\/#website","url":"https:\/\/esf.hr\/esfplus\/","name":"Europski socijalni fond","description":"Program U\u010dinkoviti ljudski potencijali 2021.-2027.","potentialAction":[{"@type":"SearchAction","target":{"@type":"EntryPoint","urlTemplate":"https:\/\/esf.hr\/esfplus\/?s={search_term_string}"},"query-input":"required name=search_term_string"}],"inLanguage":"en-US"},{"@type":"WebPage","@id":"https:\/\/esf.hr\/esfplus\/egf\/#webpage","url":"https:\/\/esf.hr\/esfplus\/egf\/","name":"Europski fond za prilagodbu globalizaciji (EGF) - Europski socijalni fond","isPartOf":{"@id":"https:\/\/esf.hr\/esfplus\/#website"},"datePublished":"2022-12-08T11:10:47+00:00","dateModified":"2024-06-24T11:58:13+00:00","breadcrumb":{"@id":"https:\/\/esf.hr\/esfplus\/egf\/#breadcrumb"},"inLanguage":"en-US","potentialAction":[{"@type":"ReadAction","target":["https:\/\/esf.hr\/esfplus\/egf\/"]}]},{"@type":"BreadcrumbList","@id":"https:\/\/esf.hr\/esfplus\/egf\/#breadcrumb","itemListElement":[{"@type":"ListItem","position":1,"name":"Naslovna","item":"https:\/\/esf.hr\/esfplus\/"},{"@type":"ListItem","position":2,"name":"Europski fond za prilagodbu globalizaciji (EGF)"}]}]}},"_links":{"self":[{"href":"https:\/\/esf.hr\/esfplus\/wp-json\/wp\/v2\/pages\/19988"}],"collection":[{"href":"https:\/\/esf.hr\/esfplus\/wp-json\/wp\/v2\/pages"}],"about":[{"href":"https:\/\/esf.hr\/esfplus\/wp-json\/wp\/v2\/types\/page"}],"author":[{"embeddable":true,"href":"https:\/\/esf.hr\/esfplus\/wp-json\/wp\/v2\/users\/20"}],"replies":[{"embeddable":true,"href":"https:\/\/esf.hr\/esfplus\/wp-json\/wp\/v2\/comments?post=19988"}],"version-history":[{"count":10,"href":"https:\/\/esf.hr\/esfplus\/wp-json\/wp\/v2\/pages\/19988\/revisions"}],"predecessor-version":[{"id":22829,"href":"https:\/\/esf.hr\/esfplus\/wp-json\/wp\/v2\/pages\/19988\/revisions\/22829"}],"wp:attachment":[{"href":"https:\/\/esf.hr\/esfplus\/wp-json\/wp\/v2\/media?parent=19988"}],"curies":[{"name":"wp","href":"https:\/\/api.w.org\/{rel}","templated":true}]}}