{"id":19923,"date":"2022-11-24T14:17:52","date_gmt":"2022-11-24T13:17:52","guid":{"rendered":"https:\/\/esf.hr\/esfplus\/?page_id=19923"},"modified":"2025-05-22T08:56:04","modified_gmt":"2025-05-22T06:56:04","slug":"strateske-operacije","status":"publish","type":"page","link":"https:\/\/esf.hr\/esfplus\/strateske-operacije\/","title":{"rendered":"Strate\u0161ke operacije"},"content":{"rendered":"<hr class=\"wp-block-separator\" \/>\n<h3>Operacije od strate\u0161ke va\u017enosti<\/h3>\n<p><strong><em>Operacija od strate\u0161ke va\u017enosti (OSI) zna\u010di operacija koja znatno doprinosi ostvarenju ciljeva programa i koja podlije\u017ee posebnim mjerama pra\u0107enja i komunikacije.\u00a0<\/em><\/strong><\/p>\n<p>Sukladno Uredbi (EU) 2021\/1060 Europskog parlamenta i vije\u0107a, OSI operacije\/projekti posebno se isti\u010du u novom razdoblju 2021.-2027., doprinose podizanju svijesti o pozitivnim u\u010dincima potpore Europske unije u dr\u017eavama \u010dlanicama i imaju za cilj osigurati zna\u010dajnu vidljivost sufinanciranja od strane Unije.<\/p>\n<p>Operacije od strate\u0161ke va\u017enosti (OSI) su projekti koji daju klju\u010dan doprinos postizanju ciljeva Programa. Rije\u010d je o najreprezentativnijim projektima Programa u kojima se sadr\u017eani njegovi ciljevi. Pojedina operacija od strate\u0161ke va\u017enosti mo\u017ee se odnositi na jedan projekt ili vi\u0161e njih kao i na aktivnosti odnosno mjere bez kojih ciljevi Programa u potpunosti ne bi bili ostvareni.<\/p>\n<p>Kod ovakvih operacija\/projekata va\u017eno je istaknuti da je obveza korisnika organizirati komunikacijsko doga\u0111anje ili pak aktivnost kojom bi projekt pribli\u017eili \u0161iroj javnosti, uz isticanje zna\u010daja i doprinosa projekta za pojedinu regiju ili zemlju. Detaljnije informacije mogu\u0107e je prona\u0107i u dokumentu <a href=\"https:\/\/ec.europa.eu\/regional_policy\/sources\/policy\/communication\/communicating_operations_2021-2027_updated_HR.pdf\"><em>Komuniciranje operacija od strate\u0161ke va\u017enosti u razdoblju 2021.-2027<\/em><\/a>.<\/p>\n<p>Program U\u010dinkoviti ljudski potencijali 2021.-2027. definira \u010detiri (4) operacije od strate\u0161ke va\u017enosti.<\/p>\n<div class=\"images-box\">\n<div class=\"image_box\"><a href=\"https:\/\/esf.hr\/esfplus\/zazeli-prevencija-institucionalizacije\/\"><br \/>\n<img loading=\"lazy\" class=\"alignnone size-full wp-image-22473\" src=\"https:\/\/esf.hr\/esfplus\/wp-content\/uploads\/2024\/11\/Bez-naslova.png\" alt=\"\" width=\"942\" height=\"519\" \/><\/a><\/p>\n<h4><a href=\"https:\/\/esf.hr\/esfplus\/zazeli-prevencija-institucionalizacije\/\">Program Za\u017eeli \u2013 prevencija institucionalizacije<\/a><\/h4>\n<\/div>\n<div class=\"image_box\"><a href=\"https:\/\/esf.hr\/esfplus\/mjere-aktivne-politike-zaposljavanja\/\"><br \/>\n<img loading=\"lazy\" class=\"alignnone wp-image-22711 size-full\" src=\"https:\/\/esf.hr\/esfplus\/wp-content\/uploads\/2024\/11\/mjere-aktivne-politike-zaposljavanja.png\" alt=\"\" width=\"942\" height=\"519\" \/><\/a><\/p>\n<h4><a href=\"https:\/\/esf.hr\/esfplus\/mjere-aktivne-politike-zaposljavanja\/\">Mjere aktivne politike zapo\u0161ljavanja<\/a><\/h4>\n<\/div>\n<div class=\"image_box\"><a href=\"https:\/\/esf.hr\/esfplus\/zajmovi-za-mikro-i-male-poduzetnike-te-drustvene-poduzetnike\/\"><br \/>\n<\/a><a href=\"https:\/\/esf.hr\/esfplus\/zajmovi-za-mikro-i-male-poduzetnike-te-drustvene-poduzetnike\/\" style=\"display:block;border: 3px solid rgb(50, 60, 140);\"><img loading=\"lazy\" class=\"alignnone wp-image-22641 size-full\" src=\"https:\/\/esf.hr\/esfplus\/wp-content\/uploads\/2024\/11\/zajmovi-za-mikro-i-male-poduzetnike-te-drustvene-poduzetnike.png\" alt=\"\" width=\"942\" height=\"519\" \/><\/a><\/p>\n<h4><a href=\"https:\/\/esf.hr\/esfplus\/zajmovi-za-mikro-i-male-poduzetnike-te-drustvene-poduzetnike\/\">Zajmovi za mikro i male poduzetnike te dru\u0161tvene poduzetnike<\/a><\/h4>\n<\/div>\n<div class=\"image_box\"><a href=\"https:\/\/esf.hr\/esfplus\/podrska-skolama-u-provedbi-cjelodnevne-skole\/\"><br \/>\n<\/a><a href=\"https:\/\/esf.hr\/esfplus\/podrska-skolama-u-provedbi-cjelodnevne-skole\/\"><img loading=\"lazy\" class=\"alignnone wp-image-22646 size-full\" src=\"https:\/\/esf.hr\/esfplus\/wp-content\/uploads\/2024\/11\/podrska-skolama-u-provedbi-cjelodnevne-skole.png\" alt=\"\" width=\"942\" height=\"519\" \/><\/a><\/p>\n<h4><a href=\"https:\/\/esf.hr\/esfplus\/podrska-skolama-u-provedbi-cjelodnevne-skole\/\">Podr\u0161ka \u0161kolama u provedbi cjelodnevne \u0161kole<\/a><\/h4>\n<\/div>\n<\/div>\n","protected":false},"excerpt":{"rendered":"<p>Operacije od strate\u0161ke va\u017enosti Operacija od strate\u0161ke va\u017enosti (OSI) zna\u010di operacija koja znatno doprinosi ostvarenju ciljeva programa i koja podlije\u017ee posebnim mjerama pra\u0107enja i komunikacije.\u00a0 Sukladno Uredbi (EU) 2021\/1060 Europskog parlamenta i vije\u0107a, OSI operacije\/projekti posebno se isti\u010du u novom razdoblju 2021.-2027., doprinose podizanju svijesti o pozitivnim u\u010dincima potpore Europske unije u dr\u017eavama \u010dlanicama i [&hellip;]<\/p>\n","protected":false},"author":20,"featured_media":0,"parent":0,"menu_order":0,"comment_status":"closed","ping_status":"closed","template":"","meta":{"_monsterinsights_skip_tracking":false,"_monsterinsights_sitenote_active":false,"_monsterinsights_sitenote_note":"","_monsterinsights_sitenote_category":0,"cybocfi_hide_featured_image":""},"yoast_head":"<!-- This site is optimized with the Yoast SEO plugin v16.8 - https:\/\/yoast.com\/wordpress\/plugins\/seo\/ -->\n<title>Strate\u0161ke operacije - Europski socijalni fond<\/title>\n<meta name=\"robots\" content=\"index, follow, max-snippet:-1, max-image-preview:large, max-video-preview:-1\" \/>\n<link rel=\"canonical\" href=\"https:\/\/esf.hr\/esfplus\/strateske-operacije\/\" \/>\n<meta property=\"og:locale\" content=\"en_US\" \/>\n<meta property=\"og:type\" content=\"article\" \/>\n<meta property=\"og:title\" content=\"Strate\u0161ke operacije - Europski socijalni fond\" \/>\n<meta property=\"og:description\" content=\"Operacije od strate\u0161ke va\u017enosti Operacija od strate\u0161ke va\u017enosti (OSI) zna\u010di operacija koja znatno doprinosi ostvarenju ciljeva programa i koja podlije\u017ee posebnim mjerama pra\u0107enja i komunikacije.\u00a0 Sukladno Uredbi (EU) 2021\/1060 Europskog parlamenta i vije\u0107a, OSI operacije\/projekti posebno se isti\u010du u novom razdoblju 2021.-2027., doprinose podizanju svijesti o pozitivnim u\u010dincima potpore Europske unije u dr\u017eavama \u010dlanicama i [&hellip;]\" \/>\n<meta property=\"og:url\" content=\"https:\/\/esf.hr\/esfplus\/strateske-operacije\/\" \/>\n<meta property=\"og:site_name\" content=\"Europski socijalni fond\" \/>\n<meta property=\"article:modified_time\" content=\"2025-05-22T06:56:04+00:00\" \/>\n<meta property=\"og:image\" content=\"https:\/\/esf.hr\/esfplus\/wp-content\/uploads\/2024\/11\/Bez-naslova.png\" \/>\n<meta name=\"twitter:label1\" content=\"Est. reading time\" \/>\n\t<meta name=\"twitter:data1\" content=\"4 minutes\" \/>\n<script type=\"application\/ld+json\" class=\"yoast-schema-graph\">{\"@context\":\"https:\/\/schema.org\",\"@graph\":[{\"@type\":\"WebSite\",\"@id\":\"https:\/\/esf.hr\/esfplus\/#website\",\"url\":\"https:\/\/esf.hr\/esfplus\/\",\"name\":\"Europski socijalni fond\",\"description\":\"Program U\\u010dinkoviti ljudski potencijali 2021.-2027.\",\"potentialAction\":[{\"@type\":\"SearchAction\",\"target\":{\"@type\":\"EntryPoint\",\"urlTemplate\":\"https:\/\/esf.hr\/esfplus\/?s={search_term_string}\"},\"query-input\":\"required name=search_term_string\"}],\"inLanguage\":\"en-US\"},{\"@type\":\"ImageObject\",\"@id\":\"https:\/\/esf.hr\/esfplus\/strateske-operacije\/#primaryimage\",\"inLanguage\":\"en-US\",\"url\":\"https:\/\/esf.hr\/esfplus\/wp-content\/uploads\/2024\/11\/Bez-naslova.png\",\"contentUrl\":\"https:\/\/esf.hr\/esfplus\/wp-content\/uploads\/2024\/11\/Bez-naslova.png\",\"width\":942,\"height\":519},{\"@type\":\"WebPage\",\"@id\":\"https:\/\/esf.hr\/esfplus\/strateske-operacije\/#webpage\",\"url\":\"https:\/\/esf.hr\/esfplus\/strateske-operacije\/\",\"name\":\"Strate\\u0161ke operacije - Europski socijalni fond\",\"isPartOf\":{\"@id\":\"https:\/\/esf.hr\/esfplus\/#website\"},\"primaryImageOfPage\":{\"@id\":\"https:\/\/esf.hr\/esfplus\/strateske-operacije\/#primaryimage\"},\"datePublished\":\"2022-11-24T13:17:52+00:00\",\"dateModified\":\"2025-05-22T06:56:04+00:00\",\"breadcrumb\":{\"@id\":\"https:\/\/esf.hr\/esfplus\/strateske-operacije\/#breadcrumb\"},\"inLanguage\":\"en-US\",\"potentialAction\":[{\"@type\":\"ReadAction\",\"target\":[\"https:\/\/esf.hr\/esfplus\/strateske-operacije\/\"]}]},{\"@type\":\"BreadcrumbList\",\"@id\":\"https:\/\/esf.hr\/esfplus\/strateske-operacije\/#breadcrumb\",\"itemListElement\":[{\"@type\":\"ListItem\",\"position\":1,\"name\":\"Naslovna\",\"item\":\"https:\/\/esf.hr\/esfplus\/\"},{\"@type\":\"ListItem\",\"position\":2,\"name\":\"Strate\\u0161ke operacije\"}]}]}<\/script>\n<!-- \/ Yoast SEO plugin. -->","yoast_head_json":{"title":"Strate\u0161ke operacije - Europski socijalni fond","robots":{"index":"index","follow":"follow","max-snippet":"max-snippet:-1","max-image-preview":"max-image-preview:large","max-video-preview":"max-video-preview:-1"},"canonical":"https:\/\/esf.hr\/esfplus\/strateske-operacije\/","og_locale":"en_US","og_type":"article","og_title":"Strate\u0161ke operacije - Europski socijalni fond","og_description":"Operacije od strate\u0161ke va\u017enosti Operacija od strate\u0161ke va\u017enosti (OSI) zna\u010di operacija koja znatno doprinosi ostvarenju ciljeva programa i koja podlije\u017ee posebnim mjerama pra\u0107enja i komunikacije.\u00a0 Sukladno Uredbi (EU) 2021\/1060 Europskog parlamenta i vije\u0107a, OSI operacije\/projekti posebno se isti\u010du u novom razdoblju 2021.-2027., doprinose podizanju svijesti o pozitivnim u\u010dincima potpore Europske unije u dr\u017eavama \u010dlanicama i [&hellip;]","og_url":"https:\/\/esf.hr\/esfplus\/strateske-operacije\/","og_site_name":"Europski socijalni fond","article_modified_time":"2025-05-22T06:56:04+00:00","og_image":[{"url":"https:\/\/esf.hr\/esfplus\/wp-content\/uploads\/2024\/11\/Bez-naslova.png"}],"twitter_misc":{"Est. reading time":"4 minutes"},"schema":{"@context":"https:\/\/schema.org","@graph":[{"@type":"WebSite","@id":"https:\/\/esf.hr\/esfplus\/#website","url":"https:\/\/esf.hr\/esfplus\/","name":"Europski socijalni fond","description":"Program U\u010dinkoviti ljudski potencijali 2021.-2027.","potentialAction":[{"@type":"SearchAction","target":{"@type":"EntryPoint","urlTemplate":"https:\/\/esf.hr\/esfplus\/?s={search_term_string}"},"query-input":"required name=search_term_string"}],"inLanguage":"en-US"},{"@type":"ImageObject","@id":"https:\/\/esf.hr\/esfplus\/strateske-operacije\/#primaryimage","inLanguage":"en-US","url":"https:\/\/esf.hr\/esfplus\/wp-content\/uploads\/2024\/11\/Bez-naslova.png","contentUrl":"https:\/\/esf.hr\/esfplus\/wp-content\/uploads\/2024\/11\/Bez-naslova.png","width":942,"height":519},{"@type":"WebPage","@id":"https:\/\/esf.hr\/esfplus\/strateske-operacije\/#webpage","url":"https:\/\/esf.hr\/esfplus\/strateske-operacije\/","name":"Strate\u0161ke operacije - Europski socijalni fond","isPartOf":{"@id":"https:\/\/esf.hr\/esfplus\/#website"},"primaryImageOfPage":{"@id":"https:\/\/esf.hr\/esfplus\/strateske-operacije\/#primaryimage"},"datePublished":"2022-11-24T13:17:52+00:00","dateModified":"2025-05-22T06:56:04+00:00","breadcrumb":{"@id":"https:\/\/esf.hr\/esfplus\/strateske-operacije\/#breadcrumb"},"inLanguage":"en-US","potentialAction":[{"@type":"ReadAction","target":["https:\/\/esf.hr\/esfplus\/strateske-operacije\/"]}]},{"@type":"BreadcrumbList","@id":"https:\/\/esf.hr\/esfplus\/strateske-operacije\/#breadcrumb","itemListElement":[{"@type":"ListItem","position":1,"name":"Naslovna","item":"https:\/\/esf.hr\/esfplus\/"},{"@type":"ListItem","position":2,"name":"Strate\u0161ke operacije"}]}]}},"_links":{"self":[{"href":"https:\/\/esf.hr\/esfplus\/wp-json\/wp\/v2\/pages\/19923"}],"collection":[{"href":"https:\/\/esf.hr\/esfplus\/wp-json\/wp\/v2\/pages"}],"about":[{"href":"https:\/\/esf.hr\/esfplus\/wp-json\/wp\/v2\/types\/page"}],"author":[{"embeddable":true,"href":"https:\/\/esf.hr\/esfplus\/wp-json\/wp\/v2\/users\/20"}],"replies":[{"embeddable":true,"href":"https:\/\/esf.hr\/esfplus\/wp-json\/wp\/v2\/comments?post=19923"}],"version-history":[{"count":26,"href":"https:\/\/esf.hr\/esfplus\/wp-json\/wp\/v2\/pages\/19923\/revisions"}],"predecessor-version":[{"id":24412,"href":"https:\/\/esf.hr\/esfplus\/wp-json\/wp\/v2\/pages\/19923\/revisions\/24412"}],"wp:attachment":[{"href":"https:\/\/esf.hr\/esfplus\/wp-json\/wp\/v2\/media?parent=19923"}],"curies":[{"name":"wp","href":"https:\/\/api.w.org\/{rel}","templated":true}]}}