{"id":19685,"date":"2022-10-27T14:45:54","date_gmt":"2022-10-27T12:45:54","guid":{"rendered":"https:\/\/esf.hr\/esfplus\/?page_id=19685"},"modified":"2024-08-29T09:47:55","modified_gmt":"2024-08-29T07:47:55","slug":"komunikacija-vidljivost","status":"publish","type":"page","link":"https:\/\/esf.hr\/esfplus\/komunikacija-vidljivost\/","title":{"rendered":"Komunikacija i vidljivost"},"content":{"rendered":"<hr style=\"border-top: 2.2px solid #ddd;\" \/>\n<p><span style=\"font-size: 14pt;\"><strong>OSIGURANJE VIDLJIVOSTI POTPORE IZ ESF+<\/strong><\/span><\/p>\n<p>U okviru programskog razdoblja 2021.-2027. komunikacija i vidljivost va\u017eni su dijelovi svih programa Europske unije. Svi projekti (su)financirani sredstvima Europske unije imaju obvezu osigurati vidljivost.<\/p>\n<p><span style=\"font-size: 14pt;\"><strong>OBVEZE KORISNIKA<\/strong><\/span><\/p>\n<p><strong>Korisnici<\/strong> i tijela koja provode financijske instrumente nazna\u010duju potporu iz fondova na sljede\u0107e na\u010dine (\u010dlanak 50. <strong><a href=\"https:\/\/eur-lex.europa.eu\/legal-content\/HR\/TXT\/PDF\/?uri=CELEX:32021R1060&amp;from=HR\">Uredbe (EU) 2021\/1060<\/a><\/strong>):<\/p>\n<ol>\n<li>navo\u0111enjem na slu\u017ebenoj internetskoj stranici korisnika, ako takva stranica postoji, i na internetskim stranicama dru\u0161tvenih medija kratkog opisa operacije, razmjernog razini potpore, uklju\u010duju\u0107i njezine ciljeve i rezultate, te uz isticanje financijske potpore Unije;<\/li>\n<li>navo\u0111enjem izjave u kojoj se na vidljiv na\u010din isti\u010de potpora Unije u dokumentima i komunikacijskim materijalima povezanima s provedbom operacije, koji su namijenjeni javnosti ili sudionicima;<\/li>\n<li>izlaganjem trajnih plo\u010da ili reklamnih panoa na mjestima koja su jasno vidljiva javnosti, uz prikazivanje <a href=\"https:\/\/ec.europa.eu\/regional_policy\/information-sources\/logo-download-center_en\" target=\"_blank\" rel=\"noopener\"><strong>amblema Unije<\/strong><\/a> u skladu s tehni\u010dkim svojstvima utvr\u0111enima u <strong><a href=\"https:\/\/esf.hr\/esfplus\/wp-content\/uploads\/2023\/07\/Prilog-IX.-Uredbe-EU.docx\">Prilogu IX.<\/a><\/strong>, \u010dim zapo\u010dne fizi\u010dka provedba operacija koje uklju\u010duju fizi\u010dka ulaganja ili je ugra\u0111ena kupljena oprema kod operacija \u010diji ukupni tro\u0161kovi prema\u0161uju 100 000 EUR; ukoliko se na istoj lokaciji odvija vi\u0161e operacija, prikazuje se jedna plo\u010da ili reklamni pano.<\/li>\n<li>za operacije koje nisu obuhva\u0107ene to\u010dkom 3., izlaganjem najmanje jednog tiskanog plakata veli\u010dine najmanje A3 ili ekvivalentnog elektroni\u010dkog zaslona s informacijama o operaciji, uz isticanje potpore iz fondova na mjestu koje je javnosti jasno vidljivo; ako je korisnik fizi\u010dka osoba, on osigurava, u mjeri u kojoj je to mogu\u0107e, dostupnost odgovaraju\u0107ih informacija, uz isticanje potpore iz fondova, na mjestu koje je vidljivo javnosti ili putem elektroni\u010dkog zaslona.<\/li>\n<li>za operacije od strate\u0161ke va\u017enosti i operacije \u010diji ukupni tro\u0161ak prema\u0161uje 10 000 000 EUR, organizacijom, prema potrebi, komunikacijskog doga\u0111anja ili aktivnosti te pravodobnim uklju\u010divanjem Komisije i odgovornog Upravlja\u010dkog tijela.<\/li>\n<\/ol>\n<p>Zahtjev iz to\u010dke 4. se ne primjenjuje ako je korisnik fizi\u010dka osoba ili za operacije kojima se potpora pru\u017ea u obliku cilja: suzbijanje materijalne oskudice osiguravanjem hrane i\/ili osnovne materijalne pomo\u0107i za najpotrebitije, uklju\u010duju\u0107i djecu, i pru\u017eanje popratnih mjera kojima se podupire njihova socijalna uklju\u010denost.<\/p>\n<p>Ukoliko se na istoj lokaciji odvija vi\u0161e operacija, prikazuje se jedna plo\u010da ili reklamni pano.<\/p>\n<p>Korisnicima koji ne ispunjavaju obveze vidljivost bit \u0107e odre\u0111eni <strong>financijski ispravci u iznosu od najvi\u0161e 3% primljene potpore<\/strong>.<\/p>\n<p><strong>Amblem EU<\/strong> spreman za upotrebu, uklju\u010duju\u0107i izjavu o financiranju mogu\u0107e je prona\u0107i <strong><a href=\"https:\/\/ec.europa.eu\/regional_policy\/information-sources\/logo-download-center_en\">ovdje<\/a><\/strong>. Informacije o pravilnoj uporabi i postavljanju amblema i izjave mogu\u0107e je prona\u0107i u <a href=\"https:\/\/esf.hr\/esfplus\/wp-content\/uploads\/2023\/01\/eu-emblem-rules_hr_0-1.pdf\"><strong>Operativnim smjernicama za korisnike sredstava EU<\/strong><\/a>.<\/p>\n<p>Za podr\u0161ku u pripremi <strong>reklamnih plo\u010da ili plakata<\/strong> mogu\u0107e je koristiti <strong><a href=\"https:\/\/ec.europa.eu\/regional_policy\/policy\/communication\/online-generator_en\">Online generator<\/a><\/strong>.<\/p>\n<p>&nbsp;<\/p>\n<p><span style=\"font-size: 14pt;\"><strong>VIZUALNI IDENTITET PROGRAMA\u00a0\u00a0<\/strong><\/span><\/p>\n<p>Upravlja\u010dko tijelo izradilo je vizualni identitet Programa U\u010dinkoviti ljudski potencijali za razdoblje od 2021. do 2027. godine u okviru Europskog socijalnog fonda plus. Svim korisnicima koji na svojim materijalima \u017eele istaknuti i logotip ESF+ na raspolaganju su:<\/p>\n<p>1.<strong> <a href=\"https:\/\/esf.hr\/esfplus\/wp-content\/uploads\/2022\/12\/ESFUcinkoviti-ljudski-potencijali-knjiga-standarda_azurirano.pdf\" target=\"_blank\" rel=\"noopener\">Grafi\u010dka knjiga standarda<\/a><\/strong><\/p>\n<p>2. <strong><a href=\"https:\/\/esf.hr\/esfplus\/wp-content\/uploads\/2022\/12\/Vizualni-identitet.zip\" target=\"_blank\" rel=\"noopener\">Vizualni identitet Programa<\/a><\/strong><\/p>\n<p>Primjenjivost logotipa putem tiskanih i digitalnih medija dozvoljeno je koristiti isklju\u010divo na na\u010din opisan u Knjizi standarda.<\/p>\n","protected":false},"excerpt":{"rendered":"<p>OSIGURANJE VIDLJIVOSTI POTPORE IZ ESF+ U okviru programskog razdoblja 2021.-2027. komunikacija i vidljivost va\u017eni su dijelovi svih programa Europske unije. Svi projekti (su)financirani sredstvima Europske unije imaju obvezu osigurati vidljivost. OBVEZE KORISNIKA Korisnici i tijela koja provode financijske instrumente nazna\u010duju potporu iz fondova na sljede\u0107e na\u010dine (\u010dlanak 50. Uredbe (EU) 2021\/1060): navo\u0111enjem na slu\u017ebenoj internetskoj [&hellip;]<\/p>\n","protected":false},"author":20,"featured_media":0,"parent":0,"menu_order":0,"comment_status":"closed","ping_status":"closed","template":"","meta":{"_monsterinsights_skip_tracking":false,"_monsterinsights_sitenote_active":false,"_monsterinsights_sitenote_note":"","_monsterinsights_sitenote_category":0,"cybocfi_hide_featured_image":""},"yoast_head":"<!-- This site is optimized with the Yoast SEO plugin v16.8 - https:\/\/yoast.com\/wordpress\/plugins\/seo\/ -->\n<title>Komunikacija i vidljivost - Europski socijalni fond<\/title>\n<meta name=\"robots\" content=\"index, follow, max-snippet:-1, max-image-preview:large, max-video-preview:-1\" \/>\n<link rel=\"canonical\" href=\"https:\/\/esf.hr\/esfplus\/komunikacija-vidljivost\/\" \/>\n<meta property=\"og:locale\" content=\"en_US\" \/>\n<meta property=\"og:type\" content=\"article\" \/>\n<meta property=\"og:title\" content=\"Komunikacija i vidljivost - Europski socijalni fond\" \/>\n<meta property=\"og:description\" content=\"OSIGURANJE VIDLJIVOSTI POTPORE IZ ESF+ U okviru programskog razdoblja 2021.-2027. komunikacija i vidljivost va\u017eni su dijelovi svih programa Europske unije. Svi projekti (su)financirani sredstvima Europske unije imaju obvezu osigurati vidljivost. OBVEZE KORISNIKA Korisnici i tijela koja provode financijske instrumente nazna\u010duju potporu iz fondova na sljede\u0107e na\u010dine (\u010dlanak 50. Uredbe (EU) 2021\/1060): navo\u0111enjem na slu\u017ebenoj internetskoj [&hellip;]\" \/>\n<meta property=\"og:url\" content=\"https:\/\/esf.hr\/esfplus\/komunikacija-vidljivost\/\" \/>\n<meta property=\"og:site_name\" content=\"Europski socijalni fond\" \/>\n<meta property=\"article:modified_time\" content=\"2024-08-29T07:47:55+00:00\" \/>\n<meta name=\"twitter:label1\" content=\"Est. reading time\" \/>\n\t<meta name=\"twitter:data1\" content=\"3 minutes\" \/>\n<script type=\"application\/ld+json\" class=\"yoast-schema-graph\">{\"@context\":\"https:\/\/schema.org\",\"@graph\":[{\"@type\":\"WebSite\",\"@id\":\"https:\/\/esf.hr\/esfplus\/#website\",\"url\":\"https:\/\/esf.hr\/esfplus\/\",\"name\":\"Europski socijalni fond\",\"description\":\"Program U\\u010dinkoviti ljudski potencijali 2021.-2027.\",\"potentialAction\":[{\"@type\":\"SearchAction\",\"target\":{\"@type\":\"EntryPoint\",\"urlTemplate\":\"https:\/\/esf.hr\/esfplus\/?s={search_term_string}\"},\"query-input\":\"required name=search_term_string\"}],\"inLanguage\":\"en-US\"},{\"@type\":\"WebPage\",\"@id\":\"https:\/\/esf.hr\/esfplus\/komunikacija-vidljivost\/#webpage\",\"url\":\"https:\/\/esf.hr\/esfplus\/komunikacija-vidljivost\/\",\"name\":\"Komunikacija i vidljivost - Europski socijalni fond\",\"isPartOf\":{\"@id\":\"https:\/\/esf.hr\/esfplus\/#website\"},\"datePublished\":\"2022-10-27T12:45:54+00:00\",\"dateModified\":\"2024-08-29T07:47:55+00:00\",\"breadcrumb\":{\"@id\":\"https:\/\/esf.hr\/esfplus\/komunikacija-vidljivost\/#breadcrumb\"},\"inLanguage\":\"en-US\",\"potentialAction\":[{\"@type\":\"ReadAction\",\"target\":[\"https:\/\/esf.hr\/esfplus\/komunikacija-vidljivost\/\"]}]},{\"@type\":\"BreadcrumbList\",\"@id\":\"https:\/\/esf.hr\/esfplus\/komunikacija-vidljivost\/#breadcrumb\",\"itemListElement\":[{\"@type\":\"ListItem\",\"position\":1,\"name\":\"Naslovna\",\"item\":\"https:\/\/esf.hr\/esfplus\/\"},{\"@type\":\"ListItem\",\"position\":2,\"name\":\"Komunikacija i vidljivost\"}]}]}<\/script>\n<!-- \/ Yoast SEO plugin. -->","yoast_head_json":{"title":"Komunikacija i vidljivost - Europski socijalni fond","robots":{"index":"index","follow":"follow","max-snippet":"max-snippet:-1","max-image-preview":"max-image-preview:large","max-video-preview":"max-video-preview:-1"},"canonical":"https:\/\/esf.hr\/esfplus\/komunikacija-vidljivost\/","og_locale":"en_US","og_type":"article","og_title":"Komunikacija i vidljivost - Europski socijalni fond","og_description":"OSIGURANJE VIDLJIVOSTI POTPORE IZ ESF+ U okviru programskog razdoblja 2021.-2027. komunikacija i vidljivost va\u017eni su dijelovi svih programa Europske unije. Svi projekti (su)financirani sredstvima Europske unije imaju obvezu osigurati vidljivost. OBVEZE KORISNIKA Korisnici i tijela koja provode financijske instrumente nazna\u010duju potporu iz fondova na sljede\u0107e na\u010dine (\u010dlanak 50. Uredbe (EU) 2021\/1060): navo\u0111enjem na slu\u017ebenoj internetskoj [&hellip;]","og_url":"https:\/\/esf.hr\/esfplus\/komunikacija-vidljivost\/","og_site_name":"Europski socijalni fond","article_modified_time":"2024-08-29T07:47:55+00:00","twitter_misc":{"Est. reading time":"3 minutes"},"schema":{"@context":"https:\/\/schema.org","@graph":[{"@type":"WebSite","@id":"https:\/\/esf.hr\/esfplus\/#website","url":"https:\/\/esf.hr\/esfplus\/","name":"Europski socijalni fond","description":"Program U\u010dinkoviti ljudski potencijali 2021.-2027.","potentialAction":[{"@type":"SearchAction","target":{"@type":"EntryPoint","urlTemplate":"https:\/\/esf.hr\/esfplus\/?s={search_term_string}"},"query-input":"required name=search_term_string"}],"inLanguage":"en-US"},{"@type":"WebPage","@id":"https:\/\/esf.hr\/esfplus\/komunikacija-vidljivost\/#webpage","url":"https:\/\/esf.hr\/esfplus\/komunikacija-vidljivost\/","name":"Komunikacija i vidljivost - Europski socijalni fond","isPartOf":{"@id":"https:\/\/esf.hr\/esfplus\/#website"},"datePublished":"2022-10-27T12:45:54+00:00","dateModified":"2024-08-29T07:47:55+00:00","breadcrumb":{"@id":"https:\/\/esf.hr\/esfplus\/komunikacija-vidljivost\/#breadcrumb"},"inLanguage":"en-US","potentialAction":[{"@type":"ReadAction","target":["https:\/\/esf.hr\/esfplus\/komunikacija-vidljivost\/"]}]},{"@type":"BreadcrumbList","@id":"https:\/\/esf.hr\/esfplus\/komunikacija-vidljivost\/#breadcrumb","itemListElement":[{"@type":"ListItem","position":1,"name":"Naslovna","item":"https:\/\/esf.hr\/esfplus\/"},{"@type":"ListItem","position":2,"name":"Komunikacija i vidljivost"}]}]}},"_links":{"self":[{"href":"https:\/\/esf.hr\/esfplus\/wp-json\/wp\/v2\/pages\/19685"}],"collection":[{"href":"https:\/\/esf.hr\/esfplus\/wp-json\/wp\/v2\/pages"}],"about":[{"href":"https:\/\/esf.hr\/esfplus\/wp-json\/wp\/v2\/types\/page"}],"author":[{"embeddable":true,"href":"https:\/\/esf.hr\/esfplus\/wp-json\/wp\/v2\/users\/20"}],"replies":[{"embeddable":true,"href":"https:\/\/esf.hr\/esfplus\/wp-json\/wp\/v2\/comments?post=19685"}],"version-history":[{"count":20,"href":"https:\/\/esf.hr\/esfplus\/wp-json\/wp\/v2\/pages\/19685\/revisions"}],"predecessor-version":[{"id":22613,"href":"https:\/\/esf.hr\/esfplus\/wp-json\/wp\/v2\/pages\/19685\/revisions\/22613"}],"wp:attachment":[{"href":"https:\/\/esf.hr\/esfplus\/wp-json\/wp\/v2\/media?parent=19685"}],"curies":[{"name":"wp","href":"https:\/\/api.w.org\/{rel}","templated":true}]}}