{"id":13631,"date":"2021-06-25T11:07:52","date_gmt":"2021-06-25T10:07:52","guid":{"rendered":"https:\/\/esf.hr\/esfplus\/?page_id=13631"},"modified":"2024-11-05T12:47:24","modified_gmt":"2024-11-05T11:47:24","slug":"financijski-instrumenti-2","status":"publish","type":"page","link":"https:\/\/esf.hr\/esfplus\/financijski-instrumenti-2\/","title":{"rendered":"Financijski instrumenti"},"content":{"rendered":"<hr style=\"border-top: 2.2px solid #ddd;\" \/>\n<p>Upravlja\u010dko tijelo za Program U\u010dinkoviti ljudski potencijali 2021.-2027. provelo je u razdoblju od sije\u010dnja 2021. do prosinca 2022. godine Ex-ante procjenu za odgovaraju\u0107u potporu iz Europskog socijalnog fonda plus putem financijskih instrumenata.<\/p>\n<p>Cilj ex ante procjene je izrada analize na temelju koje se mo\u017ee donijeti odluka Upravlja\u010dkog tijela o financiranju mjera potpore financijskim instrumentima.<\/p>\n<p>Izvje\u0161\u0107e obuhva\u0107a obrazlo\u017eenje za upotrebu financijskih instrumenata u ESF+-u, pregled potencijalnih krajnjih primatelja i financijskih proizvoda, mogu\u0107nosti za implementaciju financijskih instrumenata te procijenjeni u\u010dinak poluge.<\/p>\n<p>Elementi ex ante procjene ispitani su na 3. sjednici Odbora za pra\u0107enje Programa U\u010dinkoviti ljudski potencijali 2021.-2027. 3. svibnja 2023. godine te je Odluka o usvajanju ex ante procjene donesena 8. svibnja 2023. godine.<\/p>\n<ul>\n<li><a href=\"https:\/\/esf.hr\/esfplus\/wp-content\/uploads\/2024\/06\/Ex-ante-procjena_ESF-FI_lipanj-2024.pdf\">Ex ante procjena primjene financijskih instrumenata &#8211; prva izmjena<\/a><\/li>\n<li><a href=\"https:\/\/esf.hr\/esfplus\/wp-content\/uploads\/2024\/06\/Prikaz-izmjena-Ex-ante-procjene.pdf\">Prikaz izmjena Ex ante procjena primjene financijskih instrumenata<\/a><\/li>\n<li><a href=\"https:\/\/esf.hr\/esfplus\/wp-content\/uploads\/2023\/06\/Ex-ante-procjena_ESF-FI_finalna-verzija.pdf\">Ex ante procjena primjene financijskih instrumenata<\/a><\/li>\n<\/ul>\n","protected":false},"excerpt":{"rendered":"<p>Upravlja\u010dko tijelo za Program U\u010dinkoviti ljudski potencijali 2021.-2027. provelo je u razdoblju od sije\u010dnja 2021. do prosinca 2022. godine Ex-ante procjenu za odgovaraju\u0107u potporu iz Europskog socijalnog fonda plus putem financijskih instrumenata. Cilj ex ante procjene je izrada analize na temelju koje se mo\u017ee donijeti odluka Upravlja\u010dkog tijela o financiranju mjera potpore financijskim instrumentima. Izvje\u0161\u0107e [&hellip;]<\/p>\n","protected":false},"author":20,"featured_media":0,"parent":0,"menu_order":0,"comment_status":"closed","ping_status":"closed","template":"","meta":{"_monsterinsights_skip_tracking":false,"_monsterinsights_sitenote_active":false,"_monsterinsights_sitenote_note":"","_monsterinsights_sitenote_category":0,"cybocfi_hide_featured_image":""},"yoast_head":"<!-- This site is optimized with the Yoast SEO plugin v16.8 - https:\/\/yoast.com\/wordpress\/plugins\/seo\/ -->\n<title>Financijski instrumenti - Europski socijalni fond<\/title>\n<meta name=\"robots\" content=\"index, follow, max-snippet:-1, max-image-preview:large, max-video-preview:-1\" \/>\n<link rel=\"canonical\" href=\"https:\/\/esf.hr\/esfplus\/financijski-instrumenti-2\/\" \/>\n<meta property=\"og:locale\" content=\"en_US\" \/>\n<meta property=\"og:type\" content=\"article\" \/>\n<meta property=\"og:title\" content=\"Financijski instrumenti - Europski socijalni fond\" \/>\n<meta property=\"og:description\" content=\"Upravlja\u010dko tijelo za Program U\u010dinkoviti ljudski potencijali 2021.-2027. provelo je u razdoblju od sije\u010dnja 2021. do prosinca 2022. godine Ex-ante procjenu za odgovaraju\u0107u potporu iz Europskog socijalnog fonda plus putem financijskih instrumenata. Cilj ex ante procjene je izrada analize na temelju koje se mo\u017ee donijeti odluka Upravlja\u010dkog tijela o financiranju mjera potpore financijskim instrumentima. Izvje\u0161\u0107e [&hellip;]\" \/>\n<meta property=\"og:url\" content=\"https:\/\/esf.hr\/esfplus\/financijski-instrumenti-2\/\" \/>\n<meta property=\"og:site_name\" content=\"Europski socijalni fond\" \/>\n<meta property=\"article:modified_time\" content=\"2024-11-05T11:47:24+00:00\" \/>\n<meta name=\"twitter:label1\" content=\"Est. reading time\" \/>\n\t<meta name=\"twitter:data1\" content=\"1 minute\" \/>\n<script type=\"application\/ld+json\" class=\"yoast-schema-graph\">{\"@context\":\"https:\/\/schema.org\",\"@graph\":[{\"@type\":\"WebSite\",\"@id\":\"https:\/\/esf.hr\/esfplus\/#website\",\"url\":\"https:\/\/esf.hr\/esfplus\/\",\"name\":\"Europski socijalni fond\",\"description\":\"Program U\\u010dinkoviti ljudski potencijali 2021.-2027.\",\"potentialAction\":[{\"@type\":\"SearchAction\",\"target\":{\"@type\":\"EntryPoint\",\"urlTemplate\":\"https:\/\/esf.hr\/esfplus\/?s={search_term_string}\"},\"query-input\":\"required name=search_term_string\"}],\"inLanguage\":\"en-US\"},{\"@type\":\"WebPage\",\"@id\":\"https:\/\/esf.hr\/esfplus\/financijski-instrumenti-2\/#webpage\",\"url\":\"https:\/\/esf.hr\/esfplus\/financijski-instrumenti-2\/\",\"name\":\"Financijski instrumenti - Europski socijalni fond\",\"isPartOf\":{\"@id\":\"https:\/\/esf.hr\/esfplus\/#website\"},\"datePublished\":\"2021-06-25T10:07:52+00:00\",\"dateModified\":\"2024-11-05T11:47:24+00:00\",\"breadcrumb\":{\"@id\":\"https:\/\/esf.hr\/esfplus\/financijski-instrumenti-2\/#breadcrumb\"},\"inLanguage\":\"en-US\",\"potentialAction\":[{\"@type\":\"ReadAction\",\"target\":[\"https:\/\/esf.hr\/esfplus\/financijski-instrumenti-2\/\"]}]},{\"@type\":\"BreadcrumbList\",\"@id\":\"https:\/\/esf.hr\/esfplus\/financijski-instrumenti-2\/#breadcrumb\",\"itemListElement\":[{\"@type\":\"ListItem\",\"position\":1,\"name\":\"Naslovna\",\"item\":\"https:\/\/esf.hr\/esfplus\/\"},{\"@type\":\"ListItem\",\"position\":2,\"name\":\"Financijski instrumenti\"}]}]}<\/script>\n<!-- \/ Yoast SEO plugin. -->","yoast_head_json":{"title":"Financijski instrumenti - Europski socijalni fond","robots":{"index":"index","follow":"follow","max-snippet":"max-snippet:-1","max-image-preview":"max-image-preview:large","max-video-preview":"max-video-preview:-1"},"canonical":"https:\/\/esf.hr\/esfplus\/financijski-instrumenti-2\/","og_locale":"en_US","og_type":"article","og_title":"Financijski instrumenti - Europski socijalni fond","og_description":"Upravlja\u010dko tijelo za Program U\u010dinkoviti ljudski potencijali 2021.-2027. provelo je u razdoblju od sije\u010dnja 2021. do prosinca 2022. godine Ex-ante procjenu za odgovaraju\u0107u potporu iz Europskog socijalnog fonda plus putem financijskih instrumenata. Cilj ex ante procjene je izrada analize na temelju koje se mo\u017ee donijeti odluka Upravlja\u010dkog tijela o financiranju mjera potpore financijskim instrumentima. Izvje\u0161\u0107e [&hellip;]","og_url":"https:\/\/esf.hr\/esfplus\/financijski-instrumenti-2\/","og_site_name":"Europski socijalni fond","article_modified_time":"2024-11-05T11:47:24+00:00","twitter_misc":{"Est. reading time":"1 minute"},"schema":{"@context":"https:\/\/schema.org","@graph":[{"@type":"WebSite","@id":"https:\/\/esf.hr\/esfplus\/#website","url":"https:\/\/esf.hr\/esfplus\/","name":"Europski socijalni fond","description":"Program U\u010dinkoviti ljudski potencijali 2021.-2027.","potentialAction":[{"@type":"SearchAction","target":{"@type":"EntryPoint","urlTemplate":"https:\/\/esf.hr\/esfplus\/?s={search_term_string}"},"query-input":"required name=search_term_string"}],"inLanguage":"en-US"},{"@type":"WebPage","@id":"https:\/\/esf.hr\/esfplus\/financijski-instrumenti-2\/#webpage","url":"https:\/\/esf.hr\/esfplus\/financijski-instrumenti-2\/","name":"Financijski instrumenti - Europski socijalni fond","isPartOf":{"@id":"https:\/\/esf.hr\/esfplus\/#website"},"datePublished":"2021-06-25T10:07:52+00:00","dateModified":"2024-11-05T11:47:24+00:00","breadcrumb":{"@id":"https:\/\/esf.hr\/esfplus\/financijski-instrumenti-2\/#breadcrumb"},"inLanguage":"en-US","potentialAction":[{"@type":"ReadAction","target":["https:\/\/esf.hr\/esfplus\/financijski-instrumenti-2\/"]}]},{"@type":"BreadcrumbList","@id":"https:\/\/esf.hr\/esfplus\/financijski-instrumenti-2\/#breadcrumb","itemListElement":[{"@type":"ListItem","position":1,"name":"Naslovna","item":"https:\/\/esf.hr\/esfplus\/"},{"@type":"ListItem","position":2,"name":"Financijski instrumenti"}]}]}},"_links":{"self":[{"href":"https:\/\/esf.hr\/esfplus\/wp-json\/wp\/v2\/pages\/13631"}],"collection":[{"href":"https:\/\/esf.hr\/esfplus\/wp-json\/wp\/v2\/pages"}],"about":[{"href":"https:\/\/esf.hr\/esfplus\/wp-json\/wp\/v2\/types\/page"}],"author":[{"embeddable":true,"href":"https:\/\/esf.hr\/esfplus\/wp-json\/wp\/v2\/users\/20"}],"replies":[{"embeddable":true,"href":"https:\/\/esf.hr\/esfplus\/wp-json\/wp\/v2\/comments?post=13631"}],"version-history":[{"count":17,"href":"https:\/\/esf.hr\/esfplus\/wp-json\/wp\/v2\/pages\/13631\/revisions"}],"predecessor-version":[{"id":22783,"href":"https:\/\/esf.hr\/esfplus\/wp-json\/wp\/v2\/pages\/13631\/revisions\/22783"}],"wp:attachment":[{"href":"https:\/\/esf.hr\/esfplus\/wp-json\/wp\/v2\/media?parent=13631"}],"curies":[{"name":"wp","href":"https:\/\/api.w.org\/{rel}","templated":true}]}}