{"id":13624,"date":"2021-06-25T11:04:49","date_gmt":"2021-06-25T10:04:49","guid":{"rendered":"https:\/\/esf.hr\/esfplus\/?page_id=13624"},"modified":"2025-07-07T09:17:41","modified_gmt":"2025-07-07T07:17:41","slug":"operativni-program-2","status":"publish","type":"page","link":"https:\/\/esf.hr\/esfplus\/operativni-program-2\/","title":{"rendered":"Program"},"content":{"rendered":"<hr style=\"border-top: 2.2px solid #ddd;\" \/>\n<ul>\n<li><a href=\"https:\/\/esf.hr\/esfplus\/wp-content\/uploads\/2025\/07\/PULJP_v.5.1_2021HR05SFPR001.pdf\" target=\"_blank\" rel=\"noopener\"><span style=\"font-size: 14pt;\">Program U\u010dinkoviti ljudski potencijali 2021. &#8211; 2027._verzija 5.1.<\/span><\/a><\/li>\n<li><a href=\"https:\/\/esf.hr\/esfplus\/wp-content\/uploads\/2024\/10\/PULJP_v4.0.pdf\" target=\"_blank\" rel=\"noopener\"><span style=\"font-size: 14pt;\">Program U\u010dinkoviti ljudski potencijali 2021. -2027._verzija 4.0.<\/span><\/a><\/li>\n<li><a href=\"https:\/\/esf.hr\/esfplus\/wp-content\/uploads\/2024\/01\/sfc2021-PRG-2021HR05SFPR001-3.0.pdf\" target=\"_blank\" rel=\"noopener\"><span style=\"font-size: 14pt;\">Program U\u010dinkoviti ljudski potencijali 2021. -2027._verzija 3.0.<\/span><\/a><\/li>\n<li><span style=\"font-size: 14pt;\"><a href=\"https:\/\/esf.hr\/esfplus\/wp-content\/uploads\/2023\/08\/Program-Ucinkoviti-ljudski-potencijali-2021.-2027.-_verzija-2.0.pdf\" target=\"_blank\" rel=\"noopener\">Program U\u010dinkoviti ljudski potencijali 2021. -2027._verzija 2.0.<\/a><\/span><\/li>\n<li><span style=\"font-size: 14pt;\"><a href=\"https:\/\/esf.hr\/esfplus\/wp-content\/uploads\/2022\/11\/PULJP2021-2027_hrv_sfc2021-PRG-2021HR05SFPR001-1.2.pdf\" target=\"_blank\" rel=\"noopener\">Program U\u010dinkoviti ljudski potencijali 2021. -2027.<\/a><\/span><\/li>\n<\/ul>\n","protected":false},"excerpt":{"rendered":"<p>Program U\u010dinkoviti ljudski potencijali 2021. &#8211; 2027._verzija 5.1. Program U\u010dinkoviti ljudski potencijali 2021. -2027._verzija 4.0. Program U\u010dinkoviti ljudski potencijali 2021. -2027._verzija 3.0. Program U\u010dinkoviti ljudski potencijali 2021. -2027._verzija 2.0. Program U\u010dinkoviti ljudski potencijali 2021. -2027.<\/p>\n","protected":false},"author":20,"featured_media":0,"parent":0,"menu_order":0,"comment_status":"closed","ping_status":"closed","template":"","meta":{"_monsterinsights_skip_tracking":false,"_monsterinsights_sitenote_active":false,"_monsterinsights_sitenote_note":"","_monsterinsights_sitenote_category":0,"cybocfi_hide_featured_image":""},"yoast_head":"<!-- This site is optimized with the Yoast SEO plugin v16.8 - https:\/\/yoast.com\/wordpress\/plugins\/seo\/ -->\n<title>Program - Europski socijalni fond<\/title>\n<meta name=\"robots\" content=\"index, follow, max-snippet:-1, max-image-preview:large, max-video-preview:-1\" \/>\n<link rel=\"canonical\" href=\"https:\/\/esf.hr\/esfplus\/operativni-program-2\/\" \/>\n<meta property=\"og:locale\" content=\"en_US\" \/>\n<meta property=\"og:type\" content=\"article\" \/>\n<meta property=\"og:title\" content=\"Program - Europski socijalni fond\" \/>\n<meta property=\"og:description\" content=\"Program U\u010dinkoviti ljudski potencijali 2021. &#8211; 2027._verzija 5.1. Program U\u010dinkoviti ljudski potencijali 2021. -2027._verzija 4.0. Program U\u010dinkoviti ljudski potencijali 2021. -2027._verzija 3.0. Program U\u010dinkoviti ljudski potencijali 2021. -2027._verzija 2.0. Program U\u010dinkoviti ljudski potencijali 2021. -2027.\" \/>\n<meta property=\"og:url\" content=\"https:\/\/esf.hr\/esfplus\/operativni-program-2\/\" \/>\n<meta property=\"og:site_name\" content=\"Europski socijalni fond\" \/>\n<meta property=\"article:modified_time\" content=\"2025-07-07T07:17:41+00:00\" \/>\n<meta name=\"twitter:label1\" content=\"Est. reading time\" \/>\n\t<meta name=\"twitter:data1\" content=\"1 minute\" \/>\n<script type=\"application\/ld+json\" class=\"yoast-schema-graph\">{\"@context\":\"https:\/\/schema.org\",\"@graph\":[{\"@type\":\"WebSite\",\"@id\":\"https:\/\/esf.hr\/esfplus\/#website\",\"url\":\"https:\/\/esf.hr\/esfplus\/\",\"name\":\"Europski socijalni fond\",\"description\":\"Program U\\u010dinkoviti ljudski potencijali 2021.-2027.\",\"potentialAction\":[{\"@type\":\"SearchAction\",\"target\":{\"@type\":\"EntryPoint\",\"urlTemplate\":\"https:\/\/esf.hr\/esfplus\/?s={search_term_string}\"},\"query-input\":\"required name=search_term_string\"}],\"inLanguage\":\"en-US\"},{\"@type\":\"WebPage\",\"@id\":\"https:\/\/esf.hr\/esfplus\/operativni-program-2\/#webpage\",\"url\":\"https:\/\/esf.hr\/esfplus\/operativni-program-2\/\",\"name\":\"Program - Europski socijalni fond\",\"isPartOf\":{\"@id\":\"https:\/\/esf.hr\/esfplus\/#website\"},\"datePublished\":\"2021-06-25T10:04:49+00:00\",\"dateModified\":\"2025-07-07T07:17:41+00:00\",\"breadcrumb\":{\"@id\":\"https:\/\/esf.hr\/esfplus\/operativni-program-2\/#breadcrumb\"},\"inLanguage\":\"en-US\",\"potentialAction\":[{\"@type\":\"ReadAction\",\"target\":[\"https:\/\/esf.hr\/esfplus\/operativni-program-2\/\"]}]},{\"@type\":\"BreadcrumbList\",\"@id\":\"https:\/\/esf.hr\/esfplus\/operativni-program-2\/#breadcrumb\",\"itemListElement\":[{\"@type\":\"ListItem\",\"position\":1,\"name\":\"Naslovna\",\"item\":\"https:\/\/esf.hr\/esfplus\/\"},{\"@type\":\"ListItem\",\"position\":2,\"name\":\"Program\"}]}]}<\/script>\n<!-- \/ Yoast SEO plugin. -->","yoast_head_json":{"title":"Program - Europski socijalni fond","robots":{"index":"index","follow":"follow","max-snippet":"max-snippet:-1","max-image-preview":"max-image-preview:large","max-video-preview":"max-video-preview:-1"},"canonical":"https:\/\/esf.hr\/esfplus\/operativni-program-2\/","og_locale":"en_US","og_type":"article","og_title":"Program - Europski socijalni fond","og_description":"Program U\u010dinkoviti ljudski potencijali 2021. &#8211; 2027._verzija 5.1. Program U\u010dinkoviti ljudski potencijali 2021. -2027._verzija 4.0. Program U\u010dinkoviti ljudski potencijali 2021. -2027._verzija 3.0. Program U\u010dinkoviti ljudski potencijali 2021. -2027._verzija 2.0. Program U\u010dinkoviti ljudski potencijali 2021. -2027.","og_url":"https:\/\/esf.hr\/esfplus\/operativni-program-2\/","og_site_name":"Europski socijalni fond","article_modified_time":"2025-07-07T07:17:41+00:00","twitter_misc":{"Est. reading time":"1 minute"},"schema":{"@context":"https:\/\/schema.org","@graph":[{"@type":"WebSite","@id":"https:\/\/esf.hr\/esfplus\/#website","url":"https:\/\/esf.hr\/esfplus\/","name":"Europski socijalni fond","description":"Program U\u010dinkoviti ljudski potencijali 2021.-2027.","potentialAction":[{"@type":"SearchAction","target":{"@type":"EntryPoint","urlTemplate":"https:\/\/esf.hr\/esfplus\/?s={search_term_string}"},"query-input":"required name=search_term_string"}],"inLanguage":"en-US"},{"@type":"WebPage","@id":"https:\/\/esf.hr\/esfplus\/operativni-program-2\/#webpage","url":"https:\/\/esf.hr\/esfplus\/operativni-program-2\/","name":"Program - Europski socijalni fond","isPartOf":{"@id":"https:\/\/esf.hr\/esfplus\/#website"},"datePublished":"2021-06-25T10:04:49+00:00","dateModified":"2025-07-07T07:17:41+00:00","breadcrumb":{"@id":"https:\/\/esf.hr\/esfplus\/operativni-program-2\/#breadcrumb"},"inLanguage":"en-US","potentialAction":[{"@type":"ReadAction","target":["https:\/\/esf.hr\/esfplus\/operativni-program-2\/"]}]},{"@type":"BreadcrumbList","@id":"https:\/\/esf.hr\/esfplus\/operativni-program-2\/#breadcrumb","itemListElement":[{"@type":"ListItem","position":1,"name":"Naslovna","item":"https:\/\/esf.hr\/esfplus\/"},{"@type":"ListItem","position":2,"name":"Program"}]}]}},"_links":{"self":[{"href":"https:\/\/esf.hr\/esfplus\/wp-json\/wp\/v2\/pages\/13624"}],"collection":[{"href":"https:\/\/esf.hr\/esfplus\/wp-json\/wp\/v2\/pages"}],"about":[{"href":"https:\/\/esf.hr\/esfplus\/wp-json\/wp\/v2\/types\/page"}],"author":[{"embeddable":true,"href":"https:\/\/esf.hr\/esfplus\/wp-json\/wp\/v2\/users\/20"}],"replies":[{"embeddable":true,"href":"https:\/\/esf.hr\/esfplus\/wp-json\/wp\/v2\/comments?post=13624"}],"version-history":[{"count":23,"href":"https:\/\/esf.hr\/esfplus\/wp-json\/wp\/v2\/pages\/13624\/revisions"}],"predecessor-version":[{"id":24627,"href":"https:\/\/esf.hr\/esfplus\/wp-json\/wp\/v2\/pages\/13624\/revisions\/24627"}],"wp:attachment":[{"href":"https:\/\/esf.hr\/esfplus\/wp-json\/wp\/v2\/media?parent=13624"}],"curies":[{"name":"wp","href":"https:\/\/api.w.org\/{rel}","templated":true}]}}