{"id":13621,"date":"2021-06-25T11:03:46","date_gmt":"2021-06-25T10:03:46","guid":{"rendered":"https:\/\/esf.hr\/esfplus\/?page_id=13621"},"modified":"2024-11-05T12:43:15","modified_gmt":"2024-11-05T11:43:15","slug":"regulativa","status":"publish","type":"page","link":"https:\/\/esf.hr\/esfplus\/regulativa\/","title":{"rendered":"EU zakonodavstvo"},"content":{"rendered":"<hr style=\"border-top: 2.2px solid #ddd;\" \/>\n<ul>\n<li><span style=\"font-size: 14pt;\"><a href=\"https:\/\/eur-lex.europa.eu\/legal-content\/HR\/TXT\/PDF\/?uri=CELEX:32021R1057&amp;from=HR\">Uredba (EU) 2021\/1057 Europskog parlamenta i Vije\u0107a od 24. lipnja 2021. o uspostavi Europskog socijalnog fonda plus (ESF+) i stavljanju izvan snage Uredbe (EU) br. 1296\/2013.<\/a><\/span><\/li>\n<li><span style=\"font-size: 14pt;\"><a href=\"https:\/\/eur-lex.europa.eu\/legal-content\/HR\/TXT\/PDF\/?uri=CELEX:32021R1060&amp;from=HR\">Uredba (EU) 2021\/1060 Europskog parlamenta i Vije\u0107a od 24. lipnja 2021. o utvr\u0111ivanju zajedni\u010dkih odredaba o Europskom fondu za regionalni razvoj, Europskom socijalnom fondu plus, Kohezijskom fondu, Fondu za pravednu tranziciju i Europskom fondu za pomorstvo, ribarstvo i akvakulturu te financijskih pravila za njih i za Fond za azil, migracije i integraciju, Fond za unutarnju sigurnost i Instrument za financijsku potporu u podru\u010dju upravljanja granicama i vizne politike<\/a><\/span><\/li>\n<\/ul>\n","protected":false},"excerpt":{"rendered":"<p>Uredba (EU) 2021\/1057 Europskog parlamenta i Vije\u0107a od 24. lipnja 2021. o uspostavi Europskog socijalnog fonda plus (ESF+) i stavljanju izvan snage Uredbe (EU) br. 1296\/2013. Uredba (EU) 2021\/1060 Europskog parlamenta i Vije\u0107a od 24. lipnja 2021. o utvr\u0111ivanju zajedni\u010dkih odredaba o Europskom fondu za regionalni razvoj, Europskom socijalnom fondu plus, Kohezijskom fondu, Fondu za [&hellip;]<\/p>\n","protected":false},"author":20,"featured_media":0,"parent":0,"menu_order":0,"comment_status":"closed","ping_status":"closed","template":"","meta":{"_monsterinsights_skip_tracking":false,"_monsterinsights_sitenote_active":false,"_monsterinsights_sitenote_note":"","_monsterinsights_sitenote_category":0,"cybocfi_hide_featured_image":""},"yoast_head":"<!-- This site is optimized with the Yoast SEO plugin v16.8 - https:\/\/yoast.com\/wordpress\/plugins\/seo\/ -->\n<title>EU zakonodavstvo - Europski socijalni fond<\/title>\n<meta name=\"robots\" content=\"index, follow, max-snippet:-1, max-image-preview:large, max-video-preview:-1\" \/>\n<link rel=\"canonical\" href=\"https:\/\/esf.hr\/esfplus\/regulativa\/\" \/>\n<meta property=\"og:locale\" content=\"en_US\" \/>\n<meta property=\"og:type\" content=\"article\" \/>\n<meta property=\"og:title\" content=\"EU zakonodavstvo - Europski socijalni fond\" \/>\n<meta property=\"og:description\" content=\"Uredba (EU) 2021\/1057 Europskog parlamenta i Vije\u0107a od 24. lipnja 2021. o uspostavi Europskog socijalnog fonda plus (ESF+) i stavljanju izvan snage Uredbe (EU) br. 1296\/2013. Uredba (EU) 2021\/1060 Europskog parlamenta i Vije\u0107a od 24. lipnja 2021. o utvr\u0111ivanju zajedni\u010dkih odredaba o Europskom fondu za regionalni razvoj, Europskom socijalnom fondu plus, Kohezijskom fondu, Fondu za [&hellip;]\" \/>\n<meta property=\"og:url\" content=\"https:\/\/esf.hr\/esfplus\/regulativa\/\" \/>\n<meta property=\"og:site_name\" content=\"Europski socijalni fond\" \/>\n<meta property=\"article:modified_time\" content=\"2024-11-05T11:43:15+00:00\" \/>\n<meta name=\"twitter:label1\" content=\"Est. reading time\" \/>\n\t<meta name=\"twitter:data1\" content=\"1 minute\" \/>\n<script type=\"application\/ld+json\" class=\"yoast-schema-graph\">{\"@context\":\"https:\/\/schema.org\",\"@graph\":[{\"@type\":\"WebSite\",\"@id\":\"https:\/\/esf.hr\/esfplus\/#website\",\"url\":\"https:\/\/esf.hr\/esfplus\/\",\"name\":\"Europski socijalni fond\",\"description\":\"Program U\\u010dinkoviti ljudski potencijali 2021.-2027.\",\"potentialAction\":[{\"@type\":\"SearchAction\",\"target\":{\"@type\":\"EntryPoint\",\"urlTemplate\":\"https:\/\/esf.hr\/esfplus\/?s={search_term_string}\"},\"query-input\":\"required name=search_term_string\"}],\"inLanguage\":\"en-US\"},{\"@type\":\"WebPage\",\"@id\":\"https:\/\/esf.hr\/esfplus\/regulativa\/#webpage\",\"url\":\"https:\/\/esf.hr\/esfplus\/regulativa\/\",\"name\":\"EU zakonodavstvo - Europski socijalni fond\",\"isPartOf\":{\"@id\":\"https:\/\/esf.hr\/esfplus\/#website\"},\"datePublished\":\"2021-06-25T10:03:46+00:00\",\"dateModified\":\"2024-11-05T11:43:15+00:00\",\"breadcrumb\":{\"@id\":\"https:\/\/esf.hr\/esfplus\/regulativa\/#breadcrumb\"},\"inLanguage\":\"en-US\",\"potentialAction\":[{\"@type\":\"ReadAction\",\"target\":[\"https:\/\/esf.hr\/esfplus\/regulativa\/\"]}]},{\"@type\":\"BreadcrumbList\",\"@id\":\"https:\/\/esf.hr\/esfplus\/regulativa\/#breadcrumb\",\"itemListElement\":[{\"@type\":\"ListItem\",\"position\":1,\"name\":\"Naslovna\",\"item\":\"https:\/\/esf.hr\/esfplus\/\"},{\"@type\":\"ListItem\",\"position\":2,\"name\":\"EU zakonodavstvo\"}]}]}<\/script>\n<!-- \/ Yoast SEO plugin. -->","yoast_head_json":{"title":"EU zakonodavstvo - Europski socijalni fond","robots":{"index":"index","follow":"follow","max-snippet":"max-snippet:-1","max-image-preview":"max-image-preview:large","max-video-preview":"max-video-preview:-1"},"canonical":"https:\/\/esf.hr\/esfplus\/regulativa\/","og_locale":"en_US","og_type":"article","og_title":"EU zakonodavstvo - Europski socijalni fond","og_description":"Uredba (EU) 2021\/1057 Europskog parlamenta i Vije\u0107a od 24. lipnja 2021. o uspostavi Europskog socijalnog fonda plus (ESF+) i stavljanju izvan snage Uredbe (EU) br. 1296\/2013. Uredba (EU) 2021\/1060 Europskog parlamenta i Vije\u0107a od 24. lipnja 2021. o utvr\u0111ivanju zajedni\u010dkih odredaba o Europskom fondu za regionalni razvoj, Europskom socijalnom fondu plus, Kohezijskom fondu, Fondu za [&hellip;]","og_url":"https:\/\/esf.hr\/esfplus\/regulativa\/","og_site_name":"Europski socijalni fond","article_modified_time":"2024-11-05T11:43:15+00:00","twitter_misc":{"Est. reading time":"1 minute"},"schema":{"@context":"https:\/\/schema.org","@graph":[{"@type":"WebSite","@id":"https:\/\/esf.hr\/esfplus\/#website","url":"https:\/\/esf.hr\/esfplus\/","name":"Europski socijalni fond","description":"Program U\u010dinkoviti ljudski potencijali 2021.-2027.","potentialAction":[{"@type":"SearchAction","target":{"@type":"EntryPoint","urlTemplate":"https:\/\/esf.hr\/esfplus\/?s={search_term_string}"},"query-input":"required name=search_term_string"}],"inLanguage":"en-US"},{"@type":"WebPage","@id":"https:\/\/esf.hr\/esfplus\/regulativa\/#webpage","url":"https:\/\/esf.hr\/esfplus\/regulativa\/","name":"EU zakonodavstvo - Europski socijalni fond","isPartOf":{"@id":"https:\/\/esf.hr\/esfplus\/#website"},"datePublished":"2021-06-25T10:03:46+00:00","dateModified":"2024-11-05T11:43:15+00:00","breadcrumb":{"@id":"https:\/\/esf.hr\/esfplus\/regulativa\/#breadcrumb"},"inLanguage":"en-US","potentialAction":[{"@type":"ReadAction","target":["https:\/\/esf.hr\/esfplus\/regulativa\/"]}]},{"@type":"BreadcrumbList","@id":"https:\/\/esf.hr\/esfplus\/regulativa\/#breadcrumb","itemListElement":[{"@type":"ListItem","position":1,"name":"Naslovna","item":"https:\/\/esf.hr\/esfplus\/"},{"@type":"ListItem","position":2,"name":"EU zakonodavstvo"}]}]}},"_links":{"self":[{"href":"https:\/\/esf.hr\/esfplus\/wp-json\/wp\/v2\/pages\/13621"}],"collection":[{"href":"https:\/\/esf.hr\/esfplus\/wp-json\/wp\/v2\/pages"}],"about":[{"href":"https:\/\/esf.hr\/esfplus\/wp-json\/wp\/v2\/types\/page"}],"author":[{"embeddable":true,"href":"https:\/\/esf.hr\/esfplus\/wp-json\/wp\/v2\/users\/20"}],"replies":[{"embeddable":true,"href":"https:\/\/esf.hr\/esfplus\/wp-json\/wp\/v2\/comments?post=13621"}],"version-history":[{"count":15,"href":"https:\/\/esf.hr\/esfplus\/wp-json\/wp\/v2\/pages\/13621\/revisions"}],"predecessor-version":[{"id":21478,"href":"https:\/\/esf.hr\/esfplus\/wp-json\/wp\/v2\/pages\/13621\/revisions\/21478"}],"wp:attachment":[{"href":"https:\/\/esf.hr\/esfplus\/wp-json\/wp\/v2\/media?parent=13621"}],"curies":[{"name":"wp","href":"https:\/\/api.w.org\/{rel}","templated":true}]}}