{"id":13613,"date":"2021-06-25T10:31:55","date_gmt":"2021-06-25T09:31:55","guid":{"rendered":"https:\/\/esf.hr\/esfplus\/?page_id=13613"},"modified":"2026-01-27T15:58:26","modified_gmt":"2026-01-27T14:58:26","slug":"pracenje","status":"publish","type":"page","link":"https:\/\/esf.hr\/esfplus\/pracenje\/","title":{"rendered":"Pra\u0107enje"},"content":{"rendered":"<hr class=\"wp-block-separator\" \/>\r\n\r\n\r\n<div class=\"wp-block-pb-accordion-item c-accordion__item js-accordion-item no-js\" data-initially-open=\"false\" data-click-to-close=\"true\" data-auto-close=\"true\" data-scroll=\"false\" data-scroll-offset=\"0\">\r\n<h2 id=\"at-136130\" class=\"c-accordion__title js-accordion-controller\" role=\"button\">Odbor za pra\u0107enje 2021.-2027.<\/h2>\r\n<div id=\"ac-136130\" class=\"c-accordion__content\">\r\n<p>Odbor za pra\u0107enje 2021.-2027. (u daljnjem tekstu: OzP) Programa U\u010dinkoviti ljudski potencijali 2021.-2027. (u daljnjem tekstu: PULJP) stalno je tijelo uspostavljeno s ciljem pra\u0107enja napretka u provedbi PULJP-a i u ostvarenju njegovih specifi\u010dnih ciljeva, uzimaju\u0107i u obzir financijske podatke, podatke o ostvarenom doprinosu zajedni\u010dkim pokazateljima ostvarenja i rezultata te pokazateljima ostvarenja i rezultata specifi\u010dnim za PULJP, zajedno s napretkom u ostvarenju postavljenih kvantificiranih ciljnih vrijednosti.<\/p>\r\n<p>Ministarstvo rada, mirovinskoga sustava, obitelji i socijalne politike, Upravlja\u010dko tijelo za PULJP osniva OzP, predsjeda radom istoga te je odgovorno za provedbu svih povezanih aktivnosti.<\/p>\r\n<p>OzP se sastoji od predstavnika tijela sustava upravljanja i kontrola, regionalnih, lokalnih, gradskih i drugih javnih tijela, gospodarskih i socijalnih partnera, predstavnika civilnoga dru\u0161tva te predstavnika istra\u017eiva\u010dkih organizacija i sveu\u010dili\u0161ta. Predstavnici tijela zastupljenih u OzP-u imenuju njegove \u010dlanove\/-ice i po jednog zamjenika\/-icu. Organizacijsku podr\u0161ku radu OzP-a pru\u017ea Tajni\u0161tvo OzP-a uspostavljeno u okviru Upravlja\u010dkog tijela.<\/p>\r\n<p>Na zahtjev Predsjedavaju\u0107e osobe ili najmanje jedne tre\u0107ine svih \u010dlanova\/-ica, u radu OzP-a u savjetodavnoj ulozi mogu sudjelovati vanjski\/-e stru\u010dnjaci\/-kinje, ako postoji potreba za njihovim stru\u010dnim doprinosom.<\/p>\r\n<p>Sjednice OzP-a odr\u017eavaju se barem dva puta godi\u0161nje, a na njima treba biti nazo\u010dno vi\u0161e od polovice \u010dlanova\/-ica ili njihovih zamjenika\/-ica kako bi se postigao kvorum potreban za dono\u0161enje odluka.<\/p>\r\n<p><a href=\"https:\/\/esf.hr\/esfplus\/wp-content\/uploads\/2025\/12\/OzP_21-27_clanstvo_2025_12.pdf\"><b>Popis \u010dlanstva OzP 2021.-2027.<\/b><\/a><\/p>\r\n<ul>\r\n<li><b><a href=\"https:\/\/esf.hr\/esfplus\/?page_id=21436&amp;preview=true\">Arhiva<\/a><\/b><\/li>\r\n<li><a href=\"https:\/\/esf.hr\/esfplus\/wp-content\/uploads\/2022\/12\/Poslovnik_OzP_PULJP_21-27_v.1.pdf\">Poslovnik o radu OzP 2021.-2027.<\/a><\/li>\r\n<\/ul>\r\n<ul>\r\n<li><b>Zapisnici sa sjednica OzP 2021.-2027.<\/b><\/li>\r\n<li><a href=\"https:\/\/esf.hr\/esfplus\/wp-content\/uploads\/2026\/01\/8.OzP_Zapisnik.pdf\">8. sjednica OzP-a<\/a><\/li>\r\n<li><a href=\"https:\/\/esf.hr\/esfplus\/wp-content\/uploads\/2025\/04\/7.OzP_21.-27._Zapisnik.pdf\">7. sjednica OzP-a<\/a><\/li>\r\n<li><a href=\"https:\/\/esf.hr\/esfplus\/wp-content\/uploads\/2025\/01\/6.OzP_2021_2027_Zapisnik.pdf\">6. sjednica OzP-a<\/a><\/li>\r\n<li><a href=\"https:\/\/esf.hr\/esfplus\/wp-content\/uploads\/2024\/06\/5.OzP_2021_2027_Zapisnik.pdf\">5. sjednica OzP-a<\/a><\/li>\r\n<li><a href=\"https:\/\/esf.hr\/esfplus\/wp-content\/uploads\/2024\/01\/4.OzP_2021_2027_Zapisnik.pdf\">4. sjednica OzP-a<\/a><\/li>\r\n<li><a href=\"https:\/\/esf.hr\/esfplus\/wp-content\/uploads\/2023\/06\/3.OzP_2021_2027_Zapisnik.pdf\">3. sjednica OzP-a<\/a><\/li>\r\n<li><a href=\"https:\/\/esf.hr\/esfplus\/wp-content\/uploads\/2023\/03\/Zapisnik_2.sjednica_OzP_PULJP.pdf\" target=\"_blank\" rel=\"noopener\">2. sjednica OzP-a<\/a><\/li>\r\n<li><a href=\"https:\/\/esf.hr\/esfplus\/wp-content\/uploads\/2023\/01\/1.OzP_2021_2027_zapisnik_final.pdf\" target=\"_blank\" rel=\"noreferrer noopener\">1. sjednica OzP-a<\/a><\/li>\r\n<\/ul>\r\n<ul>\r\n<li><b>Radna dokumentacija za \u010dlanstvo OzP 2021.-2027.<\/b><\/li>\r\n<li><a href=\"https:\/\/esf.hr\/esfplus\/8-sjednica-ozp-a\/\">8. sjednica OzP-a<\/a><\/li>\r\n<li><a href=\"https:\/\/esf.hr\/esfplus\/7-sjednica-ozp-a\/\">7. sjednica OzP-a<\/a><\/li>\r\n<li><a href=\"https:\/\/esf.hr\/esfplus\/6-sjednica-ozp-a\/\">6. sjednica OzP-a<\/a><\/li>\r\n<li><a href=\"https:\/\/esf.hr\/esfplus\/5-sjednica-ozp-a\/\">5. sjednica OzP-a<\/a><\/li>\r\n<li><a href=\"https:\/\/esf.hr\/esfplus\/4-sjednica-ozp-a\/\">4. sjednica OzP-a<\/a><\/li>\r\n<li><a href=\"https:\/\/esf.hr\/esfplus\/3-sjednica-odbora-za-pracenje-programa-ucinkoviti-ljudski-potencijali-2021-2027\/\">3. sjednica OzP-a<\/a><\/li>\r\n<li><a href=\"https:\/\/esf.hr\/esfplus\/2-sjednica-odbora-za-pracenje-programa-ucinkoviti-ljudski-potencijali-2021-2027\/\">2. sjednica OzP-a<\/a><\/li>\r\n<li><a href=\"https:\/\/esf.hr\/esfplus\/zasticeno-1-konstituirajuca-sjednica-odbora-za-pracenje-programa-ucinkoviti-ljudski-potencijali-2021-2027\/\">1. sjednica OzP-a<\/a><\/li>\r\n<\/ul>\r\n<\/div>\r\n<\/div>\r\n\r\n\r\n<hr class=\"wp-block-separator\" \/>\r\n\r\n\r\n<div class=\"wp-block-pb-accordion-item c-accordion__item js-accordion-item no-js\" data-initially-open=\"false\" data-click-to-close=\"true\" data-auto-close=\"true\" data-scroll=\"false\" data-scroll-offset=\"0\">\r\n<h2 id=\"at-136131\" class=\"c-accordion__title js-accordion-controller\" role=\"button\">Prijenos podataka<\/h2>\r\n<div id=\"ac-136131\" class=\"c-accordion__content\">\r\n<p>Upravlja\u010dko tijelo na temelju predlo\u0161ka utvr\u0111enog u Prilogu VII Uredbe (EU) 2021\/1060 EUROPSKOG PARLAMENTA I VIJE\u0106A od 24. lipnja 2021. svake godine do 31. sije\u010dnja, 30. travnja, 31. srpnja, 30. rujna i 30. studenoga elektroni\u010dkim putem Komisiji dostavlja sve kumulativne financijske podatke za Program U\u010dinkoviti ljudski potencijali 2021.-2027. Podaci o vrijednostima pokazatelja ostvarenja i pokazatelja rezultata za odabrane operacije i vrijednosti postignute operacijama te podaci o financijskim instrumentima, dostavljaju se elektroni\u010dkim putem dva puta godi\u0161nje do 31. sije\u010dnja i 31. srpnja. Za prioritet 7. <em>Materijalna deprivacija<\/em>, specifi\u010dni cilj m. <em>Suzbijanje materijalne oskudice osiguravanjem hrane i\/ili osnovne materijalne pomo\u0107i za najpotrebitije, uklju\u010duju\u0107i djecu, i pru\u017eanje popratnih mjera kojima se podupire njihova socijalna uklju\u010denost<\/em>, podaci se prenose na godi\u0161njoj razini do 31. sije\u010dnja.<\/p>\r\n<ul>\r\n<li style=\"list-style-type: none\">\r\n<ul>\r\n<li><a href=\"https:\/\/esf.hr\/esfplus\/izvjestaji-podneseni-europskoj-komisiji\/\">Izvje\u0161taji podneseni Europskoj komisiji<\/a><\/li>\r\n<li><a href=\"https:\/\/esf.hr\/esfplus\/repozitorij\/\">Repozitorij<\/a><\/li>\r\n<\/ul>\r\n<\/li>\r\n<\/ul>\r\n<\/div>\r\n<\/div>\r\n\r\n\r\n<hr class=\"wp-block-separator\" \/>\r\n\r\n\r\n<div class=\"wp-block-pb-accordion-item c-accordion__item js-accordion-item no-js\" data-initially-open=\"false\" data-click-to-close=\"true\" data-auto-close=\"true\" data-scroll=\"false\" data-scroll-offset=\"0\">\r\n<h2 id=\"at-136132\" class=\"c-accordion__title js-accordion-controller\" role=\"button\">Metodologija za uspostavu okvira uspje\u0161nosti<\/h2>\r\n<div id=\"ac-136132\" class=\"c-accordion__content\">\r\n<p>Upravlja\u010dko tijelo (dalje u tekstu UT) za Program U\u010dinkoviti ljudski potencijali 2021.-2027. (dalje u tekstu PULJP 2021.-2027.) raspisuje metodologiju odabira pokazatelja koji \u010dine okvir uspje\u0161nosti, sukladno \u010dlanku 17. Uredbe (EU) 2021\/1060 EUROPSKOG PARLAMENTA I VIJE\u0106A od 24. lipnja 2021. (dalje u tekstu UZO) u dokumentu Metodologija za uspostavu okvira uspje\u0161nosti.<\/p>\r\n<p>Sadr\u017eaj metodologije okvira uspje\u0161nosti uklju\u010duje:<br \/>(a) kriterije koje dr\u017eava \u010dlanica primjenjuje za odabir pokazatelja;<br \/>(b) upotrijebljene podatke ili dokaze, jamstvo kvalitete podataka i metodu izra\u010duna;<br \/>(c) \u010dimbenike koji mogu utjecati na ostvarenje klju\u010dnih etapa i ciljnih vrijednosti te na\u010din na koji su uzeti u obzir.<\/p>\r\n<p>Alat koji se koristi za detaljnu razradu pojedinog pokazatelja na razini svakog specifi\u010dnog cilja (dalje u tekstu s.c.) programiranoga u okviru PULJP 2021.-2027. je obrazac Kartice pokazatelja (eng. Indicator fiche \u2013 dalje u tekstu: IF obrazac). IF obrazac razra\u0111en je za svaki zajedni\u010dki pokazatelj naveden u UREDBI (EU) 2021\/1057 EUROPSKOG PARLAMENTA I VIJE\u0106A od 24. lipnja 2021. (dalje u tekstu ESF+ Uredba) u okviru dokumenta ESF+ Alati za zajedni\u010dke pokazatelje <em>(eng. Common indicators toolbox)<\/em>, dok je obveza dr\u017eave \u010dlanice razraditi IF obrazac za svaki zajedni\u010dki pokazatelj za koji se postavlja cilj u Programu i svaki specifi\u010dni (s ciljem i bez).<\/p>\r\n<p>Prilikom izrade pojedinog IF obrasca uzimaju se u obzir planirane aktivnosti pojedinog s.c., planirani obuhvat istih, predvi\u0111ene ciljane skupine i prihvatljivi Korisnici (nositelji projekta), \u0161to sve ima utjecaj na sadr\u017eaj IF obrasca. Tako\u0111er, detaljno se dokumentiraju kori\u0161teni podaci i izvori, metoda izra\u010duna te \u010dimbenici koji mogu utjecati na ostvarenje zadanih ciljeva, dostupni u vrijeme programiranja.<\/p>\r\n<p>Svrha navedenog dokumenta je uspostava kvalitetnog sustava pra\u0107enja, a koji izme\u0111u ostaloga omogu\u0107ava generiranje podataka koji slu\u017ee kao podloga za pra\u0107enje u\u010dinaka Programa i provedbu evaluacija.<\/p>\r\n<ul>\r\n<li><a href=\"https:\/\/esf.hr\/esfplus\/wp-content\/uploads\/2022\/11\/ESF_Metodologija_okvir_uspjesnosti_v.1.0.pdf\">Metodologija za uspostavu okvira uspje\u0161nosti<\/a><\/li>\r\n<\/ul>\r\n<\/div>\r\n<\/div>\r\n\r\n\r\n<hr class=\"wp-block-separator\" \/>\r\n\r\n\r\n<div class=\"wp-block-pb-accordion-item c-accordion__item js-accordion-item no-js\" data-initially-open=\"false\" data-click-to-close=\"true\" data-auto-close=\"true\" data-scroll=\"false\" data-scroll-offset=\"0\">\r\n<h2 id=\"at-136133\" class=\"c-accordion__title js-accordion-controller\" role=\"button\">Odbor za pra\u0107enje 2014.-2020.<\/h2>\r\n<div id=\"ac-136133\" class=\"c-accordion__content\">\r\n<ul>\r\n<li><strong>Radna dokumentacija za \u010dlanstvo OzP 2014.-2020.<\/strong><\/li>\r\n<li><a href=\"https:\/\/esf.hr\/esfplus\/20-sjednica-ozp-a\/\">20. sjednica OzP-a<\/a><\/li>\r\n<\/ul>\r\n<\/div>\r\n<\/div>\r\n\r\n\r\n<hr class=\"wp-block-separator\" \/>","protected":false},"excerpt":{"rendered":"<p>Odbor za pra\u0107enje 2021.-2027. Odbor za pra\u0107enje 2021.-2027. (u daljnjem tekstu: OzP) Programa U\u010dinkoviti ljudski potencijali 2021.-2027. (u daljnjem tekstu: PULJP) stalno je tijelo uspostavljeno s ciljem pra\u0107enja napretka u provedbi PULJP-a i u ostvarenju njegovih specifi\u010dnih ciljeva, uzimaju\u0107i u obzir financijske podatke, podatke o ostvarenom doprinosu zajedni\u010dkim pokazateljima ostvarenja i rezultata te pokazateljima ostvarenja [&hellip;]<\/p>\n","protected":false},"author":20,"featured_media":0,"parent":0,"menu_order":0,"comment_status":"closed","ping_status":"closed","template":"","meta":{"_monsterinsights_skip_tracking":false,"_monsterinsights_sitenote_active":false,"_monsterinsights_sitenote_note":"","_monsterinsights_sitenote_category":0,"cybocfi_hide_featured_image":""},"yoast_head":"<!-- This site is optimized with the Yoast SEO plugin v16.8 - https:\/\/yoast.com\/wordpress\/plugins\/seo\/ -->\n<title>Pra\u0107enje - Europski socijalni fond<\/title>\n<meta name=\"robots\" content=\"index, follow, max-snippet:-1, max-image-preview:large, max-video-preview:-1\" \/>\n<link rel=\"canonical\" href=\"https:\/\/esf.hr\/esfplus\/pracenje\/\" \/>\n<meta property=\"og:locale\" content=\"en_US\" \/>\n<meta property=\"og:type\" content=\"article\" \/>\n<meta property=\"og:title\" content=\"Pra\u0107enje - Europski socijalni fond\" \/>\n<meta property=\"og:description\" content=\"Odbor za pra\u0107enje 2021.-2027. Odbor za pra\u0107enje 2021.-2027. (u daljnjem tekstu: OzP) Programa U\u010dinkoviti ljudski potencijali 2021.-2027. (u daljnjem tekstu: PULJP) stalno je tijelo uspostavljeno s ciljem pra\u0107enja napretka u provedbi PULJP-a i u ostvarenju njegovih specifi\u010dnih ciljeva, uzimaju\u0107i u obzir financijske podatke, podatke o ostvarenom doprinosu zajedni\u010dkim pokazateljima ostvarenja i rezultata te pokazateljima ostvarenja [&hellip;]\" \/>\n<meta property=\"og:url\" content=\"https:\/\/esf.hr\/esfplus\/pracenje\/\" \/>\n<meta property=\"og:site_name\" content=\"Europski socijalni fond\" \/>\n<meta property=\"article:modified_time\" content=\"2026-01-27T14:58:26+00:00\" \/>\n<meta name=\"twitter:label1\" content=\"Est. reading time\" \/>\n\t<meta name=\"twitter:data1\" content=\"4 minutes\" \/>\n<script type=\"application\/ld+json\" class=\"yoast-schema-graph\">{\"@context\":\"https:\/\/schema.org\",\"@graph\":[{\"@type\":\"WebSite\",\"@id\":\"https:\/\/esf.hr\/esfplus\/#website\",\"url\":\"https:\/\/esf.hr\/esfplus\/\",\"name\":\"Europski socijalni fond\",\"description\":\"Program U\\u010dinkoviti ljudski potencijali 2021.-2027.\",\"potentialAction\":[{\"@type\":\"SearchAction\",\"target\":{\"@type\":\"EntryPoint\",\"urlTemplate\":\"https:\/\/esf.hr\/esfplus\/?s={search_term_string}\"},\"query-input\":\"required name=search_term_string\"}],\"inLanguage\":\"en-US\"},{\"@type\":\"WebPage\",\"@id\":\"https:\/\/esf.hr\/esfplus\/pracenje\/#webpage\",\"url\":\"https:\/\/esf.hr\/esfplus\/pracenje\/\",\"name\":\"Pra\\u0107enje - Europski socijalni fond\",\"isPartOf\":{\"@id\":\"https:\/\/esf.hr\/esfplus\/#website\"},\"datePublished\":\"2021-06-25T09:31:55+00:00\",\"dateModified\":\"2026-01-27T14:58:26+00:00\",\"breadcrumb\":{\"@id\":\"https:\/\/esf.hr\/esfplus\/pracenje\/#breadcrumb\"},\"inLanguage\":\"en-US\",\"potentialAction\":[{\"@type\":\"ReadAction\",\"target\":[\"https:\/\/esf.hr\/esfplus\/pracenje\/\"]}]},{\"@type\":\"BreadcrumbList\",\"@id\":\"https:\/\/esf.hr\/esfplus\/pracenje\/#breadcrumb\",\"itemListElement\":[{\"@type\":\"ListItem\",\"position\":1,\"name\":\"Naslovna\",\"item\":\"https:\/\/esf.hr\/esfplus\/\"},{\"@type\":\"ListItem\",\"position\":2,\"name\":\"Pra\\u0107enje\"}]}]}<\/script>\n<!-- \/ Yoast SEO plugin. -->","yoast_head_json":{"title":"Pra\u0107enje - Europski socijalni fond","robots":{"index":"index","follow":"follow","max-snippet":"max-snippet:-1","max-image-preview":"max-image-preview:large","max-video-preview":"max-video-preview:-1"},"canonical":"https:\/\/esf.hr\/esfplus\/pracenje\/","og_locale":"en_US","og_type":"article","og_title":"Pra\u0107enje - Europski socijalni fond","og_description":"Odbor za pra\u0107enje 2021.-2027. Odbor za pra\u0107enje 2021.-2027. (u daljnjem tekstu: OzP) Programa U\u010dinkoviti ljudski potencijali 2021.-2027. (u daljnjem tekstu: PULJP) stalno je tijelo uspostavljeno s ciljem pra\u0107enja napretka u provedbi PULJP-a i u ostvarenju njegovih specifi\u010dnih ciljeva, uzimaju\u0107i u obzir financijske podatke, podatke o ostvarenom doprinosu zajedni\u010dkim pokazateljima ostvarenja i rezultata te pokazateljima ostvarenja [&hellip;]","og_url":"https:\/\/esf.hr\/esfplus\/pracenje\/","og_site_name":"Europski socijalni fond","article_modified_time":"2026-01-27T14:58:26+00:00","twitter_misc":{"Est. reading time":"4 minutes"},"schema":{"@context":"https:\/\/schema.org","@graph":[{"@type":"WebSite","@id":"https:\/\/esf.hr\/esfplus\/#website","url":"https:\/\/esf.hr\/esfplus\/","name":"Europski socijalni fond","description":"Program U\u010dinkoviti ljudski potencijali 2021.-2027.","potentialAction":[{"@type":"SearchAction","target":{"@type":"EntryPoint","urlTemplate":"https:\/\/esf.hr\/esfplus\/?s={search_term_string}"},"query-input":"required name=search_term_string"}],"inLanguage":"en-US"},{"@type":"WebPage","@id":"https:\/\/esf.hr\/esfplus\/pracenje\/#webpage","url":"https:\/\/esf.hr\/esfplus\/pracenje\/","name":"Pra\u0107enje - Europski socijalni fond","isPartOf":{"@id":"https:\/\/esf.hr\/esfplus\/#website"},"datePublished":"2021-06-25T09:31:55+00:00","dateModified":"2026-01-27T14:58:26+00:00","breadcrumb":{"@id":"https:\/\/esf.hr\/esfplus\/pracenje\/#breadcrumb"},"inLanguage":"en-US","potentialAction":[{"@type":"ReadAction","target":["https:\/\/esf.hr\/esfplus\/pracenje\/"]}]},{"@type":"BreadcrumbList","@id":"https:\/\/esf.hr\/esfplus\/pracenje\/#breadcrumb","itemListElement":[{"@type":"ListItem","position":1,"name":"Naslovna","item":"https:\/\/esf.hr\/esfplus\/"},{"@type":"ListItem","position":2,"name":"Pra\u0107enje"}]}]}},"_links":{"self":[{"href":"https:\/\/esf.hr\/esfplus\/wp-json\/wp\/v2\/pages\/13613"}],"collection":[{"href":"https:\/\/esf.hr\/esfplus\/wp-json\/wp\/v2\/pages"}],"about":[{"href":"https:\/\/esf.hr\/esfplus\/wp-json\/wp\/v2\/types\/page"}],"author":[{"embeddable":true,"href":"https:\/\/esf.hr\/esfplus\/wp-json\/wp\/v2\/users\/20"}],"replies":[{"embeddable":true,"href":"https:\/\/esf.hr\/esfplus\/wp-json\/wp\/v2\/comments?post=13613"}],"version-history":[{"count":107,"href":"https:\/\/esf.hr\/esfplus\/wp-json\/wp\/v2\/pages\/13613\/revisions"}],"predecessor-version":[{"id":25413,"href":"https:\/\/esf.hr\/esfplus\/wp-json\/wp\/v2\/pages\/13613\/revisions\/25413"}],"wp:attachment":[{"href":"https:\/\/esf.hr\/esfplus\/wp-json\/wp\/v2\/media?parent=13613"}],"curies":[{"name":"wp","href":"https:\/\/api.w.org\/{rel}","templated":true}]}}