{"id":13612,"date":"2021-06-25T10:32:34","date_gmt":"2021-06-25T09:32:34","guid":{"rendered":"https:\/\/esf.hr\/esfplus\/?page_id=13612"},"modified":"2025-01-09T13:24:10","modified_gmt":"2025-01-09T12:24:10","slug":"evaluacije","status":"publish","type":"page","link":"https:\/\/esf.hr\/esfplus\/evaluacije\/","title":{"rendered":"Evaluacijske aktivnosti"},"content":{"rendered":"<hr class=\"wp-block-separator\" \/>\r\n<div class=\"wp-block-pb-accordion-item c-accordion__item js-accordion-item no-js\" data-initially-open=\"false\" data-click-to-close=\"true\" data-auto-close=\"true\" data-scroll=\"true\" data-scroll-offset=\"300\">\r\n<h2 id=\"at-136124\" class=\"c-accordion__title js-accordion-controller\" role=\"button\"><strong>Zakonodavni okvir<\/strong>\u00a0<\/h2>\r\n<div id=\"ac-136124\" class=\"c-accordion__content\">\r\n<p><span data-contrast=\"auto\">U financijskom razdoblju 2021.-2027., provedba evaluacija\u00a0 regulirana je sljede\u0107im zakonodavnim okvirom:<\/span><span data-ccp-props=\"{\">\u00a0<\/span><\/p>\r\n<ul>\r\n<li data-leveltext=\"-\" data-font=\"Calibri\" data-listid=\"1\" data-list-defn-props=\"{\" aria-setsize=\"-1\" data-aria-posinset=\"2\" data-aria-level=\"1\"><a href=\"https:\/\/eur-lex.europa.eu\/legal-content\/HR\/TXT\/PDF\/?uri=CELEX:32021R1060&amp;from=HR\"><span data-contrast=\"none\">Uredbom (EU) 2021\/1060 Europskog parlamenta i Vije\u0107a od 24. lipnja 2021. o utvr\u0111ivanju zajedni\u010dkih odredaba o Europskom fondu za regionalni razvoj, Europskom socijalnom fondu plus, Kohezijskom fondu, Fondu za pravednu tranziciju i Europskom fondu za pomorstvo, ribarstvo i akvakulturu te financijskih pravila za njih i za Fond za azil, migracije i integraciju, Fond za unutarnju sigurnost i Instrument za financijsku potporu u podru\u010dju upravljanja granicama i vizne politike\u00a0<\/span><\/a><span data-ccp-props=\"{\">\u00a0<\/span><\/li>\r\n<li data-leveltext=\"-\" data-font=\"Calibri\" data-listid=\"1\" data-list-defn-props=\"{\" aria-setsize=\"-1\" data-aria-posinset=\"2\" data-aria-level=\"1\"><a href=\"https:\/\/eur-lex.europa.eu\/legal-content\/HR\/TXT\/PDF\/?uri=CELEX:32021R1057&amp;from=HR\"><span data-contrast=\"none\">Uredbom (EU) 2021\/1057 Europskog parlamenta i Vije\u0107a od 24. lipnja 2021. o uspostavi Europskog socijalnog fonda plus (ESF+) i stavljanju izvan snage Uredbe (EU) br. 1296\/2013.<\/span><\/a><span data-contrast=\"none\">\u00a0<\/span><span data-ccp-props=\"{\">\u00a0<\/span><\/li>\r\n<li data-leveltext=\"-\" data-font=\"Calibri\" data-listid=\"1\" data-list-defn-props=\"{\" aria-setsize=\"-1\" data-aria-posinset=\"2\" data-aria-level=\"1\"><a href=\"https:\/\/www.zakon.hr\/z\/2998\/Zakon-o-institucionalnom-okviru-za-kori%C5%A1tenje-fondova-Europske-unije-u-Republici-Hrvatskoj\"><span data-contrast=\"none\">Zakonom o institucionalnom okviru za kori\u0161tenje fondova Europske unije u Republici Hrvatskoj NN 116\/21\u00a0<\/span><\/a><span data-ccp-props=\"{\">\u00a0<\/span><\/li>\r\n<li data-leveltext=\"-\" data-font=\"Calibri\" data-listid=\"1\" data-list-defn-props=\"{\" aria-setsize=\"-1\" data-aria-posinset=\"2\" data-aria-level=\"1\"><a href=\"https:\/\/narodne-novine.nn.hr\/clanci\/sluzbeni\/2022_08_96_1430.html\"><span data-contrast=\"none\">Uredbom o tijelima u sustavu upravljanja i kontrole kori\u0161tenja Europskog socijalnog fonda plus u vezi s ciljem \u00bbUlaganje za radna mjesta i rast\u00ab, u okviru programa U\u010dinkoviti ljudski potencijali 2021. \u2013 2027. (nn.hr)<\/span><\/a><span data-ccp-props=\"{\">\u00a0<\/span><\/li>\r\n<\/ul>\r\n<p><span data-ccp-props=\"{\">\u00a0<\/span><span data-contrast=\"auto\">Ciljevi i metodologija vrednovanja za sve operativne programe financijskoga razdoblja sadr\u017eani su u <\/span><a href=\"https:\/\/strukturnifondovi.hr\/wp-content\/uploads\/2023\/05\/Strategija-vrednovanja-provedbe-EU-fondova-21-27_FINAL.pdf\"><span data-contrast=\"none\">Strategiji vrednovanja provedbe fondova Europske unije u Republici Hrvatskoj financijskog razdoblja 2021.-2027.<\/span><\/a><span data-contrast=\"auto\"> \u010diju provedbu nadzire Ministarstvo regionalnoga razvoja i fondova Europske unije\u00a0 u funkciji Koordinacijskog tijela.<\/span><span data-ccp-props=\"{\">\u00a0<\/span><\/p>\r\n<p><span data-ccp-props=\"{\">\u00a0<\/span><\/p>\r\n<\/div>\r\n<\/div>\r\n\r\n\r\n<hr class=\"wp-block-separator\" \/>\r\n\r\n\r\n<div class=\"wp-block-pb-accordion-item c-accordion__item js-accordion-item no-js\" data-initially-open=\"false\" data-click-to-close=\"true\" data-auto-close=\"true\" data-scroll=\"true\" data-scroll-offset=\"300\">\r\n<h2 id=\"at-136120\" class=\"c-accordion__title js-accordion-controller\" role=\"button\"><strong>Evaluacijska upravlja\u010dka skupina 2021.-2027.\u00a0<\/strong>\u00a0<\/h2>\r\n<div id=\"ac-136120\" class=\"c-accordion__content\">\r\n<p><span data-contrast=\"auto\">U skladu s \u010dlankom 5. stavak 25. Uredbe o tijelima u sustavu upravljanja i kontrole kori\u0161tenja Europskog socijalnog fonda plus u vezi s ciljem \u201eUlaganje za radna mjesta i rast\u201c u okviru Programa U\u010dinkoviti ljudski potencijali 2021.-2027. (dalje u tekstu: PULJP), Upravlja\u010dko tijelo je osnovalo Evaluacijsku upravlja\u010dku skupinu (dalje u tekstu: EUS).<\/span><span data-ccp-props=\"{\">\u00a0<\/span><\/p>\r\n<p><span data-contrast=\"auto\">Slijede\u0107i smjernice Europske komisije i primjere dobre prakse iz programskog razdoblja 2014.-2020., EUS je uspostavljen u svrhu<\/span> <span data-contrast=\"none\">daljnjeg ja\u010danja neovisnosti i <\/span><span data-contrast=\"none\">osiguravanja kvalitete<\/span><span data-contrast=\"none\"> provo\u0111enja postupaka vrednovanja u okviru PULJP-a.<\/span><span data-ccp-props=\"{\">\u00a0<\/span><\/p>\r\n<p><span data-contrast=\"none\">EUS predla\u017ee i razmatra planove evaluacije u okviru Plana vrednovanja s posebnim naglaskom na razradu evaluacijskih pitanja, razmatra i predla\u017ee istra\u017eiva\u010dku metodologiju, nadzire postupke vrednovanja, osna\u017euje neovisnost evaluatora, doprinosi kvaliteti evaluacijskih izvje\u0161\u0107a te doprinosi prikladnom kori\u0161tenju rezultata vrednovanja i \u0161irenju evaluacijske kulture.<\/span><span data-ccp-props=\"{\">\u00a0<\/span><\/p>\r\n<p><span data-contrast=\"none\">\u010clanovi\/ce EUS-a su predstavnici\/e tijela uklju\u010denih u sustav upravljanja i kontrole ESF+, predstavnici\/e Koordinacijskog tijela i drugih tijela uklju\u010denih u provedbu fondova EU, predstavnici\/e institucija\/saveza\/udruga sa specifi\u010dnim interesima za vrednovanja PULJP-a, predstavnici\/e organizacija civilnoga dru\u0161tva (podru\u010dja: djeca i mladi, nezaposleni, socijalna i zdravstvena skrb), predstavnici\/e pravobraniteljskih institucija te znanstvenici\/e i istra\u017eiva\u010di\/ce s relevantnim podru\u010djima interesa.<\/span><span data-ccp-props=\"{\">\u00a0<\/span><\/p>\r\n<p>&nbsp;<\/p>\r\n<p><a href=\"https:\/\/esf.hr\/esfplus\/wp-content\/uploads\/2025\/01\/Popis_clanstva_EUS_2021-2027.pdf\"><span data-contrast=\"none\">Popis \u010dlanstva EUS-a 2021.-2027.<\/span><\/a><span data-contrast=\"auto\">\u00a0<\/span><b><span data-contrast=\"auto\">\u00a0\u00a0\u00a0 <\/span><\/b><span data-ccp-props=\"{\">\u00a0<\/span><\/p>\r\n<p><a href=\"https:\/\/esf.hr\/esfplus\/wp-content\/uploads\/2023\/11\/Poslovnik-o-radu-EUS-a-2021.-2027.pdf\"><span data-contrast=\"none\">Poslovnik o radu EUS-a 2021.-2027.<\/span><\/a><span data-contrast=\"auto\">\u00a0\u00a0\u00a0\u00a0<\/span> <span data-ccp-props=\"{\">\u00a0<\/span><\/p>\r\n<p><span data-ccp-props=\"{\">\u00a0<\/span><\/p>\r\n<\/div>\r\n<\/div>\r\n\r\n\r\n<hr class=\"wp-block-separator\" \/>\r\n\r\n\r\n<div class=\"wp-block-pb-accordion-item c-accordion__item js-accordion-item no-js\" data-initially-open=\"false\" data-click-to-close=\"true\" data-auto-close=\"true\" data-scroll=\"true\" data-scroll-offset=\"300\">\r\n<h2 id=\"at-136121\" class=\"c-accordion__title js-accordion-controller\" role=\"button\"><strong>Plan vrednovanja Programa U\u010dinkoviti ljudski potencijali\u00a0 2021.-2027.\u00a0<\/strong>\u00a0<\/h2>\r\n<div id=\"ac-136121\" class=\"c-accordion__content\">\r\n<p><span data-contrast=\"auto\">Plan vrednovanja (dalje u tekstu: Plan) izra\u0111uje Upravlja\u010dko tijelo PULJP-a 2021.-2027., u suradnji s ostalim tijelima u sustavu upravljanja i kontrole kori\u0161tenja ESF+ te uz potporu Evaluacijske upravlja\u010dke skupine PULJP-a.\u00a0<\/span><span data-ccp-props=\"{\">\u00a0<\/span><\/p>\r\n<p><span data-contrast=\"auto\">Cilj Plana je utvrditi okvir za pravovremeno planiranje vrednovanja, mehanizme koordinacije, kao i <\/span><span data-contrast=\"none\">osigurati visoku razinu kvalitete provedbe evaluacija u svrhu u\u010dinkovite primjene rezultata i preporuka.<\/span><span data-contrast=\"auto\">\u00a0<\/span><span data-ccp-props=\"{\">\u00a0<\/span><\/p>\r\n<p><span data-contrast=\"auto\">Plan predstavlja klju\u010dni dokument za definiranje evaluacijskih prioriteta i rasporeda evaluacijskih aktivnosti kao i usmjeravanje relevantnih dionika kroz okvir planiranja i provedbe evaluacija.<\/span><span data-ccp-props=\"{\">\u00a0<\/span><\/p>\r\n<p><span data-contrast=\"auto\">Plan tako\u0111er ima sljede\u0107e zada\u0107e:<\/span><span data-ccp-props=\"{\">\u00a0<\/span><\/p>\r\n<ul>\r\n<li data-leveltext=\"-\" data-font=\"Calibri\" data-listid=\"4\" data-list-defn-props=\"{\" aria-setsize=\"-1\" data-aria-posinset=\"1\" data-aria-level=\"1\"><span data-contrast=\"auto\">stvara zajedni\u010dko razumijevanje svrhe(a) od strane korisnika evaluacijskih rezultata,<\/span><span data-ccp-props=\"{\">\u00a0<\/span><\/li>\r\n<li data-leveltext=\"-\" data-font=\"Calibri\" data-listid=\"4\" data-list-defn-props=\"{\" aria-setsize=\"-1\" data-aria-posinset=\"2\" data-aria-level=\"1\"><span data-contrast=\"auto\">poti\u010de transparentnost programa,<\/span><span data-ccp-props=\"{\">\u00a0<\/span><\/li>\r\n<li data-leveltext=\"-\" data-font=\"Calibri\" data-listid=\"4\" data-list-defn-props=\"{\" aria-setsize=\"-1\" data-aria-posinset=\"3\" data-aria-level=\"1\"><span data-contrast=\"auto\">poma\u017ee u odre\u0111ivanju prioriteta tema i evaluacijskih pitanja, u skladu s utvr\u0111enim potrebama provedbe evaluacija,<\/span><span data-ccp-props=\"{\">\u00a0<\/span><\/li>\r\n<li data-leveltext=\"-\" data-font=\"Calibri\" data-listid=\"4\" data-list-defn-props=\"{\" aria-setsize=\"-1\" data-aria-posinset=\"3\" data-aria-level=\"1\"><span data-contrast=\"auto\">podr\u017eava ranu identifikaciju podataka potrebnih za provedbu planiranih evaluacija,<\/span><span data-ccp-props=\"{\">\u00a0<\/span><\/li>\r\n<li data-leveltext=\"-\" data-font=\"Calibri\" data-listid=\"4\" data-list-defn-props=\"{\" aria-setsize=\"-1\" data-aria-posinset=\"3\" data-aria-level=\"1\"><span data-contrast=\"auto\">poma\u017ee u osmi\u0161ljavanju realnog vremenskog okvira za evaluacije, u skladu s potrebama za informacijama za podr\u0161ku u odlu\u010divanju,<\/span><span data-ccp-props=\"{\">\u00a0<\/span><\/li>\r\n<li data-leveltext=\"-\" data-font=\"Calibri\" data-listid=\"4\" data-list-defn-props=\"{\" aria-setsize=\"-1\" data-aria-posinset=\"3\" data-aria-level=\"1\"><span data-contrast=\"auto\">povezuje vi\u0161e evaluacijskih aktivnosti,<\/span><span data-ccp-props=\"{\">\u00a0<\/span><\/li>\r\n<li data-leveltext=\"-\" data-font=\"Calibri\" data-listid=\"4\" data-list-defn-props=\"{\" aria-setsize=\"-1\" data-aria-posinset=\"3\" data-aria-level=\"1\"><span data-contrast=\"auto\">podr\u017eava izgradnju evaluacijskih kapaciteta me\u0111u administrativnim slu\u017ebenicima, tr\u017ei\u0161nim partnerima i dionicima,<\/span><span data-ccp-props=\"{\">\u00a0<\/span><\/li>\r\n<li data-leveltext=\"-\" data-font=\"Calibri\" data-listid=\"4\" data-list-defn-props=\"{\" aria-setsize=\"-1\" data-aria-posinset=\"3\" data-aria-level=\"1\"><span data-contrast=\"auto\">predstavlja vi\u0161egodi\u0161nji sveobuhvatni dokument s pregledom najva\u017enijih aktivnosti, od uklju\u010divanja dionika do diseminacije i kori\u0161tenja rezultata,<\/span><span data-ccp-props=\"{\">\u00a0<\/span><\/li>\r\n<li data-leveltext=\"-\" data-font=\"Calibri\" data-listid=\"4\" data-list-defn-props=\"{\" aria-setsize=\"-1\" data-aria-posinset=\"3\" data-aria-level=\"1\"><span data-contrast=\"auto\">promi\u010de dobre prakse u vrednovanju.<\/span><span data-ccp-props=\"{\">\u00a0<\/span><\/li>\r\n<\/ul>\r\n<p><span data-contrast=\"auto\">Plan, kao i sve njegove izmjene, dostavljaju se na komentiranje \u010dlanovima\/icama EUS-a te na odobrenje Odboru za pra\u0107enje PULJP-a sukladno \u010dlanku 44. stavak 6. Uredbe (EU) 2021\/1060.\u00a0<\/span><span data-ccp-props=\"{\">\u00a0<\/span><\/p>\r\n<p>Plan vrednovanja PULJP-a 2021.-2027. verzija 1.0 usvojen je u listopadu 2023. godine od strane Odbora za pra\u0107enje PULJP-a 2021.-2027.<\/p>\r\n<p>Usvajanje je provedeno pisanim postupkom odlu\u010divanja, sukladno \u010dlanku 10. stavku 8. Poslovnika Odbora za pra\u0107enje predmetnog programa.<\/p>\r\n<p><a href=\"https:\/\/esf.hr\/esfplus\/wp-content\/uploads\/2023\/10\/Plan-vrednovanja-PULJP-a-2021.-2027_v1.0.pdf\">Plan vrednovanja Programa U\u010dinkoviti ljudski potencijali 2021.-2027.<\/a><\/p>\r\n<\/div>\r\n<\/div>\r\n\r\n\r\n<hr class=\"wp-block-separator\" \/>\r\n\r\n\r\n<div class=\"wp-block-pb-accordion-item c-accordion__item js-accordion-item no-js\" data-initially-open=\"false\" data-click-to-close=\"true\" data-auto-close=\"true\" data-scroll=\"true\" data-scroll-offset=\"300\">\r\n<h2 id=\"at-136122\" class=\"c-accordion__title js-accordion-controller\" role=\"button\"><strong>Evaluacije<\/strong>\u00a0<\/h2>\r\n<div id=\"ac-136122\" class=\"c-accordion__content\">\r\n<p><span data-contrast=\"none\">Sukladno Uredbi (EU) 2021\/1060 Europskog parlamenta i Vije\u0107a, dr\u017eava \u010dlanica ili upravlja\u010dko tijelo provodi evaluacije programa u vezi s jednim ili vi\u0161e sljede\u0107ih kriterija: djelotvorno\u0161\u0107u, u\u010dinkovito\u0161\u0107u, relevantno\u0161\u0107u, uskla\u0111eno\u0161\u0107u i dodanom vrijedno\u0161\u0107u Unije, s ciljem pobolj\u0161anja kvalitete izrade i provedbe programa.\u202f<\/span><span data-contrast=\"auto\">\u202f<\/span><span data-ccp-props=\"{\">\u00a0<\/span><\/p>\r\n<p><span data-contrast=\"none\">Evaluacije se mogu temeljiti i na drugim relevantnim kriterijima, kao \u0161to su uklju\u010divost, nediskriminacija i vidljivost.<\/span><span data-contrast=\"auto\">\u202f<\/span><span data-ccp-props=\"{\">\u00a0<\/span><\/p>\r\n<p><span data-contrast=\"none\">Evaluacije se povjeravaju unutarnjim ili vanjskim stru\u010dnjacima koji su funkcionalno neovisni.\u202f<\/span><span data-contrast=\"auto\">\u202f<\/span><span data-ccp-props=\"{\">\u00a0<\/span><\/p>\r\n<p><span data-contrast=\"none\">Sva zavr\u0161na izvje\u0161\u0107a po provedenim evaluacijama javno se objavljuju.<\/span><span data-contrast=\"auto\">\u202f<\/span><\/p>\r\n<p>Informacije o provedenim evaluacijskim aktivnostima vezanim za provedbu operativnih programa prethodnih razdoblja objavljene su na mre\u017enoj stranici \u00a0<a href=\"https:\/\/www.esf.hr\/europski-socijalni-fond\/evaluacijske-aktivnosti\/\">Europskog socijalnog fonda<\/a> .<\/p>\r\n<p><span style=\"font-size: 14pt;\"><strong>Evaluacijske aktivnosti u razdoblju \u00a02021.-2027.<\/strong><\/span><\/p>\r\n<ol>\r\n<li><a href=\"https:\/\/esf.hr\/esfplus\/wp-content\/uploads\/2024\/10\/Evaluacija_HKO_Zavrsno_izvjesce.pdf\">Evaluacija procesa vezanih za primjenu Hrvatskog kvalifikacijskog okvira<\/a><\/li>\r\n<\/ol>\r\n<p>Evaluacijom su vrednovani procesi vezani za primjenu Hrvatskog kvalifikacijskog okvira u svrhu unaprje\u0111enja istih te pripreme budu\u0107ih operacija\/poziva iz Programa U\u010dinkoviti ljudski potencijali 2021.-2027. S glavnim fokusom na procjeni utjecaja novih zakonskih izmjena iz 2021. godine na pojednostavljenje i ubrzanje analiziranih procesa te koordinaciju uklju\u010denih aktera, obuhva\u0107eni su najva\u017eniji procesi relevantni za razvoj i primjenu Hrvatskog kvalifikacijskog okvira.<\/p>\r\n<\/div>\r\n<\/div>\r\n<hr class=\"wp-block-separator\" \/>","protected":false},"excerpt":{"rendered":"","protected":false},"author":20,"featured_media":0,"parent":0,"menu_order":0,"comment_status":"closed","ping_status":"closed","template":"","meta":{"_monsterinsights_skip_tracking":false,"_monsterinsights_sitenote_active":false,"_monsterinsights_sitenote_note":"","_monsterinsights_sitenote_category":0,"cybocfi_hide_featured_image":""},"yoast_head":"<!-- This site is optimized with the Yoast SEO plugin v16.8 - https:\/\/yoast.com\/wordpress\/plugins\/seo\/ -->\n<title>Evaluacijske aktivnosti - Europski socijalni fond<\/title>\n<meta name=\"robots\" content=\"index, follow, max-snippet:-1, max-image-preview:large, max-video-preview:-1\" \/>\n<link rel=\"canonical\" href=\"https:\/\/esf.hr\/esfplus\/evaluacije\/\" \/>\n<meta property=\"og:locale\" content=\"en_US\" \/>\n<meta property=\"og:type\" content=\"article\" \/>\n<meta property=\"og:title\" content=\"Evaluacijske aktivnosti - Europski socijalni fond\" \/>\n<meta property=\"og:url\" content=\"https:\/\/esf.hr\/esfplus\/evaluacije\/\" \/>\n<meta property=\"og:site_name\" content=\"Europski socijalni fond\" \/>\n<meta property=\"article:modified_time\" content=\"2025-01-09T12:24:10+00:00\" \/>\n<meta name=\"twitter:label1\" content=\"Est. reading time\" \/>\n\t<meta name=\"twitter:data1\" content=\"4 minutes\" \/>\n<script type=\"application\/ld+json\" class=\"yoast-schema-graph\">{\"@context\":\"https:\/\/schema.org\",\"@graph\":[{\"@type\":\"WebSite\",\"@id\":\"https:\/\/esf.hr\/esfplus\/#website\",\"url\":\"https:\/\/esf.hr\/esfplus\/\",\"name\":\"Europski socijalni fond\",\"description\":\"Program U\\u010dinkoviti ljudski potencijali 2021.-2027.\",\"potentialAction\":[{\"@type\":\"SearchAction\",\"target\":{\"@type\":\"EntryPoint\",\"urlTemplate\":\"https:\/\/esf.hr\/esfplus\/?s={search_term_string}\"},\"query-input\":\"required name=search_term_string\"}],\"inLanguage\":\"en-US\"},{\"@type\":\"WebPage\",\"@id\":\"https:\/\/esf.hr\/esfplus\/evaluacije\/#webpage\",\"url\":\"https:\/\/esf.hr\/esfplus\/evaluacije\/\",\"name\":\"Evaluacijske aktivnosti - Europski socijalni fond\",\"isPartOf\":{\"@id\":\"https:\/\/esf.hr\/esfplus\/#website\"},\"datePublished\":\"2021-06-25T09:32:34+00:00\",\"dateModified\":\"2025-01-09T12:24:10+00:00\",\"breadcrumb\":{\"@id\":\"https:\/\/esf.hr\/esfplus\/evaluacije\/#breadcrumb\"},\"inLanguage\":\"en-US\",\"potentialAction\":[{\"@type\":\"ReadAction\",\"target\":[\"https:\/\/esf.hr\/esfplus\/evaluacije\/\"]}]},{\"@type\":\"BreadcrumbList\",\"@id\":\"https:\/\/esf.hr\/esfplus\/evaluacije\/#breadcrumb\",\"itemListElement\":[{\"@type\":\"ListItem\",\"position\":1,\"name\":\"Naslovna\",\"item\":\"https:\/\/esf.hr\/esfplus\/\"},{\"@type\":\"ListItem\",\"position\":2,\"name\":\"Evaluacijske aktivnosti\"}]}]}<\/script>\n<!-- \/ Yoast SEO plugin. -->","yoast_head_json":{"title":"Evaluacijske aktivnosti - Europski socijalni fond","robots":{"index":"index","follow":"follow","max-snippet":"max-snippet:-1","max-image-preview":"max-image-preview:large","max-video-preview":"max-video-preview:-1"},"canonical":"https:\/\/esf.hr\/esfplus\/evaluacije\/","og_locale":"en_US","og_type":"article","og_title":"Evaluacijske aktivnosti - Europski socijalni fond","og_url":"https:\/\/esf.hr\/esfplus\/evaluacije\/","og_site_name":"Europski socijalni fond","article_modified_time":"2025-01-09T12:24:10+00:00","twitter_misc":{"Est. reading time":"4 minutes"},"schema":{"@context":"https:\/\/schema.org","@graph":[{"@type":"WebSite","@id":"https:\/\/esf.hr\/esfplus\/#website","url":"https:\/\/esf.hr\/esfplus\/","name":"Europski socijalni fond","description":"Program U\u010dinkoviti ljudski potencijali 2021.-2027.","potentialAction":[{"@type":"SearchAction","target":{"@type":"EntryPoint","urlTemplate":"https:\/\/esf.hr\/esfplus\/?s={search_term_string}"},"query-input":"required name=search_term_string"}],"inLanguage":"en-US"},{"@type":"WebPage","@id":"https:\/\/esf.hr\/esfplus\/evaluacije\/#webpage","url":"https:\/\/esf.hr\/esfplus\/evaluacije\/","name":"Evaluacijske aktivnosti - Europski socijalni fond","isPartOf":{"@id":"https:\/\/esf.hr\/esfplus\/#website"},"datePublished":"2021-06-25T09:32:34+00:00","dateModified":"2025-01-09T12:24:10+00:00","breadcrumb":{"@id":"https:\/\/esf.hr\/esfplus\/evaluacije\/#breadcrumb"},"inLanguage":"en-US","potentialAction":[{"@type":"ReadAction","target":["https:\/\/esf.hr\/esfplus\/evaluacije\/"]}]},{"@type":"BreadcrumbList","@id":"https:\/\/esf.hr\/esfplus\/evaluacije\/#breadcrumb","itemListElement":[{"@type":"ListItem","position":1,"name":"Naslovna","item":"https:\/\/esf.hr\/esfplus\/"},{"@type":"ListItem","position":2,"name":"Evaluacijske aktivnosti"}]}]}},"_links":{"self":[{"href":"https:\/\/esf.hr\/esfplus\/wp-json\/wp\/v2\/pages\/13612"}],"collection":[{"href":"https:\/\/esf.hr\/esfplus\/wp-json\/wp\/v2\/pages"}],"about":[{"href":"https:\/\/esf.hr\/esfplus\/wp-json\/wp\/v2\/types\/page"}],"author":[{"embeddable":true,"href":"https:\/\/esf.hr\/esfplus\/wp-json\/wp\/v2\/users\/20"}],"replies":[{"embeddable":true,"href":"https:\/\/esf.hr\/esfplus\/wp-json\/wp\/v2\/comments?post=13612"}],"version-history":[{"count":49,"href":"https:\/\/esf.hr\/esfplus\/wp-json\/wp\/v2\/pages\/13612\/revisions"}],"predecessor-version":[{"id":23646,"href":"https:\/\/esf.hr\/esfplus\/wp-json\/wp\/v2\/pages\/13612\/revisions\/23646"}],"wp:attachment":[{"href":"https:\/\/esf.hr\/esfplus\/wp-json\/wp\/v2\/media?parent=13612"}],"curies":[{"name":"wp","href":"https:\/\/api.w.org\/{rel}","templated":true}]}}