{"id":13610,"date":"2021-06-25T10:30:03","date_gmt":"2021-06-25T09:30:03","guid":{"rendered":"https:\/\/esf.hr\/esfplus\/?page_id=13610"},"modified":"2024-08-29T09:46:16","modified_gmt":"2024-08-29T07:46:16","slug":"metodologija-i-kriteriji-odabira","status":"publish","type":"page","link":"https:\/\/esf.hr\/esfplus\/metodologija-i-kriteriji-odabira\/","title":{"rendered":"Metodologija i kriteriji odabira"},"content":{"rendered":"<hr class=\"wp-block-separator\" \/>\r\n<p><span data-contrast=\"auto\">Sukladno Uredbi (EU) 2021\/1060, \u010dlanku 73. za odabir operacija Upravlja\u010dko tijelo utvr\u0111uje i primjenjuje nediskriminiraju\u0107e i transparentne kriterije i postupke kojima se osigurava pristupa\u010dnost osobama s invaliditetom, osigurava rodna ravnopravnost i uzimaju u obzir Povelja Europske unije o temeljnim pravima, na\u010delo odr\u017eivog razvoja te politika Unije o okoli\u0161u u skladu s \u010dlankom 11. i \u010dlankom 191. stavkom 1. UFEU-a.<\/span><span data-ccp-props=\"{&quot;201341983&quot;:0,&quot;335551550&quot;:6,&quot;335551620&quot;:6,&quot;335559739&quot;:160,&quot;335559740&quot;:259}\">\u00a0<\/span><\/p>\r\n<p><span data-contrast=\"auto\">Kriterijima i postupcima osigurava se davanje prioriteta operacijama koje se odabiru u svrhu \u0161to ve\u0107eg iskori\u0161tavanja doprinosa financiranja sredstvima Unije ostvarenju ciljeva Programa.<\/span><span data-ccp-props=\"{&quot;201341983&quot;:0,&quot;335551550&quot;:6,&quot;335551620&quot;:6,&quot;335559739&quot;:160,&quot;335559740&quot;:259}\">\u00a0<\/span><\/p>\r\n<p><span data-contrast=\"auto\">Odbor za pra\u0107enje Programa U\u010dinkoviti ljudski potencijali 2021.-2027. odobrio je metodologiju i kriterije za odabir operacija na 2. sjednici odr\u017eanoj 2. velja\u010de 2023. godine.<\/span><span data-ccp-props=\"{&quot;201341983&quot;:0,&quot;335551550&quot;:6,&quot;335551620&quot;:6,&quot;335559739&quot;:160,&quot;335559740&quot;:259}\">\u00a0<\/span><\/p>\r\n<p><span data-contrast=\"auto\">Odobreni kriteriji za odabir operacija na razini pojedinog specifi\u010dnog cilja te na razini pojedinog Posredni\u010dkog tijela razine 1 dostupni su na sljede\u0107im poveznicama:<\/span><span data-ccp-props=\"{&quot;201341983&quot;:0,&quot;335551550&quot;:6,&quot;335551620&quot;:6,&quot;335559739&quot;:160,&quot;335559740&quot;:259}\">\u00a0<\/span><\/p>\r\n<ul>\r\n<li data-leveltext=\"\uf0b7\" data-font=\"Symbol\" data-listid=\"2\" data-list-defn-props=\"{&quot;335552541&quot;:1,&quot;335559684&quot;:-2,&quot;335559685&quot;:720,&quot;335559991&quot;:360,&quot;469769226&quot;:&quot;Symbol&quot;,&quot;469769242&quot;:[8226],&quot;469777803&quot;:&quot;left&quot;,&quot;469777804&quot;:&quot;\uf0b7&quot;,&quot;469777815&quot;:&quot;hybridMultilevel&quot;}\" aria-setsize=\"-1\" data-aria-posinset=\"1\" data-aria-level=\"1\"><a href=\"https:\/\/esf.hr\/esfplus\/wp-content\/uploads\/2023\/03\/0_Metodologija_utvrdivanja_kriterija_S.C._usvojena.pdf\"><span data-contrast=\"auto\">Metodologija za utvr\u0111ivanje\/izmjenu kriterija odabira za postupke dodjele bespovratnih sredstava<\/span><span data-ccp-props=\"{&quot;201341983&quot;:0,&quot;335551550&quot;:6,&quot;335551620&quot;:6,&quot;335559739&quot;:160,&quot;335559740&quot;:259}\">\u00a0<\/span><\/a><\/li>\r\n<li><a href=\"https:\/\/esf.hr\/esfplus\/wp-content\/uploads\/2023\/06\/Metodologija-i-kriteriji-odabira-operacije-za-FI.pdf\"><span data-contrast=\"auto\">ESO4.1_MROSP_1.a_Kriteriji odabira_financijski instrumenti<\/span><\/a><span data-ccp-props=\"{&quot;201341983&quot;:0,&quot;335551550&quot;:6,&quot;335551620&quot;:6,&quot;335559739&quot;:160,&quot;335559740&quot;:259}\">\u00a0<\/span><\/li>\r\n<li data-leveltext=\"\uf0b7\" data-font=\"Symbol\" data-listid=\"2\" data-list-defn-props=\"{&quot;335552541&quot;:1,&quot;335559684&quot;:-2,&quot;335559685&quot;:720,&quot;335559991&quot;:360,&quot;469769226&quot;:&quot;Symbol&quot;,&quot;469769242&quot;:[8226],&quot;469777803&quot;:&quot;left&quot;,&quot;469777804&quot;:&quot;\uf0b7&quot;,&quot;469777815&quot;:&quot;hybridMultilevel&quot;}\" aria-setsize=\"-1\" data-aria-posinset=\"2\" data-aria-level=\"1\"><a href=\"https:\/\/esf.hr\/esfplus\/wp-content\/uploads\/2023\/03\/ESO4.1_MROSP_1.a_Kriteriji_odabira.pdf\"><span data-contrast=\"auto\">ESO4.1_MROSP_1.a_Kriteriji odabira<\/span><\/a><span data-ccp-props=\"{&quot;201341983&quot;:0,&quot;335551550&quot;:6,&quot;335551620&quot;:6,&quot;335559739&quot;:160,&quot;335559740&quot;:259}\">\u00a0<\/span><\/li>\r\n<li data-leveltext=\"\uf0b7\" data-font=\"Symbol\" data-listid=\"2\" data-list-defn-props=\"{&quot;335552541&quot;:1,&quot;335559684&quot;:-2,&quot;335559685&quot;:720,&quot;335559991&quot;:360,&quot;469769226&quot;:&quot;Symbol&quot;,&quot;469769242&quot;:[8226],&quot;469777803&quot;:&quot;left&quot;,&quot;469777804&quot;:&quot;\uf0b7&quot;,&quot;469777815&quot;:&quot;hybridMultilevel&quot;}\" aria-setsize=\"-1\" data-aria-posinset=\"3\" data-aria-level=\"1\"><a href=\"https:\/\/esf.hr\/esfplus\/wp-content\/uploads\/2023\/03\/ESO4.1_UZUVRH_5.a_Kriteriji_odabira.pdf\"><span data-contrast=\"auto\">ESO4.1_UZUVRH_5.a_Kriteriji odabira<\/span><span data-ccp-props=\"{&quot;201341983&quot;:0,&quot;335551550&quot;:6,&quot;335551620&quot;:6,&quot;335559739&quot;:160,&quot;335559740&quot;:259}\">\u00a0<\/span><\/a><\/li>\r\n<li data-leveltext=\"\uf0b7\" data-font=\"Symbol\" data-listid=\"2\" data-list-defn-props=\"{&quot;335552541&quot;:1,&quot;335559684&quot;:-2,&quot;335559685&quot;:720,&quot;335559991&quot;:360,&quot;469769226&quot;:&quot;Symbol&quot;,&quot;469769242&quot;:[8226],&quot;469777803&quot;:&quot;left&quot;,&quot;469777804&quot;:&quot;\uf0b7&quot;,&quot;469777815&quot;:&quot;hybridMultilevel&quot;}\" aria-setsize=\"-1\" data-aria-posinset=\"4\" data-aria-level=\"1\"><a href=\"https:\/\/esf.hr\/esfplus\/wp-content\/uploads\/2023\/03\/ESO4.2_MROSP_1.b_Kriterij_odabira.pdf\"><span data-contrast=\"auto\">ESO4.2_MROSP_1.b_Kriteriji odabira<\/span><span data-ccp-props=\"{&quot;201341983&quot;:0,&quot;335551550&quot;:6,&quot;335551620&quot;:6,&quot;335559739&quot;:160,&quot;335559740&quot;:259}\">\u00a0<\/span><\/a><\/li>\r\n<li data-leveltext=\"\uf0b7\" data-font=\"Symbol\" data-listid=\"2\" data-list-defn-props=\"{&quot;335552541&quot;:1,&quot;335559684&quot;:-2,&quot;335559685&quot;:720,&quot;335559991&quot;:360,&quot;469769226&quot;:&quot;Symbol&quot;,&quot;469769242&quot;:[8226],&quot;469777803&quot;:&quot;left&quot;,&quot;469777804&quot;:&quot;\uf0b7&quot;,&quot;469777815&quot;:&quot;hybridMultilevel&quot;}\" aria-setsize=\"-1\" data-aria-posinset=\"5\" data-aria-level=\"1\"><a href=\"https:\/\/esf.hr\/esfplus\/wp-content\/uploads\/2023\/03\/ESO4.5_MZO_2.e_Kriterij_odabira.pdf\"><span data-contrast=\"auto\">ESO4.5_MZO_2.e_Kriteriji odabira<\/span><span data-ccp-props=\"{&quot;201341983&quot;:0,&quot;335551550&quot;:6,&quot;335551620&quot;:6,&quot;335559739&quot;:160,&quot;335559740&quot;:259}\">\u00a0<\/span><\/a><\/li>\r\n<\/ul>\r\n<ul>\r\n<li data-leveltext=\"\uf0b7\" data-font=\"Symbol\" data-listid=\"2\" data-list-defn-props=\"{&quot;335552541&quot;:1,&quot;335559684&quot;:-2,&quot;335559685&quot;:720,&quot;335559991&quot;:360,&quot;469769226&quot;:&quot;Symbol&quot;,&quot;469769242&quot;:[8226],&quot;469777803&quot;:&quot;left&quot;,&quot;469777804&quot;:&quot;\uf0b7&quot;,&quot;469777815&quot;:&quot;hybridMultilevel&quot;}\" aria-setsize=\"-1\" data-aria-posinset=\"1\" data-aria-level=\"1\"><a href=\"https:\/\/esf.hr\/esfplus\/wp-content\/uploads\/2023\/03\/ESO4.6_MZO_2.f_5.f_Kriteriji_odabira.pdf\"><span data-contrast=\"auto\">ESO4.6_MZO_2.f_5.f_Kriteriji odabira<\/span><span data-ccp-props=\"{&quot;201341983&quot;:0,&quot;335551550&quot;:6,&quot;335551620&quot;:6,&quot;335559739&quot;:160,&quot;335559740&quot;:259}\">\u00a0<\/span><\/a><\/li>\r\n<li data-leveltext=\"\uf0b7\" data-font=\"Symbol\" data-listid=\"2\" data-list-defn-props=\"{&quot;335552541&quot;:1,&quot;335559684&quot;:-2,&quot;335559685&quot;:720,&quot;335559991&quot;:360,&quot;469769226&quot;:&quot;Symbol&quot;,&quot;469769242&quot;:[8226],&quot;469777803&quot;:&quot;left&quot;,&quot;469777804&quot;:&quot;\uf0b7&quot;,&quot;469777815&quot;:&quot;hybridMultilevel&quot;}\" aria-setsize=\"-1\" data-aria-posinset=\"2\" data-aria-level=\"1\"><a href=\"https:\/\/esf.hr\/esfplus\/wp-content\/uploads\/2023\/03\/ESO4.6_UZUVRH_2.f_Kriterija_odabira.pdf\"><span data-contrast=\"auto\">ESO4.6_UZUVRH_2.f_Kriteriji odabira<\/span><span data-ccp-props=\"{&quot;201341983&quot;:0,&quot;335551550&quot;:6,&quot;335551620&quot;:6,&quot;335559739&quot;:160,&quot;335559740&quot;:259}\">\u00a0<\/span><\/a><\/li>\r\n<li data-leveltext=\"\uf0b7\" data-font=\"Symbol\" data-listid=\"2\" data-list-defn-props=\"{&quot;335552541&quot;:1,&quot;335559684&quot;:-2,&quot;335559685&quot;:720,&quot;335559991&quot;:360,&quot;469769226&quot;:&quot;Symbol&quot;,&quot;469769242&quot;:[8226],&quot;469777803&quot;:&quot;left&quot;,&quot;469777804&quot;:&quot;\uf0b7&quot;,&quot;469777815&quot;:&quot;hybridMultilevel&quot;}\" aria-setsize=\"-1\" data-aria-posinset=\"3\" data-aria-level=\"1\"><a href=\"https:\/\/esf.hr\/esfplus\/wp-content\/uploads\/2023\/03\/ESO4.7_MROSP_2.g_Kriteriji_odabira.pdf\"><span data-contrast=\"auto\">ESO4.7_MROSP_2.g_Kriteriji odabira<\/span><span data-ccp-props=\"{&quot;201341983&quot;:0,&quot;335551550&quot;:6,&quot;335551620&quot;:6,&quot;335559739&quot;:160,&quot;335559740&quot;:259}\">\u00a0<\/span><\/a><\/li>\r\n<li data-leveltext=\"\uf0b7\" data-font=\"Symbol\" data-listid=\"2\" data-list-defn-props=\"{&quot;335552541&quot;:1,&quot;335559684&quot;:-2,&quot;335559685&quot;:720,&quot;335559991&quot;:360,&quot;469769226&quot;:&quot;Symbol&quot;,&quot;469769242&quot;:[8226],&quot;469777803&quot;:&quot;left&quot;,&quot;469777804&quot;:&quot;\uf0b7&quot;,&quot;469777815&quot;:&quot;hybridMultilevel&quot;}\" aria-setsize=\"-1\" data-aria-posinset=\"4\" data-aria-level=\"1\"><a href=\"https:\/\/esf.hr\/esfplus\/wp-content\/uploads\/2023\/03\/ESO4.7_MZO_2.g_Kriteriji_odabira.pdf\"><span data-contrast=\"auto\">ESO4.7_MZO_2.g_Kriteriji odabira<\/span><span data-ccp-props=\"{&quot;201341983&quot;:0,&quot;335551550&quot;:6,&quot;335551620&quot;:6,&quot;335559739&quot;:160,&quot;335559740&quot;:259}\">\u00a0<\/span><\/a><\/li>\r\n<li data-leveltext=\"\uf0b7\" data-font=\"Symbol\" data-listid=\"2\" data-list-defn-props=\"{&quot;335552541&quot;:1,&quot;335559684&quot;:-2,&quot;335559685&quot;:720,&quot;335559991&quot;:360,&quot;469769226&quot;:&quot;Symbol&quot;,&quot;469769242&quot;:[8226],&quot;469777803&quot;:&quot;left&quot;,&quot;469777804&quot;:&quot;\uf0b7&quot;,&quot;469777815&quot;:&quot;hybridMultilevel&quot;}\" aria-setsize=\"-1\" data-aria-posinset=\"5\" data-aria-level=\"1\"><a href=\"https:\/\/esf.hr\/esfplus\/wp-content\/uploads\/2023\/03\/ESO4.8_MINTS_3.h_Kriteriji-odabira.pdf\"><span data-contrast=\"auto\">ESO4.8_MINTS_3.h_Kriteriji odabira<\/span><span data-ccp-props=\"{&quot;201341983&quot;:0,&quot;335551550&quot;:6,&quot;335551620&quot;:6,&quot;335559739&quot;:160,&quot;335559740&quot;:259}\">\u00a0<\/span><\/a><\/li>\r\n<\/ul>\r\n<ul>\r\n<li data-leveltext=\"\uf0b7\" data-font=\"Symbol\" data-listid=\"2\" data-list-defn-props=\"{&quot;335552541&quot;:1,&quot;335559684&quot;:-2,&quot;335559685&quot;:720,&quot;335559991&quot;:360,&quot;469769226&quot;:&quot;Symbol&quot;,&quot;469769242&quot;:[8226],&quot;469777803&quot;:&quot;left&quot;,&quot;469777804&quot;:&quot;\uf0b7&quot;,&quot;469777815&quot;:&quot;hybridMultilevel&quot;}\" aria-setsize=\"-1\" data-aria-posinset=\"1\" data-aria-level=\"1\"><a href=\"https:\/\/esf.hr\/esfplus\/wp-content\/uploads\/2023\/03\/ESO4.8_MKM_3.h_Kriteriji_odabira.pdf\"><span data-contrast=\"auto\">ESO4.8_MKM_3.h_Kriteriji odabira<\/span><span data-ccp-props=\"{&quot;201341983&quot;:0,&quot;335551550&quot;:6,&quot;335551620&quot;:6,&quot;335559739&quot;:160,&quot;335559740&quot;:259}\">\u00a0<\/span><\/a><\/li>\r\n<li data-leveltext=\"\uf0b7\" data-font=\"Symbol\" data-listid=\"2\" data-list-defn-props=\"{&quot;335552541&quot;:1,&quot;335559684&quot;:-2,&quot;335559685&quot;:720,&quot;335559991&quot;:360,&quot;469769226&quot;:&quot;Symbol&quot;,&quot;469769242&quot;:[8226],&quot;469777803&quot;:&quot;left&quot;,&quot;469777804&quot;:&quot;\uf0b7&quot;,&quot;469777815&quot;:&quot;hybridMultilevel&quot;}\" aria-setsize=\"-1\" data-aria-posinset=\"2\" data-aria-level=\"1\"><a href=\"https:\/\/esf.hr\/esfplus\/wp-content\/uploads\/2023\/03\/ESO4.8_MROSP_3.h_Kriterij_odabira.pdf\"><span data-contrast=\"auto\">ESO4.8_MROSP_3.h_Kriteriji odabira<\/span><span data-ccp-props=\"{&quot;201341983&quot;:0,&quot;335551550&quot;:6,&quot;335551620&quot;:6,&quot;335559739&quot;:160,&quot;335559740&quot;:259}\">\u00a0<\/span><\/a><\/li>\r\n<li data-leveltext=\"\uf0b7\" data-font=\"Symbol\" data-listid=\"2\" data-list-defn-props=\"{&quot;335552541&quot;:1,&quot;335559684&quot;:-2,&quot;335559685&quot;:720,&quot;335559991&quot;:360,&quot;469769226&quot;:&quot;Symbol&quot;,&quot;469769242&quot;:[8226],&quot;469777803&quot;:&quot;left&quot;,&quot;469777804&quot;:&quot;\uf0b7&quot;,&quot;469777815&quot;:&quot;hybridMultilevel&quot;}\" aria-setsize=\"-1\" data-aria-posinset=\"3\" data-aria-level=\"1\"><a href=\"https:\/\/esf.hr\/esfplus\/wp-content\/uploads\/2023\/03\/ESO4.8_UZUVRH_3.h_Kriteriji_odabira.pdf\"><span data-contrast=\"auto\">ESO4.8_UZUVRH_3.h_Kriteriji odabira<\/span><span data-ccp-props=\"{&quot;201341983&quot;:0,&quot;335551550&quot;:6,&quot;335551620&quot;:6,&quot;335559739&quot;:160,&quot;335559740&quot;:259}\">\u00a0<\/span><\/a><\/li>\r\n<li data-leveltext=\"\uf0b7\" data-font=\"Symbol\" data-listid=\"2\" data-list-defn-props=\"{&quot;335552541&quot;:1,&quot;335559684&quot;:-2,&quot;335559685&quot;:720,&quot;335559991&quot;:360,&quot;469769226&quot;:&quot;Symbol&quot;,&quot;469769242&quot;:[8226],&quot;469777803&quot;:&quot;left&quot;,&quot;469777804&quot;:&quot;\uf0b7&quot;,&quot;469777815&quot;:&quot;hybridMultilevel&quot;}\" aria-setsize=\"-1\" data-aria-posinset=\"4\" data-aria-level=\"1\"><a href=\"https:\/\/esf.hr\/esfplus\/wp-content\/uploads\/2023\/03\/ESO4.9_UZUVRH_3.i_Kriteriji_odabira.pdf\"><span data-contrast=\"auto\">ESO4.9_UZUVRH_3.i_Kriteriji odabira<\/span><span data-ccp-props=\"{&quot;201341983&quot;:0,&quot;335551550&quot;:6,&quot;335551620&quot;:6,&quot;335559739&quot;:160,&quot;335559740&quot;:259}\">\u00a0<\/span><\/a><\/li>\r\n<li data-leveltext=\"\uf0b7\" data-font=\"Symbol\" data-listid=\"2\" data-list-defn-props=\"{&quot;335552541&quot;:1,&quot;335559684&quot;:-2,&quot;335559685&quot;:720,&quot;335559991&quot;:360,&quot;469769226&quot;:&quot;Symbol&quot;,&quot;469769242&quot;:[8226],&quot;469777803&quot;:&quot;left&quot;,&quot;469777804&quot;:&quot;\uf0b7&quot;,&quot;469777815&quot;:&quot;hybridMultilevel&quot;}\" aria-setsize=\"-1\" data-aria-posinset=\"5\" data-aria-level=\"1\"><a href=\"https:\/\/esf.hr\/esfplus\/wp-content\/uploads\/2023\/03\/ESO4.10_MROSP_3.j_6.j_Kriteriji_odabira.pdf\"><span data-contrast=\"auto\">ESO4.10_MROSP_3.j_6.j_Kriteriji odabira<\/span><span data-ccp-props=\"{&quot;201341983&quot;:0,&quot;335551550&quot;:6,&quot;335551620&quot;:6,&quot;335559739&quot;:160,&quot;335559740&quot;:259}\">\u00a0<\/span><\/a><\/li>\r\n<\/ul>\r\n<ul>\r\n<li data-leveltext=\"\uf0b7\" data-font=\"Symbol\" data-listid=\"2\" data-list-defn-props=\"{&quot;335552541&quot;:1,&quot;335559684&quot;:-2,&quot;335559685&quot;:720,&quot;335559991&quot;:360,&quot;469769226&quot;:&quot;Symbol&quot;,&quot;469769242&quot;:[8226],&quot;469777803&quot;:&quot;left&quot;,&quot;469777804&quot;:&quot;\uf0b7&quot;,&quot;469777815&quot;:&quot;hybridMultilevel&quot;}\" aria-setsize=\"-1\" data-aria-posinset=\"1\" data-aria-level=\"1\"><a href=\"https:\/\/esf.hr\/esfplus\/wp-content\/uploads\/2023\/03\/ESO4.11_MIZ_4.k_Kriteriji_odabira.pdf\"><span data-contrast=\"auto\">ESO4.11_MIZ_4.k_Kriteriji odabira<\/span><span data-ccp-props=\"{&quot;201341983&quot;:0,&quot;335551550&quot;:6,&quot;335551620&quot;:6,&quot;335559739&quot;:160,&quot;335559740&quot;:259}\">\u00a0<\/span><\/a><\/li>\r\n<li data-leveltext=\"\uf0b7\" data-font=\"Symbol\" data-listid=\"2\" data-list-defn-props=\"{&quot;335552541&quot;:1,&quot;335559684&quot;:-2,&quot;335559685&quot;:720,&quot;335559991&quot;:360,&quot;469769226&quot;:&quot;Symbol&quot;,&quot;469769242&quot;:[8226],&quot;469777803&quot;:&quot;left&quot;,&quot;469777804&quot;:&quot;\uf0b7&quot;,&quot;469777815&quot;:&quot;hybridMultilevel&quot;}\" aria-setsize=\"-1\" data-aria-posinset=\"2\" data-aria-level=\"1\"><a href=\"https:\/\/esf.hr\/esfplus\/wp-content\/uploads\/2023\/03\/ESO4.11_MROSP_3.k_6.k_Kriteriji_odabira.pdf\"><span data-contrast=\"auto\">ESO4.11_MROSP_3.k_6.k_Kriteriji odabira<\/span><span data-ccp-props=\"{&quot;201341983&quot;:0,&quot;335551550&quot;:6,&quot;335551620&quot;:6,&quot;335559739&quot;:160,&quot;335559740&quot;:259}\">\u00a0<\/span><\/a><\/li>\r\n<li data-leveltext=\"\uf0b7\" data-font=\"Symbol\" data-listid=\"2\" data-list-defn-props=\"{&quot;335552541&quot;:1,&quot;335559684&quot;:-2,&quot;335559685&quot;:720,&quot;335559991&quot;:360,&quot;469769226&quot;:&quot;Symbol&quot;,&quot;469769242&quot;:[8226],&quot;469777803&quot;:&quot;left&quot;,&quot;469777804&quot;:&quot;\uf0b7&quot;,&quot;469777815&quot;:&quot;hybridMultilevel&quot;}\" aria-setsize=\"-1\" data-aria-posinset=\"3\" data-aria-level=\"1\"><a href=\"https:\/\/esf.hr\/esfplus\/wp-content\/uploads\/2023\/03\/ESO4.11_UZUVRH_3.k_Kriteriji_odabira.pdf\"><span data-contrast=\"auto\">ESO4.11_UZUVRH_3.k_Kriteriji odabira<\/span><span data-ccp-props=\"{&quot;201341983&quot;:0,&quot;335551550&quot;:6,&quot;335551620&quot;:6,&quot;335559739&quot;:160,&quot;335559740&quot;:259}\">\u00a0<\/span><\/a><\/li>\r\n<li data-leveltext=\"\uf0b7\" data-font=\"Symbol\" data-listid=\"2\" data-list-defn-props=\"{&quot;335552541&quot;:1,&quot;335559684&quot;:-2,&quot;335559685&quot;:720,&quot;335559991&quot;:360,&quot;469769226&quot;:&quot;Symbol&quot;,&quot;469769242&quot;:[8226],&quot;469777803&quot;:&quot;left&quot;,&quot;469777804&quot;:&quot;\uf0b7&quot;,&quot;469777815&quot;:&quot;hybridMultilevel&quot;}\" aria-setsize=\"-1\" data-aria-posinset=\"4\" data-aria-level=\"1\"><a href=\"https:\/\/esf.hr\/esfplus\/wp-content\/uploads\/2023\/03\/ESO4.13_MROSP_7.m_Kriteriji_odabira.pdf\"><span data-contrast=\"auto\">ESO4.13_MROSP_7.m_Kriteriji odabira<\/span><span data-ccp-props=\"{&quot;201341983&quot;:0,&quot;335551550&quot;:6,&quot;335551620&quot;:6,&quot;335559739&quot;:160,&quot;335559740&quot;:259}\">\u00a0<\/span><\/a><\/li>\r\n<\/ul>","protected":false},"excerpt":{"rendered":"<p>Sukladno Uredbi (EU) 2021\/1060, \u010dlanku 73. za odabir operacija Upravlja\u010dko tijelo utvr\u0111uje i primjenjuje nediskriminiraju\u0107e i transparentne kriterije i postupke kojima se osigurava pristupa\u010dnost osobama s invaliditetom, osigurava rodna ravnopravnost i uzimaju u obzir Povelja Europske unije o temeljnim pravima, na\u010delo odr\u017eivog razvoja te politika Unije o okoli\u0161u u skladu s \u010dlankom 11. i \u010dlankom [&hellip;]<\/p>\n","protected":false},"author":20,"featured_media":0,"parent":0,"menu_order":0,"comment_status":"closed","ping_status":"closed","template":"","meta":{"_monsterinsights_skip_tracking":false,"_monsterinsights_sitenote_active":false,"_monsterinsights_sitenote_note":"","_monsterinsights_sitenote_category":0,"cybocfi_hide_featured_image":""},"yoast_head":"<!-- This site is optimized with the Yoast SEO plugin v16.8 - https:\/\/yoast.com\/wordpress\/plugins\/seo\/ -->\n<title>Metodologija i kriteriji odabira - Europski socijalni fond<\/title>\n<meta name=\"robots\" content=\"index, follow, max-snippet:-1, max-image-preview:large, max-video-preview:-1\" \/>\n<link rel=\"canonical\" href=\"https:\/\/esf.hr\/esfplus\/metodologija-i-kriteriji-odabira\/\" \/>\n<meta property=\"og:locale\" content=\"en_US\" \/>\n<meta property=\"og:type\" content=\"article\" \/>\n<meta property=\"og:title\" content=\"Metodologija i kriteriji odabira - Europski socijalni fond\" \/>\n<meta property=\"og:description\" content=\"Sukladno Uredbi (EU) 2021\/1060, \u010dlanku 73. za odabir operacija Upravlja\u010dko tijelo utvr\u0111uje i primjenjuje nediskriminiraju\u0107e i transparentne kriterije i postupke kojima se osigurava pristupa\u010dnost osobama s invaliditetom, osigurava rodna ravnopravnost i uzimaju u obzir Povelja Europske unije o temeljnim pravima, na\u010delo odr\u017eivog razvoja te politika Unije o okoli\u0161u u skladu s \u010dlankom 11. i \u010dlankom [&hellip;]\" \/>\n<meta property=\"og:url\" content=\"https:\/\/esf.hr\/esfplus\/metodologija-i-kriteriji-odabira\/\" \/>\n<meta property=\"og:site_name\" content=\"Europski socijalni fond\" \/>\n<meta property=\"article:modified_time\" content=\"2024-08-29T07:46:16+00:00\" \/>\n<meta name=\"twitter:label1\" content=\"Est. reading time\" \/>\n\t<meta name=\"twitter:data1\" content=\"1 minute\" \/>\n<script type=\"application\/ld+json\" class=\"yoast-schema-graph\">{\"@context\":\"https:\/\/schema.org\",\"@graph\":[{\"@type\":\"WebSite\",\"@id\":\"https:\/\/esf.hr\/esfplus\/#website\",\"url\":\"https:\/\/esf.hr\/esfplus\/\",\"name\":\"Europski socijalni fond\",\"description\":\"Program U\\u010dinkoviti ljudski potencijali 2021.-2027.\",\"potentialAction\":[{\"@type\":\"SearchAction\",\"target\":{\"@type\":\"EntryPoint\",\"urlTemplate\":\"https:\/\/esf.hr\/esfplus\/?s={search_term_string}\"},\"query-input\":\"required name=search_term_string\"}],\"inLanguage\":\"en-US\"},{\"@type\":\"WebPage\",\"@id\":\"https:\/\/esf.hr\/esfplus\/metodologija-i-kriteriji-odabira\/#webpage\",\"url\":\"https:\/\/esf.hr\/esfplus\/metodologija-i-kriteriji-odabira\/\",\"name\":\"Metodologija i kriteriji odabira - Europski socijalni fond\",\"isPartOf\":{\"@id\":\"https:\/\/esf.hr\/esfplus\/#website\"},\"datePublished\":\"2021-06-25T09:30:03+00:00\",\"dateModified\":\"2024-08-29T07:46:16+00:00\",\"breadcrumb\":{\"@id\":\"https:\/\/esf.hr\/esfplus\/metodologija-i-kriteriji-odabira\/#breadcrumb\"},\"inLanguage\":\"en-US\",\"potentialAction\":[{\"@type\":\"ReadAction\",\"target\":[\"https:\/\/esf.hr\/esfplus\/metodologija-i-kriteriji-odabira\/\"]}]},{\"@type\":\"BreadcrumbList\",\"@id\":\"https:\/\/esf.hr\/esfplus\/metodologija-i-kriteriji-odabira\/#breadcrumb\",\"itemListElement\":[{\"@type\":\"ListItem\",\"position\":1,\"name\":\"Naslovna\",\"item\":\"https:\/\/esf.hr\/esfplus\/\"},{\"@type\":\"ListItem\",\"position\":2,\"name\":\"Metodologija i kriteriji odabira\"}]}]}<\/script>\n<!-- \/ Yoast SEO plugin. -->","yoast_head_json":{"title":"Metodologija i kriteriji odabira - Europski socijalni fond","robots":{"index":"index","follow":"follow","max-snippet":"max-snippet:-1","max-image-preview":"max-image-preview:large","max-video-preview":"max-video-preview:-1"},"canonical":"https:\/\/esf.hr\/esfplus\/metodologija-i-kriteriji-odabira\/","og_locale":"en_US","og_type":"article","og_title":"Metodologija i kriteriji odabira - Europski socijalni fond","og_description":"Sukladno Uredbi (EU) 2021\/1060, \u010dlanku 73. za odabir operacija Upravlja\u010dko tijelo utvr\u0111uje i primjenjuje nediskriminiraju\u0107e i transparentne kriterije i postupke kojima se osigurava pristupa\u010dnost osobama s invaliditetom, osigurava rodna ravnopravnost i uzimaju u obzir Povelja Europske unije o temeljnim pravima, na\u010delo odr\u017eivog razvoja te politika Unije o okoli\u0161u u skladu s \u010dlankom 11. i \u010dlankom [&hellip;]","og_url":"https:\/\/esf.hr\/esfplus\/metodologija-i-kriteriji-odabira\/","og_site_name":"Europski socijalni fond","article_modified_time":"2024-08-29T07:46:16+00:00","twitter_misc":{"Est. reading time":"1 minute"},"schema":{"@context":"https:\/\/schema.org","@graph":[{"@type":"WebSite","@id":"https:\/\/esf.hr\/esfplus\/#website","url":"https:\/\/esf.hr\/esfplus\/","name":"Europski socijalni fond","description":"Program U\u010dinkoviti ljudski potencijali 2021.-2027.","potentialAction":[{"@type":"SearchAction","target":{"@type":"EntryPoint","urlTemplate":"https:\/\/esf.hr\/esfplus\/?s={search_term_string}"},"query-input":"required name=search_term_string"}],"inLanguage":"en-US"},{"@type":"WebPage","@id":"https:\/\/esf.hr\/esfplus\/metodologija-i-kriteriji-odabira\/#webpage","url":"https:\/\/esf.hr\/esfplus\/metodologija-i-kriteriji-odabira\/","name":"Metodologija i kriteriji odabira - Europski socijalni fond","isPartOf":{"@id":"https:\/\/esf.hr\/esfplus\/#website"},"datePublished":"2021-06-25T09:30:03+00:00","dateModified":"2024-08-29T07:46:16+00:00","breadcrumb":{"@id":"https:\/\/esf.hr\/esfplus\/metodologija-i-kriteriji-odabira\/#breadcrumb"},"inLanguage":"en-US","potentialAction":[{"@type":"ReadAction","target":["https:\/\/esf.hr\/esfplus\/metodologija-i-kriteriji-odabira\/"]}]},{"@type":"BreadcrumbList","@id":"https:\/\/esf.hr\/esfplus\/metodologija-i-kriteriji-odabira\/#breadcrumb","itemListElement":[{"@type":"ListItem","position":1,"name":"Naslovna","item":"https:\/\/esf.hr\/esfplus\/"},{"@type":"ListItem","position":2,"name":"Metodologija i kriteriji odabira"}]}]}},"_links":{"self":[{"href":"https:\/\/esf.hr\/esfplus\/wp-json\/wp\/v2\/pages\/13610"}],"collection":[{"href":"https:\/\/esf.hr\/esfplus\/wp-json\/wp\/v2\/pages"}],"about":[{"href":"https:\/\/esf.hr\/esfplus\/wp-json\/wp\/v2\/types\/page"}],"author":[{"embeddable":true,"href":"https:\/\/esf.hr\/esfplus\/wp-json\/wp\/v2\/users\/20"}],"replies":[{"embeddable":true,"href":"https:\/\/esf.hr\/esfplus\/wp-json\/wp\/v2\/comments?post=13610"}],"version-history":[{"count":20,"href":"https:\/\/esf.hr\/esfplus\/wp-json\/wp\/v2\/pages\/13610\/revisions"}],"predecessor-version":[{"id":21733,"href":"https:\/\/esf.hr\/esfplus\/wp-json\/wp\/v2\/pages\/13610\/revisions\/21733"}],"wp:attachment":[{"href":"https:\/\/esf.hr\/esfplus\/wp-json\/wp\/v2\/media?parent=13610"}],"curies":[{"name":"wp","href":"https:\/\/api.w.org\/{rel}","templated":true}]}}