{"id":13608,"date":"2021-06-25T10:29:36","date_gmt":"2021-06-25T09:29:36","guid":{"rendered":"https:\/\/esf.hr\/esfplus\/?page_id=13608"},"modified":"2024-07-23T11:14:02","modified_gmt":"2024-07-23T09:14:02","slug":"tijela-suk","status":"publish","type":"page","link":"https:\/\/esf.hr\/esfplus\/tijela-suk\/","title":{"rendered":"Institucije nadle\u017ene za provedbu ESF+"},"content":{"rendered":"\n<hr class=\"wp-block-separator\"\/>\n\n\n\n<h3 class=\"has-text-align-center\">Struktura upravljanja i kontrole kori\u0161tenja<\/h3>\n\n\n\n<hr class=\"wp-block-separator\"\/>\n\n\n\n<div class=\"wp-block-columns\">\n<div class=\"wp-block-column\">\n<div style=\"background: #a6cf38!important;border-radius:10px;\" class=\"wp-block-pb-accordion-item c-accordion__item js-accordion-item no-js\" data-initially-open=\"false\" data-click-to-close=\"true\" data-auto-close=\"true\" data-scroll=\"false\" data-scroll-offset=\"0\"><h2 id=\"at-1360811\" class=\"c-accordion__title js-accordion-controller\" role=\"button\" style=\"color:white;\"><center>Ministarstvo<br> financija<br> (MFIN)<\/center><\/h2><div id=\"ac-1360811\" class=\"c-accordion__content\" style=\"line-height: 1.3;\">\n<p style=\"background: white;\">\nTijelo nadle\u017eno za ra\u010dunovodstvenu funkciju je tijelo dr\u017eavne uprave nadle\u017eno za poslove financija te pla\u0107anja, povrate i ovjeravanje sredstava, koordinaciju aktivnosti upravljanja nepravilnostima, postupanje u podru\u010dju dr\u017eavnih potpora te osiguranje komplementarnosti i dosljednosti ulaganja s reformama i ulaganjima iz okvira europskog semestra i Mehanizma za oporavak i otpornost. \nZa poslove financijskog upravljanja sredstvima pomo\u0107i Europske unije odgovoran je Nacionalni fond smje\u0161ten unutar Dr\u017eavne riznice.\n<\/p>\n<\/div>\n<\/div>\n<\/div>\n\n\n\n<div class=\"wp-block-column\">\n<div style=\"background: #323c8c!important;border-radius:10px;\" class=\"wp-block-pb-accordion-item c-accordion__item js-accordion-item no-js\" data-initially-open=\"false\" data-click-to-close=\"true\" data-auto-close=\"true\" data-scroll=\"false\" data-scroll-offset=\"0\"><h2 id=\"at-1360812\" class=\"c-accordion__title js-accordion-controller\" role=\"button\" style=\"color:white;\"><center>Ministarstvo rada, mirovinskoga sustava, obitelji i socijalne politike (MROSP)<\/center><\/h2><div id=\"ac-1360812\" class=\"c-accordion__content\" style=\"line-height: 1.3;\">\n<p style=\"background: white;\">\nUpravlja\u010dko tijelo nadle\u017eno za poslove upravljanja i provedbe Programa U\u010dinkoviti ljudski potencijali 2021.-2027.\nPoslovi Upravlja\u010dkog tijela uklju\u010duju programiranje programa, uspostavu i kontrolu rada sustava upravljanja i kontrola, financijsko planiranje i kontrolu, pra\u0107enje, vrednovanje i informiranje, pripremu i provedbu programa i projekata, suradnju s Europskom komisijom vezano uz provedbu programa i obavljanje poslova vezanih uz sudjelovanje u radnim tijelima Europske komisije.\nPojedine poslove mogu\u0107e je delegirati i drugim tijelima dr\u017eavne uprave\/javne vlasti odnosno Posredni\u010dkim tijelima razine 1 i Posredni\u010dkim tijelima razine 2. <br>\n<strong>Uprava za programe i projekte Ministarstva rada, mirovinskoga sustava, obitelji i socijalne politike (MROSP)<\/strong><br>\nPosredni\u010dko tijelo razine 1 nadle\u017eno za pripremu poziva i odabir operacija unutar prioriteta inkluzivno tr\u017ei\u0161te rada i poticanje zapo\u0161ljavanja, socijalno uklju\u010divanje, zapo\u0161ljavanje mladih, socijalne inovacije i materijalne deprivacije.\n<\/p>\n<\/div>\n<\/div>\n<\/div>\n\n\n\n<div class=\"wp-block-column\">\n<div style=\"background: #a5a5a5!important;border-radius:10px;\" class=\"wp-block-pb-accordion-item c-accordion__item js-accordion-item no-js\" data-initially-open=\"false\" data-click-to-close=\"true\" data-auto-close=\"true\" data-scroll=\"false\" data-scroll-offset=\"0\"><h2 id=\"at-1360813\" class=\"c-accordion__title js-accordion-controller\" role=\"button\" style=\"color:white;\"><center>Agencija za reviziju sustava provedbe programa Europske unije (ARPA)<\/center><\/h2><div id=\"ac-1360813\" class=\"c-accordion__content\"\nstyle=\"line-height: 1.3;\">\n<p style=\"background: white;\">\nTijelo za reviziju provedbe programa Europske unije zadu\u017eeno za izradu\ngodi\u0161njih izvje\u0161\u0107a i revizijskih mi\u0161ljenja o u\u010dinkovitosti i djelotvornosti sustava upravljanja i kontrole EU fondova u Republici Hrvatskoj vode\u0107i ra\u010duna o zakonitosti provedbe ra\u010dunovodstvenih evidencija i financijskih transakcija. Redovito izvje\u0161tava Europsku komisiju istovremeno \u0161tite\u0107i financijske interese Republike Hrvatske i Europske unije.\n<\/p>\n<\/div>\n<\/div><\/div>\n<\/div>\n<\/div>\n\n\n\n<h3 class=\"has-text-align-center\">Posredni\u010dka tijela razine 1<\/h3>\n\n\n\n<hr class=\"wp-block-separator\"\/>\n\n\n\n<div class=\"wp-block-columns\">\n<div class=\"wp-block-column\">\n<div style=\"background: #f58220!important;border-radius:10px;\" class=\"wp-block-pb-accordion-item c-accordion__item js-accordion-item no-js\" data-initially-open=\"false\" data-click-to-close=\"true\" data-auto-close=\"true\" data-scroll=\"false\" data-scroll-offset=\"0\"><h2 id=\"at-1360814\" class=\"c-accordion__title js-accordion-controller\" role=\"button\" style=\"color:white;\"><center>Ministarstvo<br> znanosti, obrazovanja i mladih<br> (MZOM)<\/center><\/h2><div id=\"ac-1360814\" class=\"c-accordion__content\" style=\"line-height: 1.3;\">\n<p style=\"background: white;\">\nPosredni\u010dko tijelo razine 1 nadle\u017eno za pripremu poziva i odabir operacija u okviru prioriteta \u201cObrazovanje i cjelo\u017eivotno u\u010denje\u201c i \u201eZapo\u0161ljavanje mladih\u201c.\nUlaganje sredstava u cilju ve\u0107e kvalitete, uklju\u010divosti i djelotvornosti sustava obrazovanja i osposobljavanja te njihove relevantnosti za tr\u017ei\u0161te rada; promicanja jednakog pristupa kvalitetnom i uklju\u010divom obrazovanju i osposobljavanju; promicanja cjelo\u017eivotnog u\u010denja, posebice fleksibilnih mogu\u0107nosti usavr\u0161avanja i prekvalifikacije za sve.\nDetaljni pregled aktivnosti <a href=\"https:\/\/mzo.gov.hr\/\" target=\"_blank\" rel=\"noopener\">https:\/\/mzo.gov.hr\/<\/a>.\n<\/p>\n<\/div>\n<\/div>\n<\/div>\n\n\n\n<div class=\"wp-block-column\">\n<div style=\"background: #f58220!important;border-radius:10px;\" class=\"wp-block-pb-accordion-item c-accordion__item js-accordion-item no-js\" data-initially-open=\"false\" data-click-to-close=\"true\" data-auto-close=\"true\" data-scroll=\"false\" data-scroll-offset=\"0\"><h2 id=\"at-1360815\" class=\"c-accordion__title js-accordion-controller\" role=\"button\" style=\"color:white;\"><center>Ured za udruge <br>Vlade Republike Hrvatske <br>(UZUVRH)<\/center><\/h2><div id=\"ac-1360815\" class=\"c-accordion__content\" style=\"line-height: 1.3;\">\n<p style=\"background: white;\">\nPosredni\u010dko tijelo razine 1 nadle\u017eno za pripremu poziva i odabir operacija za pojedine ciljeve iz prioritetne osi \u201cSocijalno uklju\u010divanje\u201c , \u201eZapo\u0161ljavanje mladih\u201c i \u201eObrazovanje i cjelo\u017eivotno u\u010denje\u201c. \nUlaganje sredstava u cilju promicanja jednakog pristupa kvalitetnom i uklju\u010divom obrazovanju i osposobljavanju; poticanja aktivnog uklju\u010divanja radi promicanja jednakih mogu\u0107nosti, nediskriminacije i aktivnog sudjelovanja te pobolj\u0161anje zapo\u0161ljivosti, posebno za skupine u nepovoljnom polo\u017eaju; promicanja socioekonomske integracije dr\u017eavljana tre\u0107ih zemalja, uklju\u010duju\u0107i migrante; pobolj\u0161anja jednakog i pravodobnog pristupa kvalitetnim, odr\u017eivim i cjenovno pristupa\u010dnim uslugama (stanovanje, socijalna za\u0161tita, zdravstvena skrb); ve\u0107eg pristupa zaposlenju i aktivacijske mjere za sve tra\u017eitelje zaposlenja, posebice mlade.\n<\/p>\n<\/div>\n<\/div>\n<\/div>\n<\/div>\n\n\n\n<div class=\"wp-block-columns\">\n<div class=\"wp-block-column\">\n<div style=\"background: #f58220!important;border-radius:10px;\" class=\"wp-block-pb-accordion-item c-accordion__item js-accordion-item no-js\" data-initially-open=\"false\" data-click-to-close=\"true\" data-auto-close=\"true\" data-scroll=\"false\" data-scroll-offset=\"0\"><h2 id=\"at-1360816\" class=\"c-accordion__title js-accordion-controller\" role=\"button\" style=\"color:white;\"><center>Ministarstvo <br> zdravstva <br>(MIZ)<\/center><\/h2><div id=\"ac-1360816\" class=\"c-accordion__content\" style=\"line-height: 1.3;\">\n<p style=\"background: white;\">\nPosredni\u010dko tijelo razine 1 nadle\u017eno za pripremu poziva i odabir operacija iz prioritetne osi \u201cZdravstvo\u201c.\nUlaganje sredstava u cilju pobolj\u0161anja jednakog i pravodobnog pristupa kvalitetnim, odr\u017eivim i cjenovno pristupa\u010dnim uslugama.\n<\/p>\n<\/div>\n<\/div>\n<\/div>\n\n\n\n<div class=\"wp-block-column\">\n<div style=\"background: #f58220!important;border-radius:10px;\" class=\"wp-block-pb-accordion-item c-accordion__item js-accordion-item no-js\" data-initially-open=\"false\" data-click-to-close=\"true\" data-auto-close=\"true\" data-scroll=\"false\" data-scroll-offset=\"0\"><h2 id=\"at-1360817\" class=\"c-accordion__title js-accordion-controller\" role=\"button\" style=\"color:white;\"><center>Ministarstvo <br>kulture i medija <br>(MKM)<\/center><\/h2><div id=\"ac-1360817\" class=\"c-accordion__content\" style=\"line-height: 1.3;\">\n<p style=\"background: white;\">\nPosredni\u010dko tijelo razine 1 nadle\u017eno za pripremu poziva i odabir operacija iz prioritetne osi \u201cSocijalno uklju\u010divanje\u201c.\nUlaganje sredstava u cilju poticanja aktivnog uklju\u010divanja radi promicanja jednakih mogu\u0107nosti, nediskriminacije i aktivnog sudjelovanja te pobolj\u0161anje zapo\u0161ljivosti, posebno za skupine u nepovoljnom polo\u017eaju.\n<\/p>\n<\/div>\n<\/div>\n\n\n\n<p><\/p>\n<\/div>\n\n\n\n<div class=\"wp-block-column\">\n<div style=\"background: #f58220!important;border-radius:10px;\" class=\"wp-block-pb-accordion-item c-accordion__item js-accordion-item no-js\" data-initially-open=\"false\" data-click-to-close=\"true\" data-auto-close=\"true\" data-scroll=\"false\" data-scroll-offset=\"0\"><h2 id=\"at-1360818\" class=\"c-accordion__title js-accordion-controller\" role=\"button\" style=\"color:white;\"><center>Ministarstvo <br>turizma i sporta <br>(MINTS)<\/center><\/h2><div id=\"ac-1360818\" class=\"c-accordion__content\" style=\"line-height: 1.3;\">\n<p style=\"background: white;\">\nPosredni\u010dko tijelo razine 1 nadle\u017eno za pripremu poziva i odabir operacija iz prioritetne osi \u201cSocijalno uklju\u010divanje\u201c.\nUlaganje sredstava u cilju poticanja aktivnog uklju\u010divanja radi promicanja jednakih mogu\u0107nosti, nediskriminacije i aktivnog sudjelovanja te pobolj\u0161anje zapo\u0161ljivosti, posebno za skupine u nepovoljnom polo\u017eaju.\n<\/p>\n<\/div>\n<\/div>\n<\/div>\n<\/div>\n\n\n\n<h3 class=\"has-text-align-center\">Posredni\u010dka tijela razine 2<\/h3>\n\n\n\n<hr class=\"wp-block-separator\"\/>\n\n\n\n<div class=\"wp-block-columns\">\n<div class=\"wp-block-column\">\n<div style=\"background: #e21e23!important;border-radius:10px;\" class=\"wp-block-pb-accordion-item c-accordion__item js-accordion-item no-js\" data-initially-open=\"false\" data-click-to-close=\"true\" data-auto-close=\"true\" data-scroll=\"false\" data-scroll-offset=\"0\"><h2 id=\"at-1360819\" class=\"c-accordion__title js-accordion-controller\" role=\"button\" style=\"color:white;\"><center>Hrvatski zavod za zapo\u0161ljavanje <br>(HZZ)<\/center><\/h2><div id=\"ac-1360819\" class=\"c-accordion__content\" style=\"line-height: 1.3;\">\n<p style=\"background: white;\">\nPosredni\u010dko tijelo razine 2 nadle\u017eno za provedbu odabranih operacija iz svih Prioritetnih osi odnosno Prioritetne osi \u201eInkluzivno tr\u017ei\u0161te rada i poticanje zapo\u0161ljavanja\u201c, \u201eObrazovanje i cjelo\u017eivotno u\u010denje\u201c, \u201eSocijalno uklju\u010divanje\u201c, \u201eZdravstvo\u201c, \u201eZapo\u0161ljavanje mladih\u201c, \u201eSocijalne inovacije\u201c i \u201eMaterijalna deprivacija\u201c.\n<\/p>\n<\/div>\n<\/div>\n<\/div>\n\n\n\n<div class=\"wp-block-column\">\n<div style=\"background: #e21e23!important;border-radius:10px;\" class=\"wp-block-pb-accordion-item c-accordion__item js-accordion-item no-js\" data-initially-open=\"false\" data-click-to-close=\"true\" data-auto-close=\"true\" data-scroll=\"false\" data-scroll-offset=\"0\"><h2 id=\"at-1360820\" class=\"c-accordion__title js-accordion-controller\" role=\"button\" style=\"color:white;\"><center>Agencija za strukovno obrazovanje i obrazovanje odraslih (ASOO)<\/center><\/h2><div id=\"ac-1360820\" class=\"c-accordion__content\" style=\"line-height: 1.3;\">\n<p style=\"background: white;\">\nPosredni\u010dko tijelo razine 2 nadle\u017eno za provedbu odabranih operacija iz Prioritetne osi \u201eObrazovanje i cjelo\u017eivotno u\u010denje\u201c i \u201eZapo\u0161ljavanje mladih\u201c.\n<\/p>\n<\/div>\n<\/div>\n<\/div>\n\n\n\n<div class=\"wp-block-column\">\n<div style=\"background: #e21e23!important;border-radius:10px;\" class=\"wp-block-pb-accordion-item c-accordion__item js-accordion-item no-js\" data-initially-open=\"false\" data-click-to-close=\"true\" data-auto-close=\"true\" data-scroll=\"false\" data-scroll-offset=\"0\"><h2 id=\"at-1360821\" class=\"c-accordion__title js-accordion-controller\" role=\"button\" style=\"color:white;\"><center>Nacionalna zaklada za razvoj civilnoga dru\u0161tva <br>(NZRCD)<\/center><\/h2><div id=\"ac-1360821\" class=\"c-accordion__content\" style=\"line-height: 1.3;\">\n<p style=\"background: white;\">\nPosredni\u010dko tijelo razine 2 nadle\u017eno za provedbu odabranih operacija za pojedine specifi\u010dne ciljeve iz Prioritetne osi \u201eObrazovanje i cjelo\u017eivotno u\u010denje\u201c, \u201eSocijalno uklju\u010divanje\u201c i \u201eZapo\u0161ljavanje mladih\u201c.\n<\/p>\n<\/div>\n<\/div>\n<\/div>\n<\/div>\n","protected":false},"excerpt":{"rendered":"<p>Struktura upravljanja i kontrole kori\u0161tenja Ministarstvo financija (MFIN) Tijelo nadle\u017eno za ra\u010dunovodstvenu funkciju je tijelo dr\u017eavne uprave nadle\u017eno za poslove financija te pla\u0107anja, povrate i ovjeravanje sredstava, koordinaciju aktivnosti upravljanja nepravilnostima, postupanje u podru\u010dju dr\u017eavnih potpora te osiguranje komplementarnosti i dosljednosti ulaganja s reformama i ulaganjima iz okvira europskog semestra i Mehanizma za oporavak i [&hellip;]<\/p>\n","protected":false},"author":20,"featured_media":0,"parent":0,"menu_order":0,"comment_status":"closed","ping_status":"closed","template":"","meta":{"_monsterinsights_skip_tracking":false,"_monsterinsights_sitenote_active":false,"_monsterinsights_sitenote_note":"","_monsterinsights_sitenote_category":0,"cybocfi_hide_featured_image":""},"yoast_head":"<!-- This site is optimized with the Yoast SEO plugin v16.8 - https:\/\/yoast.com\/wordpress\/plugins\/seo\/ -->\n<title>Institucije nadle\u017ene za provedbu ESF+ - Europski socijalni fond<\/title>\n<meta name=\"robots\" content=\"index, follow, max-snippet:-1, max-image-preview:large, max-video-preview:-1\" \/>\n<link rel=\"canonical\" href=\"https:\/\/esf.hr\/esfplus\/tijela-suk\/\" \/>\n<meta property=\"og:locale\" content=\"en_US\" \/>\n<meta property=\"og:type\" content=\"article\" \/>\n<meta property=\"og:title\" content=\"Institucije nadle\u017ene za provedbu ESF+ - Europski socijalni fond\" \/>\n<meta property=\"og:description\" content=\"Struktura upravljanja i kontrole kori\u0161tenja Ministarstvo financija (MFIN) Tijelo nadle\u017eno za ra\u010dunovodstvenu funkciju je tijelo dr\u017eavne uprave nadle\u017eno za poslove financija te pla\u0107anja, povrate i ovjeravanje sredstava, koordinaciju aktivnosti upravljanja nepravilnostima, postupanje u podru\u010dju dr\u017eavnih potpora te osiguranje komplementarnosti i dosljednosti ulaganja s reformama i ulaganjima iz okvira europskog semestra i Mehanizma za oporavak i [&hellip;]\" \/>\n<meta property=\"og:url\" content=\"https:\/\/esf.hr\/esfplus\/tijela-suk\/\" \/>\n<meta property=\"og:site_name\" content=\"Europski socijalni fond\" \/>\n<meta property=\"article:modified_time\" content=\"2024-07-23T09:14:02+00:00\" \/>\n<meta name=\"twitter:label1\" content=\"Est. reading time\" \/>\n\t<meta name=\"twitter:data1\" content=\"3 minutes\" \/>\n<script type=\"application\/ld+json\" class=\"yoast-schema-graph\">{\"@context\":\"https:\/\/schema.org\",\"@graph\":[{\"@type\":\"WebSite\",\"@id\":\"https:\/\/esf.hr\/esfplus\/#website\",\"url\":\"https:\/\/esf.hr\/esfplus\/\",\"name\":\"Europski socijalni fond\",\"description\":\"Program U\\u010dinkoviti ljudski potencijali 2021.-2027.\",\"potentialAction\":[{\"@type\":\"SearchAction\",\"target\":{\"@type\":\"EntryPoint\",\"urlTemplate\":\"https:\/\/esf.hr\/esfplus\/?s={search_term_string}\"},\"query-input\":\"required name=search_term_string\"}],\"inLanguage\":\"en-US\"},{\"@type\":\"WebPage\",\"@id\":\"https:\/\/esf.hr\/esfplus\/tijela-suk\/#webpage\",\"url\":\"https:\/\/esf.hr\/esfplus\/tijela-suk\/\",\"name\":\"Institucije nadle\\u017ene za provedbu ESF+ - Europski socijalni fond\",\"isPartOf\":{\"@id\":\"https:\/\/esf.hr\/esfplus\/#website\"},\"datePublished\":\"2021-06-25T09:29:36+00:00\",\"dateModified\":\"2024-07-23T09:14:02+00:00\",\"breadcrumb\":{\"@id\":\"https:\/\/esf.hr\/esfplus\/tijela-suk\/#breadcrumb\"},\"inLanguage\":\"en-US\",\"potentialAction\":[{\"@type\":\"ReadAction\",\"target\":[\"https:\/\/esf.hr\/esfplus\/tijela-suk\/\"]}]},{\"@type\":\"BreadcrumbList\",\"@id\":\"https:\/\/esf.hr\/esfplus\/tijela-suk\/#breadcrumb\",\"itemListElement\":[{\"@type\":\"ListItem\",\"position\":1,\"name\":\"Naslovna\",\"item\":\"https:\/\/esf.hr\/esfplus\/\"},{\"@type\":\"ListItem\",\"position\":2,\"name\":\"Institucije nadle\\u017ene za provedbu ESF+\"}]}]}<\/script>\n<!-- \/ Yoast SEO plugin. -->","yoast_head_json":{"title":"Institucije nadle\u017ene za provedbu ESF+ - Europski socijalni fond","robots":{"index":"index","follow":"follow","max-snippet":"max-snippet:-1","max-image-preview":"max-image-preview:large","max-video-preview":"max-video-preview:-1"},"canonical":"https:\/\/esf.hr\/esfplus\/tijela-suk\/","og_locale":"en_US","og_type":"article","og_title":"Institucije nadle\u017ene za provedbu ESF+ - Europski socijalni fond","og_description":"Struktura upravljanja i kontrole kori\u0161tenja Ministarstvo financija (MFIN) Tijelo nadle\u017eno za ra\u010dunovodstvenu funkciju je tijelo dr\u017eavne uprave nadle\u017eno za poslove financija te pla\u0107anja, povrate i ovjeravanje sredstava, koordinaciju aktivnosti upravljanja nepravilnostima, postupanje u podru\u010dju dr\u017eavnih potpora te osiguranje komplementarnosti i dosljednosti ulaganja s reformama i ulaganjima iz okvira europskog semestra i Mehanizma za oporavak i [&hellip;]","og_url":"https:\/\/esf.hr\/esfplus\/tijela-suk\/","og_site_name":"Europski socijalni fond","article_modified_time":"2024-07-23T09:14:02+00:00","twitter_misc":{"Est. reading time":"3 minutes"},"schema":{"@context":"https:\/\/schema.org","@graph":[{"@type":"WebSite","@id":"https:\/\/esf.hr\/esfplus\/#website","url":"https:\/\/esf.hr\/esfplus\/","name":"Europski socijalni fond","description":"Program U\u010dinkoviti ljudski potencijali 2021.-2027.","potentialAction":[{"@type":"SearchAction","target":{"@type":"EntryPoint","urlTemplate":"https:\/\/esf.hr\/esfplus\/?s={search_term_string}"},"query-input":"required name=search_term_string"}],"inLanguage":"en-US"},{"@type":"WebPage","@id":"https:\/\/esf.hr\/esfplus\/tijela-suk\/#webpage","url":"https:\/\/esf.hr\/esfplus\/tijela-suk\/","name":"Institucije nadle\u017ene za provedbu ESF+ - Europski socijalni fond","isPartOf":{"@id":"https:\/\/esf.hr\/esfplus\/#website"},"datePublished":"2021-06-25T09:29:36+00:00","dateModified":"2024-07-23T09:14:02+00:00","breadcrumb":{"@id":"https:\/\/esf.hr\/esfplus\/tijela-suk\/#breadcrumb"},"inLanguage":"en-US","potentialAction":[{"@type":"ReadAction","target":["https:\/\/esf.hr\/esfplus\/tijela-suk\/"]}]},{"@type":"BreadcrumbList","@id":"https:\/\/esf.hr\/esfplus\/tijela-suk\/#breadcrumb","itemListElement":[{"@type":"ListItem","position":1,"name":"Naslovna","item":"https:\/\/esf.hr\/esfplus\/"},{"@type":"ListItem","position":2,"name":"Institucije nadle\u017ene za provedbu ESF+"}]}]}},"_links":{"self":[{"href":"https:\/\/esf.hr\/esfplus\/wp-json\/wp\/v2\/pages\/13608"}],"collection":[{"href":"https:\/\/esf.hr\/esfplus\/wp-json\/wp\/v2\/pages"}],"about":[{"href":"https:\/\/esf.hr\/esfplus\/wp-json\/wp\/v2\/types\/page"}],"author":[{"embeddable":true,"href":"https:\/\/esf.hr\/esfplus\/wp-json\/wp\/v2\/users\/20"}],"replies":[{"embeddable":true,"href":"https:\/\/esf.hr\/esfplus\/wp-json\/wp\/v2\/comments?post=13608"}],"version-history":[{"count":155,"href":"https:\/\/esf.hr\/esfplus\/wp-json\/wp\/v2\/pages\/13608\/revisions"}],"predecessor-version":[{"id":22945,"href":"https:\/\/esf.hr\/esfplus\/wp-json\/wp\/v2\/pages\/13608\/revisions\/22945"}],"wp:attachment":[{"href":"https:\/\/esf.hr\/esfplus\/wp-json\/wp\/v2\/media?parent=13608"}],"curies":[{"name":"wp","href":"https:\/\/api.w.org\/{rel}","templated":true}]}}