{"id":13605,"date":"2021-06-25T10:28:20","date_gmt":"2021-06-25T09:28:20","guid":{"rendered":"https:\/\/esf.hr\/esfplus\/?page_id=13605"},"modified":"2024-08-29T09:44:59","modified_gmt":"2024-08-29T07:44:59","slug":"enc","status":"publish","type":"page","link":"https:\/\/esf.hr\/esfplus\/enc\/","title":{"rendered":"Strate\u0161ki okvir za kori\u0161tenje fondova EU"},"content":{"rendered":"<hr class=\"wp-block-separator\" \/>\r\n\r\n\r\n<p>Temeljni <strong>europski strate\u0161ki okvir <\/strong>je <a href=\"https:\/\/ec.europa.eu\/info\/business-economy-euro\/economic-and-fiscal-policy-coordination\/eu-economic-governance-monitoring-prevention-correction\/european-semester\/european-semester-your-country\/croatia_en\">Europski semestar<\/a> u okviru kojeg se donosi dokumente s osnovnim stajali\u0161tima Europske komisije o podru\u010djima javnih politika pojedine dr\u017eave \u010dlanice. Dokumenti relevantni za izradu programskih dokumenata su <a href=\"https:\/\/ec.europa.eu\/info\/sites\/default\/files\/file_import\/2019-european-semester-country-report-croatia_hr.pdf\">Izvje\u0161\u0107e za Hrvatsku za 2019. godinu<\/a> (Country report &#8211; CR), te Specifi\u010dne preporuke za <a href=\"https:\/\/eur-lex.europa.eu\/legal-content\/HR\/TXT\/PDF\/?uri=CELEX:52019DC0511&amp;from=EN\">2019.<\/a> i <a href=\"https:\/\/eur-lex.europa.eu\/legal-content\/HR\/TXT\/PDF\/?uri=CELEX:52020DC0511&amp;from=EN\">2020.<\/a> godinu (Country Specific Recommendations &#8211; CSR).<\/p>\r\n<p><strong>Nacionalni strate\u0161ki okvir <\/strong>relevantan za izradu programskih dokumenata \u010dine nacionalni strate\u0161ki dokumenti i odluka Vlade Republike Hrvatske.<\/p>\r\n<p><a href=\"https:\/\/narodne-novine.nn.hr\/clanci\/sluzbeni\/2021_02_13_230.html\"><strong>Nacionalna razvojna strategija Republike Hrvatske do 2030. godine<\/strong><\/a> je krovni strate\u0161ki dokument u kojoj su odre\u0111eni razvojni smjerovi i strate\u0161ki ciljevi ulaganja u Hrvatskoj u sljede\u0107ih 10 godina.<\/p>\r\n<p><strong>Akti strate\u0161kog planiranja povezani s ispunjavanjem uvjeta koji omogu\u0107uju provedbu (ENC) <\/strong>utvr\u0111eni su Odlukom Vlade Republike Hrvatske o utvr\u0111ivanju akata strate\u0161kog planiranja povezanih s uvjetima koji omogu\u0107avaju provedbu fondova EU za razdoblje 2021.-2027. Radi se o strategijama i nacionalnim planovima \u010dije mjere i aktivnosti razra\u0111uju strate\u0161ke ciljeve iz NRS-a, istovremeno uzimaju\u0107i u obzir kriterije za ispunjavanje ENC-ova, preporuke i podru\u010dja ulaganja iz CR-a i CSR-a kao i utvr\u0111ene potrebe za ulaganjima u podru\u010djima pojedinih javnih politika.\u00a0<\/p>\r\n<p>Sukladno odredbama CPR-a svaka dr\u017eava \u010dlanica priprema sporazum o partnerstvu, krovni strate\u0161ki i sa\u017eeti dokument u kojem se utvr\u0111uje strate\u0161ko usmjerenje za programiranje, te mehanizmi za djelotvornu i u\u010dinkovitu upotrebu sredstava fondova. Europska komisija je <a href=\"https:\/\/strukturnifondovi.hr\/wp-content\/uploads\/2022\/09\/SoP_2021_2027_usvojen-SoP.pdf\">Sporazum o partnerstvu s Republikom Hrvatskom<\/a> usvojila 24. kolovoza 2022.<\/p>\r\n<p>Na\u010din kori\u0161tenja sredstava iz pojedinog fonda obra\u0111uje se u programskim dokumentima. Vlada Republike Hrvatske je na sjednici 05. studenog 2020. donijela <a href=\"https:\/\/strukturnifondovi.hr\/wp-content\/uploads\/2021\/12\/2021602.pdf\">Odluku o programima veznim za kohezijsku politiku za financijsko razdoblje 2021.\u20132027. u Republici Hrvatskoj i tijelima zadu\u017eenima za njihovu pripremu<\/a>.<\/p>\r\n<p>U okviru Kohezijske politike izra\u0111ena su tri programa:<\/p>\r\n<ol>\r\n<li>Program Konkurentnost i kohezija 2021.\u20132027. (PKK) sredstva EFRR i KF<\/li>\r\n<li>Program U\u010dinkoviti ljudski potencijali 2021.\u20132027. (PULJP) sredstva ESF+<\/li>\r\n<li>Integrirani teritorijalni program 2021.\u20132027. (ITP) sredstva EFRR, KF i FPT<\/li>\r\n<\/ol>\r\n<p>Ministarstvo rada, mirovinskoga sustava, obitelji i socijalne politike zadu\u017eeno je za izradu i provedbu Programa U\u010dinkoviti ljudski potencijali 2021.\u20132027. Za izradu i provedbu ostala dva programa zadu\u017eeno je <a href=\"https:\/\/razvoj.gov.hr\/istaknute-teme\/eu-fondovi-2021-2027\/4851\">Ministarstvo regionalnoga razvoja i fondova Europske unije.<\/a><\/p>\r\n<p><\/p>","protected":false},"excerpt":{"rendered":"<p>Temeljni europski strate\u0161ki okvir je Europski semestar u okviru kojeg se donosi dokumente s osnovnim stajali\u0161tima Europske komisije o podru\u010djima javnih politika pojedine dr\u017eave \u010dlanice. Dokumenti relevantni za izradu programskih dokumenata su Izvje\u0161\u0107e za Hrvatsku za 2019. godinu (Country report &#8211; CR), te Specifi\u010dne preporuke za 2019. i 2020. godinu (Country Specific Recommendations &#8211; CSR). [&hellip;]<\/p>\n","protected":false},"author":20,"featured_media":0,"parent":0,"menu_order":0,"comment_status":"closed","ping_status":"closed","template":"","meta":{"_monsterinsights_skip_tracking":false,"_monsterinsights_sitenote_active":false,"_monsterinsights_sitenote_note":"","_monsterinsights_sitenote_category":0,"cybocfi_hide_featured_image":""},"yoast_head":"<!-- This site is optimized with the Yoast SEO plugin v16.8 - https:\/\/yoast.com\/wordpress\/plugins\/seo\/ -->\n<title>Strate\u0161ki okvir za kori\u0161tenje fondova EU - Europski socijalni fond<\/title>\n<meta name=\"robots\" content=\"index, follow, max-snippet:-1, max-image-preview:large, max-video-preview:-1\" \/>\n<link rel=\"canonical\" href=\"https:\/\/esf.hr\/esfplus\/enc\/\" \/>\n<meta property=\"og:locale\" content=\"en_US\" \/>\n<meta property=\"og:type\" content=\"article\" \/>\n<meta property=\"og:title\" content=\"Strate\u0161ki okvir za kori\u0161tenje fondova EU - Europski socijalni fond\" \/>\n<meta property=\"og:description\" content=\"Temeljni europski strate\u0161ki okvir je Europski semestar u okviru kojeg se donosi dokumente s osnovnim stajali\u0161tima Europske komisije o podru\u010djima javnih politika pojedine dr\u017eave \u010dlanice. Dokumenti relevantni za izradu programskih dokumenata su Izvje\u0161\u0107e za Hrvatsku za 2019. godinu (Country report &#8211; CR), te Specifi\u010dne preporuke za 2019. i 2020. godinu (Country Specific Recommendations &#8211; CSR). [&hellip;]\" \/>\n<meta property=\"og:url\" content=\"https:\/\/esf.hr\/esfplus\/enc\/\" \/>\n<meta property=\"og:site_name\" content=\"Europski socijalni fond\" \/>\n<meta property=\"article:modified_time\" content=\"2024-08-29T07:44:59+00:00\" \/>\n<meta name=\"twitter:label1\" content=\"Est. reading time\" \/>\n\t<meta name=\"twitter:data1\" content=\"2 minutes\" \/>\n<script type=\"application\/ld+json\" class=\"yoast-schema-graph\">{\"@context\":\"https:\/\/schema.org\",\"@graph\":[{\"@type\":\"WebSite\",\"@id\":\"https:\/\/esf.hr\/esfplus\/#website\",\"url\":\"https:\/\/esf.hr\/esfplus\/\",\"name\":\"Europski socijalni fond\",\"description\":\"Program U\\u010dinkoviti ljudski potencijali 2021.-2027.\",\"potentialAction\":[{\"@type\":\"SearchAction\",\"target\":{\"@type\":\"EntryPoint\",\"urlTemplate\":\"https:\/\/esf.hr\/esfplus\/?s={search_term_string}\"},\"query-input\":\"required name=search_term_string\"}],\"inLanguage\":\"en-US\"},{\"@type\":\"WebPage\",\"@id\":\"https:\/\/esf.hr\/esfplus\/enc\/#webpage\",\"url\":\"https:\/\/esf.hr\/esfplus\/enc\/\",\"name\":\"Strate\\u0161ki okvir za kori\\u0161tenje fondova EU - Europski socijalni fond\",\"isPartOf\":{\"@id\":\"https:\/\/esf.hr\/esfplus\/#website\"},\"datePublished\":\"2021-06-25T09:28:20+00:00\",\"dateModified\":\"2024-08-29T07:44:59+00:00\",\"breadcrumb\":{\"@id\":\"https:\/\/esf.hr\/esfplus\/enc\/#breadcrumb\"},\"inLanguage\":\"en-US\",\"potentialAction\":[{\"@type\":\"ReadAction\",\"target\":[\"https:\/\/esf.hr\/esfplus\/enc\/\"]}]},{\"@type\":\"BreadcrumbList\",\"@id\":\"https:\/\/esf.hr\/esfplus\/enc\/#breadcrumb\",\"itemListElement\":[{\"@type\":\"ListItem\",\"position\":1,\"name\":\"Naslovna\",\"item\":\"https:\/\/esf.hr\/esfplus\/\"},{\"@type\":\"ListItem\",\"position\":2,\"name\":\"Strate\\u0161ki okvir za kori\\u0161tenje fondova EU\"}]}]}<\/script>\n<!-- \/ Yoast SEO plugin. -->","yoast_head_json":{"title":"Strate\u0161ki okvir za kori\u0161tenje fondova EU - Europski socijalni fond","robots":{"index":"index","follow":"follow","max-snippet":"max-snippet:-1","max-image-preview":"max-image-preview:large","max-video-preview":"max-video-preview:-1"},"canonical":"https:\/\/esf.hr\/esfplus\/enc\/","og_locale":"en_US","og_type":"article","og_title":"Strate\u0161ki okvir za kori\u0161tenje fondova EU - Europski socijalni fond","og_description":"Temeljni europski strate\u0161ki okvir je Europski semestar u okviru kojeg se donosi dokumente s osnovnim stajali\u0161tima Europske komisije o podru\u010djima javnih politika pojedine dr\u017eave \u010dlanice. Dokumenti relevantni za izradu programskih dokumenata su Izvje\u0161\u0107e za Hrvatsku za 2019. godinu (Country report &#8211; CR), te Specifi\u010dne preporuke za 2019. i 2020. godinu (Country Specific Recommendations &#8211; CSR). [&hellip;]","og_url":"https:\/\/esf.hr\/esfplus\/enc\/","og_site_name":"Europski socijalni fond","article_modified_time":"2024-08-29T07:44:59+00:00","twitter_misc":{"Est. reading time":"2 minutes"},"schema":{"@context":"https:\/\/schema.org","@graph":[{"@type":"WebSite","@id":"https:\/\/esf.hr\/esfplus\/#website","url":"https:\/\/esf.hr\/esfplus\/","name":"Europski socijalni fond","description":"Program U\u010dinkoviti ljudski potencijali 2021.-2027.","potentialAction":[{"@type":"SearchAction","target":{"@type":"EntryPoint","urlTemplate":"https:\/\/esf.hr\/esfplus\/?s={search_term_string}"},"query-input":"required name=search_term_string"}],"inLanguage":"en-US"},{"@type":"WebPage","@id":"https:\/\/esf.hr\/esfplus\/enc\/#webpage","url":"https:\/\/esf.hr\/esfplus\/enc\/","name":"Strate\u0161ki okvir za kori\u0161tenje fondova EU - Europski socijalni fond","isPartOf":{"@id":"https:\/\/esf.hr\/esfplus\/#website"},"datePublished":"2021-06-25T09:28:20+00:00","dateModified":"2024-08-29T07:44:59+00:00","breadcrumb":{"@id":"https:\/\/esf.hr\/esfplus\/enc\/#breadcrumb"},"inLanguage":"en-US","potentialAction":[{"@type":"ReadAction","target":["https:\/\/esf.hr\/esfplus\/enc\/"]}]},{"@type":"BreadcrumbList","@id":"https:\/\/esf.hr\/esfplus\/enc\/#breadcrumb","itemListElement":[{"@type":"ListItem","position":1,"name":"Naslovna","item":"https:\/\/esf.hr\/esfplus\/"},{"@type":"ListItem","position":2,"name":"Strate\u0161ki okvir za kori\u0161tenje fondova EU"}]}]}},"_links":{"self":[{"href":"https:\/\/esf.hr\/esfplus\/wp-json\/wp\/v2\/pages\/13605"}],"collection":[{"href":"https:\/\/esf.hr\/esfplus\/wp-json\/wp\/v2\/pages"}],"about":[{"href":"https:\/\/esf.hr\/esfplus\/wp-json\/wp\/v2\/types\/page"}],"author":[{"embeddable":true,"href":"https:\/\/esf.hr\/esfplus\/wp-json\/wp\/v2\/users\/20"}],"replies":[{"embeddable":true,"href":"https:\/\/esf.hr\/esfplus\/wp-json\/wp\/v2\/comments?post=13605"}],"version-history":[{"count":23,"href":"https:\/\/esf.hr\/esfplus\/wp-json\/wp\/v2\/pages\/13605\/revisions"}],"predecessor-version":[{"id":21730,"href":"https:\/\/esf.hr\/esfplus\/wp-json\/wp\/v2\/pages\/13605\/revisions\/21730"}],"wp:attachment":[{"href":"https:\/\/esf.hr\/esfplus\/wp-json\/wp\/v2\/media?parent=13605"}],"curies":[{"name":"wp","href":"https:\/\/api.w.org\/{rel}","templated":true}]}}