{"id":13602,"date":"2021-06-25T10:27:07","date_gmt":"2021-06-25T09:27:07","guid":{"rendered":"https:\/\/esf.hr\/esfplus\/?page_id=13602"},"modified":"2024-02-09T07:41:49","modified_gmt":"2024-02-09T06:41:49","slug":"mapa-programa","status":"publish","type":"page","link":"https:\/\/esf.hr\/esfplus\/mapa-programa\/","title":{"rendered":"Mapa Programa"},"content":{"rendered":"\n<h1>Mapa Programa<\/h1>\n<hr style=\"border-top: 2.2px solid #ddd;\">\n\n\n\n<div class=\"wp-block-columns\">\n<div class=\"wp-block-column\">\n<div class=\"wp-block-button has-custom-font-size is-style-outline has-medium-font-size\"><a class=\"wp-block-button__link has-text-color tender-one\" style=\"border-color: rgb(234, 235, 243);\n    background-color: rgb(50, 60, 140);\n    color: white;\nmin-width: 370px;\npointer-events: none;\" rel=\"https:\/\/esf.hr\/esfplus\/natjecaji\/zaposljavanje\/\"><span class=\"icon1\"><\/span><h5 id=\"natj1\" style=\"margin:10px;text-align:left;letter-spacing: 0.3px;line-height:20px;padding-top: 5px;\">Inkluzivno tr\u017ei\u0161te rada i <br>poticanje zapo\u0161ljavanja<\/h5><\/a><\/div>\n<br>\n<strong style=\"font-size: larger;\nline-height: 30px;\">a) <a href=\"https:\/\/esf.hr\/esfplus\/eu-fondovi-2021-2027-financiranje\/#A\">Pristup zaposlenju i aktivacijske mjere za sve<\/a><\/strong> \n<br>\n<strong style=\"font-size: larger;\nline-height: 30px;\">b) <a href=\"https:\/\/esf.hr\/esfplus\/eu-fondovi-2021-2027-financiranje\/#B\">Modernizacija institucija tr\u017ei\u0161ta rada<\/a>\n<\/strong>\n<br>\n<p><\/p>\n<p><strong style=\"font-size: 1rem;\">Iznos EU+ nacionalno sufinanciranje (EUR) :<br> 468.500.000 <\/strong><\/p>\n<\/div>\n\n\n\n<div class=\"wp-block-column\">\n<div class=\"wp-block-button has-custom-font-size is-style-outline has-medium-font-size\" onclick=\"obrazovanje()\"><a class=\"wp-block-button__link has-text-color tender-three\" style=\"border-color: rgb(234, 235, 243);\r\n    background-color: rgb(0, 140, 84);\r\n    color: white;\r\nmin-width: 370px;\r\npointer-events: none;\" rel=\"https:\/\/esf.hr\/esfplus\/natjecaji\/obrazovanje\/\"><span class=\"icon4\"><\/span><h5 id=\"natj3\" style=\"margin:10px;text-align:left;letter-spacing: 0.3px;line-height:20px;padding-top: 5px;\">Obrazovanje i <br>cjelo\u017eivotno u\u010denje<\/h5><\/a><\/div>\r\n<br \/>\r\n<strong style = \"font-size: larger;\r\nline-height: 30px;\">e) <a href=\"https:\/\/esf.hr\/esfplus\/eu-fondovi-2021-2027-financiranje\/#E\">Unaprje\u0111enje sustava obrazovanja i &nbsp;&nbsp;&nbsp;&nbsp;osposobljavanja<\/a><\/strong> \r\n<br \/>\r\n<strong style = \"font-size: larger;\r\nline-height: 30px;\">f) <a href=\"https:\/\/esf.hr\/esfplus\/eu-fondovi-2021-2027-financiranje\/#F\" >Kvalitetni i uklju\u010divi sustavi obrazovanja i &nbsp;&nbsp;&nbsp;&nbsp;osposobljavanja<\/a>\r\n<\/strong>\r\n<br \/>\r\n<strong style = \"font-size: larger;\r\nline-height: 30px;\">g) <a href=\"https:\/\/esf.hr\/esfplus\/eu-fondovi-2021-2027-financiranje\/#G\" > Cjelo\u017eivotno u\u010denje i promjene radnog mjesta<\/a>\r\n<\/strong>\r\n<br \/>\r\n<\/p>\r\n<p><strong style=\"font-size: 1rem;\">Iznos EU+ nacionalno sufinanciranje (EUR) :<br \/> 578.000.000 <\/p><\/strong>\n<\/div>\n\n\n\n<div class=\"wp-block-column\">\n<div class=\"wp-block-button has-custom-font-size is-style-outline has-medium-font-size\" onclick=\"socijalnoukljucivanje()\"><a class=\"wp-block-button__link has-text-color tender-four\" style=\"    \r\nborder-color: rgb(234, 235, 243);\r\nbackground-color: rgb(220, 36, 160);\r\ncolor: white;\r\nmin-width: 370px;\r\npointer-events: none;\"  rel=\"https:\/\/esf.hr\/esfplus\/natjecaji\/socijalno-ukljucivanje\/\"><span class=\"icon5\"><\/span><h5 id=\"natj4\" style=\"margin:10px;text-align:left;letter-spacing: 0.3px;line-height:20px;padding-top: 5px;\">Socijalno <br>uklju\u010divanje<\/h5><\/a><\/div>\r\n<br \/>\r\n<strong style = \"font-size: larger;\r\nline-height: 30px;\">h) <a href=\"https:\/\/esf.hr\/esfplus\/eu-fondovi-2021-2027-financiranje\/#H\">Aktivno uklju\u010divanje i zapo\u0161ljivost<\/a><\/strong> \r\n<br \/>\r\n<strong style = \"font-size: larger;\r\nline-height: 30px;\">i) <a href=\"https:\/\/esf.hr\/esfplus\/eu-fondovi-2021-2027-financiranje\/#I\">Integracija dr\u017eavljana tre\u0107ih zemalja<\/a>\r\n<\/strong>\r\n<br \/>\r\n<strong style = \"font-size: larger;\r\nline-height: 30px;\">j) <a href=\"https:\/\/esf.hr\/esfplus\/eu-fondovi-2021-2027-financiranje\/#J\">Integracija marginaliziranih zajednica kao \u0161to su &nbsp;&nbsp;&nbsp;Romi<\/a>\r\n<\/strong>\r\n<br \/>\r\n<strong style = \"font-size: larger;\r\nline-height: 30px;\">k) <a href=\"https:\/\/esf.hr\/esfplus\/eu-fondovi-2021-2027-financiranje\/#K\">Jednak pristup kvalitetnim socijalnim uslugama i &nbsp;&nbsp;&nbsp;&nbsp;uslugama zdravstvene za\u0161tite<\/a>\r\n<\/strong>\r\n<br \/>\r\n<\/p>\r\n<p><strong style=\"font-size: 1rem;\">Iznos EU+ nacionalno sufinanciranje (EUR) :<br \/> 595.000.000.00 <\/p><\/strong>\n<\/div>\n<\/div>\n\n\n\n<div class=\"wp-block-columns\">\n<div class=\"wp-block-column\">\n<div class=\"wp-block-button has-custom-font-size is-style-outline has-medium-font-size\" onclick=\"zdravstvo()\"><a class=\"wp-block-button__link has-text-color tender-five\" style=\"border-color: rgb(234, 235, 243);\n    background-color: rgb(226, 30, 35);\n    color: white;\nmin-width: 370px;\npointer-events: none;\" rel=\"https:\/\/esf.hr\/esfplus\/natjecaji\/zdravstvo\/\"><span class=\"icon6\"><\/span><h5 id=\"natj5\" style=\"margin:10px;text-align:left;letter-spacing: 0.3px;padding-top:16px;\">Zdravstvo <br><\/h5><\/a><\/div>\t\n<br>\n<strong style=\"font-size: larger;\nline-height: 30px;\">k) <a href=\"https:\/\/esf.hr\/esfplus\/eu-fondovi-2021-2027-financiranje\/#KZ\">Jednak pristup kvalitetnim socijalnim uslugama i &nbsp;&nbsp;&nbsp;&nbsp;uslugama zdravstvene za\u0161tite<\/a>\n<\/strong>\n<br>\n<p><\/p>\n<p><strong style=\"font-size: 1rem;\">Iznos EU+ nacionalno sufinanciranje (EUR) :<br> 80.000.000.00 <\/strong><\/p>\n<\/div>\n\n\n\n<div class=\"wp-block-column\">\n<div class=\"wp-block-button has-custom-font-size is-style-outline has-medium-font-size \" onclick=\"zaposljavanjemladih()\" ><a class=\"wp-block-button__link has-text-color tender-two\"  style=\"border-color: rgb(234, 235, 243);\r\n    background-color: rgb(0, 160, 220);\r\n    color: white;\r\nmin-width: 370px;\r\npointer-events: none;\" rel=\"https:\/\/esf.hr\/esfplus\/natjecaji\/zaposljavanje-mladih\/\"><span class=\"icon3\"><\/span><h5 id=\"natj2\" style=\"margin:10px;text-align:left;letter-spacing: 0.3px;line-height:20px;padding-top: 5px;\">Zapo\u0161ljavanje <br>mladih<\/h5><\/a><\/div>\r\n<br \/>\r\n<strong style = \"font-size: larger;\r\nline-height: 30px;\">a) <a href=\"https:\/\/esf.hr\/esfplus\/eu-fondovi-2021-2027-financiranje\/#AZ\">Pristup zaposlenju i aktivacijske mjere za sve<\/a><\/strong> \r\n<br \/>\r\n<strong style = \"font-size: larger;\r\nline-height: 30px;\">f) <a href=\"https:\/\/esf.hr\/esfplus\/eu-fondovi-2021-2027-financiranje\/#FZ\" >Kvalitetni i uklju\u010divi sustavi obrazovanja i &nbsp;&nbsp;&nbsp;&nbsp;osposobljavanja<\/a>\r\n<\/strong>\r\n<br\/>\r\n<\/p>\r\n<p><strong style=\"font-size: 1rem;\">Iznos EU+ nacionalno sufinanciranje (EUR) :<br \/> 367.470.589.00 <\/p><\/strong>\n<\/div>\n\n\n\n<div class=\"wp-block-column\">\n<div class=\"wp-block-button has-custom-font-size is-style-outline has-medium-font-size\" onclick=\"socijalneinovacije()\"><a class=\"wp-block-button__link has-text-color tender-seven\" style=\"border-color: rgb(234, 235, 243);\r\n    background-color: rgb(166, 207, 56);\r\n    color: white;\r\nmin-width: 370px;\r\npointer-events: none;\"  rel=\"https:\/\/esf.hr\/esfplus\/natjecaji\/socijalne-inovacije\/\"><span class=\"icon7\"><\/span><h5 id=\"natj7\" style=\"margin:10px;text-align:left;letter-spacing: 0.3px;line-height:20px;padding-top: 5px;\">Socijalne <br>inovacije<\/h5><\/a><\/div>\t\r\n<br \/>\r\n<strong style = \"font-size: larger;\r\nline-height: 30px;\">j) <a href=\"https:\/\/esf.hr\/esfplus\/eu-fondovi-2021-2027-financiranje\/#JS\">Integracija marginaliziranih zajednica kao \u0161to su &nbsp;&nbsp;&nbsp;Romi<\/a>\r\n<\/strong>\r\n<br \/>\r\n<strong style = \"font-size: larger;\r\nline-height: 30px;\">k) <a href=\"https:\/\/esf.hr\/esfplus\/eu-fondovi-2021-2027-financiranje\/#KS\">Jednak pristup kvalitetnim socijalnim uslugama i &nbsp;&nbsp;&nbsp;&nbsp;uslugama zdravstvene za\u0161tite<\/a>\r\n<\/strong>\r\n<br \/>\r\n<\/p>\r\n<p><strong style=\"font-size: 1rem;\">Iznos EU+ nacionalno sufinanciranje (EUR) :<br \/> 19.766.106.00 <\/p><\/strong>\n<\/div>\n<\/div>\n\n\n\n<div class=\"wp-block-columns\">\n<div class=\"wp-block-column\">\n<div class=\"wp-block-button has-custom-font-size is-style-outline has-medium-font-size\" onclick=\"materijalnadeprivacija()\"><a class=\"wp-block-button__link has-text-color tender-eight\" style=\"border-color: rgb(234, 235, 243);\r\n    background-color: rgb(245, 130, 32);\r\n    color: white;\r\nmin-width: 370px;\r\npointer-events: none;\"  rel=\"https:\/\/esf.hr\/esfplus\/natjecaji\/materijalna-deprivacija\/\"><span class=\"icon8\"><\/span><h5 id=\"natj8\" style=\"margin:10px;text-align:left;letter-spacing: 0.3px;line-height:20px;padding-top: 5px;\">Materijalna <br>deprivacija<\/h5><\/a><\/div>\t\r\n<br \/>\r\n<strong style = \"font-size: larger;\r\nline-height: 30px;\">m) <a href=\"https:\/\/esf.hr\/esfplus\/eu-fondovi-2021-2027-financiranje\/#M\">Materijalna deprivacija<\/a>\r\n<\/strong>\r\n<br \/>\r\n<\/p>\r\n<p><strong style=\"font-size: 1rem;\">Iznos EU+ nacionalno sufinanciranje (EUR) :<br \/> 72.000.000.00 <\/p><\/strong>\n<\/div>\n<\/div>\n","protected":false},"excerpt":{"rendered":"<p>Mapa Programa Inkluzivno tr\u017ei\u0161te rada i poticanje zapo\u0161ljavanja a) Pristup zaposlenju i aktivacijske mjere za sve b) Modernizacija institucija tr\u017ei\u0161ta rada Iznos EU+ nacionalno sufinanciranje (EUR) : 468.500.000 Obrazovanje i cjelo\u017eivotno u\u010denje e) Unaprje\u0111enje sustava obrazovanja i &nbsp;&nbsp;&nbsp;&nbsp;osposobljavanja f) Kvalitetni i uklju\u010divi sustavi obrazovanja i &nbsp;&nbsp;&nbsp;&nbsp;osposobljavanja g) Cjelo\u017eivotno u\u010denje i promjene radnog mjesta Iznos EU+ [&hellip;]<\/p>\n","protected":false},"author":20,"featured_media":0,"parent":0,"menu_order":0,"comment_status":"closed","ping_status":"closed","template":"","meta":{"_monsterinsights_skip_tracking":false,"_monsterinsights_sitenote_active":false,"_monsterinsights_sitenote_note":"","_monsterinsights_sitenote_category":0,"cybocfi_hide_featured_image":""},"yoast_head":"<!-- This site is optimized with the Yoast SEO plugin v16.8 - https:\/\/yoast.com\/wordpress\/plugins\/seo\/ -->\n<title>Mapa Programa - Europski socijalni fond<\/title>\n<meta name=\"robots\" content=\"index, follow, max-snippet:-1, max-image-preview:large, max-video-preview:-1\" \/>\n<link rel=\"canonical\" href=\"https:\/\/esf.hr\/esfplus\/mapa-programa\/\" \/>\n<meta property=\"og:locale\" content=\"en_US\" \/>\n<meta property=\"og:type\" content=\"article\" \/>\n<meta property=\"og:title\" content=\"Mapa Programa - Europski socijalni fond\" \/>\n<meta property=\"og:description\" content=\"Mapa Programa Inkluzivno tr\u017ei\u0161te rada i poticanje zapo\u0161ljavanja a) Pristup zaposlenju i aktivacijske mjere za sve b) Modernizacija institucija tr\u017ei\u0161ta rada Iznos EU+ nacionalno sufinanciranje (EUR) : 468.500.000 Obrazovanje i cjelo\u017eivotno u\u010denje e) Unaprje\u0111enje sustava obrazovanja i &nbsp;&nbsp;&nbsp;&nbsp;osposobljavanja f) Kvalitetni i uklju\u010divi sustavi obrazovanja i &nbsp;&nbsp;&nbsp;&nbsp;osposobljavanja g) Cjelo\u017eivotno u\u010denje i promjene radnog mjesta Iznos EU+ [&hellip;]\" \/>\n<meta property=\"og:url\" content=\"https:\/\/esf.hr\/esfplus\/mapa-programa\/\" \/>\n<meta property=\"og:site_name\" content=\"Europski socijalni fond\" \/>\n<meta property=\"article:modified_time\" content=\"2024-02-09T06:41:49+00:00\" \/>\n<meta name=\"twitter:label1\" content=\"Est. reading time\" \/>\n\t<meta name=\"twitter:data1\" content=\"1 minute\" \/>\n<script type=\"application\/ld+json\" class=\"yoast-schema-graph\">{\"@context\":\"https:\/\/schema.org\",\"@graph\":[{\"@type\":\"WebSite\",\"@id\":\"https:\/\/esf.hr\/esfplus\/#website\",\"url\":\"https:\/\/esf.hr\/esfplus\/\",\"name\":\"Europski socijalni fond\",\"description\":\"Program U\\u010dinkoviti ljudski potencijali 2021.-2027.\",\"potentialAction\":[{\"@type\":\"SearchAction\",\"target\":{\"@type\":\"EntryPoint\",\"urlTemplate\":\"https:\/\/esf.hr\/esfplus\/?s={search_term_string}\"},\"query-input\":\"required name=search_term_string\"}],\"inLanguage\":\"en-US\"},{\"@type\":\"WebPage\",\"@id\":\"https:\/\/esf.hr\/esfplus\/mapa-programa\/#webpage\",\"url\":\"https:\/\/esf.hr\/esfplus\/mapa-programa\/\",\"name\":\"Mapa Programa - Europski socijalni fond\",\"isPartOf\":{\"@id\":\"https:\/\/esf.hr\/esfplus\/#website\"},\"datePublished\":\"2021-06-25T09:27:07+00:00\",\"dateModified\":\"2024-02-09T06:41:49+00:00\",\"breadcrumb\":{\"@id\":\"https:\/\/esf.hr\/esfplus\/mapa-programa\/#breadcrumb\"},\"inLanguage\":\"en-US\",\"potentialAction\":[{\"@type\":\"ReadAction\",\"target\":[\"https:\/\/esf.hr\/esfplus\/mapa-programa\/\"]}]},{\"@type\":\"BreadcrumbList\",\"@id\":\"https:\/\/esf.hr\/esfplus\/mapa-programa\/#breadcrumb\",\"itemListElement\":[{\"@type\":\"ListItem\",\"position\":1,\"name\":\"Naslovna\",\"item\":\"https:\/\/esf.hr\/esfplus\/\"},{\"@type\":\"ListItem\",\"position\":2,\"name\":\"Mapa Programa\"}]}]}<\/script>\n<!-- \/ Yoast SEO plugin. -->","yoast_head_json":{"title":"Mapa Programa - Europski socijalni fond","robots":{"index":"index","follow":"follow","max-snippet":"max-snippet:-1","max-image-preview":"max-image-preview:large","max-video-preview":"max-video-preview:-1"},"canonical":"https:\/\/esf.hr\/esfplus\/mapa-programa\/","og_locale":"en_US","og_type":"article","og_title":"Mapa Programa - Europski socijalni fond","og_description":"Mapa Programa Inkluzivno tr\u017ei\u0161te rada i poticanje zapo\u0161ljavanja a) Pristup zaposlenju i aktivacijske mjere za sve b) Modernizacija institucija tr\u017ei\u0161ta rada Iznos EU+ nacionalno sufinanciranje (EUR) : 468.500.000 Obrazovanje i cjelo\u017eivotno u\u010denje e) Unaprje\u0111enje sustava obrazovanja i &nbsp;&nbsp;&nbsp;&nbsp;osposobljavanja f) Kvalitetni i uklju\u010divi sustavi obrazovanja i &nbsp;&nbsp;&nbsp;&nbsp;osposobljavanja g) Cjelo\u017eivotno u\u010denje i promjene radnog mjesta Iznos EU+ [&hellip;]","og_url":"https:\/\/esf.hr\/esfplus\/mapa-programa\/","og_site_name":"Europski socijalni fond","article_modified_time":"2024-02-09T06:41:49+00:00","twitter_misc":{"Est. reading time":"1 minute"},"schema":{"@context":"https:\/\/schema.org","@graph":[{"@type":"WebSite","@id":"https:\/\/esf.hr\/esfplus\/#website","url":"https:\/\/esf.hr\/esfplus\/","name":"Europski socijalni fond","description":"Program U\u010dinkoviti ljudski potencijali 2021.-2027.","potentialAction":[{"@type":"SearchAction","target":{"@type":"EntryPoint","urlTemplate":"https:\/\/esf.hr\/esfplus\/?s={search_term_string}"},"query-input":"required name=search_term_string"}],"inLanguage":"en-US"},{"@type":"WebPage","@id":"https:\/\/esf.hr\/esfplus\/mapa-programa\/#webpage","url":"https:\/\/esf.hr\/esfplus\/mapa-programa\/","name":"Mapa Programa - Europski socijalni fond","isPartOf":{"@id":"https:\/\/esf.hr\/esfplus\/#website"},"datePublished":"2021-06-25T09:27:07+00:00","dateModified":"2024-02-09T06:41:49+00:00","breadcrumb":{"@id":"https:\/\/esf.hr\/esfplus\/mapa-programa\/#breadcrumb"},"inLanguage":"en-US","potentialAction":[{"@type":"ReadAction","target":["https:\/\/esf.hr\/esfplus\/mapa-programa\/"]}]},{"@type":"BreadcrumbList","@id":"https:\/\/esf.hr\/esfplus\/mapa-programa\/#breadcrumb","itemListElement":[{"@type":"ListItem","position":1,"name":"Naslovna","item":"https:\/\/esf.hr\/esfplus\/"},{"@type":"ListItem","position":2,"name":"Mapa Programa"}]}]}},"_links":{"self":[{"href":"https:\/\/esf.hr\/esfplus\/wp-json\/wp\/v2\/pages\/13602"}],"collection":[{"href":"https:\/\/esf.hr\/esfplus\/wp-json\/wp\/v2\/pages"}],"about":[{"href":"https:\/\/esf.hr\/esfplus\/wp-json\/wp\/v2\/types\/page"}],"author":[{"embeddable":true,"href":"https:\/\/esf.hr\/esfplus\/wp-json\/wp\/v2\/users\/20"}],"replies":[{"embeddable":true,"href":"https:\/\/esf.hr\/esfplus\/wp-json\/wp\/v2\/comments?post=13602"}],"version-history":[{"count":86,"href":"https:\/\/esf.hr\/esfplus\/wp-json\/wp\/v2\/pages\/13602\/revisions"}],"predecessor-version":[{"id":22215,"href":"https:\/\/esf.hr\/esfplus\/wp-json\/wp\/v2\/pages\/13602\/revisions\/22215"}],"wp:attachment":[{"href":"https:\/\/esf.hr\/esfplus\/wp-json\/wp\/v2\/media?parent=13602"}],"curies":[{"name":"wp","href":"https:\/\/api.w.org\/{rel}","templated":true}]}}