{"id":13599,"date":"2021-06-25T10:25:33","date_gmt":"2021-06-25T09:25:33","guid":{"rendered":"https:\/\/esf.hr\/esfplus\/?page_id=13599"},"modified":"2024-08-29T09:44:23","modified_gmt":"2024-08-29T07:44:23","slug":"program","status":"publish","type":"page","link":"https:\/\/esf.hr\/esfplus\/program\/","title":{"rendered":"EU fondovi 2021.-2027."},"content":{"rendered":"<hr style=\"border-top: 2.2px solid #ddd;\" \/>\n<p>Kohezijsku politiku Europske unije za razdoblje 2021.-2027. \u010dine sredstva:<\/p>\n<ul>\n<li>Europskog fonda za regionalni razvoj<\/li>\n<li>Kohezijskog fonda<\/li>\n<li>Europskog socijalnog fonda plus<\/li>\n<li>Fonda za pravednu tranziciju<\/li>\n<\/ul>\n<p>Regulatorni okvir na razini EU \u010dini zakonodavni paket Kohezijske politike 2021.-2027. u kojem je, uz pojedina\u010dne uredbe za svaki fond, i <a href=\"https:\/\/eur-lex.europa.eu\/legal-content\/HR\/TXT\/PDF\/?uri=CELEX:32021R1060&amp;qid=1650362535508&amp;from=EN\">Uredba (EU) 2021\/1060 Europskog parlamenta u Vije\u0107a od 24. lipnja 2021. o utvr\u0111ivanju zajedni\u010dkih odredaba o Europskom fondu za regionalni razvoj, Europskom socijalnom fondu plus, Kohezijskom fondu, Fondu za pravednu tranziciju i Europskom fondu za pomorstvo, ribarstvo i akvakulturu te financijskih pravila za njih i za Fond za azil, migracije i integraciju, Fond za unutarnju sigurnost i Instrument za financijsku potporu u podru\u010dju upravljanja granicama i vizne politike.<\/a><\/p>\n<p>Uredbu se skra\u0107eno naziva i Uredbom o utvr\u0111ivanju zajedni\u010dkih odredbi (<em>Common Provisions Regulation<\/em> &#8211; CPR). U njoj su utvr\u0111eni glavni ciljevi ulaganja Europske unije do 2027. godine, kao i temeljni okvir za izradu programskih dokumenata, provedbu, evaluacije, upravljanje i kontrolu.<\/p>\n<p>CPR-om je definirano pet ciljeva politike koji odra\u017eavaju glavne prioritete Europske unije:<\/p>\n<ol>\n<li><strong> konkurentnija i pametnija Europa<\/strong> promicanjem inovativne i pametne gospodarske preobrazbe i regionalne povezivosti u podru\u010dju IKT-a<\/li>\n<li><strong> zelenija, otporna Europa<\/strong> s niskom razinom emisija koja prelazi na gospodarstvo s nultom neto stopom emisija ugljika promicanjem prelaska na \u010distu i pravednu energiju, zelenih i plavih ulaganja, kru\u017enoga gospodarstva, ubla\u017eavanja klimatskih promjena i prilagodbe klimatskim promjenama, spre\u010davanja rizika i upravljanja njime te odr\u017eive urbane mobilnost<\/li>\n<li><strong> povezanija Europa<\/strong> ja\u010danjem mobilnosti<\/li>\n<li><strong> uklju\u010divija Europa<\/strong> s istaknutijom socijalnom komponentom provedbom europskog stupa socijalnih prava<\/li>\n<li><strong> Europa bli\u017ea gra\u0111anima<\/strong> poticanjem odr\u017eivog i integriranog razvoja svih vrsta podru\u010dja i lokalnih inicijativa<\/li>\n<\/ol>\n<p>U okviru svakog cilja politike utvr\u0111eni su i Uvjeti koji omogu\u0107uju provedbu (<em>enabeling conditions<\/em> &#8211; ENC). Postoje dvije vrste, horizontalni i tematski, a status ispunjenosti prati se tijekom cijelog programskog razdoblja. Detaljnije u Poglavlju <em>Uvjeti koji omogu\u0107uju provedbu &#8211; ENC.<\/em><strong>\u00a0<\/strong><\/p>\n<p><strong>Europski fond za regionalni razvoj (EFRR)<\/strong>\u00a0je namijenjen pomo\u0107i pri otklanjanju gospodarskih, socijalnih i teritorijalnih neuravnote\u017eenosti u Europskoj uniji kroz ulaganja u infrastrukturu; istra\u017eivanje i inovacije, produktivna ulaganja u mala i srednja poduze\u0107a i ulaganja usmjerena na o\u010duvanje postoje\u0107ih i otvaranje novih radnih mjesta, opremu, umre\u017eavanje, suradnju i razmjenu iskustava.<\/p>\n<p>U razdoblju 2021.-2027. Fond \u0107e omogu\u0107iti ulaganja kako bi sve europske regije bile:<\/p>\n<ul>\n<li><strong>konkurentnije i pametnije<\/strong>\u00a0ja\u010danjem inovacija, \u00a0potpora malim i srednjim poduze\u0107ima (MSP), \u00a0razvojem industrijske tranzicije i ja\u010danjem digitalne povezanosti<\/li>\n<li><strong>zelenije<\/strong>, niskouglji\u010dne i otpornije ja\u010danjem energetske u\u010dinkovitosti, kru\u017enog gospodarstva, o\u010duvanja prirode i zelene infrastrukture<\/li>\n<li><strong>povezanije<\/strong>\u00a0ja\u010danjem mobilnosti razvojem intermodalne mre\u017ee TEN-T, te nacionalne, regionalne i lokalne mobilnosti otporne na klimatske promjene<\/li>\n<li><strong>uklju\u010divije<\/strong> ja\u010danjem potpore u podru\u010dju djelotvornog i uklju\u010divog zapo\u0161ljavanja, obrazovanja, vje\u0161tina, socijalne uklju\u010denosti i jednakog pristupa zdravstvenoj skrbi, kao i u ja\u010danju uloge kulture i odr\u017eivog turizma<\/li>\n<li><strong>bli\u017ei gra\u0111anima<\/strong>, poticanjem integriranog dru\u0161tvenog, gospodarskog, urbanog i lokalnog razvoja<\/li>\n<\/ul>\n<p><strong>Kohezijski fond (KF)<\/strong> je namijenjen op\u0107em cilju ja\u010danja ekonomske, socijalne i teritorijalne kohezije Europske unije financiranjem projekata u podru\u010djima okoli\u0161a i transeuropskih mre\u017ea u podru\u010dju prometne infrastrukture (TEN-T).<\/p>\n<p>Europski fond za regionalni razvoj (EFRR) i Kohezijski fond (KF) regulirani su <a href=\"https:\/\/eur-lex.europa.eu\/legal-content\/HR\/TXT\/PDF\/?uri=CELEX:32021R1058&amp;from=HR\">Uredbom (EU) 2021\/1058 Europskog parlamenta i Vije\u0107a od 24. lipnja 2021. o Europskom fondu za regionalni razvoj i Kohezijskom fondu.<\/a><\/p>\n<p><strong>Fond za pravednu tranziciju (FPT) <\/strong>\u00a0jedan je od elemenata mehanizma za pravednu tranziciju za\u00a0prelazak na klimatsku neutralnost. Sredstva se dodjeljuju dr\u017eavama \u010dlanicama u kojima se nalaze podru\u010dja za koja se o\u010dekuje da \u0107e biti najte\u017ee pogo\u0111ena zelenom tranzicijom. Fondom se podupiru gospodarska diversifikacija i prenamjena predmetnih podru\u010dja ulaganjem u MSP-ove, istra\u017eivanje i inovacije, obnovu okoli\u0161a i \u010distu energiju, transformaciju postoje\u0107ih postrojenja s visokim emisijama ugljika.<\/p>\n<p>Fond za pravednu tranziciju (FPT) je reguliran <a href=\"https:\/\/eur-lex.europa.eu\/legal-content\/HR\/TXT\/PDF\/?uri=CELEX:32021R1056&amp;qid=1664891848769&amp;from=EN\">Uredbom (EU) 2021\/1056 Europskog parlamenta i Vije\u0107a od 24. lipnja 2021. o uspostavi Fonda za pravednu tranziciju.<\/a><\/p>\n<p><strong>Europski socijalni fond plus (ESF+) <\/strong>glavni je instrument Europske unije za ulaganje u ljude i sustave u politikama zapo\u0161ljavanja, obrazovanja i socijalne uklju\u010denosti \u010dime se podupire ekonomsku, socijalnu i teritorijalnu koheziju. Ulaganjima iz ESF+ doprinosi se provedbi <a href=\"https:\/\/ec.europa.eu\/info\/strategy\/priorities-2019-2024\/economy-works-people\/jobs-growth-and-investment\/european-pillar-social-rights\/european-pillar-social-rights-20-principles_hr\">Europskog stupa socijalnih prava<\/a>.<\/p>\n<p>ESF+ je tako\u0111er jedan od temelja socioekonomskog oporavka Europske unije od pandemije koronavirusa tijekom koje se smanjilo sudjelovanje na tr\u017ei\u0161tu rada, a obrazovni i zdravstveni sustavi suo\u010dili s brojnim izazovima, te se pove\u0107ala nejednakost. ESF+ \u0107e biti jedan od klju\u010dnih instrumenata koji \u0107e dr\u017eavama \u010dlanicama pomo\u0107i u rje\u0161avanju tih problema.<\/p>\n<p>Europski socijalni fond plus (ESF+) je reguliran <a href=\"https:\/\/eur-lex.europa.eu\/legal-content\/HR\/TXT\/PDF\/?uri=CELEX:32021R1057&amp;from=HR\">Uredbom (EU) 2021\/1057 Europskog parlamenta i Vije\u0107a od 24. lipnja 2021. o uspostavi Europskog socijalnog fonda plus (ESF+) i stavljanju izvan snage Uredbe (EU) br. 1296\/2013.<\/a><\/p>\n","protected":false},"excerpt":{"rendered":"<p>Kohezijsku politiku Europske unije za razdoblje 2021.-2027. \u010dine sredstva: Europskog fonda za regionalni razvoj Kohezijskog fonda Europskog socijalnog fonda plus Fonda za pravednu tranziciju Regulatorni okvir na razini EU \u010dini zakonodavni paket Kohezijske politike 2021.-2027. u kojem je, uz pojedina\u010dne uredbe za svaki fond, i Uredba (EU) 2021\/1060 Europskog parlamenta u Vije\u0107a od 24. lipnja [&hellip;]<\/p>\n","protected":false},"author":20,"featured_media":0,"parent":0,"menu_order":0,"comment_status":"closed","ping_status":"closed","template":"","meta":{"_monsterinsights_skip_tracking":false,"_monsterinsights_sitenote_active":false,"_monsterinsights_sitenote_note":"","_monsterinsights_sitenote_category":0,"cybocfi_hide_featured_image":""},"yoast_head":"<!-- This site is optimized with the Yoast SEO plugin v16.8 - https:\/\/yoast.com\/wordpress\/plugins\/seo\/ -->\n<title>EU fondovi 2021.-2027. - Europski socijalni fond<\/title>\n<meta name=\"robots\" content=\"index, follow, max-snippet:-1, max-image-preview:large, max-video-preview:-1\" \/>\n<link rel=\"canonical\" href=\"https:\/\/esf.hr\/esfplus\/program\/\" \/>\n<meta property=\"og:locale\" content=\"en_US\" \/>\n<meta property=\"og:type\" content=\"article\" \/>\n<meta property=\"og:title\" content=\"EU fondovi 2021.-2027. - Europski socijalni fond\" \/>\n<meta property=\"og:description\" content=\"Kohezijsku politiku Europske unije za razdoblje 2021.-2027. \u010dine sredstva: Europskog fonda za regionalni razvoj Kohezijskog fonda Europskog socijalnog fonda plus Fonda za pravednu tranziciju Regulatorni okvir na razini EU \u010dini zakonodavni paket Kohezijske politike 2021.-2027. u kojem je, uz pojedina\u010dne uredbe za svaki fond, i Uredba (EU) 2021\/1060 Europskog parlamenta u Vije\u0107a od 24. lipnja [&hellip;]\" \/>\n<meta property=\"og:url\" content=\"https:\/\/esf.hr\/esfplus\/program\/\" \/>\n<meta property=\"og:site_name\" content=\"Europski socijalni fond\" \/>\n<meta property=\"article:modified_time\" content=\"2024-08-29T07:44:23+00:00\" \/>\n<meta name=\"twitter:label1\" content=\"Est. reading time\" \/>\n\t<meta name=\"twitter:data1\" content=\"4 minutes\" \/>\n<script type=\"application\/ld+json\" class=\"yoast-schema-graph\">{\"@context\":\"https:\/\/schema.org\",\"@graph\":[{\"@type\":\"WebSite\",\"@id\":\"https:\/\/esf.hr\/esfplus\/#website\",\"url\":\"https:\/\/esf.hr\/esfplus\/\",\"name\":\"Europski socijalni fond\",\"description\":\"Program U\\u010dinkoviti ljudski potencijali 2021.-2027.\",\"potentialAction\":[{\"@type\":\"SearchAction\",\"target\":{\"@type\":\"EntryPoint\",\"urlTemplate\":\"https:\/\/esf.hr\/esfplus\/?s={search_term_string}\"},\"query-input\":\"required name=search_term_string\"}],\"inLanguage\":\"en-US\"},{\"@type\":\"WebPage\",\"@id\":\"https:\/\/esf.hr\/esfplus\/program\/#webpage\",\"url\":\"https:\/\/esf.hr\/esfplus\/program\/\",\"name\":\"EU fondovi 2021.-2027. - Europski socijalni fond\",\"isPartOf\":{\"@id\":\"https:\/\/esf.hr\/esfplus\/#website\"},\"datePublished\":\"2021-06-25T09:25:33+00:00\",\"dateModified\":\"2024-08-29T07:44:23+00:00\",\"breadcrumb\":{\"@id\":\"https:\/\/esf.hr\/esfplus\/program\/#breadcrumb\"},\"inLanguage\":\"en-US\",\"potentialAction\":[{\"@type\":\"ReadAction\",\"target\":[\"https:\/\/esf.hr\/esfplus\/program\/\"]}]},{\"@type\":\"BreadcrumbList\",\"@id\":\"https:\/\/esf.hr\/esfplus\/program\/#breadcrumb\",\"itemListElement\":[{\"@type\":\"ListItem\",\"position\":1,\"name\":\"Naslovna\",\"item\":\"https:\/\/esf.hr\/esfplus\/\"},{\"@type\":\"ListItem\",\"position\":2,\"name\":\"EU fondovi 2021.-2027.\"}]}]}<\/script>\n<!-- \/ Yoast SEO plugin. -->","yoast_head_json":{"title":"EU fondovi 2021.-2027. - Europski socijalni fond","robots":{"index":"index","follow":"follow","max-snippet":"max-snippet:-1","max-image-preview":"max-image-preview:large","max-video-preview":"max-video-preview:-1"},"canonical":"https:\/\/esf.hr\/esfplus\/program\/","og_locale":"en_US","og_type":"article","og_title":"EU fondovi 2021.-2027. - Europski socijalni fond","og_description":"Kohezijsku politiku Europske unije za razdoblje 2021.-2027. \u010dine sredstva: Europskog fonda za regionalni razvoj Kohezijskog fonda Europskog socijalnog fonda plus Fonda za pravednu tranziciju Regulatorni okvir na razini EU \u010dini zakonodavni paket Kohezijske politike 2021.-2027. u kojem je, uz pojedina\u010dne uredbe za svaki fond, i Uredba (EU) 2021\/1060 Europskog parlamenta u Vije\u0107a od 24. lipnja [&hellip;]","og_url":"https:\/\/esf.hr\/esfplus\/program\/","og_site_name":"Europski socijalni fond","article_modified_time":"2024-08-29T07:44:23+00:00","twitter_misc":{"Est. reading time":"4 minutes"},"schema":{"@context":"https:\/\/schema.org","@graph":[{"@type":"WebSite","@id":"https:\/\/esf.hr\/esfplus\/#website","url":"https:\/\/esf.hr\/esfplus\/","name":"Europski socijalni fond","description":"Program U\u010dinkoviti ljudski potencijali 2021.-2027.","potentialAction":[{"@type":"SearchAction","target":{"@type":"EntryPoint","urlTemplate":"https:\/\/esf.hr\/esfplus\/?s={search_term_string}"},"query-input":"required name=search_term_string"}],"inLanguage":"en-US"},{"@type":"WebPage","@id":"https:\/\/esf.hr\/esfplus\/program\/#webpage","url":"https:\/\/esf.hr\/esfplus\/program\/","name":"EU fondovi 2021.-2027. - Europski socijalni fond","isPartOf":{"@id":"https:\/\/esf.hr\/esfplus\/#website"},"datePublished":"2021-06-25T09:25:33+00:00","dateModified":"2024-08-29T07:44:23+00:00","breadcrumb":{"@id":"https:\/\/esf.hr\/esfplus\/program\/#breadcrumb"},"inLanguage":"en-US","potentialAction":[{"@type":"ReadAction","target":["https:\/\/esf.hr\/esfplus\/program\/"]}]},{"@type":"BreadcrumbList","@id":"https:\/\/esf.hr\/esfplus\/program\/#breadcrumb","itemListElement":[{"@type":"ListItem","position":1,"name":"Naslovna","item":"https:\/\/esf.hr\/esfplus\/"},{"@type":"ListItem","position":2,"name":"EU fondovi 2021.-2027."}]}]}},"_links":{"self":[{"href":"https:\/\/esf.hr\/esfplus\/wp-json\/wp\/v2\/pages\/13599"}],"collection":[{"href":"https:\/\/esf.hr\/esfplus\/wp-json\/wp\/v2\/pages"}],"about":[{"href":"https:\/\/esf.hr\/esfplus\/wp-json\/wp\/v2\/types\/page"}],"author":[{"embeddable":true,"href":"https:\/\/esf.hr\/esfplus\/wp-json\/wp\/v2\/users\/20"}],"replies":[{"embeddable":true,"href":"https:\/\/esf.hr\/esfplus\/wp-json\/wp\/v2\/comments?post=13599"}],"version-history":[{"count":39,"href":"https:\/\/esf.hr\/esfplus\/wp-json\/wp\/v2\/pages\/13599\/revisions"}],"predecessor-version":[{"id":21729,"href":"https:\/\/esf.hr\/esfplus\/wp-json\/wp\/v2\/pages\/13599\/revisions\/21729"}],"wp:attachment":[{"href":"https:\/\/esf.hr\/esfplus\/wp-json\/wp\/v2\/media?parent=13599"}],"curies":[{"name":"wp","href":"https:\/\/api.w.org\/{rel}","templated":true}]}}