{"id":13593,"date":"2021-06-25T10:19:04","date_gmt":"2021-06-25T09:19:04","guid":{"rendered":"https:\/\/esf.hr\/esfplus\/?page_id=13593"},"modified":"2023-09-26T09:37:24","modified_gmt":"2023-09-26T07:37:24","slug":"esf","status":"publish","type":"page","link":"https:\/\/esf.hr\/esfplus\/esf\/","title":{"rendered":"Europski socijalni fond +"},"content":{"rendered":"<hr style=\"border-top: 2.2px solid #ddd;\" \/>\n<p>Glavni cilj ulaganja sredstava Europskog socijalnog fonda + za razdoblje 2021.-2027. je oja\u010dati ekonomiju i dru\u0161tvo kroz postizanje vi\u0161e razine zaposlenosti, aktivnosti i ja\u010danja vje\u0161tina radne snage, kvalitetnog i dostupnog obrazovanja povezanog s tr\u017ei\u0161tem rada, s naglaskom na strukovno obrazovanje, sna\u017enog sustava socijalne za\u0161tite te kvalitetnih i dostupnih socijalnih i zdravstvenih usluga, uklju\u010duju\u0107i usluga dugotrajne skrbi. Posebna pa\u017enja usmjerena je na osobe u riziku od siroma\u0161tva i socijalne isklju\u010denosti, posebice na djecu u nepovoljnom socio-ekonomskom polo\u017eaju, mlade kao i ostale ranjive skupine, uklju\u010duju\u0107i i \u017eene u cilju osiguravanja njihove pune ravnopravnosti u dru\u0161tvu.<\/p>\n<p>Program U\u010dinkoviti ljudski potencijali 2021.-2027. (PULJP) se temelji na <a href=\"https:\/\/hrvatska2030.hr\/wp-content\/uploads\/2021\/02\/Nacionalna-razvojna-strategija-RH-do-2030.-godine.pdf\">Nacionalnoj razvojnoj strategiji RH do 2030.<\/a> (NRS 2030), koja odre\u0111uje trenutno stanje, razvojne potencijale, viziju, smjernice razvoja, strate\u0161ke ciljeve i scenarije razvoja, ali i izvje\u0161\u0107ima i preporukama za Hrvatsku u okviru europskog semestra. Uzimaju\u0107i u obzir specifi\u010dne okolnosti hrvatskog dru\u0161tva i gospodarstva, nacionalni ciljevi postavljeni su u skladu s ciljevima Europskog stupa socijalnih prava.<\/p>\n<p>PULJP 2021.-2027. \u0107e doprinijeti nacionalnim ciljevima <a href=\"https:\/\/eur-lex.europa.eu\/resource.html?uri=cellar:b7c08d86-7cd5-11eb-9ac9-01aa75ed71a1.0010.02\/DOC_1&amp;format=PDF\">Akcijskog plana za provedbu europskog stupa socijalnih prava za 2030.<\/a>:<\/p>\n<ul>\n<li>Zaposleno 75% populacije izme\u0111u 20 i 65 godina (EU cilj 78%)<\/li>\n<li>Sudjelovanje 55% svih odraslih u cjelo\u017eivotnom u\u010denju (EU cilj 60%)<\/li>\n<li>Smanjenje broja osoba u riziku od siroma\u0161tva i\/ili socijalne isklju\u010denosti za 298.000 osoba od \u010dega 40.000 djece (EU cilj 15 milijuna osoba od \u010dega 5 milijuna djece)<\/li>\n<\/ul>\n<p>Program se temelji na koncentraciji ulaganja u \u010detiri klju\u010dna podru\u010dja: ulaganje u zapo\u0161ljavanje i pove\u0107anje razine vje\u0161tina, socijalno uklju\u010divanje, obrazovanje i cjelo\u017eivotno u\u010denje te ulaganje u zdravstvenu i dugotrajnu skrb.<\/p>\n<p>Pandemija COVID-19 i dva razorna potresa u Hrvatskoj obilje\u017eili su 2020. i 2021. godinu, poduzete aktivnosti na nacionalnoj razini tijekom COVID krize uspje\u0161no su uskla\u0111ene s instrumentima EU u svrhu o\u010duvanje radnih mjesta i zdravlja gra\u0111ana, ipak pretpostavlja se zna\u010dajan utjecaj pandemije na pojedine ranjive skupine u dru\u0161tvu, posebno u kontekstu pristupa zdravstvenim, socijalnim i obrazovnim uslugama. Program je izme\u0111u ostaloga usmjeren na doprinos oporavku od krize kako bi Hrvatska nastavila predpandemijske razvojne trendove.<\/p>\n<p>U provedbi ESF programa 2014.-2020. partnerstvo sa socijalnim partnerima i organizacijama civilnoga dru\u0161tva (OCD) pokazalo je puni potencijal za ostvarivanje zadanih ciljeva programa. Kroz provedbu aktivnosti, socijalni partneri i OCD-ovi imaju mogu\u0107nost razvoja svojih kapaciteta za ostvarivanje ESF+ ciljeva. OCD-ovi su posebno aktivni u pru\u017eanju socijalnih usluga i provedbi aktivnosti za socijalno uklju\u010divanje ranjivih skupina, a socijalni partneri su klju\u010dni dionik na tr\u017ei\u0161tu rada.<\/p>\n<p>Ulaganja iz ESF+ programa doprinijet \u0107e uravnote\u017eenom regionalnom razvoju. S obzirom na zna\u010dajne regionalne razlike u potrebama u podru\u010dju zapo\u0161ljavanja, socijalnog uklju\u010divanja, obrazovanja te zdravstva, ESF+ ulaganja \u0107e imati regionalni\/lokalni karakter pri dizajnu intervencija, vode\u0107i ra\u010duna o specifi\u010dnim lokalnim i regionalnim potrebama. Posebice se to odnosi na socijalne i zdravstvene usluge gdje \u0107e se ulaganja provoditi temeljem mapiranja potreba na lokalnoj razini (Za\u017eeli, usluge u zajednici, osobni asistenti, itd.).<\/p>\n<p>U ESF+ objedinjena su \u010detiri zasebna instrumenta financiranja kori\u0161tena u prethodnom programskom razdoblju 2014.-2020., odnosno Europski socijalni fond (ESF), Fond europske pomo\u0107i za najpotrebitije (FEAD), Inicijativa za zapo\u0161ljavanje mladih (YEI) i Program za zapo\u0161ljavanje i socijalne inovacije (EaSI).<\/p>\n<p><strong>Predvi\u0111ena sredstva ESF+ za Hrvatsku<\/strong> iznose 1,933 milijardi eura. Uz sredstva nacionalnog sufinanciranja, ukupna financijska vrijednost Programa U\u010dinkoviti ljudski potencijali 2021.-2027. iznosi gotovo 2,268 milijardi eura (uklju\u010duju\u0107i sredstva tehni\u010dke pomo\u0107i).<\/p>\n<p>Uredbom o uspostavi ESF+ definirano je 13 specifi\u010dnih ciljeva (a-m) unutar kojih se razra\u0111uju aktivnosti koje \u0107e biti financirane iz ovog fonda.<\/p>\n<p>a) pristup zaposlenju i aktivacijske mjere za sve<\/p>\n<p>b) modernizacija institucija tr\u017ei\u0161ta rada<\/p>\n<p>c) promicanje rodno uravnote\u017eenog sudjelovanja na tr\u017ei\u0161tu rada<\/p>\n<p>d) promicanje prilagodbe radnika, poduze\u0107a i poduzetnika promjenama te aktivnog i zdravog starenja<\/p>\n<p>e) unaprje\u0111enje sustava obrazovanja i osposobljavanja<\/p>\n<p>f) kvalitetni i uklju\u010divi sustavi obrazovanja i osposobljavanja<\/p>\n<p>g) cjelo\u017eivotno u\u010denje i promjene radnog mjesta<\/p>\n<p>h) aktivno uklju\u010divanje i zapo\u0161ljivost<\/p>\n<p>i) integracija dr\u017eavljana tre\u0107ih zemalja<\/p>\n<p>j) integracija marginaliziranih zajednica kao \u0161to su Romi<\/p>\n<p>k) jednak pristup kvalitetnim socijalnim uslugama i uslugama zdravstvene za\u0161tite<\/p>\n<p>l) promicanje socijalne integracije<\/p>\n<p>m) suzbijanje materijalne oskudice<\/p>\n<p>Dr\u017eave \u010dlanice nemaju obvezu odabrati sve specifi\u010dne ciljeve za svoj program.<\/p>\n<p>Sukladno Zakonu o pravu na pristup informacijama (NN br. 25\/13, 85\/15, 69\/22) za Program U\u010dinkoviti ljudski potencijali 2021.\u20132027. provedeno je savjetovanje s javno\u0161\u0107u (e- savjetovanje).<\/p>\n<p>Sukladno mi\u0161ljenju nadle\u017enog tijela, Ministarstva gospodarstva i odr\u017eivog razvoja, za Program nije bilo potrebno provesti postupak strate\u0161ke procjene utjecaja na okoli\u0161.<\/p>\n","protected":false},"excerpt":{"rendered":"<p>Glavni cilj ulaganja sredstava Europskog socijalnog fonda + za razdoblje 2021.-2027. je oja\u010dati ekonomiju i dru\u0161tvo kroz postizanje vi\u0161e razine zaposlenosti, aktivnosti i ja\u010danja vje\u0161tina radne snage, kvalitetnog i dostupnog obrazovanja povezanog s tr\u017ei\u0161tem rada, s naglaskom na strukovno obrazovanje, sna\u017enog sustava socijalne za\u0161tite te kvalitetnih i dostupnih socijalnih i zdravstvenih usluga, uklju\u010duju\u0107i usluga dugotrajne [&hellip;]<\/p>\n","protected":false},"author":20,"featured_media":0,"parent":0,"menu_order":1,"comment_status":"closed","ping_status":"closed","template":"","meta":{"_monsterinsights_skip_tracking":false,"_monsterinsights_sitenote_active":false,"_monsterinsights_sitenote_note":"","_monsterinsights_sitenote_category":0,"cybocfi_hide_featured_image":""},"yoast_head":"<!-- This site is optimized with the Yoast SEO plugin v16.8 - https:\/\/yoast.com\/wordpress\/plugins\/seo\/ -->\n<title>Europski socijalni fond + - Europski socijalni fond<\/title>\n<meta name=\"robots\" content=\"index, follow, max-snippet:-1, max-image-preview:large, max-video-preview:-1\" \/>\n<link rel=\"canonical\" href=\"https:\/\/esf.hr\/esfplus\/esf\/\" \/>\n<meta property=\"og:locale\" content=\"en_US\" \/>\n<meta property=\"og:type\" content=\"article\" \/>\n<meta property=\"og:title\" content=\"Europski socijalni fond + - Europski socijalni fond\" \/>\n<meta property=\"og:description\" content=\"Glavni cilj ulaganja sredstava Europskog socijalnog fonda + za razdoblje 2021.-2027. je oja\u010dati ekonomiju i dru\u0161tvo kroz postizanje vi\u0161e razine zaposlenosti, aktivnosti i ja\u010danja vje\u0161tina radne snage, kvalitetnog i dostupnog obrazovanja povezanog s tr\u017ei\u0161tem rada, s naglaskom na strukovno obrazovanje, sna\u017enog sustava socijalne za\u0161tite te kvalitetnih i dostupnih socijalnih i zdravstvenih usluga, uklju\u010duju\u0107i usluga dugotrajne [&hellip;]\" \/>\n<meta property=\"og:url\" content=\"https:\/\/esf.hr\/esfplus\/esf\/\" \/>\n<meta property=\"og:site_name\" content=\"Europski socijalni fond\" \/>\n<meta property=\"article:modified_time\" content=\"2023-09-26T07:37:24+00:00\" \/>\n<meta name=\"twitter:label1\" content=\"Est. reading time\" \/>\n\t<meta name=\"twitter:data1\" content=\"4 minutes\" \/>\n<script type=\"application\/ld+json\" class=\"yoast-schema-graph\">{\"@context\":\"https:\/\/schema.org\",\"@graph\":[{\"@type\":\"WebSite\",\"@id\":\"https:\/\/esf.hr\/esfplus\/#website\",\"url\":\"https:\/\/esf.hr\/esfplus\/\",\"name\":\"Europski socijalni fond\",\"description\":\"Program U\\u010dinkoviti ljudski potencijali 2021.-2027.\",\"potentialAction\":[{\"@type\":\"SearchAction\",\"target\":{\"@type\":\"EntryPoint\",\"urlTemplate\":\"https:\/\/esf.hr\/esfplus\/?s={search_term_string}\"},\"query-input\":\"required name=search_term_string\"}],\"inLanguage\":\"en-US\"},{\"@type\":\"WebPage\",\"@id\":\"https:\/\/esf.hr\/esfplus\/esf\/#webpage\",\"url\":\"https:\/\/esf.hr\/esfplus\/esf\/\",\"name\":\"Europski socijalni fond + - Europski socijalni fond\",\"isPartOf\":{\"@id\":\"https:\/\/esf.hr\/esfplus\/#website\"},\"datePublished\":\"2021-06-25T09:19:04+00:00\",\"dateModified\":\"2023-09-26T07:37:24+00:00\",\"breadcrumb\":{\"@id\":\"https:\/\/esf.hr\/esfplus\/esf\/#breadcrumb\"},\"inLanguage\":\"en-US\",\"potentialAction\":[{\"@type\":\"ReadAction\",\"target\":[\"https:\/\/esf.hr\/esfplus\/esf\/\"]}]},{\"@type\":\"BreadcrumbList\",\"@id\":\"https:\/\/esf.hr\/esfplus\/esf\/#breadcrumb\",\"itemListElement\":[{\"@type\":\"ListItem\",\"position\":1,\"name\":\"Naslovna\",\"item\":\"https:\/\/esf.hr\/esfplus\/\"},{\"@type\":\"ListItem\",\"position\":2,\"name\":\"Europski socijalni fond +\"}]}]}<\/script>\n<!-- \/ Yoast SEO plugin. -->","yoast_head_json":{"title":"Europski socijalni fond + - Europski socijalni fond","robots":{"index":"index","follow":"follow","max-snippet":"max-snippet:-1","max-image-preview":"max-image-preview:large","max-video-preview":"max-video-preview:-1"},"canonical":"https:\/\/esf.hr\/esfplus\/esf\/","og_locale":"en_US","og_type":"article","og_title":"Europski socijalni fond + - Europski socijalni fond","og_description":"Glavni cilj ulaganja sredstava Europskog socijalnog fonda + za razdoblje 2021.-2027. je oja\u010dati ekonomiju i dru\u0161tvo kroz postizanje vi\u0161e razine zaposlenosti, aktivnosti i ja\u010danja vje\u0161tina radne snage, kvalitetnog i dostupnog obrazovanja povezanog s tr\u017ei\u0161tem rada, s naglaskom na strukovno obrazovanje, sna\u017enog sustava socijalne za\u0161tite te kvalitetnih i dostupnih socijalnih i zdravstvenih usluga, uklju\u010duju\u0107i usluga dugotrajne [&hellip;]","og_url":"https:\/\/esf.hr\/esfplus\/esf\/","og_site_name":"Europski socijalni fond","article_modified_time":"2023-09-26T07:37:24+00:00","twitter_misc":{"Est. reading time":"4 minutes"},"schema":{"@context":"https:\/\/schema.org","@graph":[{"@type":"WebSite","@id":"https:\/\/esf.hr\/esfplus\/#website","url":"https:\/\/esf.hr\/esfplus\/","name":"Europski socijalni fond","description":"Program U\u010dinkoviti ljudski potencijali 2021.-2027.","potentialAction":[{"@type":"SearchAction","target":{"@type":"EntryPoint","urlTemplate":"https:\/\/esf.hr\/esfplus\/?s={search_term_string}"},"query-input":"required name=search_term_string"}],"inLanguage":"en-US"},{"@type":"WebPage","@id":"https:\/\/esf.hr\/esfplus\/esf\/#webpage","url":"https:\/\/esf.hr\/esfplus\/esf\/","name":"Europski socijalni fond + - Europski socijalni fond","isPartOf":{"@id":"https:\/\/esf.hr\/esfplus\/#website"},"datePublished":"2021-06-25T09:19:04+00:00","dateModified":"2023-09-26T07:37:24+00:00","breadcrumb":{"@id":"https:\/\/esf.hr\/esfplus\/esf\/#breadcrumb"},"inLanguage":"en-US","potentialAction":[{"@type":"ReadAction","target":["https:\/\/esf.hr\/esfplus\/esf\/"]}]},{"@type":"BreadcrumbList","@id":"https:\/\/esf.hr\/esfplus\/esf\/#breadcrumb","itemListElement":[{"@type":"ListItem","position":1,"name":"Naslovna","item":"https:\/\/esf.hr\/esfplus\/"},{"@type":"ListItem","position":2,"name":"Europski socijalni fond +"}]}]}},"_links":{"self":[{"href":"https:\/\/esf.hr\/esfplus\/wp-json\/wp\/v2\/pages\/13593"}],"collection":[{"href":"https:\/\/esf.hr\/esfplus\/wp-json\/wp\/v2\/pages"}],"about":[{"href":"https:\/\/esf.hr\/esfplus\/wp-json\/wp\/v2\/types\/page"}],"author":[{"embeddable":true,"href":"https:\/\/esf.hr\/esfplus\/wp-json\/wp\/v2\/users\/20"}],"replies":[{"embeddable":true,"href":"https:\/\/esf.hr\/esfplus\/wp-json\/wp\/v2\/comments?post=13593"}],"version-history":[{"count":63,"href":"https:\/\/esf.hr\/esfplus\/wp-json\/wp\/v2\/pages\/13593\/revisions"}],"predecessor-version":[{"id":21732,"href":"https:\/\/esf.hr\/esfplus\/wp-json\/wp\/v2\/pages\/13593\/revisions\/21732"}],"wp:attachment":[{"href":"https:\/\/esf.hr\/esfplus\/wp-json\/wp\/v2\/media?parent=13593"}],"curies":[{"name":"wp","href":"https:\/\/api.w.org\/{rel}","templated":true}]}}