{"id":10934,"date":"2020-04-17T16:58:00","date_gmt":"2020-04-17T15:58:00","guid":{"rendered":"https:\/\/esf.hr\/esfplus\/?page_id=10934"},"modified":"2021-03-26T14:09:15","modified_gmt":"2021-03-26T13:09:15","slug":"upute","status":"publish","type":"page","link":"https:\/\/esf.hr\/esfplus\/vazni-dokumenti-razdoblje-2014-2020\/upute\/","title":{"rendered":"Upute"},"content":{"rendered":"\n<p><strong>UPUTA O PRIHVATLJIVOSTI TRO\u0160KOVA PLA\u0106A I TRO\u0160KOVA POVEZANIH S RADOM U OKVIRU EUROPSKOG SOCIJALNOG FONDA 2014. \u2013 2020.<\/strong><\/p>\n\n\n\n<ul><li><a href=\"https:\/\/esf.hr\/esfplus\/wp-content\/uploads\/2020\/02\/Uputa-o-prihvatljivosti-tros%CC%8Ckova-plac%CC%81a-i-povezanih-tros%CC%8Ckova-v.1.4.-velja%C4%8Da-2020..pdf\">Uputa o prihvatljivosti tro\u0161kova, pla\u0107a i povezanih tro\u0161kova (velja\u010da 2020.)<\/a><\/li><li><a href=\"https:\/\/esf.hr\/esfplus\/wp-content\/uploads\/2015\/02\/Uputa-za-prihvatljivost-tro%C5%A1kova-pla%C4%87a-v.1.3.-kolovoz2019.pdf\">Uputa o prihvatljivosti tro\u0161kova pla\u0107a i tro\u0161kova povezanih&nbsp; s radom u okviru Europskog socijalnog fonda 2014.- 2020. (kolovoz 2019.)<\/a><\/li><li><a href=\"https:\/\/esf.hr\/esfplus\/wp-content\/uploads\/2015\/02\/Uputa-o-prihvatljivosti-pla%C4%87a-i-tro%C5%A1kova-10.-kolovoz-2017-pro%C4%8Di%C5%A1%C4%87ena-verzija.pdf\">Uputa o prihvatljivosti pla\u0107a i tro\u0161kova (10. kolovoza 2017.) (pro\u010di\u0161\u0107ena verzija)<\/a><ul><li><a href=\"https:\/\/esf.hr\/esfplus\/wp-content\/uploads\/2015\/02\/Izmjene-Uputa-o-prihvatljivosti-pla%C4%87a-tro%C5%A1kova-kolovoz-2017.pdf\">Izmjene \u2013 Uputa o prihvatljivosti pla\u0107a i tro\u0161kova<\/a><\/li><\/ul><\/li><li><a href=\"https:\/\/esf.hr\/esfplus\/wp-content\/uploads\/2017\/02\/Uputa-o-prihvatljivosti-tro%C5%A1kova-pla%C4%87a-i-povezanih-tro%C5%A1kova-velja%C4%8Da-2017.pdf\">Uputa o prihvatljivosti pla\u0107a i tro\u0161kova&nbsp;(velja\u010da 2017.)<\/a><ul><li><a href=\"https:\/\/esf.hr\/esfplus\/wp-content\/uploads\/2017\/02\/Izmjene-Uputa-o-prihvatjivosti-tro%C5%A1kova-pla%C4%87a-i-povezanih-tro%C5%A1kova-velja%C4%8Da-2017.pdf\">Izmjene uputa o prihvatljivosti pla\u0107a i tro\u0161kova<\/a><\/li><\/ul><\/li><li><a href=\"https:\/\/esf.hr\/esfplus\/wp-content\/uploads\/2015\/02\/Uputa-o-prihvatljivosti-tro%C5%A1kova-pla%C4%87a-i-povezanih-tro%C5%A1kova_2014.-2020..pdf\">Uputa o prihvatljivosti pla\u0107a i tro\u0161kova&nbsp;(lipanj 2016.)<\/a><\/li><\/ul>\n\n\n\n<p><strong>UPUTA UPRAVLJA\u010cKOG TIJELA O POSTUPANJU PRILIKOM ANGA\u017dMANA VANJSKIH OCJENJIVA\u010cA<\/strong><\/p>\n\n\n\n<ul><li><a href=\"https:\/\/esf.hr\/esfplus\/wp-content\/uploads\/2020\/03\/Uputa_o_postupanju_prilikom_angazmana_vanjskih_ocjenjivaca_izmjena.pdf\">Uputa o postupanju prilikom anga\u017emana vanjskih ocjenjiva\u010da&nbsp;<\/a><\/li><\/ul>\n\n\n\n<p><strong>UPUTA ZA PRIJAVITELJE I KORISNIKE OPERATIVNOG PROGRAMA U\u010cINKOVITI LJUDSKI POTENCIJALI 2014.-2020. \u2013 O PROVEDBI HORIZONTALNIH NA\u010cELA<\/strong><\/p>\n\n\n\n<ul><li><a rel=\"noreferrer noopener\" href=\"https:\/\/esf.hr\/esfplus\/wp-content\/uploads\/2015\/02\/Upute-za-prijavitelje-i-korisnike-Operativnog-programa-U%C4%8Dinkoviti-ljudski-potencijali-2014.-2020.-o-provedbi-horizontalnih-na%C4%8Dela.pdf\" target=\"_blank\">Uputa za prijavitelje i korisnike Operativnog programa U\u010dinkoviti ljudski potencijali 2014.-2020. o provedbi horizontalnih na\u010dela<\/a><br><\/li><li><a rel=\"noreferrer noopener\" href=\"https:\/\/esf.hr\/esfplus\/wp-content\/uploads\/2015\/02\/Upute-za-prijavitelje-i-korisnike-Operativnog-programa-U%C4%8Dinkoviti-ljudski-potencijali-2014.-2020.-o-provedbi-horizontalnih-na%C4%8Dela_na-engleskom-jeziku.pdf\" target=\"_blank\">Uputa za prijavitelje i korisnike Operativnog programa U\u010dinkoviti ljudski potencijali 2014.-2020. o provedbi horizontalnih na\u010dela&nbsp;<\/a>na engleskom jeziku<br><\/li><li><a rel=\"noreferrer noopener\" href=\"https:\/\/esf.hr\/esfplus\/wp-content\/uploads\/2019\/04\/odluka-horiz.n..pdf\" target=\"_blank\">Odluka \u2013 Uputa za prijavitelje i korisnike Operativnog programa U\u010dinkoviti ljudski potencijali 2014.-2020. \u2013 O provedbi horizontalnih na\u010dela<\/a><\/li><\/ul>\n\n\n\n<p><strong>UPUTE ZA KORISNIKE SREDSTAVA \u2013 INFORMIRANJE I VIDLJIVOST PROJEKATA FINANCIRANIH IZ ESI FONDOVA 2014. \u2013 2020.<\/strong><\/p>\n\n\n\n<ul><li><a href=\"https:\/\/esf.hr\/esfplus\/wp-content\/uploads\/2015\/07\/Upute-za-korisnike-sredstava-2014-2020.pdf\" target=\"_blank\" rel=\"noreferrer noopener\" aria-label=\"Upute za korisnike sredstava\u00a0 vezano uz informiranje, komunikaciju i vidljivost projekata financiranih u okviru Europskog fonda za regionalni razvoj (EFRR), Europskog socijalnog fonda (ESF) i Kohezijskog fonda (KF) za razdoblje 2014.-2020. (opens in a new tab)\">Upute za korisnike sredstava\u00a0 vezano uz informiranje, komunikaciju i vidljivost projekata financiranih u okviru Europskog fonda za regionalni razvoj (EFRR), Europskog socijalnog fonda (ESF) i Kohezijskog fonda (KF) za razdoblje 2014.-2020.<\/a><br><\/li><li><a href=\"https:\/\/esf.hr\/esfplus\/wp-content\/uploads\/2015\/02\/standardi-operativni-program-ucinkoviti-ljudski-potencijali.pdf\">Grafi\u010dki standardi Operativnog programa U\u010dinkoviti ljudski potencijali 2014. \u2013 2020.<\/a><br><\/li><li><a rel=\"noreferrer noopener\" href=\"https:\/\/esf.hr\/esfplus\/wp-content\/uploads\/2015\/07\/Vizualni-identitet-Europski-strukturni-i-investicijski-fondovi.zip\" target=\"_blank\">Vizualni identitet (Knjiga standarda) \u2013 ESI fondovi<\/a><br><\/li><li><a rel=\"noreferrer noopener\" href=\"https:\/\/esf.hr\/esfplus\/wp-content\/uploads\/2015\/07\/Vizualni-identitet-OP-U%C4%8Dinkoviti-ljudski-potencijali.zip\" target=\"_blank\">Vizualni identitet (Knjiga standarda) \u2013 OP U\u010dinkoviti ljudski potencijali<\/a><\/li><\/ul>\n\n\n\n<p><\/p>\n","protected":false},"excerpt":{"rendered":"<p>UPUTA O PRIHVATLJIVOSTI TRO\u0160KOVA PLA\u0106A I TRO\u0160KOVA POVEZANIH S RADOM U OKVIRU EUROPSKOG SOCIJALNOG FONDA 2014. \u2013 2020. Uputa o prihvatljivosti tro\u0161kova, pla\u0107a i povezanih tro\u0161kova (velja\u010da 2020.) Uputa o prihvatljivosti tro\u0161kova pla\u0107a i tro\u0161kova povezanih&nbsp; s radom u okviru Europskog socijalnog fonda 2014.- 2020. (kolovoz 2019.) Uputa o prihvatljivosti pla\u0107a i tro\u0161kova (10. kolovoza [&hellip;]<\/p>\n","protected":false},"author":20,"featured_media":0,"parent":10765,"menu_order":0,"comment_status":"closed","ping_status":"closed","template":"","meta":{"_monsterinsights_skip_tracking":false,"_monsterinsights_sitenote_active":false,"_monsterinsights_sitenote_note":"","_monsterinsights_sitenote_category":0,"cybocfi_hide_featured_image":""},"yoast_head":"<!-- This site is optimized with the Yoast SEO plugin v16.8 - https:\/\/yoast.com\/wordpress\/plugins\/seo\/ -->\n<title>Upute - Europski socijalni fond<\/title>\n<meta name=\"robots\" content=\"index, follow, max-snippet:-1, max-image-preview:large, max-video-preview:-1\" \/>\n<link rel=\"canonical\" href=\"https:\/\/esf.hr\/esfplus\/vazni-dokumenti-razdoblje-2014-2020\/upute\/\" \/>\n<meta property=\"og:locale\" content=\"en_US\" \/>\n<meta property=\"og:type\" content=\"article\" \/>\n<meta property=\"og:title\" content=\"Upute - Europski socijalni fond\" \/>\n<meta property=\"og:description\" content=\"UPUTA O PRIHVATLJIVOSTI TRO\u0160KOVA PLA\u0106A I TRO\u0160KOVA POVEZANIH S RADOM U OKVIRU EUROPSKOG SOCIJALNOG FONDA 2014. \u2013 2020. Uputa o prihvatljivosti tro\u0161kova, pla\u0107a i povezanih tro\u0161kova (velja\u010da 2020.) Uputa o prihvatljivosti tro\u0161kova pla\u0107a i tro\u0161kova povezanih&nbsp; s radom u okviru Europskog socijalnog fonda 2014.- 2020. (kolovoz 2019.) Uputa o prihvatljivosti pla\u0107a i tro\u0161kova (10. kolovoza [&hellip;]\" \/>\n<meta property=\"og:url\" content=\"https:\/\/esf.hr\/esfplus\/vazni-dokumenti-razdoblje-2014-2020\/upute\/\" \/>\n<meta property=\"og:site_name\" content=\"Europski socijalni fond\" \/>\n<meta property=\"article:modified_time\" content=\"2021-03-26T13:09:15+00:00\" \/>\n<meta name=\"twitter:label1\" content=\"Est. reading time\" \/>\n\t<meta name=\"twitter:data1\" content=\"1 minute\" \/>\n<script type=\"application\/ld+json\" class=\"yoast-schema-graph\">{\"@context\":\"https:\/\/schema.org\",\"@graph\":[{\"@type\":\"WebSite\",\"@id\":\"https:\/\/esf.hr\/esfplus\/#website\",\"url\":\"https:\/\/esf.hr\/esfplus\/\",\"name\":\"Europski socijalni fond\",\"description\":\"Program U\\u010dinkoviti ljudski potencijali 2021.-2027.\",\"potentialAction\":[{\"@type\":\"SearchAction\",\"target\":{\"@type\":\"EntryPoint\",\"urlTemplate\":\"https:\/\/esf.hr\/esfplus\/?s={search_term_string}\"},\"query-input\":\"required name=search_term_string\"}],\"inLanguage\":\"en-US\"},{\"@type\":\"WebPage\",\"@id\":\"https:\/\/esf.hr\/esfplus\/vazni-dokumenti-razdoblje-2014-2020\/upute\/#webpage\",\"url\":\"https:\/\/esf.hr\/esfplus\/vazni-dokumenti-razdoblje-2014-2020\/upute\/\",\"name\":\"Upute - Europski socijalni fond\",\"isPartOf\":{\"@id\":\"https:\/\/esf.hr\/esfplus\/#website\"},\"datePublished\":\"2020-04-17T15:58:00+00:00\",\"dateModified\":\"2021-03-26T13:09:15+00:00\",\"breadcrumb\":{\"@id\":\"https:\/\/esf.hr\/esfplus\/vazni-dokumenti-razdoblje-2014-2020\/upute\/#breadcrumb\"},\"inLanguage\":\"en-US\",\"potentialAction\":[{\"@type\":\"ReadAction\",\"target\":[\"https:\/\/esf.hr\/esfplus\/vazni-dokumenti-razdoblje-2014-2020\/upute\/\"]}]},{\"@type\":\"BreadcrumbList\",\"@id\":\"https:\/\/esf.hr\/esfplus\/vazni-dokumenti-razdoblje-2014-2020\/upute\/#breadcrumb\",\"itemListElement\":[{\"@type\":\"ListItem\",\"position\":1,\"name\":\"Naslovna\",\"item\":\"https:\/\/esf.hr\/esfplus\/\"},{\"@type\":\"ListItem\",\"position\":2,\"name\":\"Va\\u017eni dokumenti &#8211; razdoblje 2014.-2020.\",\"item\":\"https:\/\/esf.hr\/esfplus\/vazni-dokumenti-razdoblje-2014-2020\/\"},{\"@type\":\"ListItem\",\"position\":3,\"name\":\"Upute\"}]}]}<\/script>\n<!-- \/ Yoast SEO plugin. -->","yoast_head_json":{"title":"Upute - Europski socijalni fond","robots":{"index":"index","follow":"follow","max-snippet":"max-snippet:-1","max-image-preview":"max-image-preview:large","max-video-preview":"max-video-preview:-1"},"canonical":"https:\/\/esf.hr\/esfplus\/vazni-dokumenti-razdoblje-2014-2020\/upute\/","og_locale":"en_US","og_type":"article","og_title":"Upute - Europski socijalni fond","og_description":"UPUTA O PRIHVATLJIVOSTI TRO\u0160KOVA PLA\u0106A I TRO\u0160KOVA POVEZANIH S RADOM U OKVIRU EUROPSKOG SOCIJALNOG FONDA 2014. \u2013 2020. Uputa o prihvatljivosti tro\u0161kova, pla\u0107a i povezanih tro\u0161kova (velja\u010da 2020.) Uputa o prihvatljivosti tro\u0161kova pla\u0107a i tro\u0161kova povezanih&nbsp; s radom u okviru Europskog socijalnog fonda 2014.- 2020. (kolovoz 2019.) Uputa o prihvatljivosti pla\u0107a i tro\u0161kova (10. kolovoza [&hellip;]","og_url":"https:\/\/esf.hr\/esfplus\/vazni-dokumenti-razdoblje-2014-2020\/upute\/","og_site_name":"Europski socijalni fond","article_modified_time":"2021-03-26T13:09:15+00:00","twitter_misc":{"Est. reading time":"1 minute"},"schema":{"@context":"https:\/\/schema.org","@graph":[{"@type":"WebSite","@id":"https:\/\/esf.hr\/esfplus\/#website","url":"https:\/\/esf.hr\/esfplus\/","name":"Europski socijalni fond","description":"Program U\u010dinkoviti ljudski potencijali 2021.-2027.","potentialAction":[{"@type":"SearchAction","target":{"@type":"EntryPoint","urlTemplate":"https:\/\/esf.hr\/esfplus\/?s={search_term_string}"},"query-input":"required name=search_term_string"}],"inLanguage":"en-US"},{"@type":"WebPage","@id":"https:\/\/esf.hr\/esfplus\/vazni-dokumenti-razdoblje-2014-2020\/upute\/#webpage","url":"https:\/\/esf.hr\/esfplus\/vazni-dokumenti-razdoblje-2014-2020\/upute\/","name":"Upute - Europski socijalni fond","isPartOf":{"@id":"https:\/\/esf.hr\/esfplus\/#website"},"datePublished":"2020-04-17T15:58:00+00:00","dateModified":"2021-03-26T13:09:15+00:00","breadcrumb":{"@id":"https:\/\/esf.hr\/esfplus\/vazni-dokumenti-razdoblje-2014-2020\/upute\/#breadcrumb"},"inLanguage":"en-US","potentialAction":[{"@type":"ReadAction","target":["https:\/\/esf.hr\/esfplus\/vazni-dokumenti-razdoblje-2014-2020\/upute\/"]}]},{"@type":"BreadcrumbList","@id":"https:\/\/esf.hr\/esfplus\/vazni-dokumenti-razdoblje-2014-2020\/upute\/#breadcrumb","itemListElement":[{"@type":"ListItem","position":1,"name":"Naslovna","item":"https:\/\/esf.hr\/esfplus\/"},{"@type":"ListItem","position":2,"name":"Va\u017eni dokumenti &#8211; razdoblje 2014.-2020.","item":"https:\/\/esf.hr\/esfplus\/vazni-dokumenti-razdoblje-2014-2020\/"},{"@type":"ListItem","position":3,"name":"Upute"}]}]}},"_links":{"self":[{"href":"https:\/\/esf.hr\/esfplus\/wp-json\/wp\/v2\/pages\/10934"}],"collection":[{"href":"https:\/\/esf.hr\/esfplus\/wp-json\/wp\/v2\/pages"}],"about":[{"href":"https:\/\/esf.hr\/esfplus\/wp-json\/wp\/v2\/types\/page"}],"author":[{"embeddable":true,"href":"https:\/\/esf.hr\/esfplus\/wp-json\/wp\/v2\/users\/20"}],"replies":[{"embeddable":true,"href":"https:\/\/esf.hr\/esfplus\/wp-json\/wp\/v2\/comments?post=10934"}],"version-history":[{"count":7,"href":"https:\/\/esf.hr\/esfplus\/wp-json\/wp\/v2\/pages\/10934\/revisions"}],"predecessor-version":[{"id":13085,"href":"https:\/\/esf.hr\/esfplus\/wp-json\/wp\/v2\/pages\/10934\/revisions\/13085"}],"up":[{"embeddable":true,"href":"https:\/\/esf.hr\/esfplus\/wp-json\/wp\/v2\/pages\/10765"}],"wp:attachment":[{"href":"https:\/\/esf.hr\/esfplus\/wp-json\/wp\/v2\/media?parent=10934"}],"curies":[{"name":"wp","href":"https:\/\/api.w.org\/{rel}","templated":true}]}}