{"id":10872,"date":"2020-04-16T23:07:02","date_gmt":"2020-04-16T22:07:02","guid":{"rendered":"https:\/\/esf.hr\/esfplus\/?page_id=10872"},"modified":"2020-04-16T23:08:18","modified_gmt":"2020-04-16T22:08:18","slug":"vazni-dokumenti-drustveno-poduzetnistvo","status":"publish","type":"page","link":"https:\/\/esf.hr\/esfplus\/vazni-dokumenti-razdoblje-2014-2020\/vazni-dokumenti-drustveno-poduzetnistvo\/","title":{"rendered":"Dru\u0161tveno poduzetni\u0161tvo"},"content":{"rendered":"\n<p><a href=\"https:\/\/esf.hr\/esfplus\/wp-content\/uploads\/2015\/02\/Strategija-razvoja-dru%C5%A1tvenog-poduzetni%C5%A1tva-u-RH-za-razdoblje-2015-2020.pdf\">Strategija razvoja dru\u0161tvenog poduzetni\u0161tva u Republici Hrvatskoj 2015. \u2013 2020.<\/a><\/p>\n\n\n\n<p><a href=\"https:\/\/esf.hr\/esfplus\/wp-content\/uploads\/2015\/02\/Program-dodjele-potpora-male-vrijednosti-za-poticanje-dru%C5%A1tvenog-poduzetni%C5%A1tva_12092016.pdf\">Program dodjele potpora male vrijednosti za poticanje dru\u0161tvenog poduzetni\u0161tva-rujan 2016.<\/a><\/p>\n\n\n\n<p><a href=\"https:\/\/esf.hr\/esfplus\/wp-content\/uploads\/2015\/02\/Izmjene-i-dopune-Programa-dodjele-potpora-male-vrijednosti-za-poticanje-dru%C5%A1tvenog-poduzetni%C5%A1tva_12092016.pdf\">Izmjene i dopune Programa dodjele potpora male vrijednosti za poticanje dru\u0161tvenog poduzetni\u0161tva<\/a><\/p>\n\n\n\n<p><a href=\"https:\/\/esf.hr\/esfplus\/wp-content\/uploads\/2015\/02\/Program-potpora-male-vrijednosti-za-poticanje-dru%C5%A1tvenog-poduzetni%C5%A1tva.pdf\">Program dodjele potpora male vrijednosti za poticanje dru\u0161tvenog poduzetni\u0161tva-kolovoz 2016.<\/a><\/p>\n\n\n\n<p><a href=\"https:\/\/esf.hr\/esfplus\/wp-content\/uploads\/2015\/02\/Izmjene-i-dopune-Programa-dodjele-potpora-male-vrijednosti-za-poticanje-dru%C5%A1tvenog-poduzetni%C5%A1tva.pdf\">Izmjene i dopune Programa dodjele potpora male vrijednosti za poticanje dru\u0161tvenog poduzetni\u0161tva<\/a><\/p>\n\n\n\n<p><a href=\"https:\/\/esf.hr\/esfplus\/wp-content\/uploads\/2015\/02\/Program-potpora-male-vrijednosti-za-poticanje-dru%C5%A1tvenog-poduzetni%C5%A1tva.pdf\">Program dodjele potpora male vrijednosti za poticanje dru\u0161tvenog poduzetni\u0161tva<\/a><\/p>\n\n\n\n<p><a href=\"https:\/\/esf.hr\/esfplus\/wp-content\/uploads\/2015\/02\/Program-dr%C5%BEavnih-potpora-Ja%C4%8Danje-poslovanja-dru%C5%A1tvenih-poduzetnika-faza-I..pdf\">Program dr\u017eavnih potpora \u2013 Ja\u010danje poslovanja dru\u0161tvenih poduzetnika \u2013 faza I.<\/a><\/p>\n\n\n\n<p><a href=\"https:\/\/esf.hr\/esfplus\/wp-content\/uploads\/2015\/02\/Program-potpora-male-vrijednosti-Ja%C4%8Danje-poslovanja-dru%C5%A1tvenih-poduzetnika-faza-I.pdf\">Program potpora male vrijednosti \u2013 Ja\u010danje poslovanja dru\u0161tvenih poduzetnika \u2013 faza I<\/a><\/p>\n","protected":false},"excerpt":{"rendered":"<p>Strategija razvoja dru\u0161tvenog poduzetni\u0161tva u Republici Hrvatskoj 2015. \u2013 2020. Program dodjele potpora male vrijednosti za poticanje dru\u0161tvenog poduzetni\u0161tva-rujan 2016. Izmjene i dopune Programa dodjele potpora male vrijednosti za poticanje dru\u0161tvenog poduzetni\u0161tva Program dodjele potpora male vrijednosti za poticanje dru\u0161tvenog poduzetni\u0161tva-kolovoz 2016. Izmjene i dopune Programa dodjele potpora male vrijednosti za poticanje dru\u0161tvenog poduzetni\u0161tva Program [&hellip;]<\/p>\n","protected":false},"author":20,"featured_media":0,"parent":10765,"menu_order":0,"comment_status":"closed","ping_status":"closed","template":"","meta":{"_monsterinsights_skip_tracking":false,"_monsterinsights_sitenote_active":false,"_monsterinsights_sitenote_note":"","_monsterinsights_sitenote_category":0,"cybocfi_hide_featured_image":""},"yoast_head":"<!-- This site is optimized with the Yoast SEO plugin v16.8 - https:\/\/yoast.com\/wordpress\/plugins\/seo\/ -->\n<title>Dru\u0161tveno poduzetni\u0161tvo - Europski socijalni fond<\/title>\n<meta name=\"robots\" content=\"index, follow, max-snippet:-1, max-image-preview:large, max-video-preview:-1\" \/>\n<link rel=\"canonical\" href=\"https:\/\/esf.hr\/esfplus\/vazni-dokumenti-razdoblje-2014-2020\/vazni-dokumenti-drustveno-poduzetnistvo\/\" \/>\n<meta property=\"og:locale\" content=\"en_US\" \/>\n<meta property=\"og:type\" content=\"article\" \/>\n<meta property=\"og:title\" content=\"Dru\u0161tveno poduzetni\u0161tvo - Europski socijalni fond\" \/>\n<meta property=\"og:description\" content=\"Strategija razvoja dru\u0161tvenog poduzetni\u0161tva u Republici Hrvatskoj 2015. \u2013 2020. Program dodjele potpora male vrijednosti za poticanje dru\u0161tvenog poduzetni\u0161tva-rujan 2016. Izmjene i dopune Programa dodjele potpora male vrijednosti za poticanje dru\u0161tvenog poduzetni\u0161tva Program dodjele potpora male vrijednosti za poticanje dru\u0161tvenog poduzetni\u0161tva-kolovoz 2016. Izmjene i dopune Programa dodjele potpora male vrijednosti za poticanje dru\u0161tvenog poduzetni\u0161tva Program [&hellip;]\" \/>\n<meta property=\"og:url\" content=\"https:\/\/esf.hr\/esfplus\/vazni-dokumenti-razdoblje-2014-2020\/vazni-dokumenti-drustveno-poduzetnistvo\/\" \/>\n<meta property=\"og:site_name\" content=\"Europski socijalni fond\" \/>\n<meta property=\"article:modified_time\" content=\"2020-04-16T22:08:18+00:00\" \/>\n<script type=\"application\/ld+json\" class=\"yoast-schema-graph\">{\"@context\":\"https:\/\/schema.org\",\"@graph\":[{\"@type\":\"WebSite\",\"@id\":\"https:\/\/esf.hr\/esfplus\/#website\",\"url\":\"https:\/\/esf.hr\/esfplus\/\",\"name\":\"Europski socijalni fond\",\"description\":\"Program U\\u010dinkoviti ljudski potencijali 2021.-2027.\",\"potentialAction\":[{\"@type\":\"SearchAction\",\"target\":{\"@type\":\"EntryPoint\",\"urlTemplate\":\"https:\/\/esf.hr\/esfplus\/?s={search_term_string}\"},\"query-input\":\"required name=search_term_string\"}],\"inLanguage\":\"en-US\"},{\"@type\":\"WebPage\",\"@id\":\"https:\/\/esf.hr\/esfplus\/vazni-dokumenti-razdoblje-2014-2020\/vazni-dokumenti-drustveno-poduzetnistvo\/#webpage\",\"url\":\"https:\/\/esf.hr\/esfplus\/vazni-dokumenti-razdoblje-2014-2020\/vazni-dokumenti-drustveno-poduzetnistvo\/\",\"name\":\"Dru\\u0161tveno poduzetni\\u0161tvo - Europski socijalni fond\",\"isPartOf\":{\"@id\":\"https:\/\/esf.hr\/esfplus\/#website\"},\"datePublished\":\"2020-04-16T22:07:02+00:00\",\"dateModified\":\"2020-04-16T22:08:18+00:00\",\"breadcrumb\":{\"@id\":\"https:\/\/esf.hr\/esfplus\/vazni-dokumenti-razdoblje-2014-2020\/vazni-dokumenti-drustveno-poduzetnistvo\/#breadcrumb\"},\"inLanguage\":\"en-US\",\"potentialAction\":[{\"@type\":\"ReadAction\",\"target\":[\"https:\/\/esf.hr\/esfplus\/vazni-dokumenti-razdoblje-2014-2020\/vazni-dokumenti-drustveno-poduzetnistvo\/\"]}]},{\"@type\":\"BreadcrumbList\",\"@id\":\"https:\/\/esf.hr\/esfplus\/vazni-dokumenti-razdoblje-2014-2020\/vazni-dokumenti-drustveno-poduzetnistvo\/#breadcrumb\",\"itemListElement\":[{\"@type\":\"ListItem\",\"position\":1,\"name\":\"Naslovna\",\"item\":\"https:\/\/esf.hr\/esfplus\/\"},{\"@type\":\"ListItem\",\"position\":2,\"name\":\"Va\\u017eni dokumenti &#8211; razdoblje 2014.-2020.\",\"item\":\"https:\/\/esf.hr\/esfplus\/vazni-dokumenti-razdoblje-2014-2020\/\"},{\"@type\":\"ListItem\",\"position\":3,\"name\":\"Dru\\u0161tveno poduzetni\\u0161tvo\"}]}]}<\/script>\n<!-- \/ Yoast SEO plugin. -->","yoast_head_json":{"title":"Dru\u0161tveno poduzetni\u0161tvo - Europski socijalni fond","robots":{"index":"index","follow":"follow","max-snippet":"max-snippet:-1","max-image-preview":"max-image-preview:large","max-video-preview":"max-video-preview:-1"},"canonical":"https:\/\/esf.hr\/esfplus\/vazni-dokumenti-razdoblje-2014-2020\/vazni-dokumenti-drustveno-poduzetnistvo\/","og_locale":"en_US","og_type":"article","og_title":"Dru\u0161tveno poduzetni\u0161tvo - Europski socijalni fond","og_description":"Strategija razvoja dru\u0161tvenog poduzetni\u0161tva u Republici Hrvatskoj 2015. \u2013 2020. Program dodjele potpora male vrijednosti za poticanje dru\u0161tvenog poduzetni\u0161tva-rujan 2016. Izmjene i dopune Programa dodjele potpora male vrijednosti za poticanje dru\u0161tvenog poduzetni\u0161tva Program dodjele potpora male vrijednosti za poticanje dru\u0161tvenog poduzetni\u0161tva-kolovoz 2016. Izmjene i dopune Programa dodjele potpora male vrijednosti za poticanje dru\u0161tvenog poduzetni\u0161tva Program [&hellip;]","og_url":"https:\/\/esf.hr\/esfplus\/vazni-dokumenti-razdoblje-2014-2020\/vazni-dokumenti-drustveno-poduzetnistvo\/","og_site_name":"Europski socijalni fond","article_modified_time":"2020-04-16T22:08:18+00:00","schema":{"@context":"https:\/\/schema.org","@graph":[{"@type":"WebSite","@id":"https:\/\/esf.hr\/esfplus\/#website","url":"https:\/\/esf.hr\/esfplus\/","name":"Europski socijalni fond","description":"Program U\u010dinkoviti ljudski potencijali 2021.-2027.","potentialAction":[{"@type":"SearchAction","target":{"@type":"EntryPoint","urlTemplate":"https:\/\/esf.hr\/esfplus\/?s={search_term_string}"},"query-input":"required name=search_term_string"}],"inLanguage":"en-US"},{"@type":"WebPage","@id":"https:\/\/esf.hr\/esfplus\/vazni-dokumenti-razdoblje-2014-2020\/vazni-dokumenti-drustveno-poduzetnistvo\/#webpage","url":"https:\/\/esf.hr\/esfplus\/vazni-dokumenti-razdoblje-2014-2020\/vazni-dokumenti-drustveno-poduzetnistvo\/","name":"Dru\u0161tveno poduzetni\u0161tvo - Europski socijalni fond","isPartOf":{"@id":"https:\/\/esf.hr\/esfplus\/#website"},"datePublished":"2020-04-16T22:07:02+00:00","dateModified":"2020-04-16T22:08:18+00:00","breadcrumb":{"@id":"https:\/\/esf.hr\/esfplus\/vazni-dokumenti-razdoblje-2014-2020\/vazni-dokumenti-drustveno-poduzetnistvo\/#breadcrumb"},"inLanguage":"en-US","potentialAction":[{"@type":"ReadAction","target":["https:\/\/esf.hr\/esfplus\/vazni-dokumenti-razdoblje-2014-2020\/vazni-dokumenti-drustveno-poduzetnistvo\/"]}]},{"@type":"BreadcrumbList","@id":"https:\/\/esf.hr\/esfplus\/vazni-dokumenti-razdoblje-2014-2020\/vazni-dokumenti-drustveno-poduzetnistvo\/#breadcrumb","itemListElement":[{"@type":"ListItem","position":1,"name":"Naslovna","item":"https:\/\/esf.hr\/esfplus\/"},{"@type":"ListItem","position":2,"name":"Va\u017eni dokumenti &#8211; razdoblje 2014.-2020.","item":"https:\/\/esf.hr\/esfplus\/vazni-dokumenti-razdoblje-2014-2020\/"},{"@type":"ListItem","position":3,"name":"Dru\u0161tveno poduzetni\u0161tvo"}]}]}},"_links":{"self":[{"href":"https:\/\/esf.hr\/esfplus\/wp-json\/wp\/v2\/pages\/10872"}],"collection":[{"href":"https:\/\/esf.hr\/esfplus\/wp-json\/wp\/v2\/pages"}],"about":[{"href":"https:\/\/esf.hr\/esfplus\/wp-json\/wp\/v2\/types\/page"}],"author":[{"embeddable":true,"href":"https:\/\/esf.hr\/esfplus\/wp-json\/wp\/v2\/users\/20"}],"replies":[{"embeddable":true,"href":"https:\/\/esf.hr\/esfplus\/wp-json\/wp\/v2\/comments?post=10872"}],"version-history":[{"count":2,"href":"https:\/\/esf.hr\/esfplus\/wp-json\/wp\/v2\/pages\/10872\/revisions"}],"predecessor-version":[{"id":10874,"href":"https:\/\/esf.hr\/esfplus\/wp-json\/wp\/v2\/pages\/10872\/revisions\/10874"}],"up":[{"embeddable":true,"href":"https:\/\/esf.hr\/esfplus\/wp-json\/wp\/v2\/pages\/10765"}],"wp:attachment":[{"href":"https:\/\/esf.hr\/esfplus\/wp-json\/wp\/v2\/media?parent=10872"}],"curies":[{"name":"wp","href":"https:\/\/api.w.org\/{rel}","templated":true}]}}