{"id":10749,"date":"2020-04-14T22:03:46","date_gmt":"2020-04-14T21:03:46","guid":{"rendered":"https:\/\/esf.hr\/esfplus\/?page_id=10749"},"modified":"2020-12-15T22:33:00","modified_gmt":"2020-12-15T21:33:00","slug":"ostalo","status":"publish","type":"page","link":"https:\/\/esf.hr\/esfplus\/vazni-dokumenti-razdoblje-2014-2020\/ostalo\/","title":{"rendered":"Ostalo"},"content":{"rendered":"\n<ul><li><a rel=\"noreferrer noopener\" href=\"https:\/\/esf.hr\/esfplus\/wp-content\/uploads\/2020\/04\/Uputa-Upravlja%C4%8Dkog-tijela-OP-ULJP-temeljem-zaklju%C4%8Daka-Vlade-o-mjerama-po.._.pdf\" target=\"_blank\">Uputa Upravlja\u010dkog tijela OP ULJP temeljem zaklju\u010daka Vlade o mjerama pomo\u0107i gospodarstvu uslijed epidemije SARS-CoV-2 virusa<\/a><\/li><li><a href=\"https:\/\/esf.hr\/esfplus\/wp-content\/uploads\/2020\/03\/Uputa-Upravlja%C4%8Dkog-tijela-o-postupanju-s-tro%C5%A1kovima-uslijed-pandemije-Co....pdf\">Uputa Upravlja\u010dkog tijela o postupanju s tro\u0161kovima uslijed pandemije COVID-19<\/a><\/li><li><a href=\"https:\/\/esf.hr\/esfplus\/wp-content\/uploads\/2020\/03\/Uputa-Upravlja%C4%8Dkog-tijela-OP-ULJP-i-Programa-za-hranu-i-ili-osnovnu-mate....pdf\">Uputa Upravlja\u010dkog tijela OP ULJP i Programa za hranu i ili osnovnu materijalnu pomo\u0107 Posredni\u010dkim tijelima o postupanju u izvanrednoj situaciji uzrokovanoj pojavom SARS-CoV-2 virusa<\/a><\/li><li><a rel=\"noreferrer noopener\" href=\"https:\/\/esf.hr\/esfplus\/wp-content\/uploads\/2020\/03\/Odluka-o-dozvoli-produljenja-razdoblja-provedbe-projekata-u-okviru-OP-ULJP-2014-2020-i-omogu%C4%87avanju-produljenja-roka-za-povrat-sredstava-usljed-pandemije.pdf\" target=\"_blank\">Odluka o dozvoli produljenja razdoblja provedbe projekata u okviru Operativnog programa \u201eU\u010dinkoviti ljudski potencijali 2014. \u2013 2020.\u201c i omogu\u0107avaju produljenja roka za povrat sredstava uslijed pandemije COVID-19<\/a><\/li><li><a href=\"https:\/\/esf.hr\/esfplus\/wp-content\/uploads\/2020\/10\/Preporuka-korisnicima-projekata-ESF-a-u-cilju-sprje\u010davanja-\u0161irenja-zaraze-virusom-COVID-19.pdf\" target=\"_blank\" rel=\"noreferrer noopener\" aria-label=\"Preporuka korisnicima projekata ESF-a u cilju sprje\u010davanja \u0161irenja zaraze virusom COVID-19 (opens in a new tab)\">Preporuka korisnicima projekata ESF-a u cilju sprje\u010davanja \u0161irenja zaraze virusom COVID-19<\/a><\/li><\/ul>\n","protected":false},"excerpt":{"rendered":"<p>Uputa Upravlja\u010dkog tijela OP ULJP temeljem zaklju\u010daka Vlade o mjerama pomo\u0107i gospodarstvu uslijed epidemije SARS-CoV-2 virusa Uputa Upravlja\u010dkog tijela o postupanju s tro\u0161kovima uslijed pandemije COVID-19 Uputa Upravlja\u010dkog tijela OP ULJP i Programa za hranu i ili osnovnu materijalnu pomo\u0107 Posredni\u010dkim tijelima o postupanju u izvanrednoj situaciji uzrokovanoj pojavom SARS-CoV-2 virusa Odluka o dozvoli produljenja [&hellip;]<\/p>\n","protected":false},"author":20,"featured_media":0,"parent":10765,"menu_order":0,"comment_status":"closed","ping_status":"closed","template":"","meta":{"_monsterinsights_skip_tracking":false,"_monsterinsights_sitenote_active":false,"_monsterinsights_sitenote_note":"","_monsterinsights_sitenote_category":0,"cybocfi_hide_featured_image":""},"yoast_head":"<!-- This site is optimized with the Yoast SEO plugin v16.8 - https:\/\/yoast.com\/wordpress\/plugins\/seo\/ -->\n<title>Ostalo - Europski socijalni fond<\/title>\n<meta name=\"robots\" content=\"index, follow, max-snippet:-1, max-image-preview:large, max-video-preview:-1\" \/>\n<link rel=\"canonical\" href=\"https:\/\/esf.hr\/esfplus\/vazni-dokumenti-razdoblje-2014-2020\/ostalo\/\" \/>\n<meta property=\"og:locale\" content=\"en_US\" \/>\n<meta property=\"og:type\" content=\"article\" \/>\n<meta property=\"og:title\" content=\"Ostalo - Europski socijalni fond\" \/>\n<meta property=\"og:description\" content=\"Uputa Upravlja\u010dkog tijela OP ULJP temeljem zaklju\u010daka Vlade o mjerama pomo\u0107i gospodarstvu uslijed epidemije SARS-CoV-2 virusa Uputa Upravlja\u010dkog tijela o postupanju s tro\u0161kovima uslijed pandemije COVID-19 Uputa Upravlja\u010dkog tijela OP ULJP i Programa za hranu i ili osnovnu materijalnu pomo\u0107 Posredni\u010dkim tijelima o postupanju u izvanrednoj situaciji uzrokovanoj pojavom SARS-CoV-2 virusa Odluka o dozvoli produljenja [&hellip;]\" \/>\n<meta property=\"og:url\" content=\"https:\/\/esf.hr\/esfplus\/vazni-dokumenti-razdoblje-2014-2020\/ostalo\/\" \/>\n<meta property=\"og:site_name\" content=\"Europski socijalni fond\" \/>\n<meta property=\"article:modified_time\" content=\"2020-12-15T21:33:00+00:00\" \/>\n<script type=\"application\/ld+json\" class=\"yoast-schema-graph\">{\"@context\":\"https:\/\/schema.org\",\"@graph\":[{\"@type\":\"WebSite\",\"@id\":\"https:\/\/esf.hr\/esfplus\/#website\",\"url\":\"https:\/\/esf.hr\/esfplus\/\",\"name\":\"Europski socijalni fond\",\"description\":\"Program U\\u010dinkoviti ljudski potencijali 2021.-2027.\",\"potentialAction\":[{\"@type\":\"SearchAction\",\"target\":{\"@type\":\"EntryPoint\",\"urlTemplate\":\"https:\/\/esf.hr\/esfplus\/?s={search_term_string}\"},\"query-input\":\"required name=search_term_string\"}],\"inLanguage\":\"en-US\"},{\"@type\":\"WebPage\",\"@id\":\"https:\/\/esf.hr\/esfplus\/vazni-dokumenti-razdoblje-2014-2020\/ostalo\/#webpage\",\"url\":\"https:\/\/esf.hr\/esfplus\/vazni-dokumenti-razdoblje-2014-2020\/ostalo\/\",\"name\":\"Ostalo - Europski socijalni fond\",\"isPartOf\":{\"@id\":\"https:\/\/esf.hr\/esfplus\/#website\"},\"datePublished\":\"2020-04-14T21:03:46+00:00\",\"dateModified\":\"2020-12-15T21:33:00+00:00\",\"breadcrumb\":{\"@id\":\"https:\/\/esf.hr\/esfplus\/vazni-dokumenti-razdoblje-2014-2020\/ostalo\/#breadcrumb\"},\"inLanguage\":\"en-US\",\"potentialAction\":[{\"@type\":\"ReadAction\",\"target\":[\"https:\/\/esf.hr\/esfplus\/vazni-dokumenti-razdoblje-2014-2020\/ostalo\/\"]}]},{\"@type\":\"BreadcrumbList\",\"@id\":\"https:\/\/esf.hr\/esfplus\/vazni-dokumenti-razdoblje-2014-2020\/ostalo\/#breadcrumb\",\"itemListElement\":[{\"@type\":\"ListItem\",\"position\":1,\"name\":\"Naslovna\",\"item\":\"https:\/\/esf.hr\/esfplus\/\"},{\"@type\":\"ListItem\",\"position\":2,\"name\":\"Va\\u017eni dokumenti &#8211; razdoblje 2014.-2020.\",\"item\":\"https:\/\/esf.hr\/esfplus\/vazni-dokumenti-razdoblje-2014-2020\/\"},{\"@type\":\"ListItem\",\"position\":3,\"name\":\"Ostalo\"}]}]}<\/script>\n<!-- \/ Yoast SEO plugin. -->","yoast_head_json":{"title":"Ostalo - Europski socijalni fond","robots":{"index":"index","follow":"follow","max-snippet":"max-snippet:-1","max-image-preview":"max-image-preview:large","max-video-preview":"max-video-preview:-1"},"canonical":"https:\/\/esf.hr\/esfplus\/vazni-dokumenti-razdoblje-2014-2020\/ostalo\/","og_locale":"en_US","og_type":"article","og_title":"Ostalo - Europski socijalni fond","og_description":"Uputa Upravlja\u010dkog tijela OP ULJP temeljem zaklju\u010daka Vlade o mjerama pomo\u0107i gospodarstvu uslijed epidemije SARS-CoV-2 virusa Uputa Upravlja\u010dkog tijela o postupanju s tro\u0161kovima uslijed pandemije COVID-19 Uputa Upravlja\u010dkog tijela OP ULJP i Programa za hranu i ili osnovnu materijalnu pomo\u0107 Posredni\u010dkim tijelima o postupanju u izvanrednoj situaciji uzrokovanoj pojavom SARS-CoV-2 virusa Odluka o dozvoli produljenja [&hellip;]","og_url":"https:\/\/esf.hr\/esfplus\/vazni-dokumenti-razdoblje-2014-2020\/ostalo\/","og_site_name":"Europski socijalni fond","article_modified_time":"2020-12-15T21:33:00+00:00","schema":{"@context":"https:\/\/schema.org","@graph":[{"@type":"WebSite","@id":"https:\/\/esf.hr\/esfplus\/#website","url":"https:\/\/esf.hr\/esfplus\/","name":"Europski socijalni fond","description":"Program U\u010dinkoviti ljudski potencijali 2021.-2027.","potentialAction":[{"@type":"SearchAction","target":{"@type":"EntryPoint","urlTemplate":"https:\/\/esf.hr\/esfplus\/?s={search_term_string}"},"query-input":"required name=search_term_string"}],"inLanguage":"en-US"},{"@type":"WebPage","@id":"https:\/\/esf.hr\/esfplus\/vazni-dokumenti-razdoblje-2014-2020\/ostalo\/#webpage","url":"https:\/\/esf.hr\/esfplus\/vazni-dokumenti-razdoblje-2014-2020\/ostalo\/","name":"Ostalo - Europski socijalni fond","isPartOf":{"@id":"https:\/\/esf.hr\/esfplus\/#website"},"datePublished":"2020-04-14T21:03:46+00:00","dateModified":"2020-12-15T21:33:00+00:00","breadcrumb":{"@id":"https:\/\/esf.hr\/esfplus\/vazni-dokumenti-razdoblje-2014-2020\/ostalo\/#breadcrumb"},"inLanguage":"en-US","potentialAction":[{"@type":"ReadAction","target":["https:\/\/esf.hr\/esfplus\/vazni-dokumenti-razdoblje-2014-2020\/ostalo\/"]}]},{"@type":"BreadcrumbList","@id":"https:\/\/esf.hr\/esfplus\/vazni-dokumenti-razdoblje-2014-2020\/ostalo\/#breadcrumb","itemListElement":[{"@type":"ListItem","position":1,"name":"Naslovna","item":"https:\/\/esf.hr\/esfplus\/"},{"@type":"ListItem","position":2,"name":"Va\u017eni dokumenti &#8211; razdoblje 2014.-2020.","item":"https:\/\/esf.hr\/esfplus\/vazni-dokumenti-razdoblje-2014-2020\/"},{"@type":"ListItem","position":3,"name":"Ostalo"}]}]}},"_links":{"self":[{"href":"https:\/\/esf.hr\/esfplus\/wp-json\/wp\/v2\/pages\/10749"}],"collection":[{"href":"https:\/\/esf.hr\/esfplus\/wp-json\/wp\/v2\/pages"}],"about":[{"href":"https:\/\/esf.hr\/esfplus\/wp-json\/wp\/v2\/types\/page"}],"author":[{"embeddable":true,"href":"https:\/\/esf.hr\/esfplus\/wp-json\/wp\/v2\/users\/20"}],"replies":[{"embeddable":true,"href":"https:\/\/esf.hr\/esfplus\/wp-json\/wp\/v2\/comments?post=10749"}],"version-history":[{"count":8,"href":"https:\/\/esf.hr\/esfplus\/wp-json\/wp\/v2\/pages\/10749\/revisions"}],"predecessor-version":[{"id":12484,"href":"https:\/\/esf.hr\/esfplus\/wp-json\/wp\/v2\/pages\/10749\/revisions\/12484"}],"up":[{"embeddable":true,"href":"https:\/\/esf.hr\/esfplus\/wp-json\/wp\/v2\/pages\/10765"}],"wp:attachment":[{"href":"https:\/\/esf.hr\/esfplus\/wp-json\/wp\/v2\/media?parent=10749"}],"curies":[{"name":"wp","href":"https:\/\/api.w.org\/{rel}","templated":true}]}}