{"id":10743,"date":"2020-04-14T22:00:25","date_gmt":"2020-04-14T21:00:25","guid":{"rendered":"https:\/\/esf.hr\/esfplus\/?page_id=10743"},"modified":"2020-12-16T10:51:42","modified_gmt":"2020-12-16T09:51:42","slug":"evaluacija","status":"publish","type":"page","link":"https:\/\/esf.hr\/esfplus\/vazni-dokumenti-razdoblje-2014-2020\/evaluacija\/","title":{"rendered":"Evaluacija"},"content":{"rendered":"\n<p><strong>VA\u017dE\u0106I EVALUACIJSKI PLAN<\/strong><\/p>\n\n\n\n<ul><li><a rel=\"noreferrer noopener\" href=\"https:\/\/esf.hr\/esfplus\/wp-content\/uploads\/2015\/02\/Evaluacijski-plan-Operativnog-programa-U%C4%8Dinkoviti-ljudski-potencijali-2014.-2020.-prosinac-2018.-godine.pdf\" target=\"_blank\"><\/a><a href=\"https:\/\/esf.hr\/esfplus\/wp-content\/uploads\/2020\/12\/Evaluacijski_plan_2014-2020_izmjene_2020.pdf\">Evaluacijski plan Operativnog programa U\u010dinkoviti ljudski potencijali 2014. &#8211; 2020. &#8211; prosinac 2020. godine<\/a><\/li><\/ul>\n\n\n\n<p><strong>PRETHODNE VERZIJE EVALUACIJSKOG PLANA<\/strong><\/p>\n\n\n\n<ul><li><a href=\"https:\/\/esf.hr\/esfplus\/wp-content\/uploads\/2020\/08\/Evaluacijski_plan_2014-2020_izmjene_2019.pdf\" target=\"_blank\" rel=\"noreferrer noopener\" aria-label=\"  Evaluacijski plan Operativnog programa U\u010dinkoviti ljudski potencijali 2014. \u2013 2020. \u2013 prosinac 2019. godine   (opens in a new tab)\">  Evaluacijski plan Operativnog programa U\u010dinkoviti ljudski potencijali 2014. \u2013 2020. \u2013 prosinac 2019. godine  <\/a><\/li><li><a rel=\"noreferrer noopener\" href=\"https:\/\/esf.hr\/esfplus\/wp-content\/uploads\/2015\/02\/Evaluacijski-plan-Operativnog-programa-U%C4%8Dinkoviti-ljudski-potencijali-2014.-2020.-prosinac-2018.-godine.pdf\" target=\"_blank\">Evaluacijski plan Operativnog programa U\u010dinkoviti ljudski potencijali 2014. \u2013 2020. \u2013 prosinac 2018. godine<\/a> <\/li><li><a href=\"https:\/\/esf.hr\/esfplus\/wp-content\/uploads\/2015\/02\/Evaluacijski_plan_2014-2020_prosinac-2016.-.pdf\">Evaluacijski plan Operativnog programa U\u010dinkoviti ljudski potencijali 2014. \u2013 2020 \u2013 prosinac 2016. godine<\/a><\/li><li><a rel=\"noreferrer noopener\" href=\"https:\/\/esf.hr\/esfplus\/wp-content\/uploads\/2015\/12\/Evaluacijski_plan_2014-2020_09_12_2015.pdf\" target=\"_blank\">Evaluacijski plan Operativnog programa U\u010dinkoviti ljudski potencijali 2014. \u2013 2020. \u2013 prosinac 2015. godine<\/a><\/li><\/ul>\n\n\n\n<p><\/p>\n","protected":false},"excerpt":{"rendered":"<p>VA\u017dE\u0106I EVALUACIJSKI PLAN Evaluacijski plan Operativnog programa U\u010dinkoviti ljudski potencijali 2014. &#8211; 2020. &#8211; prosinac 2020. godine PRETHODNE VERZIJE EVALUACIJSKOG PLANA Evaluacijski plan Operativnog programa U\u010dinkoviti ljudski potencijali 2014. \u2013 2020. \u2013 prosinac 2019. godine Evaluacijski plan Operativnog programa U\u010dinkoviti ljudski potencijali 2014. \u2013 2020. \u2013 prosinac 2018. godine Evaluacijski plan Operativnog programa U\u010dinkoviti ljudski [&hellip;]<\/p>\n","protected":false},"author":20,"featured_media":0,"parent":10765,"menu_order":0,"comment_status":"closed","ping_status":"closed","template":"","meta":{"_monsterinsights_skip_tracking":false,"_monsterinsights_sitenote_active":false,"_monsterinsights_sitenote_note":"","_monsterinsights_sitenote_category":0,"cybocfi_hide_featured_image":""},"yoast_head":"<!-- This site is optimized with the Yoast SEO plugin v16.8 - https:\/\/yoast.com\/wordpress\/plugins\/seo\/ -->\n<title>Evaluacija - Europski socijalni fond<\/title>\n<meta name=\"robots\" content=\"index, follow, max-snippet:-1, max-image-preview:large, max-video-preview:-1\" \/>\n<link rel=\"canonical\" href=\"https:\/\/esf.hr\/esfplus\/vazni-dokumenti-razdoblje-2014-2020\/evaluacija\/\" \/>\n<meta property=\"og:locale\" content=\"en_US\" \/>\n<meta property=\"og:type\" content=\"article\" \/>\n<meta property=\"og:title\" content=\"Evaluacija - Europski socijalni fond\" \/>\n<meta property=\"og:description\" content=\"VA\u017dE\u0106I EVALUACIJSKI PLAN Evaluacijski plan Operativnog programa U\u010dinkoviti ljudski potencijali 2014. &#8211; 2020. &#8211; prosinac 2020. godine PRETHODNE VERZIJE EVALUACIJSKOG PLANA Evaluacijski plan Operativnog programa U\u010dinkoviti ljudski potencijali 2014. \u2013 2020. \u2013 prosinac 2019. godine Evaluacijski plan Operativnog programa U\u010dinkoviti ljudski potencijali 2014. \u2013 2020. \u2013 prosinac 2018. godine Evaluacijski plan Operativnog programa U\u010dinkoviti ljudski [&hellip;]\" \/>\n<meta property=\"og:url\" content=\"https:\/\/esf.hr\/esfplus\/vazni-dokumenti-razdoblje-2014-2020\/evaluacija\/\" \/>\n<meta property=\"og:site_name\" content=\"Europski socijalni fond\" \/>\n<meta property=\"article:modified_time\" content=\"2020-12-16T09:51:42+00:00\" \/>\n<script type=\"application\/ld+json\" class=\"yoast-schema-graph\">{\"@context\":\"https:\/\/schema.org\",\"@graph\":[{\"@type\":\"WebSite\",\"@id\":\"https:\/\/esf.hr\/esfplus\/#website\",\"url\":\"https:\/\/esf.hr\/esfplus\/\",\"name\":\"Europski socijalni fond\",\"description\":\"Program U\\u010dinkoviti ljudski potencijali 2021.-2027.\",\"potentialAction\":[{\"@type\":\"SearchAction\",\"target\":{\"@type\":\"EntryPoint\",\"urlTemplate\":\"https:\/\/esf.hr\/esfplus\/?s={search_term_string}\"},\"query-input\":\"required name=search_term_string\"}],\"inLanguage\":\"en-US\"},{\"@type\":\"WebPage\",\"@id\":\"https:\/\/esf.hr\/esfplus\/vazni-dokumenti-razdoblje-2014-2020\/evaluacija\/#webpage\",\"url\":\"https:\/\/esf.hr\/esfplus\/vazni-dokumenti-razdoblje-2014-2020\/evaluacija\/\",\"name\":\"Evaluacija - Europski socijalni fond\",\"isPartOf\":{\"@id\":\"https:\/\/esf.hr\/esfplus\/#website\"},\"datePublished\":\"2020-04-14T21:00:25+00:00\",\"dateModified\":\"2020-12-16T09:51:42+00:00\",\"breadcrumb\":{\"@id\":\"https:\/\/esf.hr\/esfplus\/vazni-dokumenti-razdoblje-2014-2020\/evaluacija\/#breadcrumb\"},\"inLanguage\":\"en-US\",\"potentialAction\":[{\"@type\":\"ReadAction\",\"target\":[\"https:\/\/esf.hr\/esfplus\/vazni-dokumenti-razdoblje-2014-2020\/evaluacija\/\"]}]},{\"@type\":\"BreadcrumbList\",\"@id\":\"https:\/\/esf.hr\/esfplus\/vazni-dokumenti-razdoblje-2014-2020\/evaluacija\/#breadcrumb\",\"itemListElement\":[{\"@type\":\"ListItem\",\"position\":1,\"name\":\"Naslovna\",\"item\":\"https:\/\/esf.hr\/esfplus\/\"},{\"@type\":\"ListItem\",\"position\":2,\"name\":\"Va\\u017eni dokumenti &#8211; razdoblje 2014.-2020.\",\"item\":\"https:\/\/esf.hr\/esfplus\/vazni-dokumenti-razdoblje-2014-2020\/\"},{\"@type\":\"ListItem\",\"position\":3,\"name\":\"Evaluacija\"}]}]}<\/script>\n<!-- \/ Yoast SEO plugin. -->","yoast_head_json":{"title":"Evaluacija - Europski socijalni fond","robots":{"index":"index","follow":"follow","max-snippet":"max-snippet:-1","max-image-preview":"max-image-preview:large","max-video-preview":"max-video-preview:-1"},"canonical":"https:\/\/esf.hr\/esfplus\/vazni-dokumenti-razdoblje-2014-2020\/evaluacija\/","og_locale":"en_US","og_type":"article","og_title":"Evaluacija - Europski socijalni fond","og_description":"VA\u017dE\u0106I EVALUACIJSKI PLAN Evaluacijski plan Operativnog programa U\u010dinkoviti ljudski potencijali 2014. &#8211; 2020. &#8211; prosinac 2020. godine PRETHODNE VERZIJE EVALUACIJSKOG PLANA Evaluacijski plan Operativnog programa U\u010dinkoviti ljudski potencijali 2014. \u2013 2020. \u2013 prosinac 2019. godine Evaluacijski plan Operativnog programa U\u010dinkoviti ljudski potencijali 2014. \u2013 2020. \u2013 prosinac 2018. godine Evaluacijski plan Operativnog programa U\u010dinkoviti ljudski [&hellip;]","og_url":"https:\/\/esf.hr\/esfplus\/vazni-dokumenti-razdoblje-2014-2020\/evaluacija\/","og_site_name":"Europski socijalni fond","article_modified_time":"2020-12-16T09:51:42+00:00","schema":{"@context":"https:\/\/schema.org","@graph":[{"@type":"WebSite","@id":"https:\/\/esf.hr\/esfplus\/#website","url":"https:\/\/esf.hr\/esfplus\/","name":"Europski socijalni fond","description":"Program U\u010dinkoviti ljudski potencijali 2021.-2027.","potentialAction":[{"@type":"SearchAction","target":{"@type":"EntryPoint","urlTemplate":"https:\/\/esf.hr\/esfplus\/?s={search_term_string}"},"query-input":"required name=search_term_string"}],"inLanguage":"en-US"},{"@type":"WebPage","@id":"https:\/\/esf.hr\/esfplus\/vazni-dokumenti-razdoblje-2014-2020\/evaluacija\/#webpage","url":"https:\/\/esf.hr\/esfplus\/vazni-dokumenti-razdoblje-2014-2020\/evaluacija\/","name":"Evaluacija - Europski socijalni fond","isPartOf":{"@id":"https:\/\/esf.hr\/esfplus\/#website"},"datePublished":"2020-04-14T21:00:25+00:00","dateModified":"2020-12-16T09:51:42+00:00","breadcrumb":{"@id":"https:\/\/esf.hr\/esfplus\/vazni-dokumenti-razdoblje-2014-2020\/evaluacija\/#breadcrumb"},"inLanguage":"en-US","potentialAction":[{"@type":"ReadAction","target":["https:\/\/esf.hr\/esfplus\/vazni-dokumenti-razdoblje-2014-2020\/evaluacija\/"]}]},{"@type":"BreadcrumbList","@id":"https:\/\/esf.hr\/esfplus\/vazni-dokumenti-razdoblje-2014-2020\/evaluacija\/#breadcrumb","itemListElement":[{"@type":"ListItem","position":1,"name":"Naslovna","item":"https:\/\/esf.hr\/esfplus\/"},{"@type":"ListItem","position":2,"name":"Va\u017eni dokumenti &#8211; razdoblje 2014.-2020.","item":"https:\/\/esf.hr\/esfplus\/vazni-dokumenti-razdoblje-2014-2020\/"},{"@type":"ListItem","position":3,"name":"Evaluacija"}]}]}},"_links":{"self":[{"href":"https:\/\/esf.hr\/esfplus\/wp-json\/wp\/v2\/pages\/10743"}],"collection":[{"href":"https:\/\/esf.hr\/esfplus\/wp-json\/wp\/v2\/pages"}],"about":[{"href":"https:\/\/esf.hr\/esfplus\/wp-json\/wp\/v2\/types\/page"}],"author":[{"embeddable":true,"href":"https:\/\/esf.hr\/esfplus\/wp-json\/wp\/v2\/users\/20"}],"replies":[{"embeddable":true,"href":"https:\/\/esf.hr\/esfplus\/wp-json\/wp\/v2\/comments?post=10743"}],"version-history":[{"count":16,"href":"https:\/\/esf.hr\/esfplus\/wp-json\/wp\/v2\/pages\/10743\/revisions"}],"predecessor-version":[{"id":12488,"href":"https:\/\/esf.hr\/esfplus\/wp-json\/wp\/v2\/pages\/10743\/revisions\/12488"}],"up":[{"embeddable":true,"href":"https:\/\/esf.hr\/esfplus\/wp-json\/wp\/v2\/pages\/10765"}],"wp:attachment":[{"href":"https:\/\/esf.hr\/esfplus\/wp-json\/wp\/v2\/media?parent=10743"}],"curies":[{"name":"wp","href":"https:\/\/api.w.org\/{rel}","templated":true}]}}