{"id":10740,"date":"2020-04-14T21:58:38","date_gmt":"2020-04-14T20:58:38","guid":{"rendered":"https:\/\/esf.hr\/esfplus\/?page_id=10740"},"modified":"2021-01-12T13:26:57","modified_gmt":"2021-01-12T12:26:57","slug":"komunikacija-i-vidljivost","status":"publish","type":"page","link":"https:\/\/esf.hr\/esfplus\/vazni-dokumenti-razdoblje-2014-2020\/komunikacija-i-vidljivost\/","title":{"rendered":"Komunikacija i vidljivost"},"content":{"rendered":"\n<p><strong>KOMUNIKACIJSKA STRATEGIJA 2014.-2020.<\/strong><\/p>\n\n\n\n<ul><li><a href=\"https:\/\/esf.hr\/esfplus\/wp-content\/uploads\/2015\/09\/Komunikacijska-strategija-za-OPULJP-2014-2020.pdf\" target=\"_blank\" rel=\"noreferrer noopener\">Komunikacijska strategija za Operativni program U\u010dinkoviti ljudski potencijali 2014.-2020.<\/a><\/li><li><a href=\"https:\/\/esf.hr\/esfplus\/wp-content\/uploads\/2015\/02\/KOMUNIKACIJSKA-STRATEGIJA.pdf\">Komunikacijska strategija europskih strukturnih i investicijskih fondova za Republiku Hrvatsku za razdoblje 2014.-2020<\/a><a href=\"https:\/\/esf.hr\/esfplus\/wp-content\/uploads\/2015\/07\/KS-ESIF-2014.-2020.-finalni-nacrt.docx\" target=\"_blank\" rel=\"noreferrer noopener\">.<\/a>&nbsp;\u2013 FINALNI NACRT<\/li><\/ul>\n\n\n\n<p><strong>KOMUNIKACIJSKI PLAN<\/strong><\/p>\n\n\n\n<p><a href=\"https:\/\/esf.hr\/esfplus\/wp-content\/uploads\/2020\/12\/KP-OPULJP-2021.-2023..pdf\"><strong>Komunikacijski plan za 2021.-2023. godinu &#8211; OPULJP<\/strong><\/a><\/p>\n\n\n\n<ul><li><a href=\"https:\/\/esf.hr\/esfplus\/wp-content\/uploads\/2020\/12\/KP-Prilog-1.-Prikaz-komunik.-aktivnosti-tro\u0161kova-i-indikatora.xlsx\">Prilog 1 &#8211; Prikaz indikativnih komunikacijskih aktivnosti uklju\u010duju\u0107i procjenu tro\u0161kova i indikatore uspje\u0161nosti provedbe aktivnosti za razdoblje 2021.-2023.<\/a><\/li><\/ul>\n\n\n\n<p><strong><a href=\"https:\/\/esf.hr\/esfplus\/wp-content\/uploads\/2020\/06\/Komunikacijski-plan-za-2020._OPULJP-2014.-2020..pdf\">Komunikacijski plan za 2020. godinu-&nbsp;OPULJP 2014.-2020.<\/a><\/strong><\/p>\n\n\n\n\n\n<ul><li><a href=\"https:\/\/esf.hr\/esfplus\/wp-content\/uploads\/2020\/06\/Prilog-1-Indikatori-KP-za-2020.-godinu.xlsx\">Prilog 1- Indikatori Komunikacijskog plana za 2020. godinu<\/a><\/li><li><a href=\"https:\/\/esf.hr\/esfplus\/wp-content\/uploads\/2020\/06\/Prilog-2-Indikativni-prora\u010dun-za-2020.-godinu.xlsx\">Prilog 2- Indikativni prora\u010dun komunikacijskih aktivnosti za 2020. godinu<\/a><\/li><\/ul>\n\n\n\n<p><strong><a href=\"https:\/\/esf.hr\/esfplus\/wp-content\/uploads\/2021\/01\/Komunikacijski-plan-za-2019.-godinu-OPULJP-2014.-2020.1.pdf\">Komunikacijski plan za 2019. godinu\u00a0\u2013 OPULJP 2014.-2020.<\/a><\/strong><\/p>\n\n\n\n<ul><li><a href=\"https:\/\/esf.hr\/esfplus\/wp-content\/uploads\/2020\/06\/Prilog-1-Indikatori-KP-za-2020.-godinu.xlsx\" target=\"_blank\" rel=\"noreferrer noopener\" aria-label=\" (opens in a new tab)\">Prilog 1 \u2013 Indikatori Komunikacijskog plana za 2019. godinu<\/a><\/li><li><a rel=\"noreferrer noopener\" href=\"https:\/\/esf.hr\/esfplus\/wp-content\/uploads\/2015\/02\/Prilog-2-Indikativni-prora%C4%8Dun-komunikacijskih-aktivnosti-za-2019.-godinu.pdf\" target=\"_blank\">Prilog 2 \u2013 Indikativni prora\u010dun komunikacijskih aktivnosti za 2019. godinu<\/a><\/li><\/ul>\n\n\n\n<p><a href=\"https:\/\/esf.hr\/esfplus\/wp-content\/uploads\/2015\/02\/KP-OULJP-2014.-2020.-za-2018.-godinu.pdf\"><strong>Komunikacijski plan za 2018. godinu \u2013 OPULJP 2014.-2020.<\/strong><\/a><\/p>\n\n\n\n<ul><li><a href=\"https:\/\/esf.hr\/esfplus\/wp-content\/uploads\/2015\/02\/Prilog-1-Indikatori-Komunikacijskog-plana-za-2018.-godinu.pdf\">Prilog 1 \u2013 Indikatori Komunikacijskog plana za 2018. godinu<\/a><\/li><li><a href=\"https:\/\/esf.hr\/esfplus\/wp-content\/uploads\/2015\/02\/Prilog-2-Indikativni-prora%C4%8Dun-za-2018.-godinu.pdf\">Prilog 2 \u2013 Indikativni prora\u010dun komunikacijskih aktivnosti za 2018. godinu<\/a><\/li><\/ul>\n\n\n\n<p><a href=\"https:\/\/esf.hr\/esfplus\/wp-content\/uploads\/2015\/02\/KP-OULJP-2014.-2020.-za-2017.-godinu.pdf\"><strong>Komunikacijski plan za 2017. godinu&nbsp;\u2013 OPULJP 2014. \u2013 2020.<\/strong><\/a><\/p>\n\n\n\n<ul><li><a href=\"https:\/\/esf.hr\/esfplus\/wp-content\/uploads\/2015\/02\/Prilog-1-Indikatori-Komunikacijskog-plana-za-2017.-godinu.xlsx\">Prilog 1 \u2013 Indikatori Komunikacijskog plana za 2017. godinu<\/a><\/li><li><a href=\"https:\/\/esf.hr\/esfplus\/wp-content\/uploads\/2015\/02\/Prilog-2-Indikativni-prora%C4%8Dun-za-2017.-godinu.pdf\">Prilog 2 \u2013 Indikativni prora\u010dun komunikacijskih aktivnosti za 2017. godinu<\/a><\/li><\/ul>\n\n\n\n<p><a href=\"https:\/\/esf.hr\/esfplus\/wp-content\/uploads\/2015\/12\/KP-OPULJP-2014.-2020.pdf\" target=\"_blank\" rel=\"noreferrer noopener\">&nbsp;<strong>Komunikacijski plan za 2016. godinu&nbsp;\u2013 OPULJP 2014. \u2013 2020.<\/strong><\/a><\/p>\n\n\n\n<ul><li><a rel=\"noreferrer noopener\" href=\"https:\/\/esf.hr\/esfplus\/wp-content\/uploads\/2015\/12\/Prilog-1-Indikatori.pdf\" target=\"_blank\">Prilog 1 \u2013 Indikatori Komunikacijskog plan<\/a><a href=\"https:\/\/esf.hr\/esfplus\/wp-content\/uploads\/2015\/12\/Prilog-1-Indikatori.pdf\" target=\"_blank\" rel=\"noreferrer noopener\" aria-label=\"a&nbsp;za 2016. godinu (opens in a new tab)\">a&nbsp;za 2016. godinu<\/a><\/li><li><a href=\"https:\/\/esf.hr\/esfplus\/wp-content\/uploads\/2016\/05\/Prilog-2-Indikativni-prora%C4%8Dun-komunikacijskih-aktivnsoti-za-2016.-godinu.xlsx\">Prilog 2 \u2013 Indikativni prora\u010dun komunikacijskih aktivnosti za 2016. godinu<\/a><\/li><\/ul>\n","protected":false},"excerpt":{"rendered":"<p>KOMUNIKACIJSKA STRATEGIJA 2014.-2020. Komunikacijska strategija za Operativni program U\u010dinkoviti ljudski potencijali 2014.-2020. Komunikacijska strategija europskih strukturnih i investicijskih fondova za Republiku Hrvatsku za razdoblje 2014.-2020.&nbsp;\u2013 FINALNI NACRT KOMUNIKACIJSKI PLAN Komunikacijski plan za 2021.-2023. godinu &#8211; OPULJP Prilog 1 &#8211; Prikaz indikativnih komunikacijskih aktivnosti uklju\u010duju\u0107i procjenu tro\u0161kova i indikatore uspje\u0161nosti provedbe aktivnosti za razdoblje 2021.-2023. Komunikacijski [&hellip;]<\/p>\n","protected":false},"author":20,"featured_media":0,"parent":10765,"menu_order":0,"comment_status":"closed","ping_status":"closed","template":"","meta":{"_monsterinsights_skip_tracking":false,"_monsterinsights_sitenote_active":false,"_monsterinsights_sitenote_note":"","_monsterinsights_sitenote_category":0,"cybocfi_hide_featured_image":""},"yoast_head":"<!-- This site is optimized with the Yoast SEO plugin v16.8 - https:\/\/yoast.com\/wordpress\/plugins\/seo\/ -->\n<title>Komunikacija i vidljivost - Europski socijalni fond<\/title>\n<meta name=\"robots\" content=\"index, follow, max-snippet:-1, max-image-preview:large, max-video-preview:-1\" \/>\n<link rel=\"canonical\" href=\"https:\/\/esf.hr\/esfplus\/vazni-dokumenti-razdoblje-2014-2020\/komunikacija-i-vidljivost\/\" \/>\n<meta property=\"og:locale\" content=\"en_US\" \/>\n<meta property=\"og:type\" content=\"article\" \/>\n<meta property=\"og:title\" content=\"Komunikacija i vidljivost - Europski socijalni fond\" \/>\n<meta property=\"og:description\" content=\"KOMUNIKACIJSKA STRATEGIJA 2014.-2020. Komunikacijska strategija za Operativni program U\u010dinkoviti ljudski potencijali 2014.-2020. Komunikacijska strategija europskih strukturnih i investicijskih fondova za Republiku Hrvatsku za razdoblje 2014.-2020.&nbsp;\u2013 FINALNI NACRT KOMUNIKACIJSKI PLAN Komunikacijski plan za 2021.-2023. godinu &#8211; OPULJP Prilog 1 &#8211; Prikaz indikativnih komunikacijskih aktivnosti uklju\u010duju\u0107i procjenu tro\u0161kova i indikatore uspje\u0161nosti provedbe aktivnosti za razdoblje 2021.-2023. Komunikacijski [&hellip;]\" \/>\n<meta property=\"og:url\" content=\"https:\/\/esf.hr\/esfplus\/vazni-dokumenti-razdoblje-2014-2020\/komunikacija-i-vidljivost\/\" \/>\n<meta property=\"og:site_name\" content=\"Europski socijalni fond\" \/>\n<meta property=\"article:modified_time\" content=\"2021-01-12T12:26:57+00:00\" \/>\n<meta name=\"twitter:label1\" content=\"Est. reading time\" \/>\n\t<meta name=\"twitter:data1\" content=\"1 minute\" \/>\n<script type=\"application\/ld+json\" class=\"yoast-schema-graph\">{\"@context\":\"https:\/\/schema.org\",\"@graph\":[{\"@type\":\"WebSite\",\"@id\":\"https:\/\/esf.hr\/esfplus\/#website\",\"url\":\"https:\/\/esf.hr\/esfplus\/\",\"name\":\"Europski socijalni fond\",\"description\":\"Program U\\u010dinkoviti ljudski potencijali 2021.-2027.\",\"potentialAction\":[{\"@type\":\"SearchAction\",\"target\":{\"@type\":\"EntryPoint\",\"urlTemplate\":\"https:\/\/esf.hr\/esfplus\/?s={search_term_string}\"},\"query-input\":\"required name=search_term_string\"}],\"inLanguage\":\"en-US\"},{\"@type\":\"WebPage\",\"@id\":\"https:\/\/esf.hr\/esfplus\/vazni-dokumenti-razdoblje-2014-2020\/komunikacija-i-vidljivost\/#webpage\",\"url\":\"https:\/\/esf.hr\/esfplus\/vazni-dokumenti-razdoblje-2014-2020\/komunikacija-i-vidljivost\/\",\"name\":\"Komunikacija i vidljivost - Europski socijalni fond\",\"isPartOf\":{\"@id\":\"https:\/\/esf.hr\/esfplus\/#website\"},\"datePublished\":\"2020-04-14T20:58:38+00:00\",\"dateModified\":\"2021-01-12T12:26:57+00:00\",\"breadcrumb\":{\"@id\":\"https:\/\/esf.hr\/esfplus\/vazni-dokumenti-razdoblje-2014-2020\/komunikacija-i-vidljivost\/#breadcrumb\"},\"inLanguage\":\"en-US\",\"potentialAction\":[{\"@type\":\"ReadAction\",\"target\":[\"https:\/\/esf.hr\/esfplus\/vazni-dokumenti-razdoblje-2014-2020\/komunikacija-i-vidljivost\/\"]}]},{\"@type\":\"BreadcrumbList\",\"@id\":\"https:\/\/esf.hr\/esfplus\/vazni-dokumenti-razdoblje-2014-2020\/komunikacija-i-vidljivost\/#breadcrumb\",\"itemListElement\":[{\"@type\":\"ListItem\",\"position\":1,\"name\":\"Naslovna\",\"item\":\"https:\/\/esf.hr\/esfplus\/\"},{\"@type\":\"ListItem\",\"position\":2,\"name\":\"Va\\u017eni dokumenti &#8211; razdoblje 2014.-2020.\",\"item\":\"https:\/\/esf.hr\/esfplus\/vazni-dokumenti-razdoblje-2014-2020\/\"},{\"@type\":\"ListItem\",\"position\":3,\"name\":\"Komunikacija i vidljivost\"}]}]}<\/script>\n<!-- \/ Yoast SEO plugin. -->","yoast_head_json":{"title":"Komunikacija i vidljivost - Europski socijalni fond","robots":{"index":"index","follow":"follow","max-snippet":"max-snippet:-1","max-image-preview":"max-image-preview:large","max-video-preview":"max-video-preview:-1"},"canonical":"https:\/\/esf.hr\/esfplus\/vazni-dokumenti-razdoblje-2014-2020\/komunikacija-i-vidljivost\/","og_locale":"en_US","og_type":"article","og_title":"Komunikacija i vidljivost - Europski socijalni fond","og_description":"KOMUNIKACIJSKA STRATEGIJA 2014.-2020. Komunikacijska strategija za Operativni program U\u010dinkoviti ljudski potencijali 2014.-2020. Komunikacijska strategija europskih strukturnih i investicijskih fondova za Republiku Hrvatsku za razdoblje 2014.-2020.&nbsp;\u2013 FINALNI NACRT KOMUNIKACIJSKI PLAN Komunikacijski plan za 2021.-2023. godinu &#8211; OPULJP Prilog 1 &#8211; Prikaz indikativnih komunikacijskih aktivnosti uklju\u010duju\u0107i procjenu tro\u0161kova i indikatore uspje\u0161nosti provedbe aktivnosti za razdoblje 2021.-2023. Komunikacijski [&hellip;]","og_url":"https:\/\/esf.hr\/esfplus\/vazni-dokumenti-razdoblje-2014-2020\/komunikacija-i-vidljivost\/","og_site_name":"Europski socijalni fond","article_modified_time":"2021-01-12T12:26:57+00:00","twitter_misc":{"Est. reading time":"1 minute"},"schema":{"@context":"https:\/\/schema.org","@graph":[{"@type":"WebSite","@id":"https:\/\/esf.hr\/esfplus\/#website","url":"https:\/\/esf.hr\/esfplus\/","name":"Europski socijalni fond","description":"Program U\u010dinkoviti ljudski potencijali 2021.-2027.","potentialAction":[{"@type":"SearchAction","target":{"@type":"EntryPoint","urlTemplate":"https:\/\/esf.hr\/esfplus\/?s={search_term_string}"},"query-input":"required name=search_term_string"}],"inLanguage":"en-US"},{"@type":"WebPage","@id":"https:\/\/esf.hr\/esfplus\/vazni-dokumenti-razdoblje-2014-2020\/komunikacija-i-vidljivost\/#webpage","url":"https:\/\/esf.hr\/esfplus\/vazni-dokumenti-razdoblje-2014-2020\/komunikacija-i-vidljivost\/","name":"Komunikacija i vidljivost - Europski socijalni fond","isPartOf":{"@id":"https:\/\/esf.hr\/esfplus\/#website"},"datePublished":"2020-04-14T20:58:38+00:00","dateModified":"2021-01-12T12:26:57+00:00","breadcrumb":{"@id":"https:\/\/esf.hr\/esfplus\/vazni-dokumenti-razdoblje-2014-2020\/komunikacija-i-vidljivost\/#breadcrumb"},"inLanguage":"en-US","potentialAction":[{"@type":"ReadAction","target":["https:\/\/esf.hr\/esfplus\/vazni-dokumenti-razdoblje-2014-2020\/komunikacija-i-vidljivost\/"]}]},{"@type":"BreadcrumbList","@id":"https:\/\/esf.hr\/esfplus\/vazni-dokumenti-razdoblje-2014-2020\/komunikacija-i-vidljivost\/#breadcrumb","itemListElement":[{"@type":"ListItem","position":1,"name":"Naslovna","item":"https:\/\/esf.hr\/esfplus\/"},{"@type":"ListItem","position":2,"name":"Va\u017eni dokumenti &#8211; razdoblje 2014.-2020.","item":"https:\/\/esf.hr\/esfplus\/vazni-dokumenti-razdoblje-2014-2020\/"},{"@type":"ListItem","position":3,"name":"Komunikacija i vidljivost"}]}]}},"_links":{"self":[{"href":"https:\/\/esf.hr\/esfplus\/wp-json\/wp\/v2\/pages\/10740"}],"collection":[{"href":"https:\/\/esf.hr\/esfplus\/wp-json\/wp\/v2\/pages"}],"about":[{"href":"https:\/\/esf.hr\/esfplus\/wp-json\/wp\/v2\/types\/page"}],"author":[{"embeddable":true,"href":"https:\/\/esf.hr\/esfplus\/wp-json\/wp\/v2\/users\/20"}],"replies":[{"embeddable":true,"href":"https:\/\/esf.hr\/esfplus\/wp-json\/wp\/v2\/comments?post=10740"}],"version-history":[{"count":21,"href":"https:\/\/esf.hr\/esfplus\/wp-json\/wp\/v2\/pages\/10740\/revisions"}],"predecessor-version":[{"id":12761,"href":"https:\/\/esf.hr\/esfplus\/wp-json\/wp\/v2\/pages\/10740\/revisions\/12761"}],"up":[{"embeddable":true,"href":"https:\/\/esf.hr\/esfplus\/wp-json\/wp\/v2\/pages\/10765"}],"wp:attachment":[{"href":"https:\/\/esf.hr\/esfplus\/wp-json\/wp\/v2\/media?parent=10740"}],"curies":[{"name":"wp","href":"https:\/\/api.w.org\/{rel}","templated":true}]}}