{"id":10732,"date":"2020-04-14T21:53:51","date_gmt":"2020-04-14T20:53:51","guid":{"rendered":"https:\/\/esf.hr\/esfplus\/?page_id=10732"},"modified":"2020-12-15T22:30:42","modified_gmt":"2020-12-15T21:30:42","slug":"pravilnici","status":"publish","type":"page","link":"https:\/\/esf.hr\/esfplus\/vazni-dokumenti-razdoblje-2014-2020\/pravilnici\/","title":{"rendered":"Pravilnici"},"content":{"rendered":"\n<p><strong>PRAVILNICI O PRIHVATLJIVOSTI IZDATAKA 2014.-2020.<br><\/strong><\/p>\n\n\n\n<ul><li><a href=\"https:\/\/esf.hr\/esfplus\/wp-content\/uploads\/2015\/02\/Neslu%C5%BEbeni-pro%C4%8Di%C5%A1%C4%87eni-tekst_Pravilnik-o-prihvatljivosti-izdataka-u-okviru-Europskog-socijalnog-fonda.pdf\">Neslu\u017ebeni pro\u010di\u0161\u0107eni tekst Pravilnika o izmjenama Pravilnika o prihvatljivosti izdataka u okviru Europskog socijalnog fonda NN 149\/14, 14\/16 i 74\/16<\/a><\/li><li><a href=\"https:\/\/esf.hr\/esfplus\/wp-content\/uploads\/2015\/02\/Izmjena-Pravilnika-o-prihvatljivosti-izdataka-u-okviru-Europskog-socijalnog-fonda-NN-74_2016.pdf\">Izmjena Pravilnika o prihvatljivosti izdataka u okviru Europskog socijalnog fonda NN 74\/16<\/a><\/li><li><a rel=\"noreferrer noopener\" href=\"https:\/\/esf.hr\/esfplus\/wp-content\/uploads\/2015\/10\/Pravilnik-o-prihvatljivosti-izdataka-za-projekte-Operativnog-programa-U%C4%8Dinkoviti-ljudski-potencijali-u-financijskom-razdoblju-2014.-2020.pdf\" target=\"_blank\">Pravilnik o prihvatljivosti izdataka za projekte Operativnog programa U\u010dinkoviti ljudski potencijali u financijskom razdoblju 2014.-2020.<\/a><\/li><li><a rel=\"noreferrer noopener\" href=\"https:\/\/esf.hr\/esfplus\/wp-content\/uploads\/2016\/02\/Pravilnik-o-izmjenama-i-dopunama-Pravilnika-o-prihvatljivosti-izdataka-u-okviru-Europskog-socijalnog-fonda.pdf\" target=\"_blank\">Pravilnik o izmjenama i dopunama Pravilnika o prihvatljivosti izdataka u okviru Europskog socijalnog fonda<\/a><\/li><li><a rel=\"noreferrer noopener\" href=\"https:\/\/esf.hr\/esfplus\/wp-content\/uploads\/2015\/10\/Pravilnik-o-prihvatljivosti-izdataka-za-projekte-Operativnog-programa-Konkurentnost-i-kohezija-u-financijskom-razdoblju-2014.-2020.pdf\" target=\"_blank\">Pravilnik o prihvatljivosti izdataka za projekte Operativnog programa Konkurentnost i kohezija u financijskom razdoblju 2014.-2020.<\/a><\/li><\/ul>\n\n\n\n<p><strong>OP\u0106A PRAVILA O POSTUPANJU PO PRIGOVORIMA U OKVIRU OPERATIVNOG PROGRAMA U\u010cINKOVITI LJUDSKI POTENCIJALI 2014.- 2020. <\/strong><\/p>\n\n\n\n<ul><li><a href=\"https:\/\/esf.hr\/esfplus\/wp-content\/uploads\/2020\/02\/Op%C4%87a-pravila-o-postupanju-po-prigovorima_4.2.2020..pdf\">Op\u0107a pravila o postupanju po prigovorima u okviru Operativnog programa u\u010dinkoviti ljudski potencijali 2014. \u2013 2020. Europskog socijalnog fonda<\/a><\/li><\/ul>\n","protected":false},"excerpt":{"rendered":"<p>PRAVILNICI O PRIHVATLJIVOSTI IZDATAKA 2014.-2020. Neslu\u017ebeni pro\u010di\u0161\u0107eni tekst Pravilnika o izmjenama Pravilnika o prihvatljivosti izdataka u okviru Europskog socijalnog fonda NN 149\/14, 14\/16 i 74\/16 Izmjena Pravilnika o prihvatljivosti izdataka u okviru Europskog socijalnog fonda NN 74\/16 Pravilnik o prihvatljivosti izdataka za projekte Operativnog programa U\u010dinkoviti ljudski potencijali u financijskom razdoblju 2014.-2020. Pravilnik o izmjenama [&hellip;]<\/p>\n","protected":false},"author":20,"featured_media":0,"parent":10765,"menu_order":0,"comment_status":"closed","ping_status":"closed","template":"","meta":{"_monsterinsights_skip_tracking":false,"_monsterinsights_sitenote_active":false,"_monsterinsights_sitenote_note":"","_monsterinsights_sitenote_category":0,"cybocfi_hide_featured_image":""},"yoast_head":"<!-- This site is optimized with the Yoast SEO plugin v16.8 - https:\/\/yoast.com\/wordpress\/plugins\/seo\/ -->\n<title>Pravilnici - Europski socijalni fond<\/title>\n<meta name=\"robots\" content=\"index, follow, max-snippet:-1, max-image-preview:large, max-video-preview:-1\" \/>\n<link rel=\"canonical\" href=\"https:\/\/esf.hr\/esfplus\/vazni-dokumenti-razdoblje-2014-2020\/pravilnici\/\" \/>\n<meta property=\"og:locale\" content=\"en_US\" \/>\n<meta property=\"og:type\" content=\"article\" \/>\n<meta property=\"og:title\" content=\"Pravilnici - Europski socijalni fond\" \/>\n<meta property=\"og:description\" content=\"PRAVILNICI O PRIHVATLJIVOSTI IZDATAKA 2014.-2020. Neslu\u017ebeni pro\u010di\u0161\u0107eni tekst Pravilnika o izmjenama Pravilnika o prihvatljivosti izdataka u okviru Europskog socijalnog fonda NN 149\/14, 14\/16 i 74\/16 Izmjena Pravilnika o prihvatljivosti izdataka u okviru Europskog socijalnog fonda NN 74\/16 Pravilnik o prihvatljivosti izdataka za projekte Operativnog programa U\u010dinkoviti ljudski potencijali u financijskom razdoblju 2014.-2020. Pravilnik o izmjenama [&hellip;]\" \/>\n<meta property=\"og:url\" content=\"https:\/\/esf.hr\/esfplus\/vazni-dokumenti-razdoblje-2014-2020\/pravilnici\/\" \/>\n<meta property=\"og:site_name\" content=\"Europski socijalni fond\" \/>\n<meta property=\"article:modified_time\" content=\"2020-12-15T21:30:42+00:00\" \/>\n<meta name=\"twitter:label1\" content=\"Est. reading time\" \/>\n\t<meta name=\"twitter:data1\" content=\"1 minute\" \/>\n<script type=\"application\/ld+json\" class=\"yoast-schema-graph\">{\"@context\":\"https:\/\/schema.org\",\"@graph\":[{\"@type\":\"WebSite\",\"@id\":\"https:\/\/esf.hr\/esfplus\/#website\",\"url\":\"https:\/\/esf.hr\/esfplus\/\",\"name\":\"Europski socijalni fond\",\"description\":\"Program U\\u010dinkoviti ljudski potencijali 2021.-2027.\",\"potentialAction\":[{\"@type\":\"SearchAction\",\"target\":{\"@type\":\"EntryPoint\",\"urlTemplate\":\"https:\/\/esf.hr\/esfplus\/?s={search_term_string}\"},\"query-input\":\"required name=search_term_string\"}],\"inLanguage\":\"en-US\"},{\"@type\":\"WebPage\",\"@id\":\"https:\/\/esf.hr\/esfplus\/vazni-dokumenti-razdoblje-2014-2020\/pravilnici\/#webpage\",\"url\":\"https:\/\/esf.hr\/esfplus\/vazni-dokumenti-razdoblje-2014-2020\/pravilnici\/\",\"name\":\"Pravilnici - Europski socijalni fond\",\"isPartOf\":{\"@id\":\"https:\/\/esf.hr\/esfplus\/#website\"},\"datePublished\":\"2020-04-14T20:53:51+00:00\",\"dateModified\":\"2020-12-15T21:30:42+00:00\",\"breadcrumb\":{\"@id\":\"https:\/\/esf.hr\/esfplus\/vazni-dokumenti-razdoblje-2014-2020\/pravilnici\/#breadcrumb\"},\"inLanguage\":\"en-US\",\"potentialAction\":[{\"@type\":\"ReadAction\",\"target\":[\"https:\/\/esf.hr\/esfplus\/vazni-dokumenti-razdoblje-2014-2020\/pravilnici\/\"]}]},{\"@type\":\"BreadcrumbList\",\"@id\":\"https:\/\/esf.hr\/esfplus\/vazni-dokumenti-razdoblje-2014-2020\/pravilnici\/#breadcrumb\",\"itemListElement\":[{\"@type\":\"ListItem\",\"position\":1,\"name\":\"Naslovna\",\"item\":\"https:\/\/esf.hr\/esfplus\/\"},{\"@type\":\"ListItem\",\"position\":2,\"name\":\"Va\\u017eni dokumenti &#8211; razdoblje 2014.-2020.\",\"item\":\"https:\/\/esf.hr\/esfplus\/vazni-dokumenti-razdoblje-2014-2020\/\"},{\"@type\":\"ListItem\",\"position\":3,\"name\":\"Pravilnici\"}]}]}<\/script>\n<!-- \/ Yoast SEO plugin. -->","yoast_head_json":{"title":"Pravilnici - Europski socijalni fond","robots":{"index":"index","follow":"follow","max-snippet":"max-snippet:-1","max-image-preview":"max-image-preview:large","max-video-preview":"max-video-preview:-1"},"canonical":"https:\/\/esf.hr\/esfplus\/vazni-dokumenti-razdoblje-2014-2020\/pravilnici\/","og_locale":"en_US","og_type":"article","og_title":"Pravilnici - Europski socijalni fond","og_description":"PRAVILNICI O PRIHVATLJIVOSTI IZDATAKA 2014.-2020. Neslu\u017ebeni pro\u010di\u0161\u0107eni tekst Pravilnika o izmjenama Pravilnika o prihvatljivosti izdataka u okviru Europskog socijalnog fonda NN 149\/14, 14\/16 i 74\/16 Izmjena Pravilnika o prihvatljivosti izdataka u okviru Europskog socijalnog fonda NN 74\/16 Pravilnik o prihvatljivosti izdataka za projekte Operativnog programa U\u010dinkoviti ljudski potencijali u financijskom razdoblju 2014.-2020. Pravilnik o izmjenama [&hellip;]","og_url":"https:\/\/esf.hr\/esfplus\/vazni-dokumenti-razdoblje-2014-2020\/pravilnici\/","og_site_name":"Europski socijalni fond","article_modified_time":"2020-12-15T21:30:42+00:00","twitter_misc":{"Est. reading time":"1 minute"},"schema":{"@context":"https:\/\/schema.org","@graph":[{"@type":"WebSite","@id":"https:\/\/esf.hr\/esfplus\/#website","url":"https:\/\/esf.hr\/esfplus\/","name":"Europski socijalni fond","description":"Program U\u010dinkoviti ljudski potencijali 2021.-2027.","potentialAction":[{"@type":"SearchAction","target":{"@type":"EntryPoint","urlTemplate":"https:\/\/esf.hr\/esfplus\/?s={search_term_string}"},"query-input":"required name=search_term_string"}],"inLanguage":"en-US"},{"@type":"WebPage","@id":"https:\/\/esf.hr\/esfplus\/vazni-dokumenti-razdoblje-2014-2020\/pravilnici\/#webpage","url":"https:\/\/esf.hr\/esfplus\/vazni-dokumenti-razdoblje-2014-2020\/pravilnici\/","name":"Pravilnici - Europski socijalni fond","isPartOf":{"@id":"https:\/\/esf.hr\/esfplus\/#website"},"datePublished":"2020-04-14T20:53:51+00:00","dateModified":"2020-12-15T21:30:42+00:00","breadcrumb":{"@id":"https:\/\/esf.hr\/esfplus\/vazni-dokumenti-razdoblje-2014-2020\/pravilnici\/#breadcrumb"},"inLanguage":"en-US","potentialAction":[{"@type":"ReadAction","target":["https:\/\/esf.hr\/esfplus\/vazni-dokumenti-razdoblje-2014-2020\/pravilnici\/"]}]},{"@type":"BreadcrumbList","@id":"https:\/\/esf.hr\/esfplus\/vazni-dokumenti-razdoblje-2014-2020\/pravilnici\/#breadcrumb","itemListElement":[{"@type":"ListItem","position":1,"name":"Naslovna","item":"https:\/\/esf.hr\/esfplus\/"},{"@type":"ListItem","position":2,"name":"Va\u017eni dokumenti &#8211; razdoblje 2014.-2020.","item":"https:\/\/esf.hr\/esfplus\/vazni-dokumenti-razdoblje-2014-2020\/"},{"@type":"ListItem","position":3,"name":"Pravilnici"}]}]}},"_links":{"self":[{"href":"https:\/\/esf.hr\/esfplus\/wp-json\/wp\/v2\/pages\/10732"}],"collection":[{"href":"https:\/\/esf.hr\/esfplus\/wp-json\/wp\/v2\/pages"}],"about":[{"href":"https:\/\/esf.hr\/esfplus\/wp-json\/wp\/v2\/types\/page"}],"author":[{"embeddable":true,"href":"https:\/\/esf.hr\/esfplus\/wp-json\/wp\/v2\/users\/20"}],"replies":[{"embeddable":true,"href":"https:\/\/esf.hr\/esfplus\/wp-json\/wp\/v2\/comments?post=10732"}],"version-history":[{"count":13,"href":"https:\/\/esf.hr\/esfplus\/wp-json\/wp\/v2\/pages\/10732\/revisions"}],"predecessor-version":[{"id":12476,"href":"https:\/\/esf.hr\/esfplus\/wp-json\/wp\/v2\/pages\/10732\/revisions\/12476"}],"up":[{"embeddable":true,"href":"https:\/\/esf.hr\/esfplus\/wp-json\/wp\/v2\/pages\/10765"}],"wp:attachment":[{"href":"https:\/\/esf.hr\/esfplus\/wp-json\/wp\/v2\/media?parent=10732"}],"curies":[{"name":"wp","href":"https:\/\/api.w.org\/{rel}","templated":true}]}}