{"id":10718,"date":"2020-04-14T21:34:58","date_gmt":"2020-04-14T20:34:58","guid":{"rendered":"https:\/\/esf.hr\/esfplus\/?page_id=10718"},"modified":"2020-12-15T22:29:56","modified_gmt":"2020-12-15T21:29:56","slug":"operativni-programi","status":"publish","type":"page","link":"https:\/\/esf.hr\/esfplus\/vazni-dokumenti-razdoblje-2014-2020\/operativni-programi\/","title":{"rendered":"Operativni programi"},"content":{"rendered":"\n<p><strong>OPERATIVNI PROGRAM &#8220;U\u010cINKOVITI LJUDSKI POTENCIJALI 2014.-2020.&#8221;<\/strong><\/p>\n\n\n\n<ul><li><a href=\"https:\/\/esf.hr\/esfplus\/wp-content\/uploads\/2020\/08\/Programme_2014HR05M9OP001_6_0_en.pdf\">Operativni program U\u010dinkoviti ljudski potencijali v. 6.0<\/a> na engleskom jeziku<\/li><li><a href=\"https:\/\/esf.hr\/esfplus\/wp-content\/uploads\/2020\/04\/Programme_2014HR05M9OP001_5_0_en.pdf\">Operativni program U\u010dinkoviti ljudski potencijali v. 5.0<\/a>&nbsp;na engleskom jeziku<\/li><li><a href=\"https:\/\/esf.hr\/esfplus\/wp-content\/uploads\/2019\/12\/OPULJP-hrv-v-4.1.pdf\">Operativni program U\u010dinkoviti ljudski potencijali v 4.1<\/a>&nbsp;na hrvatskom jeziku<\/li><li><a href=\"https:\/\/esf.hr\/esfplus\/wp-content\/uploads\/2019\/12\/OPULJP_4_1_en.pdf\">Operativni program U\u010dinkoviti ljudski potencijali v 4.1<\/a>&nbsp;na engleskom jeziku<\/li><li><a href=\"https:\/\/esf.hr\/esfplus\/wp-content\/uploads\/2015\/02\/OPULJP-hrv-v-3.1-11.-32.pdf\">Operativni program U\u010dinkoviti ljudski potencijali v 3.1<\/a>&nbsp;na hrvatskom jeziku<\/li><li><a href=\"https:\/\/esf.hr\/esfplus\/wp-content\/uploads\/2015\/02\/Programme_2014HR05M9OP001_3_1_en.pdf\">Operativni program U\u010dinkoviti ljudski potencijali v 3.1<\/a>&nbsp;na engleskom jeziku<\/li><li><a href=\"https:\/\/esf.hr\/esfplus\/wp-content\/uploads\/2015\/02\/Programme_2014HR05M9OP001_2_0_en.pdf\">Operativni program U\u010dinkoviti ljudski potencijali v 2.0&nbsp;<\/a>na engleskom jeziku<\/li><li><a rel=\"noreferrer noopener\" href=\"https:\/\/esf.hr\/esfplus\/wp-content\/uploads\/2015\/09\/OPULJP-hr-20150709.pdf\" target=\"_blank\">Operativni program U\u010dinkoviti ljudski potencijali<\/a>&nbsp;na hrvatskom jeziku<\/li><li><a rel=\"noreferrer noopener\" href=\"https:\/\/esf.hr\/esfplus\/wp-content\/uploads\/2015\/02\/FINAL-OP-EHR.pdf\" target=\"_blank\">Operativni program U\u010dinkoviti ljudski potencijali<\/a>&nbsp;na engleskom jeziku<\/li><\/ul>\n\n\n\n<p><strong>OPERATIVNI PROGRAM &#8220;KONKURENTNOST I KOHEZIJA 2014.-2020.&#8221;<\/strong><\/p>\n\n\n\n<ul><li><a rel=\"noreferrer noopener\" href=\"https:\/\/esf.hr\/esfplus\/wp-content\/uploads\/2015\/02\/Programme_2014HR16M1OP001_1_2_en.pdf\" target=\"_blank\">Operativni program Konkurentnost i kohezija<\/a>&nbsp;na engleskom jeziku<\/li><li><a rel=\"noreferrer noopener\" href=\"https:\/\/esf.hr\/esfplus\/wp-content\/uploads\/2015\/02\/01-OPKK-2014-2020-hrv-27112014.docx\" target=\"_blank\">Operativni program Konkurentnost i kohezija<\/a>&nbsp;na hrvatskom jeziku<\/li><li><a rel=\"noreferrer noopener\" href=\"https:\/\/esf.hr\/esfplus\/wp-content\/uploads\/2015\/02\/Citizens-summary_19_01_2015.docx\" target=\"_blank\">Sa\u017eeti prikaz prioriteta i specifi\u010dnih ciljeva Operativnog programa Konkurentnost i kohezija 2014.-2020.<\/a><\/li><\/ul>\n","protected":false},"excerpt":{"rendered":"<p>OPERATIVNI PROGRAM &#8220;U\u010cINKOVITI LJUDSKI POTENCIJALI 2014.-2020.&#8221; Operativni program U\u010dinkoviti ljudski potencijali v. 6.0 na engleskom jeziku Operativni program U\u010dinkoviti ljudski potencijali v. 5.0&nbsp;na engleskom jeziku Operativni program U\u010dinkoviti ljudski potencijali v 4.1&nbsp;na hrvatskom jeziku Operativni program U\u010dinkoviti ljudski potencijali v 4.1&nbsp;na engleskom jeziku Operativni program U\u010dinkoviti ljudski potencijali v 3.1&nbsp;na hrvatskom jeziku Operativni program U\u010dinkoviti [&hellip;]<\/p>\n","protected":false},"author":20,"featured_media":0,"parent":10765,"menu_order":0,"comment_status":"closed","ping_status":"closed","template":"","meta":{"_monsterinsights_skip_tracking":false,"_monsterinsights_sitenote_active":false,"_monsterinsights_sitenote_note":"","_monsterinsights_sitenote_category":0,"cybocfi_hide_featured_image":""},"yoast_head":"<!-- This site is optimized with the Yoast SEO plugin v16.8 - https:\/\/yoast.com\/wordpress\/plugins\/seo\/ -->\n<title>Operativni programi - Europski socijalni fond<\/title>\n<meta name=\"robots\" content=\"index, follow, max-snippet:-1, max-image-preview:large, max-video-preview:-1\" \/>\n<link rel=\"canonical\" href=\"https:\/\/esf.hr\/esfplus\/vazni-dokumenti-razdoblje-2014-2020\/operativni-programi\/\" \/>\n<meta property=\"og:locale\" content=\"en_US\" \/>\n<meta property=\"og:type\" content=\"article\" \/>\n<meta property=\"og:title\" content=\"Operativni programi - Europski socijalni fond\" \/>\n<meta property=\"og:description\" content=\"OPERATIVNI PROGRAM &#8220;U\u010cINKOVITI LJUDSKI POTENCIJALI 2014.-2020.&#8221; Operativni program U\u010dinkoviti ljudski potencijali v. 6.0 na engleskom jeziku Operativni program U\u010dinkoviti ljudski potencijali v. 5.0&nbsp;na engleskom jeziku Operativni program U\u010dinkoviti ljudski potencijali v 4.1&nbsp;na hrvatskom jeziku Operativni program U\u010dinkoviti ljudski potencijali v 4.1&nbsp;na engleskom jeziku Operativni program U\u010dinkoviti ljudski potencijali v 3.1&nbsp;na hrvatskom jeziku Operativni program U\u010dinkoviti [&hellip;]\" \/>\n<meta property=\"og:url\" content=\"https:\/\/esf.hr\/esfplus\/vazni-dokumenti-razdoblje-2014-2020\/operativni-programi\/\" \/>\n<meta property=\"og:site_name\" content=\"Europski socijalni fond\" \/>\n<meta property=\"article:modified_time\" content=\"2020-12-15T21:29:56+00:00\" \/>\n<meta name=\"twitter:label1\" content=\"Est. reading time\" \/>\n\t<meta name=\"twitter:data1\" content=\"1 minute\" \/>\n<script type=\"application\/ld+json\" class=\"yoast-schema-graph\">{\"@context\":\"https:\/\/schema.org\",\"@graph\":[{\"@type\":\"WebSite\",\"@id\":\"https:\/\/esf.hr\/esfplus\/#website\",\"url\":\"https:\/\/esf.hr\/esfplus\/\",\"name\":\"Europski socijalni fond\",\"description\":\"Program U\\u010dinkoviti ljudski potencijali 2021.-2027.\",\"potentialAction\":[{\"@type\":\"SearchAction\",\"target\":{\"@type\":\"EntryPoint\",\"urlTemplate\":\"https:\/\/esf.hr\/esfplus\/?s={search_term_string}\"},\"query-input\":\"required name=search_term_string\"}],\"inLanguage\":\"en-US\"},{\"@type\":\"WebPage\",\"@id\":\"https:\/\/esf.hr\/esfplus\/vazni-dokumenti-razdoblje-2014-2020\/operativni-programi\/#webpage\",\"url\":\"https:\/\/esf.hr\/esfplus\/vazni-dokumenti-razdoblje-2014-2020\/operativni-programi\/\",\"name\":\"Operativni programi - Europski socijalni fond\",\"isPartOf\":{\"@id\":\"https:\/\/esf.hr\/esfplus\/#website\"},\"datePublished\":\"2020-04-14T20:34:58+00:00\",\"dateModified\":\"2020-12-15T21:29:56+00:00\",\"breadcrumb\":{\"@id\":\"https:\/\/esf.hr\/esfplus\/vazni-dokumenti-razdoblje-2014-2020\/operativni-programi\/#breadcrumb\"},\"inLanguage\":\"en-US\",\"potentialAction\":[{\"@type\":\"ReadAction\",\"target\":[\"https:\/\/esf.hr\/esfplus\/vazni-dokumenti-razdoblje-2014-2020\/operativni-programi\/\"]}]},{\"@type\":\"BreadcrumbList\",\"@id\":\"https:\/\/esf.hr\/esfplus\/vazni-dokumenti-razdoblje-2014-2020\/operativni-programi\/#breadcrumb\",\"itemListElement\":[{\"@type\":\"ListItem\",\"position\":1,\"name\":\"Naslovna\",\"item\":\"https:\/\/esf.hr\/esfplus\/\"},{\"@type\":\"ListItem\",\"position\":2,\"name\":\"Va\\u017eni dokumenti &#8211; razdoblje 2014.-2020.\",\"item\":\"https:\/\/esf.hr\/esfplus\/vazni-dokumenti-razdoblje-2014-2020\/\"},{\"@type\":\"ListItem\",\"position\":3,\"name\":\"Operativni programi\"}]}]}<\/script>\n<!-- \/ Yoast SEO plugin. -->","yoast_head_json":{"title":"Operativni programi - Europski socijalni fond","robots":{"index":"index","follow":"follow","max-snippet":"max-snippet:-1","max-image-preview":"max-image-preview:large","max-video-preview":"max-video-preview:-1"},"canonical":"https:\/\/esf.hr\/esfplus\/vazni-dokumenti-razdoblje-2014-2020\/operativni-programi\/","og_locale":"en_US","og_type":"article","og_title":"Operativni programi - Europski socijalni fond","og_description":"OPERATIVNI PROGRAM &#8220;U\u010cINKOVITI LJUDSKI POTENCIJALI 2014.-2020.&#8221; Operativni program U\u010dinkoviti ljudski potencijali v. 6.0 na engleskom jeziku Operativni program U\u010dinkoviti ljudski potencijali v. 5.0&nbsp;na engleskom jeziku Operativni program U\u010dinkoviti ljudski potencijali v 4.1&nbsp;na hrvatskom jeziku Operativni program U\u010dinkoviti ljudski potencijali v 4.1&nbsp;na engleskom jeziku Operativni program U\u010dinkoviti ljudski potencijali v 3.1&nbsp;na hrvatskom jeziku Operativni program U\u010dinkoviti [&hellip;]","og_url":"https:\/\/esf.hr\/esfplus\/vazni-dokumenti-razdoblje-2014-2020\/operativni-programi\/","og_site_name":"Europski socijalni fond","article_modified_time":"2020-12-15T21:29:56+00:00","twitter_misc":{"Est. reading time":"1 minute"},"schema":{"@context":"https:\/\/schema.org","@graph":[{"@type":"WebSite","@id":"https:\/\/esf.hr\/esfplus\/#website","url":"https:\/\/esf.hr\/esfplus\/","name":"Europski socijalni fond","description":"Program U\u010dinkoviti ljudski potencijali 2021.-2027.","potentialAction":[{"@type":"SearchAction","target":{"@type":"EntryPoint","urlTemplate":"https:\/\/esf.hr\/esfplus\/?s={search_term_string}"},"query-input":"required name=search_term_string"}],"inLanguage":"en-US"},{"@type":"WebPage","@id":"https:\/\/esf.hr\/esfplus\/vazni-dokumenti-razdoblje-2014-2020\/operativni-programi\/#webpage","url":"https:\/\/esf.hr\/esfplus\/vazni-dokumenti-razdoblje-2014-2020\/operativni-programi\/","name":"Operativni programi - Europski socijalni fond","isPartOf":{"@id":"https:\/\/esf.hr\/esfplus\/#website"},"datePublished":"2020-04-14T20:34:58+00:00","dateModified":"2020-12-15T21:29:56+00:00","breadcrumb":{"@id":"https:\/\/esf.hr\/esfplus\/vazni-dokumenti-razdoblje-2014-2020\/operativni-programi\/#breadcrumb"},"inLanguage":"en-US","potentialAction":[{"@type":"ReadAction","target":["https:\/\/esf.hr\/esfplus\/vazni-dokumenti-razdoblje-2014-2020\/operativni-programi\/"]}]},{"@type":"BreadcrumbList","@id":"https:\/\/esf.hr\/esfplus\/vazni-dokumenti-razdoblje-2014-2020\/operativni-programi\/#breadcrumb","itemListElement":[{"@type":"ListItem","position":1,"name":"Naslovna","item":"https:\/\/esf.hr\/esfplus\/"},{"@type":"ListItem","position":2,"name":"Va\u017eni dokumenti &#8211; razdoblje 2014.-2020.","item":"https:\/\/esf.hr\/esfplus\/vazni-dokumenti-razdoblje-2014-2020\/"},{"@type":"ListItem","position":3,"name":"Operativni programi"}]}]}},"_links":{"self":[{"href":"https:\/\/esf.hr\/esfplus\/wp-json\/wp\/v2\/pages\/10718"}],"collection":[{"href":"https:\/\/esf.hr\/esfplus\/wp-json\/wp\/v2\/pages"}],"about":[{"href":"https:\/\/esf.hr\/esfplus\/wp-json\/wp\/v2\/types\/page"}],"author":[{"embeddable":true,"href":"https:\/\/esf.hr\/esfplus\/wp-json\/wp\/v2\/users\/20"}],"replies":[{"embeddable":true,"href":"https:\/\/esf.hr\/esfplus\/wp-json\/wp\/v2\/comments?post=10718"}],"version-history":[{"count":22,"href":"https:\/\/esf.hr\/esfplus\/wp-json\/wp\/v2\/pages\/10718\/revisions"}],"predecessor-version":[{"id":12474,"href":"https:\/\/esf.hr\/esfplus\/wp-json\/wp\/v2\/pages\/10718\/revisions\/12474"}],"up":[{"embeddable":true,"href":"https:\/\/esf.hr\/esfplus\/wp-json\/wp\/v2\/pages\/10765"}],"wp:attachment":[{"href":"https:\/\/esf.hr\/esfplus\/wp-json\/wp\/v2\/media?parent=10718"}],"curies":[{"name":"wp","href":"https:\/\/api.w.org\/{rel}","templated":true}]}}